{"id":43250,"date":"2025-10-08T15:46:35","date_gmt":"2025-10-08T14:46:35","guid":{"rendered":"https:\/\/bnssghealthiertogether.org.uk\/?page_id=43250"},"modified":"2025-10-08T15:46:35","modified_gmt":"2025-10-08T14:46:35","slug":"evaluation-of-a-pilot-for-use-of-obesity-medications-outside-hospital-settings","status":"publish","type":"page","link":"https:\/\/bnssghealthiertogether.org.uk\/ro\/integrated-care-board\/research-and-evidence\/our-research-portfolio\/nihr-funded-projects\/evaluation-of-a-pilot-for-use-of-obesity-medications-outside-hospital-settings\/","title":{"rendered":"Evaluarea unui proiect pilot pentru utilizarea medicamentelor pentru obezitate \u00een afara spitalului"},"content":{"rendered":"<div class=\"assembler_default-group assembler_module_group assembler_default-group_1 assembler_module_group_1\"><div class=\"assembler_module_area assembler_module_area_1\"><div class=\"assembler_text-module assembler_module assembler_text-module_1 assembler_module_1  transparent\"><a tabindex=\"-1\" title=\"Sec\u021biunea intitulat\u0103 modul-1\" id=\"module-1\" href=\"https:\/\/bnssghealthiertogether.org.uk\/ro\/wp-json\/wp\/v2\/pages\/43250\/#module-1\" class=\"anchor\"><span class=\"hidden\">Sec\u021biunea intitulat\u0103 modul-1<\/span><\/a><!-- Template found for text-module - Template: template-text - Matched: _only --><section class=\"w-full mx-auto max-w-content pt-12 sm:pt-24 pb-12 sm:pb-24\">\r\n  <div class=\"entry-content w-full !px-0 max-w-small\">\r\n        <h1><strong>Evaluarea unui proiect pilot pentru utilizarea medicamentelor pentru obezitate \u00een afara spitalului<\/strong><\/h1>\n<p>&nbsp;<\/p>\n<h2>Finan\u021bare<\/h2>\n<p>Institutul Na\u021bional pentru Cercetare \u00een Domeniul S\u0103n\u0103t\u0103\u021bii \u0219i \u00cengrijirii (NIHR) Cercetare \u00een Domeniul S\u0103n\u0103t\u0103\u021bii \u0219i Asisten\u021bei Sociale, Ref. NIHR162959.<\/p>\n<h2>Fundal<\/h2>\n<p>Noile medicamente anti-obezitate, cum ar fi tirzepatida (Mounjaro) \u0219i semaglutida (Wegovy), ofer\u0103 un tratament mai eficient al obezit\u0103\u021bii atunci c\u00e2nd sunt combinate cu interven\u021bii comportamentale. Aceste medicamente pot fi prescrise \u00een cadrul serviciilor specializate de gestionare a greut\u0103\u021bii (SWMS), care nu au disponibilitate la nivel na\u021bional \u0219i capacitate suficient\u0103 pentru persoanele eligibile. NHS England (NHSE) testeaz\u0103 astfel patru noi modele de servicii pentru accesul la medicamente anti-obezitate \u00een asisten\u021ba medical\u0103 primar\u0103, necesit\u00e2nd o evaluare cuprinz\u0103toare pentru a ghida implementarea viitoare.<\/p>\n<h2>Obiective<\/h2>\n<p>1) Evaluarea fezabilit\u0103\u021bii, acceptabilit\u0103\u021bii, siguran\u021bei, eficacit\u0103\u021bii \u0219i rentabilit\u0103\u021bii noilor modele de furnizare a medicamentelor anti-obezitate \u00een toate grupurile socio-demografice,<\/p>\n<p>2) Oferirea de perspective pentru a ghida implementarea viitoare a modelelor de servicii, promov\u00e2nd accesul echitabil la medicamente anti-obezitate.<\/p>\n<h2>Obiective<\/h2>\n<ol>\n<li>Cartografia\u021bi informa\u021biile cheie din cadrul Consiliilor de \u00cengrijire Integrat\u0103 (ICB), inclusiv tipul(ele) de modele de servicii adoptate \u0219i caracteristicile cheie, datele socio-demografice \u0219i p\u0103r\u021bile interesate implicate.<\/li>\n<li>Identifica\u021bi factorii socio-demografici asocia\u021bi cu ratele de trimitere, acceptare \u0219i finalizare a modelelor de servicii pentru medica\u021bia anti-obezitate.<\/li>\n<li>Evalua\u021bi eficacitatea clinic\u0103 pe termen scurt, raportul cost-eficien\u021b\u0103 \u0219i siguran\u021ba \u00een diferite modele, lu\u00e2nd \u00een considerare diferen\u021bele socio-demografice.<\/li>\n<li>Modela\u021bi rezultatele pe termen lung \u00een materie de s\u0103n\u0103tate \u0219i costurile pentru diferite modele de servicii.<\/li>\n<li>Explora\u021bi poten\u021bialul cost-eficien\u021b\u0103 al ini\u021biativelor de implementare pentru a cre\u0219te rata de acceptare a serviciilor \u0219i aderen\u021ba la acestea.<\/li>\n<li>Investiga\u021bi fezabilitatea \u0219i siguran\u021ba noilor modele de servicii, lu\u00e2nd \u00een considerare nevoile personalului, instruirea, impactul asupra asisten\u021bei medicale primare \u0219i implica\u021biile pentru sistemul mai larg de gestionare a greut\u0103\u021bii, pe niveluri.<\/li>\n<li>Evalua\u021bi acceptabilitatea \u0219i experien\u021ba utilizatorilor \u00een ceea ce prive\u0219te modelele de servicii, inclusiv componentele de sprijin comportamental, \u00een cadrul grupurilor socio-demografice.<\/li>\n<li>Dezvoltarea unor perspective asupra celor mai acceptabile, eficiente, sigure \u0219i rentabile modele pentru diferite grupuri sociodemografice, articulate printr-un model logic preliminar.<\/li>\n<li>Identifica\u021bi nevoile de formare \u00een asisten\u021ba medical\u0103 primar\u0103 \u0219i resursele pentru implementarea viitoare.<\/li>\n<li>Identifica\u021bi criteriile cheie pentru o evaluare complet\u0103 a fazelor ulterioare ale implement\u0103rii medicamentelor anti-obezitate.<\/li>\n<\/ol>\n<h2>Metode, cronologie \u0219i impactul anticipat \u0219i diseminare<\/h2>\n<p>Proiectul se va desf\u0103\u0219ura din februarie 2025 p\u00e2n\u0103 \u00een ianuarie 2028. Acesta utilizeaz\u0103 metode mixte \u00een cinci pachete de lucru (WP):<\/p>\n<p>WP1 (Lunile 1-36, obiectivul 1): Management de proiect, PPIE, implicarea p\u0103r\u021bilor interesate \u0219i cartografierea informa\u021biilor cheie despre modelele de servicii ICB pentru a sprijini WP-urile ulterioare.<\/p>\n<p>WP2 (lunile 6-33, obiectivele 2-5): Identificarea factorilor socio-demografici asocia\u021bi cu utilizarea serviciilor. Evaluarea eficien\u021bei clinice \u0219i a costurilor, precum \u0219i a siguran\u021bei \u00een diferite modele \u0219i grupuri socio-demografice, utiliz\u00e2nd un cadru de studiu \u021bint\u0103. Colectarea datelor include dosare medicale electronice \u0219i sondaje cu persoane care tr\u0103iesc cu obezitate (PLWO), furnizori de servicii \u0219i comisari.<\/p>\n<p>WP3 (Lunile 6-30, obiectivele 6, 7): Utilizarea unor metode calitative \u00een patru loca\u021bii de studiu de caz (reprezent\u00e2nd fiecare model de serviciu) pentru a evalua fezabilitatea, acceptabilitatea, siguran\u021ba \u0219i factorii de schimbare a comportamentului \u00een diferite grupuri socio-demografice. Cu sprijinul unui model de \u2018cercet\u0103tor \u00een reziden\u021b\u0103\u2019 \u0219i al cercet\u0103torilor comunitari PPIE.<\/p>\n<p>WP4 (Lunile 6-36, obiectivul 8): Integrarea datelor din WP-urile 2 \u0219i 3 cu analiz\u0103 bazat\u0103 pe metode mixte. Utilizarea unui protocol de triangula\u021bie cu p\u0103r\u021bile interesate cheie pentru a fundamenta un model logic de cartografiere a serviciilor, pun\u00e2nd \u00een func\u021biune \u0219i configur\u00e2nd \u00een func\u021bie de rezultatele pacien\u021bilor.<\/p>\n<p>WP5 (lunile 1-36, obiectivele 9, 10): Diseminare, rezultate \u0219i impact anticipat. Informarea NHSE pentru a ghida etapele ulterioare ale implement\u0103rii \u0219i evaluarea viitoare, pun\u00e2nd accent pe accesul \u00eentre grupurile socio-demografice.<\/p>\n<h2>Cine conduce cercetarea?<\/h2>\n<p>Dr. Karen Coulman, profesor asociat \u00een cercetarea \u0219i practica obezit\u0103\u021bii, Facultatea de Medicin\u0103 din Bristol (PHS), Universitatea din Bristol.<\/p>\n<h2>Informa\u021bii suplimentare<\/h2>\n<p>E-mail CI: Karen.Coulman@bristol.ac.uk<\/p>\n<p>Pentru mai multe informa\u021bii sau pentru a v\u0103 implica \u00een acest proiect, v\u0103 rug\u0103m s\u0103 contacta\u021bi\u00a0<a href=\"mailto:bnssg.research@nhs.net\">bnssg.research@nhs.net<\/a>.<\/p>\n<p>Opiniile exprimate sunt cele ale autorului\/autorilor \u0219i nu neap\u0103rat cele ale NIHR sau ale Departamentului de S\u0103n\u0103tate \u0219i Asisten\u021b\u0103 Social\u0103.<\/p>\n<p>V\u0103 rug\u0103m s\u0103 g\u0103si\u021bi mai multe informa\u021bii <a href=\"https:\/\/www.fundingawards.nihr.ac.uk\/award\/NIHR162959\" rel=\"noopener\">aici<\/a>.<\/p>\n  <\/div>\r\n  <\/section><\/div><!-- .assembler_text-module.assembler_module.assembler_text-module_1.assembler_module_1..transparent --><\/div><!-- .assembler_module_area.assembler_module_area_1 --><\/div><!-- .assembler_default-group.assembler_module_group.assembler_default-group_1.assembler_module_group_1  -->","protected":false},"excerpt":{"rendered":"<p>Evaluarea unui proiect pilot pentru utilizarea medicamentelor pentru obezitate \u00een afara spitalului<\/p>","protected":false},"author":16,"featured_media":0,"parent":32881,"menu_order":0,"comment_status":"closed","ping_status":"closed","template":"","meta":{"_acf_changed":false,"footnotes":""},"tags":[],"class_list":["post-43250","page","type-page","status-publish","hentry"],"acf":[],"_links":{"self":[{"href":"https:\/\/bnssghealthiertogether.org.uk\/ro\/wp-json\/wp\/v2\/pages\/43250","targetHints":{"allow":["GET"]}}],"collection":[{"href":"https:\/\/bnssghealthiertogether.org.uk\/ro\/wp-json\/wp\/v2\/pages"}],"about":[{"href":"https:\/\/bnssghealthiertogether.org.uk\/ro\/wp-json\/wp\/v2\/types\/page"}],"author":[{"embeddable":true,"href":"https:\/\/bnssghealthiertogether.org.uk\/ro\/wp-json\/wp\/v2\/users\/16"}],"replies":[{"embeddable":true,"href":"https:\/\/bnssghealthiertogether.org.uk\/ro\/wp-json\/wp\/v2\/comments?post=43250"}],"version-history":[{"count":2,"href":"https:\/\/bnssghealthiertogether.org.uk\/ro\/wp-json\/wp\/v2\/pages\/43250\/revisions"}],"predecessor-version":[{"id":43252,"href":"https:\/\/bnssghealthiertogether.org.uk\/ro\/wp-json\/wp\/v2\/pages\/43250\/revisions\/43252"}],"up":[{"embeddable":true,"href":"https:\/\/bnssghealthiertogether.org.uk\/ro\/wp-json\/wp\/v2\/pages\/32881"}],"wp:attachment":[{"href":"https:\/\/bnssghealthiertogether.org.uk\/ro\/wp-json\/wp\/v2\/media?parent=43250"}],"wp:term":[{"taxonomy":"post_tag","embeddable":true,"href":"https:\/\/bnssghealthiertogether.org.uk\/ro\/wp-json\/wp\/v2\/tags?post=43250"}],"curies":[{"name":"wp","href":"https:\/\/api.w.org\/{rel}","templated":true}]}}