{"id":43848,"date":"2025-11-03T11:37:06","date_gmt":"2025-11-03T11:37:06","guid":{"rendered":"https:\/\/bnssghealthiertogether.org.uk\/?page_id=43848"},"modified":"2026-01-23T16:46:46","modified_gmt":"2026-01-23T16:46:46","slug":"accessing-autism-and-adhd-assessments-via-right-to-choose","status":"publish","type":"page","link":"https:\/\/bnssghealthiertogether.org.uk\/ro\/accessing-autism-and-adhd-assessments-via-right-to-choose\/","title":{"rendered":"Accesarea evalu\u0103rilor pentru autism \u0219i ADHD prin intermediul dreptului de a alege"},"content":{"rendered":"<div class=\"assembler_default-group assembler_module_group assembler_default-group_1 assembler_module_group_1\"><div class=\"assembler_module_area assembler_module_area_1\"><div class=\"assembler_text-module assembler_module assembler_text-module_1 assembler_module_1  transparent\"><a tabindex=\"-1\" title=\"Sec\u021biunea intitulat\u0103 modul-1\" id=\"module-1\" href=\"https:\/\/bnssghealthiertogether.org.uk\/ro\/wp-json\/wp\/v2\/pages\/43848\/#module-1\" class=\"anchor\"><span class=\"hidden\">Sec\u021biunea intitulat\u0103 modul-1<\/span><\/a><!-- Template found for text-module - Template: template-text - Matched: _only --><section class=\"w-full mx-auto max-w-content pt-12 sm:pt-24 pb-3 sm:pb-6\">\r\n  <div class=\"entry-content w-full !px-0 max-w-small\">\r\n        <h1><strong>Accesarea evalu\u0103rilor pentru autism \u0219i ADHD prin intermediul dreptului de a alege<\/strong><\/h1>\n<p>Dac\u0103 locui\u021bi \u00een Anglia \u0219i medicul dumneavoastr\u0103 de familie este de acord c\u0103 ave\u021bi nevoie de o evaluare pentru autism sau ADHD, ave\u021bi dreptul legal de a alege furnizorul aprobat de NHS la care dori\u021bi s\u0103 merge\u021bi. Aceasta include clinici din afara zonelor Bristol, North Somerset \u0219i South Gloucestershire \u0219i unii furnizori independen\u021bi care lucreaz\u0103 cu NHS.<\/p>\n<p>Pute\u021bi afla mai multe despre dreptul dumneavoastr\u0103 de a alege pe site-ul na\u021bional <a href=\"https:\/\/www.nhs.uk\/using-the-nhs\/about-the-nhs\/your-choices-in-the-nhs\/\" rel=\"noopener\">Site-ul NHS<\/a>.<\/p>\n<h2><strong>Cum pot ob\u021bine o evaluare a autismului sau ADHD prin intermediul programului Right to Choose?<\/strong><\/h2>\n<p>Dac\u0103 suspecta\u021bi c\u0103 ave\u021bi autism sau ADHD, ar trebui s\u0103 discuta\u021bi cu medicul dumneavoastr\u0103 de familie. Dac\u0103 acesta este de acord c\u0103 este necesar\u0103 o evaluare, pute\u021bi solicita s\u0103 fi\u021bi \u00eendrumat c\u0103tre un furnizor de servicii medicale la alegere. Medicul dumneavoastr\u0103 de familie v\u0103 poate sprijini \u00een procesul decizional \u0219i v\u0103 poate ajuta s\u0103 decide\u021bi ce furnizor s\u0103 alege\u021bi.<\/p>\n<h2><strong>Cine ofer\u0103 evalu\u0103ri privind dreptul de a alege?<\/strong><\/h2>\n<p>O gam\u0103 larg\u0103 de clinici din Anglia ofer\u0103 evalu\u0103ri pentru ADHD \u0219i autism, conform principiului \u201eRight to Choose\u201d. Pentru a fi eligibile s\u0103 ofere acest serviciu, clinicile trebuie s\u0103 ofere acela\u0219i serviciu \u0219i c\u0103tre NHS (Serviciul Na\u021bional de S\u0103n\u0103tate) oriunde \u00een Anglia. Clinicile private nu sunt eligibile. Verificarea site-ului web al unui furnizor este o modalitate bun\u0103 de a determina dac\u0103 ofer\u0103 serviciile de care ave\u021bi nevoie.<\/p>\n<h2><strong>Toate clinicile ofer\u0103 acelea\u0219i servicii?<\/strong><\/h2>\n<p>Multe clinici care ofer\u0103 evalu\u0103ri \u201eRight to Choose\u201d pot diagnostica ADHD sau autism, dar este posibil s\u0103 nu ofere titrare (procesul de g\u0103sire a dozei potrivite de medicament pentru dumneavoastr\u0103). Aceasta \u00eenseamn\u0103 c\u0103 este posibil s\u0103 ave\u021bi nevoie de o trimitere la NHS local dup\u0103 evaluare, dac\u0103 este necesar\u0103 medica\u021bia pentru gestionarea simptomelor. Dac\u0103 crede\u021bi c\u0103 medica\u021bia ar putea fi o op\u021biune pentru dumneavoastr\u0103 dac\u0103 sunte\u021bi diagnosticat cu ADHD, ar trebui s\u0103 discuta\u021bi acest lucru cu medicul dumneavoastr\u0103 de familie atunci c\u00e2nd alege\u021bi un furnizor de servicii medicale.<\/p>\n<h2><strong>C\u00e2t timp voi a\u0219tepta o evaluare cu un furnizor Right to Choose?<\/strong><\/h2>\n<p>Furnizorii afi\u0219eaz\u0103 timpii de a\u0219teptare pe site-urile lor web \u0219i ve\u021bi putea compara ace\u0219tia atunci c\u00e2nd face\u021bi alegerea.<\/p>\n<p>\u00cen zona noastr\u0103, am crescut semnificativ finan\u021barea pentru programul \u201eRight to Choose\u201d (Dreptul de a alege) \u0219i colabor\u0103m cu furnizorii de servicii pentru a planifica \u0219i gestiona num\u0103rul de evalu\u0103ri pentru autism \u0219i ADHD pe care le efectueaz\u0103 anual pentru pacien\u021bii din Bristol, North Somerset \u0219i South Gloucestershire (BNSSG).<\/p>\n<p>\u00cen unele cazuri, este posibil s\u0103 constata\u021bi c\u0103 un furnizor a efectuat deja num\u0103rul planificat de evalu\u0103ri pentru pacien\u021bii BNSSG pentru anul respectiv. \u00cen aceste cazuri, pute\u021bi solicita s\u0103 fi\u021bi \u00eendrumat c\u0103tre un alt furnizor dac\u0103 evaluarea dumneavoastr\u0103 nu a \u00eenceput \u00eenc\u0103.<\/p>\n<p>Dac\u0103 alege\u021bi s\u0103 r\u0103m\u00e2ne\u021bi la furnizorul preferat, ve\u021bi r\u0103m\u00e2ne pe lista lor de a\u0219teptare \u0219i ve\u021bi fi tratat conform proceselor lor.<\/p>\n<h2><strong>Ce ajutor este disponibil dac\u0103 solicit sau a\u0219tept o evaluare?<\/strong><\/h2>\n<p>Dac\u0103 suspecta\u021bi c\u0103 dumneavoastr\u0103 sau copilul dumneavoastr\u0103 ave\u021bi autism sau ADHD, v\u0103 recomand\u0103m insistent s\u0103 explora\u021bi ajutorul \u0219i sfaturile disponibile de la organiza\u021biile locale.<\/p>\n<p>NHS, \u0219colile, consiliile \u0219i organiza\u021biile caritabile ofer\u0103 o gam\u0103 larg\u0103 de sprijin, la care se poate accesa f\u0103r\u0103 un diagnostic formal de autism sau ADHD.<\/p>\n<p>\u00cen\u021belegerea \u0219i abordarea nevoilor \u00eentr-un stadiu incipient sunt asociate cu rezultate mult mai bune pentru persoanele cu afec\u021biuni neurodivergente, a\u0219a c\u0103 nu ar trebui s\u0103 am\u00e2na\u021bi solicitarea de ajutor \u00een a\u0219teptarea unei evalu\u0103ri.<\/p>\n<p>Pute\u021bi afla despre sprijinul, sfaturile \u0219i \u00eendrum\u0103rile disponibile copiilor, tinerilor \u0219i adul\u021bilor neurodivergen\u021bi din zon\u0103, pe <a href=\"https:\/\/bnssghealthiertogether.org.uk\/ro\/neurodiversity\/\"><strong>Centrul de Neurodiversitate \u00cempreun\u0103, Mai S\u0103n\u0103tos<\/strong><\/a>.<\/p>\n<p>&nbsp;<\/p>\n  <\/div>\r\n  <\/section><\/div><!-- .assembler_text-module.assembler_module.assembler_text-module_1.assembler_module_1..transparent --><\/div><!-- .assembler_module_area.assembler_module_area_1 --><\/div><!-- .assembler_default-group.assembler_module_group.assembler_default-group_1.assembler_module_group_1  -->","protected":false},"excerpt":{"rendered":"<p>Dac\u0103 locui\u021bi \u00een Anglia \u0219i medicul dumneavoastr\u0103 de familie este de acord c\u0103 ave\u021bi nevoie de o evaluare pentru autism sau ADHD, ave\u021bi dreptul legal de a alege furnizorul aprobat de NHS la care dori\u021bi s\u0103 merge\u021bi. Aceasta include clinici din afara zonelor Bristol, North Somerset \u0219i South Gloucestershire \u0219i unii furnizori independen\u021bi care lucreaz\u0103 cu NHS.<\/p>","protected":false},"author":28,"featured_media":0,"parent":0,"menu_order":0,"comment_status":"closed","ping_status":"closed","template":"","meta":{"_acf_changed":false,"footnotes":""},"tags":[],"class_list":["post-43848","page","type-page","status-publish","hentry"],"acf":[],"_links":{"self":[{"href":"https:\/\/bnssghealthiertogether.org.uk\/ro\/wp-json\/wp\/v2\/pages\/43848","targetHints":{"allow":["GET"]}}],"collection":[{"href":"https:\/\/bnssghealthiertogether.org.uk\/ro\/wp-json\/wp\/v2\/pages"}],"about":[{"href":"https:\/\/bnssghealthiertogether.org.uk\/ro\/wp-json\/wp\/v2\/types\/page"}],"author":[{"embeddable":true,"href":"https:\/\/bnssghealthiertogether.org.uk\/ro\/wp-json\/wp\/v2\/users\/28"}],"replies":[{"embeddable":true,"href":"https:\/\/bnssghealthiertogether.org.uk\/ro\/wp-json\/wp\/v2\/comments?post=43848"}],"version-history":[{"count":16,"href":"https:\/\/bnssghealthiertogether.org.uk\/ro\/wp-json\/wp\/v2\/pages\/43848\/revisions"}],"predecessor-version":[{"id":46350,"href":"https:\/\/bnssghealthiertogether.org.uk\/ro\/wp-json\/wp\/v2\/pages\/43848\/revisions\/46350"}],"wp:attachment":[{"href":"https:\/\/bnssghealthiertogether.org.uk\/ro\/wp-json\/wp\/v2\/media?parent=43848"}],"wp:term":[{"taxonomy":"post_tag","embeddable":true,"href":"https:\/\/bnssghealthiertogether.org.uk\/ro\/wp-json\/wp\/v2\/tags?post=43848"}],"curies":[{"name":"wp","href":"https:\/\/api.w.org\/{rel}","templated":true}]}}