{"id":4411,"date":"2023-02-06T13:42:53","date_gmt":"2023-02-06T13:42:53","guid":{"rendered":"https:\/\/bnssghealthiertogether.org.uk\/?page_id=4411"},"modified":"2024-07-28T21:28:11","modified_gmt":"2024-07-28T20:28:11","slug":"referral-information-for-clinicians","status":"publish","type":"page","link":"https:\/\/bnssghealthiertogether.org.uk\/ro\/your-health\/home-first\/nhs-home\/referral-information-for-clinicians\/","title":{"rendered":"NHS@Home \u2013 informa\u021bii de trimitere pentru clinicieni"},"content":{"rendered":"<div class=\"assembler_default-group assembler_module_group assembler_default-group_1 assembler_module_group_1\"><div class=\"assembler_module_area assembler_module_area_1\"><div class=\"assembler_text-module assembler_module assembler_text-module_1 assembler_module_1  transparent\"><a tabindex=\"-1\" title=\"Sec\u021biunea intitulat\u0103 modul-1\" id=\"module-1\" href=\"https:\/\/bnssghealthiertogether.org.uk\/ro\/wp-json\/wp\/v2\/pages\/4411\/#module-1\" class=\"anchor\"><span class=\"hidden\">Sec\u021biunea intitulat\u0103 modul-1<\/span><\/a><!-- Template found for text-module - Template: template-text - Matched: _only --><section class=\"w-full mx-auto max-w-content pt-10 sm:pt-20 pb-3 sm:pb-6\">\r\n  <div class=\"entry-content w-full !px-0 max-w-small\">\r\n        <h1>NHS@Home \u2013 informa\u021bii de trimitere pentru clinicieni<\/h1>\n  <\/div>\r\n  <\/section><\/div><!-- .assembler_text-module.assembler_module.assembler_text-module_1.assembler_module_1..transparent --><div class=\"assembler_text-module assembler_module assembler_text-module_2 assembler_module_2  transparent\"><a tabindex=\"-1\" title=\"Sec\u021biunea intitulat\u0103 modul-2\" id=\"module-2\" href=\"https:\/\/bnssghealthiertogether.org.uk\/ro\/wp-json\/wp\/v2\/pages\/4411\/#module-2\" class=\"anchor\"><span class=\"hidden\">Sec\u021biunea intitulat\u0103 modul-2<\/span><\/a><!-- Template found for text-module - Template: template-text - Matched: _only --><section class=\"w-full mx-auto max-w-content pt-3 sm:pt-6 pb-8 sm:pb-16\">\r\n  <div class=\"entry-content w-full !px-0 max-w-small\">\r\n        <p><a href=\"https:\/\/bnssghealthiertogether.org.uk\/ro\/health-wellbeing\/home-first\/\">NHS@Home<\/a> ofer\u0103 \u00eengrijiri clinice persoanelor care sunt bolnave \u00een mod acut la domiciliu, \u00een zonele Bristol, North Somerset \u0219i South Gloucestershire. Serviciul permite persoanelor s\u0103 primeasc\u0103 \u00eengrijirile de care au nevoie acas\u0103, \u00een siguran\u021b\u0103 \u0219i convenabil, oferind o alternativ\u0103 la spitalizare.<\/p>\n<p>Serviciile utilizeaz\u0103 un amestec de monitorizare digital\u0103 \u2013 incluz\u00e2nd o abordare de tip \"ward virtual\" cu suport telefonic \u0219i video \u2013 \u0219i vizite fa\u021b\u0103 \u00een fa\u021b\u0103 din partea echipelor de speciali\u0219ti. Serviciul de specialitate are acces la sprijin din partea medicilor consultan\u021bi din spitale.<\/p>\n<p>Urm\u0103toarele c\u0103i sunt acum active, iar mai multe vor fi ad\u0103ugate \u00een timp:<\/p>\n<ul>\n<li style=\"list-style-type: none;\">\n<ul>\n<li><strong>Spital la Domiciliu<\/strong><br \/>\nCobor\u00e2re NBT doar<\/li>\n<li><strong>Antimicrobiene IV (OPAT)<\/strong><br \/>\n<a href=\"https:\/\/remedy.bnssg.icb.nhs.uk\/adults\/prescribing\/nhs-home-iv-antimicrobials-opat\/\" rel=\"noopener\">Ridica\u021bi-v\u0103<\/a> \u0219i s\u0103 demisioneze<\/li>\n<li><strong>Respiratoriu<\/strong><br \/>\n<a href=\"https:\/\/remedy.bnssg.icb.nhs.uk\/adults\/respiratory\/nhs-home-respiratory-pathway\/\" rel=\"noopener\">Ridica\u021bi-v\u0103<\/a> \u0219i s\u0103 demisioneze<\/li>\n<li><strong>Insuficien\u021b\u0103 cardiac\u0103<\/strong><br \/>\nDemisiona\u021bi \u0219i cre\u0219te\u021bi (doar pentru asistentele comunitare de insuficien\u021b\u0103 cardiac\u0103)<\/li>\n<li><strong>Fragilitate (Recuperare cu asisten\u021b\u0103 social\u0103)<\/strong><br \/>\n<a href=\"https:\/\/gbr01.safelinks.protection.outlook.com\/?url=https%3A%2F%2Fremedy.bnssg.icb.nhs.uk%2Fadults%2Fcare-of-the-elderly%2Fnhs-home-frailty-pathway%2F&amp;data=05%7C01%7Cnaomi.havergal%40nhs.net%7Ca26580269a8b41ba10bb08dbdbb119ac%7C37c354b285b047f5b22207b48d774ee3%7C0%7C0%7C638345326043388211%7CUnknown%7CTWFpbGZsb3d8eyJWIjoiMC4wLjAwMDAiLCJQIjoiV2luMzIiLCJBTiI6Ik1haWwiLCJXVCI6Mn0%3D%7C3000%7C%7C%7C&amp;sdata=5NYKLVPkwe%2BWlUbvYKLvN0%2BXjbqVzU1AayStB7jxlMY%3D&amp;reserved=0\" target=\"_blank\" rel=\"noopener\">Ridica\u021bi-v\u0103<\/a> \u0219i s\u0103 demisioneze<\/li>\n<li><strong>Generalit\u0103\u021bi <\/strong>\u2013 Cobor\u00e2\u021bi doar<\/li>\n<\/ul>\n<\/li>\n<\/ul>\n<h2>A se referi<\/h2>\n<h3>Cre\u0219te recomand\u0103rile<\/h3>\n<p>Medici de familie\/SWAST\/asisten\u021bi comunitari: V\u0103 rug\u0103m s\u0103 folosi\u021bi rutele obi\u0219nuite, de exemplu linia profesional\u0103 din timpul s\u0103pt\u0103m\u00e2nii sau SPA pentru r\u0103spunsul la Urgen\u021be Medicale.<\/p>\n<p>Exist\u0103, de asemenea, informa\u021bii suplimentare despre Remedy:<\/p>\n<ul>\n<li><a href=\"https:\/\/remedy.bnssg.icb.nhs.uk\/adults\/urgent-care\/nhs-home\/\" target=\"_blank\" rel=\"noopener\">Pagina de prezentare NHS@Home<\/a><\/li>\n<li><a href=\"https:\/\/remedy.bnssg.icb.nhs.uk\/adults\/prescribing\/nhs-home-iv-antimicrobials-opat\/\" rel=\"noopener\">IV antimicrobiene (OPAT) supra-supraveghere<\/a><\/li>\n<li><a href=\"https:\/\/remedy.bnssg.icb.nhs.uk\/adults\/respiratory\/nhs-home-respiratory-pathway\/\" rel=\"noopener\">Pas respirator<\/a><\/li>\n<li><a href=\"https:\/\/remedy.bnssg.icb.nhs.uk\/adults\/care-of-the-elderly\/nhs-home-frailty-pathway\/\" target=\"_blank\" rel=\"noopener\">Frailty step up<\/a><\/li>\n<\/ul>\n<h3>Trimitere cu renun\u021bare<\/h3>\n<p>Profesioni\u0219tii din cadrul North Bristol NHS Trust pot g\u0103si informa\u021bii despre trimiterile de tip \"step down\" pe <a href=\"http:\/\/link.nbt.nhs.uk\/go\/NHShome\" rel=\"noopener\">Intranet NBT<\/a>.<\/p>\n<p>Profesioni\u0219tii de la University Hospitals Bristol and Weston NHS Foundation Trust pot g\u0103si informa\u021bii despre trimiterile \u2018step down\u2019 pe intranetul Trustului, Connect \u2013 c\u0103uta\u021bi doar \u201eNHS@Home\u201d.<\/p>\n<p>To\u021bi ceilal\u021bi profesioni\u0219ti ar trebui s\u0103 fac\u0103 referire la <a href=\"https:\/\/bnssghealthiertogether.org.uk\/wp-content\/uploads\/2023\/11\/nhs-home-infographic-nov-23-update.pdf\">infografic de recomandare<\/a> pentru informa\u021bii detaliate, informa\u021bii de referin\u021b\u0103 pentru fiecare cale.<\/p>\n<h2>Resurse<\/h2>\n<ul>\n<li><a href=\"https:\/\/bnssghealthiertogether.org.uk\/ro\/library\/home-first-supporting-you-at-home-with-your-health-condition\/\">Desc\u0103rca\u021bi \u0219i imprima\u021bi aceast\u0103 foaie informativ\u0103 NHS@Home pentru utilizatorii serviciilor<\/a><\/li>\n<\/ul>\n<h2>Oportunit\u0103\u021bi \u00een NHS@Home<\/h2>\n<p>Dac\u0103 sunte\u021bi interesat(\u0103) s\u0103 lucra\u021bi pentru NHS@Home, vizita\u021bi:<\/p>\n<ul>\n<li><a href=\"https:\/\/www.sirona-cic.org.uk\/work-with-us\/introducing-nhshome\/\" rel=\"noopener\">Pagina de recrutare Sirona care &amp; health<\/a><\/li>\n<li><a href=\"https:\/\/www.uhbwcareers.nhs.uk\/nhs-at-home\/\" rel=\"noopener\">Pagina de recrutare UHBW<\/a><\/li>\n<li><a href=\"https:\/\/www.nbt.nhs.uk\/careers\" rel=\"noopener\">site recrutare NBT<\/a><\/li>\n<\/ul>\n  <\/div>\r\n  <\/section><\/div><!-- .assembler_text-module.assembler_module.assembler_text-module_2.assembler_module_2..transparent --><\/div><!-- .assembler_module_area.assembler_module_area_1 --><\/div><!-- .assembler_default-group.assembler_module_group.assembler_default-group_1.assembler_module_group_1  -->","protected":false},"excerpt":{"rendered":"<p>Referral information for healthcare professionals on each pathway of NHS@Home in Bristol, North Somerset and South Gloucestershire.<\/p>","protected":false},"author":7,"featured_media":0,"parent":4395,"menu_order":0,"comment_status":"closed","ping_status":"closed","template":"","meta":{"_acf_changed":false,"footnotes":""},"tags":[],"class_list":["post-4411","page","type-page","status-publish","hentry"],"acf":[],"_links":{"self":[{"href":"https:\/\/bnssghealthiertogether.org.uk\/ro\/wp-json\/wp\/v2\/pages\/4411","targetHints":{"allow":["GET"]}}],"collection":[{"href":"https:\/\/bnssghealthiertogether.org.uk\/ro\/wp-json\/wp\/v2\/pages"}],"about":[{"href":"https:\/\/bnssghealthiertogether.org.uk\/ro\/wp-json\/wp\/v2\/types\/page"}],"author":[{"embeddable":true,"href":"https:\/\/bnssghealthiertogether.org.uk\/ro\/wp-json\/wp\/v2\/users\/7"}],"replies":[{"embeddable":true,"href":"https:\/\/bnssghealthiertogether.org.uk\/ro\/wp-json\/wp\/v2\/comments?post=4411"}],"version-history":[{"count":21,"href":"https:\/\/bnssghealthiertogether.org.uk\/ro\/wp-json\/wp\/v2\/pages\/4411\/revisions"}],"predecessor-version":[{"id":10767,"href":"https:\/\/bnssghealthiertogether.org.uk\/ro\/wp-json\/wp\/v2\/pages\/4411\/revisions\/10767"}],"up":[{"embeddable":true,"href":"https:\/\/bnssghealthiertogether.org.uk\/ro\/wp-json\/wp\/v2\/pages\/4395"}],"wp:attachment":[{"href":"https:\/\/bnssghealthiertogether.org.uk\/ro\/wp-json\/wp\/v2\/media?parent=4411"}],"wp:term":[{"taxonomy":"post_tag","embeddable":true,"href":"https:\/\/bnssghealthiertogether.org.uk\/ro\/wp-json\/wp\/v2\/tags?post=4411"}],"curies":[{"name":"wp","href":"https:\/\/api.w.org\/{rel}","templated":true}]}}