{"id":44463,"date":"2025-11-14T13:52:56","date_gmt":"2025-11-14T13:52:56","guid":{"rendered":"https:\/\/bnssghealthiertogether.org.uk\/?page_id=44463"},"modified":"2025-11-14T13:52:56","modified_gmt":"2025-11-14T13:52:56","slug":"supporting-people-with-intellectual-disabilities-and-their-families-following-a-diagnosis-of-dementia-adapting-the-living-well-with-dementia-livdem-approach","status":"publish","type":"page","link":"https:\/\/bnssghealthiertogether.org.uk\/ro\/integrated-care-board\/research-and-evidence\/our-research-portfolio\/type-2-rcf-funded-projects\/supporting-people-with-intellectual-disabilities-and-their-families-following-a-diagnosis-of-dementia-adapting-the-living-well-with-dementia-livdem-approach\/","title":{"rendered":"Sprijinirea persoanelor cu dizabilit\u0103\u021bi intelectuale \u0219i a familiilor acestora \u00een urma unui diagnostic de demen\u021b\u0103: Adaptarea abord\u0103rii \u201eLiving Well with Dementia\u201d (LivDem)."},"content":{"rendered":"<div class=\"assembler_default-group assembler_module_group assembler_default-group_1 assembler_module_group_1\"><div class=\"assembler_module_area assembler_module_area_1\"><div class=\"assembler_text-module assembler_module assembler_text-module_1 assembler_module_1  transparent\"><a tabindex=\"-1\" title=\"Sec\u021biunea intitulat\u0103 modul-1\" id=\"module-1\" href=\"https:\/\/bnssghealthiertogether.org.uk\/ro\/wp-json\/wp\/v2\/pages\/44463\/#module-1\" class=\"anchor\"><span class=\"hidden\">Sec\u021biunea intitulat\u0103 modul-1<\/span><\/a><!-- Template found for text-module - Template: template-text - Matched: _only --><section class=\"w-full mx-auto max-w-content pt-12 sm:pt-24 pb-12 sm:pb-24\">\r\n  <div class=\"entry-content w-full !px-0 max-w-small\">\r\n        <h1>Sprijinirea persoanelor cu dizabilit\u0103\u021bi intelectuale \u0219i a familiilor acestora \u00een urma unui diagnostic de demen\u021b\u0103: Adaptarea abord\u0103rii \u201eLiving Well with Dementia\u201d (LivDem).<\/h1>\n<p>&nbsp;<\/p>\n<h2>Finan\u021bare<\/h2>\n<p>Finan\u021barea capacit\u0103\u021bii de cercetare ICB a NHS Bristol, North Somerset \u0219i South Gloucestershire.<\/p>\n<h2>Care este \u00eentrebarea de cercetare?<\/h2>\n<p>Cum putem adapta programul \u201eLiving Well with Dementia\u201d (LivDem) pentru a sprijini persoanele cu dizabilit\u0103\u021bi intelectuale \u0219i familiile acestora \u00een urma unui diagnostic de demen\u021b\u0103?<\/p>\n<h2>Care este problema?<\/h2>\n<p>Persoanele cu dizabilit\u0103\u021bi intelectuale sunt mai predispuse la demen\u021b\u0103 \u0219i adesea o fac la o v\u00e2rst\u0103 mai fraged\u0103. Persoanele cu dizabilit\u0103\u021bi intelectuale \u0219i sindrom Down prezint\u0103 un risc \u0219i mai mare, aproape dou\u0103 treimi dintre ele fiind predispuse s\u0103 dezvolte demen\u021b\u0103.<\/p>\n<p>Persoanele cu dizabilit\u0103\u021bi intelectuale locuiesc adesea cu familia lor mult mai mult timp \u0219i continu\u0103 s\u0103 fie sprijinite de aceasta dup\u0103 ce pleac\u0103 de acas\u0103. Prin urmare, demen\u021ba este probabil s\u0103 aduc\u0103 provoc\u0103ri pentru \u00eentreaga familie. Multe persoane cu dizabilit\u0103\u021bi intelectuale \u0219i demen\u021b\u0103 se confrunt\u0103 cu probleme precum agresivitate sau tulbur\u0103ri de somn. Aceasta poate \u00eensemna c\u0103 necesit\u0103 mult sprijin din partea serviciilor \u0219i uneori chiar internare \u00een spital.<\/p>\n<p>Multe persoane cu dizabilit\u0103\u021bi intelectuale \u0219i familiile lor ar beneficia de sprijin emo\u021bional \u0219i ajutor pentru a \u00een\u021belege diagnosticul. Cu toate acestea, acest lucru este rareori oferit. Nu exist\u0103 interven\u021bii care s\u0103 vizeze sprijinirea persoanei \u0219i a familiei sale pentru a discuta \u00eempreun\u0103 despre acest subiect.<\/p>\n<h2>Care este scopul cercet\u0103rii?<\/h2>\n<p>\u201eLivDem, o via\u021b\u0103 s\u0103n\u0103toas\u0103 cu demen\u021b\u0103\u201d este o abordare bazat\u0103 pe dovezi care sprijin\u0103 persoanele s\u0103 vorbeasc\u0103 \u0219i s\u0103 se adapteze dup\u0103 un diagnostic de demen\u021b\u0103. Grupurile LivDem sunt implementate \u00een Regatul Unit de peste zece ani. Recent, am dezvoltat o versiune a LivDem pentru persoanele care doresc s\u0103 vorbeasc\u0103 cu familiile lor. Cu toate acestea, LivDem nu este potrivit \u00een prezent pentru majoritatea persoanelor cu dizabilit\u0103\u021bi intelectuale care dezvolt\u0103 demen\u021b\u0103.<\/p>\n<p>Aceast\u0103 cercetare \u00ee\u0219i propune s\u0103 adapteze programul \u201eLiving Well with Dementia\u201d (LivDem) pentru a sprijini persoanele cu dizabilit\u0103\u021bi intelectuale \u0219i demen\u021b\u0103 \u0219i familiile acestora (LivDem-ID). LivDem-ID va oferi familiilor oportunitatea de a discuta \u00eempreun\u0103 despre ceea ce se \u00eent\u00e2mpl\u0103 acum \u0219i de a planifica pentru viitor. LivDem-ID va lua \u00een considerare provoc\u0103rile specifice cu care se pot confrunta persoanele cu dizabilit\u0103\u021bi intelectuale \u0219i demen\u021b\u0103.<\/p>\n<h2>Cum se va realiza acest lucru?<\/h2>\n<p>\u00cen urma dezvolt\u0103rii interven\u021biei LivDem-ID, finalizat\u0103 cu finan\u021bare RCF, vom solicita finan\u021bare NIHR. Acest proiect NIHR va avea probabil patru faze:<\/p>\n<p>1. Pentru a \u00eencepe s\u0103 explor\u0103m dac\u0103 LivDem-ID ar putea fi util, \u00eel vom livra la 6 familii dintre care una dintre persoane are dizabilitate intelectual\u0103 \u0219i demen\u021b\u0103.<br \/>\n2. Vom crea apoi un pachet de instruire pentru facilitatorii LivDem-ID.<br \/>\n3. Vom instrui aproximativ 25 de facilitatori din NHS \u0219i din sectorul comunitar pentru a implementa LivDem-ID unui num\u0103r mic de familii. Acest lucru se va realiza \u00een diferite tipuri de servicii pentru a vedea unde se potrive\u0219te cel mai bine.<br \/>\n4. Vom evalua dac\u0103 LivDem-ID ar putea fi util \u0219i cine ar fi cel mai potrivit pentru a-l implementa.<br \/>\nToate fazele vor fi sus\u021binute de grupul nostru de implicare \u0219i implicare a pacien\u021bilor \u0219i publicului (PPIE), care include persoane cu dizabilit\u0103\u021bi intelectuale \u0219i \u00eengrijitori ai familiei.<\/p>\n<h2>Cine conduce cercetarea?<\/h2>\n<p>Aceast\u0103 cercetare este condus\u0103 de Dr. Natasha Woodstoke, psiholog clinician \u0219i cercet\u0103tor \u00een domeniul demen\u021bei, Centrul pentru Cercetare Clinic\u0103 \u0219i \u00een S\u0103n\u0103tate, \u0218coala de S\u0103n\u0103tate \u0219i Bun\u0103stare Social\u0103, Universitatea din Vestul Angliei (UWE), Bristol.<\/p>\n<h2>Informa\u021bii suplimentare<\/h2>\n<p>Pentru mai multe informa\u021bii sau pentru a v\u0103 implica \u00een acest proiect, v\u0103 rug\u0103m s\u0103 trimite\u021bi un e-mail la\u00a0<a href=\"mailto:bnssg.research@nhs.net\"><strong>bnssg.research@nhs.net<\/strong><\/a>.<\/p>\n  <\/div>\r\n  <\/section><\/div><!-- .assembler_text-module.assembler_module.assembler_text-module_1.assembler_module_1..transparent --><\/div><!-- .assembler_module_area.assembler_module_area_1 --><\/div><!-- .assembler_default-group.assembler_module_group.assembler_default-group_1.assembler_module_group_1  -->","protected":false},"excerpt":{"rendered":"<p>Cum putem adapta programul \u201eLiving Well with Dementia\u201d (LivDem) pentru a sprijini persoanele cu dizabilit\u0103\u021bi intelectuale \u0219i familiile acestora \u00een urma unui diagnostic de demen\u021b\u0103?<\/p>","protected":false},"author":16,"featured_media":0,"parent":32896,"menu_order":0,"comment_status":"closed","ping_status":"closed","template":"","meta":{"_acf_changed":false,"footnotes":""},"tags":[],"class_list":["post-44463","page","type-page","status-publish","hentry"],"acf":[],"_links":{"self":[{"href":"https:\/\/bnssghealthiertogether.org.uk\/ro\/wp-json\/wp\/v2\/pages\/44463","targetHints":{"allow":["GET"]}}],"collection":[{"href":"https:\/\/bnssghealthiertogether.org.uk\/ro\/wp-json\/wp\/v2\/pages"}],"about":[{"href":"https:\/\/bnssghealthiertogether.org.uk\/ro\/wp-json\/wp\/v2\/types\/page"}],"author":[{"embeddable":true,"href":"https:\/\/bnssghealthiertogether.org.uk\/ro\/wp-json\/wp\/v2\/users\/16"}],"replies":[{"embeddable":true,"href":"https:\/\/bnssghealthiertogether.org.uk\/ro\/wp-json\/wp\/v2\/comments?post=44463"}],"version-history":[{"count":2,"href":"https:\/\/bnssghealthiertogether.org.uk\/ro\/wp-json\/wp\/v2\/pages\/44463\/revisions"}],"predecessor-version":[{"id":44465,"href":"https:\/\/bnssghealthiertogether.org.uk\/ro\/wp-json\/wp\/v2\/pages\/44463\/revisions\/44465"}],"up":[{"embeddable":true,"href":"https:\/\/bnssghealthiertogether.org.uk\/ro\/wp-json\/wp\/v2\/pages\/32896"}],"wp:attachment":[{"href":"https:\/\/bnssghealthiertogether.org.uk\/ro\/wp-json\/wp\/v2\/media?parent=44463"}],"wp:term":[{"taxonomy":"post_tag","embeddable":true,"href":"https:\/\/bnssghealthiertogether.org.uk\/ro\/wp-json\/wp\/v2\/tags?post=44463"}],"curies":[{"name":"wp","href":"https:\/\/api.w.org\/{rel}","templated":true}]}}