{"id":44466,"date":"2025-11-14T14:24:49","date_gmt":"2025-11-14T14:24:49","guid":{"rendered":"https:\/\/bnssghealthiertogether.org.uk\/?page_id=44466"},"modified":"2026-01-20T13:46:26","modified_gmt":"2026-01-20T13:46:26","slug":"promoting-eye-care-practice-for-children-with-learning-disabilities-pepchild","status":"publish","type":"page","link":"https:\/\/bnssghealthiertogether.org.uk\/ro\/integrated-care-board\/research-and-evidence\/our-research-portfolio\/type-2-rcf-funded-projects\/promoting-eye-care-practice-for-children-with-learning-disabilities-pepchild\/","title":{"rendered":"Promoting Eye Care Practice for Children with Learning Disabilities (PEPChiLD)"},"content":{"rendered":"<div class=\"assembler_default-group assembler_module_group assembler_default-group_1 assembler_module_group_1\"><div class=\"assembler_module_area assembler_module_area_1\"><div class=\"assembler_text-module assembler_module assembler_text-module_1 assembler_module_1  transparent\"><a tabindex=\"-1\" title=\"Sec\u021biunea intitulat\u0103 modul-1\" id=\"module-1\" href=\"https:\/\/bnssghealthiertogether.org.uk\/ro\/wp-json\/wp\/v2\/pages\/44466\/#module-1\" class=\"anchor\"><span class=\"hidden\">Sec\u021biunea intitulat\u0103 modul-1<\/span><\/a><!-- Template found for text-module - Template: template-text - Matched: _only --><section class=\"w-full mx-auto max-w-content pt-12 sm:pt-24 pb-12 sm:pb-24\">\r\n  <div class=\"entry-content w-full !px-0 max-w-small\">\r\n        <h1>Promoting Eye Care Practice for Children with Learning Disabilities (PEPChiLD)<\/h1>\n<p>&nbsp;<\/p>\n<h2>Finan\u021bare<\/h2>\n<p>Finan\u021barea capacit\u0103\u021bii de cercetare ICB a NHS Bristol, North Somerset \u0219i South Gloucestershire.<\/p>\n<h2><strong>Care este \u00eentrebarea de cercetare?<\/strong><\/h2>\n<p>How can we best promote good eye care practice for children with learning disabilities?<\/p>\n<h2><strong>Care este problema?<\/strong><\/h2>\n<p>Children with a learning disability account for about 2.5% of the UK population. Studies have reported that visual problems such as refractive errors, crossed eyes, eye movement defects, eye diseases as well as other brain based visual impairment, are much more common in children with learning disabilities. Despite the high prevalence of visual and eye health problems in this group, research demonstrates a frequent lack of appropriate eye care history. In addition, despite calls for equal rights to sight for people with a learning disability, direct information from families as well as from primary eye care providers about the barriers to uptake and delivery of eye care services is lacking. This study aligns with ICB\u2019s priority areas: namely tackling inequalities and illness prevention and earlier treatment for people. It promises to provide quicker access to care and support for vulnerable people and contribute to investing in the first 1,001 days of life.<\/p>\n<h2><strong>Care este scopul cercet\u0103rii?<\/strong><\/h2>\n<p>The aim of the NIHR research is to understand current eye care service provision, identify barriers and develop resources to improve engagement with eye care services.<\/p>\n<p>It is expected that the outcomes from this project will include the development of parent\/patient information highlighting why, when and how they might access eye care. Guidelines for improving eye care services will be disseminated using a website where important information can always be assessed, videos and infographics disseminated through social media networks, resources to support training, as well as peer reviewed publications and articles.<\/p>\n<h2><strong>Cum se va realiza acest lucru? <\/strong><\/h2>\n<p>The BNSSG ICB RCF grant will be used to conduct focus groups comprising families of children with learning disabilities and optometrists, respectively. The aim of these focus groups will be to understand the general themes around barriers to accessing\/providing care which parents, carers and professional encounter.<\/p>\n<p>The focus group will serve as patient and public involvement (PPI) while outcomes from these groups will be useful to develop the NIHR proposal. Success with this grant will enable the PEPChiLD research team to develop and conduct surveys for families and optometrists in the UK, to determine factors affecting eye care practice for children with learning disabilities. Findings will establish the extent of barriers and be useful for developing resources to improve engagement with eye care services.<\/p>\n<h2><strong>Cine conduce cercetarea?<\/strong><\/h2>\n<p>This research is led by Dr Onyeka Amiebenomo, Senior Lecturer in Optometry, School of Health and Social Wellbeing, University of the West of England, Bristol.<\/p>\n<h2>Informa\u021bii suplimentare<\/h2>\n<p>Pentru mai multe informa\u021bii sau pentru a v\u0103 implica \u00een acest proiect, v\u0103 rug\u0103m s\u0103 trimite\u021bi un e-mail la\u00a0<a href=\"mailto:bnssg.research@nhs.net\"><strong>bnssg.research@nhs.net<\/strong><\/a><\/p>\n  <\/div>\r\n  <\/section><\/div><!-- .assembler_text-module.assembler_module.assembler_text-module_1.assembler_module_1..transparent --><\/div><!-- .assembler_module_area.assembler_module_area_1 --><\/div><!-- .assembler_default-group.assembler_module_group.assembler_default-group_1.assembler_module_group_1  -->","protected":false},"excerpt":{"rendered":"<p>How can we best promote good eye care practice for children with learning disabilities?<\/p>","protected":false},"author":16,"featured_media":0,"parent":32896,"menu_order":0,"comment_status":"closed","ping_status":"closed","template":"","meta":{"_acf_changed":false,"footnotes":""},"tags":[],"class_list":["post-44466","page","type-page","status-publish","hentry"],"acf":[],"_links":{"self":[{"href":"https:\/\/bnssghealthiertogether.org.uk\/ro\/wp-json\/wp\/v2\/pages\/44466","targetHints":{"allow":["GET"]}}],"collection":[{"href":"https:\/\/bnssghealthiertogether.org.uk\/ro\/wp-json\/wp\/v2\/pages"}],"about":[{"href":"https:\/\/bnssghealthiertogether.org.uk\/ro\/wp-json\/wp\/v2\/types\/page"}],"author":[{"embeddable":true,"href":"https:\/\/bnssghealthiertogether.org.uk\/ro\/wp-json\/wp\/v2\/users\/16"}],"replies":[{"embeddable":true,"href":"https:\/\/bnssghealthiertogether.org.uk\/ro\/wp-json\/wp\/v2\/comments?post=44466"}],"version-history":[{"count":2,"href":"https:\/\/bnssghealthiertogether.org.uk\/ro\/wp-json\/wp\/v2\/pages\/44466\/revisions"}],"predecessor-version":[{"id":44468,"href":"https:\/\/bnssghealthiertogether.org.uk\/ro\/wp-json\/wp\/v2\/pages\/44466\/revisions\/44468"}],"up":[{"embeddable":true,"href":"https:\/\/bnssghealthiertogether.org.uk\/ro\/wp-json\/wp\/v2\/pages\/32896"}],"wp:attachment":[{"href":"https:\/\/bnssghealthiertogether.org.uk\/ro\/wp-json\/wp\/v2\/media?parent=44466"}],"wp:term":[{"taxonomy":"post_tag","embeddable":true,"href":"https:\/\/bnssghealthiertogether.org.uk\/ro\/wp-json\/wp\/v2\/tags?post=44466"}],"curies":[{"name":"wp","href":"https:\/\/api.w.org\/{rel}","templated":true}]}}