{"id":46895,"date":"2026-02-18T13:49:58","date_gmt":"2026-02-18T13:49:58","guid":{"rendered":"https:\/\/bnssghealthiertogether.org.uk\/?page_id=46895"},"modified":"2026-02-18T13:49:58","modified_gmt":"2026-02-18T13:49:58","slug":"racial-inequalities-in-mental-health","status":"publish","type":"page","link":"https:\/\/bnssghealthiertogether.org.uk\/ro\/integrated-care-board\/research-and-evidence\/our-research-portfolio\/type-1-rcf-funded-projects\/racial-inequalities-in-mental-health\/","title":{"rendered":"Inegalit\u0103\u021bile rasiale \u00een s\u0103n\u0103tatea mintal\u0103"},"content":{"rendered":"<div class=\"assembler_default-group assembler_module_group assembler_default-group_1 assembler_module_group_1\"><div class=\"assembler_module_area assembler_module_area_1\"><div class=\"assembler_text-module assembler_module assembler_text-module_1 assembler_module_1  transparent\"><a tabindex=\"-1\" title=\"Sec\u021biunea intitulat\u0103 modul-1\" id=\"module-1\" href=\"https:\/\/bnssghealthiertogether.org.uk\/ro\/wp-json\/wp\/v2\/pages\/46895\/#module-1\" class=\"anchor\"><span class=\"hidden\">Sec\u021biunea intitulat\u0103 modul-1<\/span><\/a><!-- Template found for text-module - Template: template-text - Matched: _only --><section class=\"w-full mx-auto max-w-content pt-12 sm:pt-24 pb-12 sm:pb-24\">\r\n  <div class=\"entry-content w-full !px-0 max-w-small\">\r\n        <h1>Inegalit\u0103\u021bile rasiale \u00een s\u0103n\u0103tatea mintal\u0103<\/h1>\n<p>Acest Cadru de Referin\u021b\u0103 pentru Cercetare (RCF) va fi utilizat pentru a colabora cu pacien\u021bii, comunit\u0103\u021bile \u0219i alte p\u0103r\u021bi interesate \u00een vederea dezvolt\u0103rii unei \u00eentreb\u0103ri de cercetare care s\u0103 abordeze inegalit\u0103\u021bile rasiale \u00een \u00eengrijirea s\u0103n\u0103t\u0103\u021bii mintale. Abordarea \u00een echip\u0103 se va concentra pe construirea \u00eencrederii, lucrul \u00een parteneriat \u0219i responsabilizarea comunit\u0103\u021bilor, astfel \u00eenc\u00e2t cercetarea s\u0103 reflecte priorit\u0103\u021bile \u0219i experien\u021bele lor.<\/p>\n<h2>Finan\u021bare<\/h2>\n<p>Finan\u021barea capacit\u0103\u021bii de cercetare ICB a NHS Bristol, North Somerset \u0219i South Gloucestershire.<\/p>\n<h2>Cine conduce cercetarea?<\/h2>\n<p>Aceast\u0103 cercetare este condus\u0103 de Dr. Chizoba Esio-Bassey de la Universitatea din Vestul Angliei, Bristol.<\/p>\n<h2>Informa\u021bii suplimentare<\/h2>\n<p>Pentru mai multe informa\u021bii sau pentru a v\u0103 implica \u00een acest proiect, trimite\u021bi un e-mail la\u00a0<a href=\"mailto:bnssg.research@nhs.net\"><strong>bnssg.research@nhs.net<\/strong><\/a>.<\/p>\n  <\/div>\r\n  <\/section><\/div><!-- .assembler_text-module.assembler_module.assembler_text-module_1.assembler_module_1..transparent --><\/div><!-- .assembler_module_area.assembler_module_area_1 --><\/div><!-- .assembler_default-group.assembler_module_group.assembler_default-group_1.assembler_module_group_1  -->","protected":false},"excerpt":{"rendered":"<p>This RCF will be used to work with patients, communities, and other stakeholders to develop a research question that addresses racial inequalities in mental health care.<\/p>","protected":false},"author":16,"featured_media":0,"parent":32894,"menu_order":0,"comment_status":"closed","ping_status":"closed","template":"","meta":{"_acf_changed":false,"footnotes":""},"tags":[],"class_list":["post-46895","page","type-page","status-publish","hentry"],"acf":[],"_links":{"self":[{"href":"https:\/\/bnssghealthiertogether.org.uk\/ro\/wp-json\/wp\/v2\/pages\/46895","targetHints":{"allow":["GET"]}}],"collection":[{"href":"https:\/\/bnssghealthiertogether.org.uk\/ro\/wp-json\/wp\/v2\/pages"}],"about":[{"href":"https:\/\/bnssghealthiertogether.org.uk\/ro\/wp-json\/wp\/v2\/types\/page"}],"author":[{"embeddable":true,"href":"https:\/\/bnssghealthiertogether.org.uk\/ro\/wp-json\/wp\/v2\/users\/16"}],"replies":[{"embeddable":true,"href":"https:\/\/bnssghealthiertogether.org.uk\/ro\/wp-json\/wp\/v2\/comments?post=46895"}],"version-history":[{"count":2,"href":"https:\/\/bnssghealthiertogether.org.uk\/ro\/wp-json\/wp\/v2\/pages\/46895\/revisions"}],"predecessor-version":[{"id":46897,"href":"https:\/\/bnssghealthiertogether.org.uk\/ro\/wp-json\/wp\/v2\/pages\/46895\/revisions\/46897"}],"up":[{"embeddable":true,"href":"https:\/\/bnssghealthiertogether.org.uk\/ro\/wp-json\/wp\/v2\/pages\/32894"}],"wp:attachment":[{"href":"https:\/\/bnssghealthiertogether.org.uk\/ro\/wp-json\/wp\/v2\/media?parent=46895"}],"wp:term":[{"taxonomy":"post_tag","embeddable":true,"href":"https:\/\/bnssghealthiertogether.org.uk\/ro\/wp-json\/wp\/v2\/tags?post=46895"}],"curies":[{"name":"wp","href":"https:\/\/api.w.org\/{rel}","templated":true}]}}