{"id":46905,"date":"2026-02-18T14:07:59","date_gmt":"2026-02-18T14:07:59","guid":{"rendered":"https:\/\/bnssghealthiertogether.org.uk\/?page_id=46905"},"modified":"2026-02-18T14:08:00","modified_gmt":"2026-02-18T14:08:00","slug":"change-understanding-and-awareness-of-hpv-and-associated-health-conditions-across-the-life-course","status":"publish","type":"page","link":"https:\/\/bnssghealthiertogether.org.uk\/ro\/integrated-care-board\/research-and-evidence\/our-research-portfolio\/type-1-rcf-funded-projects\/change-understanding-and-awareness-of-hpv-and-associated-health-conditions-across-the-life-course\/","title":{"rendered":"Schimbarea \u00een\u021belegerii \u0219i con\u0219tientiz\u0103rii HPV \u0219i a afec\u021biunilor asociate pe parcursul vie\u021bii"},"content":{"rendered":"<div class=\"assembler_default-group assembler_module_group assembler_default-group_1 assembler_module_group_1\"><div class=\"assembler_module_area assembler_module_area_1\"><div class=\"assembler_text-module assembler_module assembler_text-module_1 assembler_module_1  transparent\"><a tabindex=\"-1\" title=\"Sec\u021biunea intitulat\u0103 modul-1\" id=\"module-1\" href=\"https:\/\/bnssghealthiertogether.org.uk\/ro\/wp-json\/wp\/v2\/pages\/46905\/#module-1\" class=\"anchor\"><span class=\"hidden\">Sec\u021biunea intitulat\u0103 modul-1<\/span><\/a><!-- Template found for text-module - Template: template-text - Matched: _only --><section class=\"w-full mx-auto max-w-content pt-12 sm:pt-24 pb-12 sm:pb-24\">\r\n  <div class=\"entry-content w-full !px-0 max-w-small\">\r\n        <h1>Schimbarea \u00een\u021belegerii \u0219i con\u0219tientiz\u0103rii HPV \u0219i a afec\u021biunilor asociate pe parcursul vie\u021bii<\/h1>\n<p>Rezultatul acestei finan\u021b\u0103ri va fi o propunere de cercetare dezvoltat\u0103 \u00een comun pentru un proiect care va avea ca scop schimbarea \u00een\u021belegerii \u0219i con\u0219tientiz\u0103rii HPV \u0219i a afec\u021biunilor asociate pe tot parcursul vie\u021bii.<\/p>\n<h2>Finan\u021bare<\/h2>\n<p>Finan\u021barea capacit\u0103\u021bii de cercetare ICB a NHS Bristol, North Somerset \u0219i South Gloucestershire.<\/p>\n<h2>Cine conduce aceast\u0103 cercetare?<\/h2>\n<p>Aceast\u0103 cercetare este condus\u0103 de Dr. Maddie Tremblett, lector universitar de psihologie la UWE Bristol.<\/p>\n<h2>Informa\u021bii suplimentare<\/h2>\n<p>Pentru mai multe informa\u021bii sau pentru a v\u0103 implica \u00een acest proiect, trimite\u021bi un e-mail la\u00a0<a href=\"mailto:bnssg.research@nhs.net\"><strong>bnssg.research@nhs.net<\/strong><\/a>.<\/p>\n  <\/div>\r\n  <\/section><\/div><!-- .assembler_text-module.assembler_module.assembler_text-module_1.assembler_module_1..transparent --><\/div><!-- .assembler_module_area.assembler_module_area_1 --><\/div><!-- .assembler_default-group.assembler_module_group.assembler_default-group_1.assembler_module_group_1  -->","protected":false},"excerpt":{"rendered":"<p>Rezultatul acestei finan\u021b\u0103ri va fi o propunere de cercetare dezvoltat\u0103 \u00een comun pentru un proiect care va avea ca scop schimbarea \u00een\u021belegerii \u0219i con\u0219tientiz\u0103rii HPV \u0219i a afec\u021biunilor asociate pe tot parcursul vie\u021bii.<\/p>","protected":false},"author":16,"featured_media":0,"parent":32894,"menu_order":0,"comment_status":"closed","ping_status":"closed","template":"","meta":{"_acf_changed":false,"footnotes":""},"tags":[],"class_list":["post-46905","page","type-page","status-publish","hentry"],"acf":[],"_links":{"self":[{"href":"https:\/\/bnssghealthiertogether.org.uk\/ro\/wp-json\/wp\/v2\/pages\/46905","targetHints":{"allow":["GET"]}}],"collection":[{"href":"https:\/\/bnssghealthiertogether.org.uk\/ro\/wp-json\/wp\/v2\/pages"}],"about":[{"href":"https:\/\/bnssghealthiertogether.org.uk\/ro\/wp-json\/wp\/v2\/types\/page"}],"author":[{"embeddable":true,"href":"https:\/\/bnssghealthiertogether.org.uk\/ro\/wp-json\/wp\/v2\/users\/16"}],"replies":[{"embeddable":true,"href":"https:\/\/bnssghealthiertogether.org.uk\/ro\/wp-json\/wp\/v2\/comments?post=46905"}],"version-history":[{"count":2,"href":"https:\/\/bnssghealthiertogether.org.uk\/ro\/wp-json\/wp\/v2\/pages\/46905\/revisions"}],"predecessor-version":[{"id":46908,"href":"https:\/\/bnssghealthiertogether.org.uk\/ro\/wp-json\/wp\/v2\/pages\/46905\/revisions\/46908"}],"up":[{"embeddable":true,"href":"https:\/\/bnssghealthiertogether.org.uk\/ro\/wp-json\/wp\/v2\/pages\/32894"}],"wp:attachment":[{"href":"https:\/\/bnssghealthiertogether.org.uk\/ro\/wp-json\/wp\/v2\/media?parent=46905"}],"wp:term":[{"taxonomy":"post_tag","embeddable":true,"href":"https:\/\/bnssghealthiertogether.org.uk\/ro\/wp-json\/wp\/v2\/tags?post=46905"}],"curies":[{"name":"wp","href":"https:\/\/api.w.org\/{rel}","templated":true}]}}