{"id":46917,"date":"2026-02-18T14:36:31","date_gmt":"2026-02-18T14:36:31","guid":{"rendered":"https:\/\/bnssghealthiertogether.org.uk\/?page_id=46917"},"modified":"2026-02-18T14:36:31","modified_gmt":"2026-02-18T14:36:31","slug":"optimising-hepatitis-c-surveillance-for-women-who-inject-drugs","status":"publish","type":"page","link":"https:\/\/bnssghealthiertogether.org.uk\/ro\/integrated-care-board\/research-and-evidence\/our-research-portfolio\/type-2-rcf-funded-projects\/optimising-hepatitis-c-surveillance-for-women-who-inject-drugs\/","title":{"rendered":"Optimizarea supravegherii hepatitei C pentru femeile care \u00ee\u0219i injecteaz\u0103 droguri"},"content":{"rendered":"<div class=\"assembler_default-group assembler_module_group assembler_default-group_1 assembler_module_group_1\"><div class=\"assembler_module_area assembler_module_area_1\"><div class=\"assembler_text-module assembler_module assembler_text-module_1 assembler_module_1  transparent\"><a tabindex=\"-1\" title=\"Sec\u021biunea intitulat\u0103 modul-1\" id=\"module-1\" href=\"https:\/\/bnssghealthiertogether.org.uk\/ro\/wp-json\/wp\/v2\/pages\/46917\/#module-1\" class=\"anchor\"><span class=\"hidden\">Sec\u021biunea intitulat\u0103 modul-1<\/span><\/a><!-- Template found for text-module - Template: template-text - Matched: _only --><section class=\"w-full mx-auto max-w-content pt-12 sm:pt-24 pb-12 sm:pb-24\">\r\n  <div class=\"entry-content w-full !px-0 max-w-small\">\r\n        <h1>Optimizarea supravegherii hepatitei C pentru femeile care \u00ee\u0219i injecteaz\u0103 droguri<\/h1>\n<h2>Finan\u021bare<\/h2>\n<p>Finan\u021barea capacit\u0103\u021bii de cercetare ICB a NHS Bristol, North Somerset \u0219i South Gloucestershire.<\/p>\n<h2>Care este problema?<\/h2>\n<p>Aliniat\u0103 cu priorit\u0103\u021bile ICB de combatere a inegalit\u0103\u021bilor, prevenirea bolilor \u0219i tratarea mai timpurie a oamenilor, aceast\u0103 activitate se concentreaz\u0103 pe testarea ulterioar\u0103 pentru hepatita C la femeile care se injecteaz\u0103 cu droguri \u0219i care prezint\u0103 un risc crescut de infec\u021bie \u0219i reinfectare.<\/p>\n<p>Hepatita C poate provoca leziuni hepatice grave, cancer \u0219i deces prematur dac\u0103 nu este tratat\u0103, dar este vindecabil\u0103. \u00cen ultimul deceniu, Regatul Unit a intensificat testarea \u0219i tratamentul pentru persoanele care se injecteaz\u0103 cu droguri (principalul grup de persoane afectate de virusul hepatitei C). Se recomand\u0103 ca persoanele care se injecteaz\u0103 cu droguri \u0219i care au fost tratate pentru hepatita C s\u0103 fie testate anual pentru a verifica reinfectarea, cu retratarea tratamentului, dup\u0103 cum este necesar. Cu toate acestea, dovezile sugereaz\u0103 c\u0103 aceast\u0103 monitorizare de rutin\u0103 are loc rareori dup\u0103 primul an (at\u00e2t pentru b\u0103rba\u021bi, c\u00e2t \u0219i pentru femei). Scopul acestei activit\u0103\u021bi \u00een curs de desf\u0103\u0219urare este de a dezvolta recomand\u0103ri pentru optimizarea interven\u021biilor de testare ulterioar\u0103. P\u00e2n\u0103 \u00een prezent, ne-am concentrat asupra persoanelor care se injecteaz\u0103 cu droguri \u00een ansamblu. Cu toate acestea, dovezile indic\u0103 faptul c\u0103 femeile se confrunt\u0103 cu riscuri dispropor\u021bionat de mari de infec\u021bie cu hepatita C \u0219i \u00eent\u00e2mpin\u0103 bariere suplimentare \u00een accesarea serviciilor comunitare de combatere a drogurilor \u0219i alcoolului \u0219i a sprijinului pentru reducerea riscurilor, comparativ cu b\u0103rba\u021bii.<\/p>\n<h2>Care este scopul cercet\u0103rii?<\/h2>\n<p>Finan\u021barea va sprijini activit\u0103\u021bi esen\u021biale de implicare a pacien\u021bilor \u0219i a publicului (IPP) pentru a asigura c\u0103 interven\u021bia este adaptat\u0103 nevoilor \u0219i experien\u021belor specifice ale femeilor. Acest lucru va fi realizat prin trei componente cheie:<\/p>\n<ol>\n<li>Vom testa utilizabilitatea\/acceptabilitatea\/fezabilitatea interven\u021biei folosind interviuri de tip \u201cg\u00e2ndire cu voce tare\u201d cu femei care se injecteaz\u0103 cu droguri, pentru a rafina \u0219i optimiza abordarea test\u0103rii ulterioare. Vor fi realizate p\u00e2n\u0103 la zece interviuri \u00een cicluri iterative, test\u00e2nd, revizuind planurile de interven\u021bie \u0219i retest\u00e2nd pentru a ne asigura c\u0103 fiecare rund\u0103 de feedback genereaz\u0103 \u00eembun\u0103t\u0103\u021biri semnificative.<\/li>\n<li>Vom organiza grupuri de exper\u021bi cu furnizori de servicii care sprijin\u0103 femeile care se injecteaz\u0103 cu droguri \u0219i cu femei care au experien\u021b\u0103 de via\u021b\u0103. Aceste grupuri vor revizui \u0219i vor rafina interven\u021bia pentru a se asigura c\u0103 aceasta r\u0103spunde nevoilor subgrupurilor de femei cu cel mai mare risc de reinfectare cu hepatita C, inclusiv femei tinere, femei cu antecedente de \u00eencarcerare, femei \u00eens\u0103rcinate sau care au copii \u0219i femei implicate \u00een industria sexului.<\/li>\n<li>Finan\u021barea va oferi timp dedicat pentru dezvoltarea unei propuneri de studiu clinic \u0219i finalizarea instruirii privind metodele de cercetare, concentr\u00e2ndu-se pe recrutarea pentru studii clinice randomizate controlate.<\/li>\n<\/ol>\n<h2>Cum se va realiza acest lucru?<\/h2>\n<p>Cu ajutorul Unit\u0103\u021bii de Studii Clinice Bristol \u0219i prin colabor\u0103ri cu colegi de la Agen\u021bia de Securitate Sanitar\u0103 din Regatul Unit \u0219i cu Public Health Scotland (prin intermediul echipei noastre NIHR HPRU EBS), vom concepe un studiu pentru a testa eficacitatea abord\u0103rii de testare ulterioar\u0103 pe care am optimizat-o, pentru a identifica dac\u0103 aceast\u0103 abordare a avut rezultatele scontate, care ar fi:<\/p>\n<ul>\n<li>Cre\u0219terea ratelor anuale de testare ulterioar\u0103 (\u0219i, \u00een cadrul acestora, a propor\u021biilor de b\u0103rba\u021bi\/femei urm\u0103ri\u021bi \u2013 \u0219i a modului \u00een care aceasta se raporteaz\u0103 la popula\u021bia de persoane care se injecteaz\u0103 cu droguri).<\/li>\n<li>Detectarea reinfect\u0103rii prin testele anuale de urm\u0103rire \u0219i ratele de admitere la tratament pentru a \u00een\u021belege dac\u0103 aceasta este o abordare fezabil\u0103 \u0219i rentabil\u0103 pentru men\u021binerea nivelurilor de microeliminare atinse \u00een Regatul Unit.<\/li>\n<\/ul>\n<p>Am colecta date calitative de la servicii \u0219i de la persoane care se injecteaz\u0103 cu droguri pentru a \u00een\u021belege modul \u00een care este implementat\u0103 interven\u021bia \u0219i experien\u021bele persoanelor \u00een ceea ce prive\u0219te monitorizarea (inclusiv experien\u021bele de reinfectare \u0219i retratament (dac\u0103 este ini\u021biat\u0103). \u00cen cadrul acestei propuneri, am include \u0219i un sub-studiu metodologic pentru a explora impactul pe care cercet\u0103torii colegi (care faciliteaz\u0103 sau co-faciliteaz\u0103 colectarea datelor) \u00eel au asupra datelor colectate.<\/p>\n<h2>Cine conduce cercetarea?<\/h2>\n<p>Aceast\u0103 cercetare este condus\u0103 de Dr. Hannah Family, cercet\u0103tor la Universitatea din Bristol.<\/p>\n<h2>Informa\u021bii suplimentare<\/h2>\n<p>Pentru mai multe informa\u021bii sau pentru a v\u0103 implica \u00een acest proiect, v\u0103 rug\u0103m s\u0103 trimite\u021bi un e-mail la\u00a0<a href=\"mailto:bnssg.research@nhs.net\"><strong>bnssg.research@nhs.net<\/strong><\/a>.<\/p>\n  <\/div>\r\n  <\/section><\/div><!-- .assembler_text-module.assembler_module.assembler_text-module_1.assembler_module_1..transparent --><\/div><!-- .assembler_module_area.assembler_module_area_1 --><\/div><!-- .assembler_default-group.assembler_module_group.assembler_default-group_1.assembler_module_group_1  -->","protected":false},"excerpt":{"rendered":"<p>Aliniat\u0103 cu priorit\u0103\u021bile ICB de combatere a inegalit\u0103\u021bilor, prevenirea bolilor \u0219i tratarea mai timpurie a oamenilor, aceast\u0103 activitate se concentreaz\u0103 pe testarea ulterioar\u0103 pentru hepatita C la femeile care se injecteaz\u0103 cu droguri \u0219i care prezint\u0103 un risc crescut de infec\u021bie \u0219i reinfectare.<\/p>","protected":false},"author":16,"featured_media":0,"parent":32896,"menu_order":0,"comment_status":"closed","ping_status":"closed","template":"","meta":{"_acf_changed":false,"footnotes":""},"tags":[],"class_list":["post-46917","page","type-page","status-publish","hentry"],"acf":[],"_links":{"self":[{"href":"https:\/\/bnssghealthiertogether.org.uk\/ro\/wp-json\/wp\/v2\/pages\/46917","targetHints":{"allow":["GET"]}}],"collection":[{"href":"https:\/\/bnssghealthiertogether.org.uk\/ro\/wp-json\/wp\/v2\/pages"}],"about":[{"href":"https:\/\/bnssghealthiertogether.org.uk\/ro\/wp-json\/wp\/v2\/types\/page"}],"author":[{"embeddable":true,"href":"https:\/\/bnssghealthiertogether.org.uk\/ro\/wp-json\/wp\/v2\/users\/16"}],"replies":[{"embeddable":true,"href":"https:\/\/bnssghealthiertogether.org.uk\/ro\/wp-json\/wp\/v2\/comments?post=46917"}],"version-history":[{"count":2,"href":"https:\/\/bnssghealthiertogether.org.uk\/ro\/wp-json\/wp\/v2\/pages\/46917\/revisions"}],"predecessor-version":[{"id":46920,"href":"https:\/\/bnssghealthiertogether.org.uk\/ro\/wp-json\/wp\/v2\/pages\/46917\/revisions\/46920"}],"up":[{"embeddable":true,"href":"https:\/\/bnssghealthiertogether.org.uk\/ro\/wp-json\/wp\/v2\/pages\/32896"}],"wp:attachment":[{"href":"https:\/\/bnssghealthiertogether.org.uk\/ro\/wp-json\/wp\/v2\/media?parent=46917"}],"wp:term":[{"taxonomy":"post_tag","embeddable":true,"href":"https:\/\/bnssghealthiertogether.org.uk\/ro\/wp-json\/wp\/v2\/tags?post=46917"}],"curies":[{"name":"wp","href":"https:\/\/api.w.org\/{rel}","templated":true}]}}