{"id":47294,"date":"2026-03-16T14:41:47","date_gmt":"2026-03-16T14:41:47","guid":{"rendered":"https:\/\/bnssghealthiertogether.org.uk\/?page_id=47294"},"modified":"2026-03-16T14:41:47","modified_gmt":"2026-03-16T14:41:47","slug":"co-producing-a-research-proposal-to-co-develop-community-led-wellbeing-interventions-among-gypsy-roma-and-traveller-communities","status":"publish","type":"page","link":"https:\/\/bnssghealthiertogether.org.uk\/ro\/integrated-care-board\/research-and-evidence\/our-research-portfolio\/type-2-rcf-funded-projects\/co-producing-a-research-proposal-to-co-develop-community-led-wellbeing-interventions-among-gypsy-roma-and-traveller-communities\/","title":{"rendered":"Co-producerea unei propuneri de cercetare pentru dezvoltarea \u00een comun a unor interven\u021bii de bun\u0103stare conduse de comunitate \u00een r\u00e2ndul comunit\u0103\u021bilor de \u021bigani, romi \u0219i nomazi"},"content":{"rendered":"<div class=\"assembler_default-group assembler_module_group assembler_default-group_1 assembler_module_group_1\"><div class=\"assembler_module_area assembler_module_area_1\"><div class=\"assembler_text-module assembler_module assembler_text-module_1 assembler_module_1  transparent\"><a tabindex=\"-1\" title=\"Sec\u021biunea intitulat\u0103 modul-1\" id=\"module-1\" href=\"https:\/\/bnssghealthiertogether.org.uk\/ro\/wp-json\/wp\/v2\/pages\/47294\/#module-1\" class=\"anchor\"><span class=\"hidden\">Sec\u021biunea intitulat\u0103 modul-1<\/span><\/a><!-- Template found for text-module - Template: template-text - Matched: _only --><section class=\"w-full mx-auto max-w-content pt-12 sm:pt-24 pb-12 sm:pb-24\">\r\n  <div class=\"entry-content w-full !px-0 max-w-small\">\r\n        <h1>Co-producerea unei propuneri de cercetare pentru dezvoltarea \u00een comun a unor interven\u021bii de bun\u0103stare conduse de comunitate \u00een r\u00e2ndul comunit\u0103\u021bilor de \u021bigani, romi \u0219i nomazi<\/h1>\n<h2>Finan\u021bare<\/h2>\n<p>Finan\u021barea capacit\u0103\u021bii de cercetare ICB a NHS Bristol, North Somerset \u0219i South Gloucestershire.<\/p>\n<h2><strong>Care este problema?<\/strong><\/h2>\n<p>Necesitatea acestui proiect a fost identificat\u0103 prin conversa\u021bii cu partenerii de proiect \u0219i cu femeile care particip\u0103 la un grup existent pentru comunit\u0103\u021bile GRT.<\/p>\n<p>\u2018GRT\u2018 se refer\u0103 la comunit\u0103\u021bile de \u021bigani, romi \u0219i nomazi, dar include \u0219i alte grupuri care practic\u0103 nomadismul (de exemplu, oamenii din spectacol, noii nomazi \u0219i navigatorii). Aceste comunit\u0103\u021bi sunt considerate \u201dcomunit\u0103\u021bi prioritare\u201d \u00een cadrul agendei Incluziunii S\u0103n\u0103t\u0103\u021bii(1), ceea ce \u00eenseamn\u0103 c\u0103 este nevoie urgent\u0103 de ac\u021biuni pentru a se asigura c\u0103 acestea pot accesa \u0219i beneficia de serviciile de s\u0103n\u0103tate de care au nevoie. Dovezile eviden\u021biaz\u0103 faptul c\u0103 comunit\u0103\u021bile GRT se confrunt\u0103 cu cele mai mari inegalit\u0103\u021bi \u00een materie de s\u0103n\u0103tate din Regatul Unit, cu rate mai mari ale multor afec\u021biuni pe termen lung \u0219i rezultate considerabil mai slabe \u00een materie de s\u0103n\u0103tate dec\u00e2t popula\u021bia general\u0103(2, 3). Se estimeaz\u0103 c\u0103 comunit\u0103\u021bile GRT au o speran\u021b\u0103 de via\u021b\u0103 cu 10 p\u00e2n\u0103 la 25 de ani mai mic\u0103 dec\u00e2t popula\u021bia general\u0103(4). S\u0103n\u0103tatea mintal\u0103 este o problem\u0103 uria\u0219\u0103, multe dintre comunit\u0103\u021bi suferind de anxietate \u0219i depresie(5). Ratele de suicid sunt estimate a fi de \u0219apte ori mai mari pentru comunit\u0103\u021bile GRT dec\u00e2t pentru popula\u021bia general\u0103 \u0219i se consider\u0103 c\u0103 sunt cauza a 11% decese \u00een r\u00e2ndul nomazilor irlandezi(5).<\/p>\n<p>Pentru a sprijini implicarea \u00een asisten\u021ba medical\u0103, serviciile trebuie s\u0103 fie concepute \u00een comunit\u0103\u021bi, astfel \u00eenc\u00e2t s\u0103 fie acceptabile, accesibile \u0219i s\u0103 dep\u0103\u0219easc\u0103 barierele specifice cu care se confrunt\u0103 comunit\u0103\u021bile. Acest lucru necesit\u0103 colabor\u0103ri \u00eentre echipele de cercetare \u0219i comunit\u0103\u021bi, care s\u0103 fie egale, s\u0103 ofere putere \u0219i s\u0103 promoveze un sentiment de apartenen\u021b\u0103 \u0219i responsabilitate comun\u0103. Echipele de cercetare trebuie s\u0103 adopte metode flexibile \u0219i adecvate din punct de vedere cultural pentru a satisface nevoile comunit\u0103\u021bilor.<\/p>\n<h2><strong>Care este scopul cercet\u0103rii?<\/strong><\/h2>\n<p>Acest proiect \u00ee\u0219i propune s\u0103 colaboreze \u00eendeaproape cu comunit\u0103\u021bile GRT pentru a \u00een\u021belege mai bine priorit\u0103\u021bile \u00een materie de s\u0103n\u0103tate mintal\u0103 \u0219i pentru a dezvolta cercet\u0103ri viitoare care s\u0103 fie modelate de nevoile \u0219i experien\u021bele lor. Un obiectiv cheie este de a construi rela\u021bii puternice, de \u00eencredere \u0219i durabile \u00eentre comunit\u0103\u021bile GRT \u0219i cercet\u0103tori, bazate pe respect reciproc \u0219i \u00eenv\u0103\u021bare comun\u0103.<\/p>\n<p>Proiectul va utiliza abord\u0103ri participative, ceea ce \u00eenseamn\u0103 c\u0103 membrii grupului vor ajuta la deciderea subiectelor discutate, a modului \u00een care au loc conversa\u021biile \u0219i a produselor proiectului. Vom invita persoane din comunit\u0103\u021bile GRT s\u0103 participe la sesiuni de grup la fiecare dou\u0103 s\u0103pt\u0103m\u00e2ni, pe parcursul a 12 luni. Grupurile se vor \u00eent\u00e2lni \u00eentr-un spa\u021biu comunitar familiar \u0219i accesibil, unde vor fi oferite m\u00e2ncare \u0219i b\u0103uturi r\u0103coritoare. Crearea unui mediu sigur, primitor \u0219i flexibil este esen\u021bial\u0103 pentru proiect, \u00een special av\u00e2nd \u00een vedere ne\u00eencrederea trecut\u0103 \u0219i actual\u0103 dintre comunit\u0103\u021bile GRT \u0219i serviciile de s\u0103n\u0103tate. Informa\u021biile despre s\u0103n\u0103tate vor fi partajate de c\u0103tre profesioni\u0219ti de \u00eencredere, recunosc\u00e2nd \u00een acela\u0219i timp expertiza \u0219i cuno\u0219tin\u021bele din cadrul comunit\u0103\u021bii.<\/p>\n<p>\u00cent\u00e2lnirile vor include activit\u0103\u021bi creative \u0219i interactive, cum ar fi activit\u0103\u021bi manuale \u0219i discu\u021bii \u00een grupuri mici, pentru a sus\u021bine conversa\u021bii deschise \u0219i confortabile despre s\u0103n\u0103tatea mintal\u0103 \u0219i experien\u021bele cercet\u0103rii \u00een domeniul s\u0103n\u0103t\u0103\u021bii. Aceste discu\u021bii vor ajuta la identificarea a ceea ce conteaz\u0103 cel mai mult pentru grup \u0219i a modului \u00een care cercetarea poate fi mai incluziv\u0103. Aceste conversa\u021bii vor contribui la elaborarea unei cereri de finan\u021bare coproduse, bazate pe nevoile comunit\u0103\u021bii.<\/p>\n<h2><strong>Cum se va realiza acest lucru?<\/strong><\/h2>\n<p>Colaborarea RCF cu comunit\u0103\u021bile GRT va duce la dezvoltarea unei cereri de finan\u021bare pentru Programul de S\u0103n\u0103tate Public\u0103 al NIHR. Scopul proiectului NIHR va fi de a \u00een\u021belege mai bine modul \u00een care abord\u0103rile bazate pe comunitate pot sprijini bun\u0103starea, asigur\u00e2ndu-se c\u0103 trecerea NHS England de la spital la comunitate \u0219i de la tratament la preven\u021bie abordeaz\u0103 inegalit\u0103\u021bile \u00een materie de s\u0103n\u0103tate cu care se confrunt\u0103 aceast\u0103 popula\u021bie subdeservit\u0103. Vom colabora \u00eendeaproape cu organiza\u021bii caritabile \u0219i consilii locale care sprijin\u0103 deja comunit\u0103\u021bile GRT. Avem leg\u0103turi existente cu dou\u0103 autorit\u0103\u021bi locale, iar mai mul\u021bi parteneri vor fi identifica\u021bi prin activit\u0103\u021bi planificate de construire a rela\u021biilor.<\/p>\n<p>Proiectul va avea dou\u0103 p\u0103r\u021bi principale. \u00cen primul r\u00e2nd, vom analiza modul \u00een care activit\u0103\u021bile comunitare actuale sus\u021bin bun\u0103starea. Aceasta va include interviuri \u0219i ateliere cu membrii comunit\u0103\u021bii pentru a le afla opiniile despre ini\u021biativele locale, cum ar fi evenimente comunitare, sesiuni de informare, zile de s\u0103n\u0103tate \u0219i siguran\u021b\u0103 \u0219i grupuri de femei. Vom explora ce func\u021bioneaz\u0103 bine \u0219i ce ar putea fi \u00eembun\u0103t\u0103\u021bit. Aceste perspective vor fi combinate cu dovezile cercet\u0103rilor existente pentru a ajuta organiza\u021biile s\u0103 \u00ee\u0219i \u00eembun\u0103t\u0103\u021beasc\u0103 activit\u0103\u021bile \u00een mod practic.<\/p>\n<p>\u00cen al doilea r\u00e2nd, vom evalua ini\u021biativele comunitare \u00eembun\u0103t\u0103\u021bite pentru a \u00een\u021belege cum \u0219i de ce func\u021bioneaz\u0103, pentru cine lucreaz\u0103 \u0219i \u00een ce situa\u021bii. Acest lucru recunoa\u0219te faptul c\u0103 comunit\u0103\u021bile GRT sunt diverse \u0219i c\u0103 contextele locale conteaz\u0103. Vom folosi interviuri, ateliere \u0219i materiale de proiect pentru a construi studii de caz la fiecare loca\u021bie.<\/p>\n<p>Constat\u0103rile vor fi partajate \u00een moduri accesibile cu comunit\u0103\u021bile, partenerii \u0219i consiliile, \u0219i pe scar\u0103 mai larg\u0103 prin intermediul politicilor, practicilor \u0219i re\u021belelor academice pentru a sprijini \u00eenv\u0103\u021barea \u0219i impactul.<\/p>\n<h2><strong>Cine conduce cercetarea?<\/strong><\/h2>\n<p>Aceast\u0103 cercetare este condus\u0103 de Dr. Sarah Denford \u0219i Dr. Hannah Bowers, cercet\u0103tori seniori la Universitatea din Bristol \u0219i la Universitatea din Southampton.<\/p>\n<h2><strong>Informa\u021bii suplimentare<\/strong><\/h2>\n<p>Pentru mai multe informa\u021bii sau pentru a v\u0103 implica \u00een acest proiect, v\u0103 rug\u0103m s\u0103 trimite\u021bi un e-mail la\u00a0<a href=\"mailto:bnssg.research@nhs.net\"><strong>bnssg.research@nhs.net<\/strong><\/a><\/p>\n  <\/div>\r\n  <\/section><\/div><!-- .assembler_text-module.assembler_module.assembler_text-module_1.assembler_module_1..transparent --><\/div><!-- .assembler_module_area.assembler_module_area_1 --><\/div><!-- .assembler_default-group.assembler_module_group.assembler_default-group_1.assembler_module_group_1  -->","protected":false},"excerpt":{"rendered":"<p>Necesitatea acestui proiect a fost identificat\u0103 prin conversa\u021bii cu partenerii de proiect \u0219i cu femeile care particip\u0103 la un grup existent pentru comunit\u0103\u021bile GRT.<\/p>","protected":false},"author":16,"featured_media":0,"parent":32896,"menu_order":0,"comment_status":"closed","ping_status":"closed","template":"","meta":{"_acf_changed":false,"footnotes":""},"tags":[],"class_list":["post-47294","page","type-page","status-publish","hentry"],"acf":[],"_links":{"self":[{"href":"https:\/\/bnssghealthiertogether.org.uk\/ro\/wp-json\/wp\/v2\/pages\/47294","targetHints":{"allow":["GET"]}}],"collection":[{"href":"https:\/\/bnssghealthiertogether.org.uk\/ro\/wp-json\/wp\/v2\/pages"}],"about":[{"href":"https:\/\/bnssghealthiertogether.org.uk\/ro\/wp-json\/wp\/v2\/types\/page"}],"author":[{"embeddable":true,"href":"https:\/\/bnssghealthiertogether.org.uk\/ro\/wp-json\/wp\/v2\/users\/16"}],"replies":[{"embeddable":true,"href":"https:\/\/bnssghealthiertogether.org.uk\/ro\/wp-json\/wp\/v2\/comments?post=47294"}],"version-history":[{"count":2,"href":"https:\/\/bnssghealthiertogether.org.uk\/ro\/wp-json\/wp\/v2\/pages\/47294\/revisions"}],"predecessor-version":[{"id":47296,"href":"https:\/\/bnssghealthiertogether.org.uk\/ro\/wp-json\/wp\/v2\/pages\/47294\/revisions\/47296"}],"up":[{"embeddable":true,"href":"https:\/\/bnssghealthiertogether.org.uk\/ro\/wp-json\/wp\/v2\/pages\/32896"}],"wp:attachment":[{"href":"https:\/\/bnssghealthiertogether.org.uk\/ro\/wp-json\/wp\/v2\/media?parent=47294"}],"wp:term":[{"taxonomy":"post_tag","embeddable":true,"href":"https:\/\/bnssghealthiertogether.org.uk\/ro\/wp-json\/wp\/v2\/tags?post=47294"}],"curies":[{"name":"wp","href":"https:\/\/api.w.org\/{rel}","templated":true}]}}