{"id":47304,"date":"2026-03-16T14:48:51","date_gmt":"2026-03-16T14:48:51","guid":{"rendered":"https:\/\/bnssghealthiertogether.org.uk\/?page_id=47304"},"modified":"2026-03-16T14:48:51","modified_gmt":"2026-03-16T14:48:51","slug":"pain-cafes-in-lower-socio-economic-regions-of-weston-super-mare-south-bristol-evaluation-development-work","status":"publish","type":"page","link":"https:\/\/bnssghealthiertogether.org.uk\/ro\/integrated-care-board\/research-and-evidence\/our-research-portfolio\/type-2-rcf-funded-projects\/pain-cafes-in-lower-socio-economic-regions-of-weston-super-mare-south-bristol-evaluation-development-work\/","title":{"rendered":"Cafenelele Pain Cafe din regiunile socio-economice inferioare din Weston-Super-Mare \u0219i sudul ora\u0219ului Bristol: Activit\u0103\u021bi de dezvoltare a evalu\u0103rii"},"content":{"rendered":"<div class=\"assembler_default-group assembler_module_group assembler_default-group_1 assembler_module_group_1\"><div class=\"assembler_module_area assembler_module_area_1\"><div class=\"assembler_text-module assembler_module assembler_text-module_1 assembler_module_1  transparent\"><a tabindex=\"-1\" title=\"Sec\u021biunea intitulat\u0103 modul-1\" id=\"module-1\" href=\"https:\/\/bnssghealthiertogether.org.uk\/ro\/wp-json\/wp\/v2\/pages\/47304\/#module-1\" class=\"anchor\"><span class=\"hidden\">Sec\u021biunea intitulat\u0103 modul-1<\/span><\/a><!-- Template found for text-module - Template: template-text - Matched: _only --><section class=\"w-full mx-auto max-w-content pt-12 sm:pt-24 pb-12 sm:pb-24\">\r\n  <div class=\"entry-content w-full !px-0 max-w-small\">\r\n        <h1>Cafenelele Pain Cafe din regiunile socio-economice inferioare din Weston-Super-Mare \u0219i sudul ora\u0219ului Bristol: Activit\u0103\u021bi de dezvoltare a evalu\u0103rii<\/h1>\n<h2><strong>Finan\u021bare<\/strong><\/h2>\n<p>Finan\u021barea capacit\u0103\u021bii de cercetare ICB a NHS Bristol, North Somerset \u0219i South Gloucestershire.<\/p>\n<h2><strong>Care este problema?<\/strong><\/h2>\n<p>Durerea cronic\u0103 afecteaz\u0103 aproape jum\u0103tate dintre adul\u021bii din Regatul Unit \u0219i este o cauz\u0103 major\u0103 de dizabilitate \u0219i pierdere de venituri. Este o prioritate cheie pentru BNSSG ICB. Un num\u0103r mai mare de persoane din regiunile socio-economice inferioare din Weston-Super-Mare \u0219i South Bristol sunt afectate de durerea cronic\u0103, ceea ce indic\u0103 faptul c\u0103 aceasta nu este gestionat\u0103 \u00een mod egal \u00een toate comunit\u0103\u021bile. Acest lucru contribuie la inegalit\u0103\u021bi mai mari \u00een materie de s\u0103n\u0103tate. \u00cen conformitate cu obiectivul strategic al BNSSG de reducere a inegalit\u0103\u021bilor \u00een materie de s\u0103n\u0103tate, aceast\u0103 cercetare \u00ee\u0219i propune s\u0103 abordeze progresia... <em>dezactivare<\/em> durere cronic\u0103 \u00een aceste regiuni.<\/p>\n<p>Cafenelele Durerii sunt interven\u021bii comunitare \u00een cadrul c\u0103rora persoanele care tr\u0103iesc cu dureri cronice se \u00eent\u00e2lnesc periodic \u00een contexte locale, nemedicale. Sesiunile facilitate ofer\u0103 oamenilor oportunitatea de a-\u0219i \u00eemp\u0103rt\u0103\u0219i experien\u021ba legat\u0103 de durere, de a \u00eenv\u0103\u021ba sfaturi practice \u0219i de a-\u0219i dezvolta \u00eencrederea \u00een gestionarea durerii. Cafenelele Durerii apar \u00een \u00eentreaga regiune \u0219i variaz\u0103 \u00een ceea ce prive\u0219te modul \u00een care sunt administrate \u0219i ceea ce ofer\u0103. P\u00e2n\u0103 \u00een prezent, acestea nu au fost evaluate temeinic pentru a se vedea c\u00e2t de bine func\u021bioneaz\u0103 \u00een cazul durerii.<\/p>\n<p>Dorim s\u0103 afl\u0103m dac\u0103 Pain Caf\u00e9-urile sunt eficiente, \u00een special \u00een regiunile socioeconomice mai defavorizate, pentru \u00eembun\u0103t\u0103\u021birea calit\u0103\u021bii vie\u021bii prin reducerea dizabilit\u0103\u021bii, ceea ce, la r\u00e2ndul s\u0103u, reduce dependen\u021ba de utilizarea asisten\u021bei medicale.<\/p>\n<h2><strong>Care este scopul cercet\u0103rii?<\/strong><\/h2>\n<p>Pentru a realiza acest lucru, trebuie mai \u00eent\u00e2i s\u0103 dezvolt\u0103m o abordare structurat\u0103 pentru evaluarea Pain Caf\u00e9s din Weston-super-Mare \u0219i South Bristol.<\/p>\n<p>Munca se va concentra pe trei domenii principale. \u00cen primul r\u00e2nd, vom descrie ce anume face ca o \u201eCafene\u0103 a Durerii\u201d s\u0103 fie de succes, inclusiv modul \u00een care oamenii o acceseaz\u0103, ce se \u00eent\u00e2mpl\u0103 \u00een cadrul sesiunilor, unde se desf\u0103\u0219oar\u0103 acestea \u0219i cum sunt realizate. \u00cen al doilea r\u00e2nd, vom decide ce ar trebui m\u0103surat pentru a \u00een\u021belege dac\u0103 \u201eCafenelele Durerii\u201d sunt eficiente \u0219i care instrumente \u0219i metode sunt cele mai bune pentru colectarea acestor informa\u021bii. \u00cen al treilea r\u00e2nd, vom lucra cu comunit\u0103\u021bile locale defavorizate pentru a ajunge la persoanele care tr\u0103iesc cu dureri cronice \u0219i care nu utilizeaz\u0103 \u00een prezent sprijin, pentru a \u00een\u021belege ce le \u00eempiedic\u0103 s\u0103 participe.<\/p>\n<p>Pentru a realiza acest lucru, vom descrie Cafenelele Durerii existente \u00een aceste dou\u0103 zone pentru a \u00een\u021belege diferitele modalit\u0103\u021bi \u00een care sunt administrate. Vom \u00eenfiin\u021ba un grup consultativ care s\u0103 includ\u0103 persoane cu experien\u021b\u0103 tr\u0103it\u0103 a durerii, facilitatori ai Cafenelelor Durerii \u0219i medici de familie locali pentru a ajuta la deciderea ce informa\u021bii ar trebui colectate \u0219i cum. De asemenea, vom lucra cu membri de \u00eencredere ai comunit\u0103\u021bilor defavorizate pentru a le \u00een\u021belege experien\u021bele, astfel \u00eenc\u00e2t Cafenelele Durerii s\u0103 le poat\u0103 satisface mai bine nevoile.<\/p>\n<h2><strong>Cum se va realiza acest lucru?<\/strong><\/h2>\n<p>Aceast\u0103 activitate de dezvoltare a RCF va oferi un pachet de evaluare structurat care poate fi utilizat pentru a evalua \u00een mod corespunz\u0103tor \u201eCafenelele Durerii\u201d. Opiniile persoanelor care tr\u0103iesc cu dureri cronice \u00een comunit\u0103\u021bi subdeservite vor contribui la acest lucru. Urm\u0103toarea etap\u0103 este o viitoare aplica\u021bie NIHR RfPB pentru a testa dac\u0103 abordarea de evaluare este fezabil\u0103 \u0219i acceptabil\u0103 atunci c\u00e2nd este utilizat\u0103 \u00een cadrul \u201eCafenelelor Durerii\u201d organizate \u00een diferite contexte comunitare, \u00een special \u00een cele situate \u00een zone cu deprivare mai mare \u0219i implicare sc\u0103zut\u0103 \u00een serviciile de s\u0103n\u0103tate. Rezultatele acestei activit\u0103\u021bi de fezabilitate vor contribui la \u00eembun\u0103t\u0103\u021birea at\u00e2t a instrumentelor de evaluare, c\u00e2t \u0219i a modului \u00een care sunt organizate \u201eCafenelele Durerii\u201d.<\/p>\n<p>Scopul pe termen lung al acestei lucr\u0103ri este de a solicita o finan\u021bare NIHR pentru Cercetare \u00een Domeniul Serviciilor \u0219i Serviciilor de S\u0103n\u0103tate (HSDR). Aceasta va sprijini un studiu clinic complet pentru a testa robust dac\u0103 Pain Caf\u00e9s sunt eficiente \u00een \u00eembun\u0103t\u0103\u021birea calit\u0103\u021bii vie\u021bii, reducerea dizabilit\u0103\u021bii \u0219i a dependen\u021bei de serviciile medicale. Studiul clinic va explora, de asemenea, ce grupuri de persoane beneficiaz\u0103 cel mai mult de Pain Caf\u00e9s, ajut\u00e2nd ICB-urile \u0219i furnizorii de servicii s\u0103 \u00een\u021beleag\u0103 unde \u0219i pentru cine este cel mai valoros acest tip de sprijin.<\/p>\n<h2><strong>Cine conduce cercetarea?<\/strong><\/h2>\n<p>Aceast\u0103 cercetare este condus\u0103 de Dr. Jenny Lewis, co-director al Echipei de Integrare a S\u0103n\u0103t\u0103\u021bii pentru Dureri Cronice (HIT) \u0219i profesor asociat \u00een cercetare clinic\u0103 la Universitatea din Vestul Angliei \u0219i terapeut ocupa\u021bional principal \u00een cercetare clinic\u0103 la Centrul Na\u021bional pentru Dureri din Bath, Royal United Hospitals NHS Trust, Bath.<\/p>\n<h2><strong>Informa\u021bii suplimentare<\/strong><\/h2>\n<p>Pentru mai multe informa\u021bii sau pentru a v\u0103 implica \u00een acest proiect, v\u0103 rug\u0103m s\u0103 trimite\u021bi un e-mail la\u00a0<a href=\"mailto:bnssg.research@nhs.net\"><strong>bnssg.research@nhs.net<\/strong><\/a><\/p>\n  <\/div>\r\n  <\/section><\/div><!-- .assembler_text-module.assembler_module.assembler_text-module_1.assembler_module_1..transparent --><\/div><!-- .assembler_module_area.assembler_module_area_1 --><\/div><!-- .assembler_default-group.assembler_module_group.assembler_default-group_1.assembler_module_group_1  -->","protected":false},"excerpt":{"rendered":"<p>Dorim s\u0103 afl\u0103m dac\u0103 Pain Caf\u00e9-urile sunt eficiente, \u00een special \u00een regiunile socioeconomice mai defavorizate, pentru \u00eembun\u0103t\u0103\u021birea calit\u0103\u021bii vie\u021bii prin reducerea dizabilit\u0103\u021bii, ceea ce, la r\u00e2ndul s\u0103u, reduce dependen\u021ba de utilizarea asisten\u021bei medicale.<\/p>","protected":false},"author":16,"featured_media":0,"parent":32896,"menu_order":0,"comment_status":"closed","ping_status":"closed","template":"","meta":{"_acf_changed":false,"footnotes":""},"tags":[],"class_list":["post-47304","page","type-page","status-publish","hentry"],"acf":[],"_links":{"self":[{"href":"https:\/\/bnssghealthiertogether.org.uk\/ro\/wp-json\/wp\/v2\/pages\/47304","targetHints":{"allow":["GET"]}}],"collection":[{"href":"https:\/\/bnssghealthiertogether.org.uk\/ro\/wp-json\/wp\/v2\/pages"}],"about":[{"href":"https:\/\/bnssghealthiertogether.org.uk\/ro\/wp-json\/wp\/v2\/types\/page"}],"author":[{"embeddable":true,"href":"https:\/\/bnssghealthiertogether.org.uk\/ro\/wp-json\/wp\/v2\/users\/16"}],"replies":[{"embeddable":true,"href":"https:\/\/bnssghealthiertogether.org.uk\/ro\/wp-json\/wp\/v2\/comments?post=47304"}],"version-history":[{"count":2,"href":"https:\/\/bnssghealthiertogether.org.uk\/ro\/wp-json\/wp\/v2\/pages\/47304\/revisions"}],"predecessor-version":[{"id":47306,"href":"https:\/\/bnssghealthiertogether.org.uk\/ro\/wp-json\/wp\/v2\/pages\/47304\/revisions\/47306"}],"up":[{"embeddable":true,"href":"https:\/\/bnssghealthiertogether.org.uk\/ro\/wp-json\/wp\/v2\/pages\/32896"}],"wp:attachment":[{"href":"https:\/\/bnssghealthiertogether.org.uk\/ro\/wp-json\/wp\/v2\/media?parent=47304"}],"wp:term":[{"taxonomy":"post_tag","embeddable":true,"href":"https:\/\/bnssghealthiertogether.org.uk\/ro\/wp-json\/wp\/v2\/tags?post=47304"}],"curies":[{"name":"wp","href":"https:\/\/api.w.org\/{rel}","templated":true}]}}