{"id":47310,"date":"2026-03-16T15:01:15","date_gmt":"2026-03-16T15:01:15","guid":{"rendered":"https:\/\/bnssghealthiertogether.org.uk\/?page_id=47310"},"modified":"2026-03-16T15:01:15","modified_gmt":"2026-03-16T15:01:15","slug":"continence-management-and-antimicrobial-resistance-specifically-through-development-of-a-digital-catheter-passport","status":"publish","type":"page","link":"https:\/\/bnssghealthiertogether.org.uk\/ro\/integrated-care-board\/research-and-evidence\/our-research-portfolio\/type-1-rcf-funded-projects\/continence-management-and-antimicrobial-resistance-specifically-through-development-of-a-digital-catheter-passport\/","title":{"rendered":"Gestionarea continentei \u0219i a rezisten\u021bei antimicrobiene \u00een special prin dezvoltarea unui pa\u0219aport digital pentru catetere"},"content":{"rendered":"<div class=\"assembler_default-group assembler_module_group assembler_default-group_1 assembler_module_group_1\"><div class=\"assembler_module_area assembler_module_area_1\"><div class=\"assembler_text-module assembler_module assembler_text-module_1 assembler_module_1  transparent\"><a tabindex=\"-1\" title=\"Sec\u021biunea intitulat\u0103 modul-1\" id=\"module-1\" href=\"https:\/\/bnssghealthiertogether.org.uk\/ro\/wp-json\/wp\/v2\/pages\/47310\/#module-1\" class=\"anchor\"><span class=\"hidden\">Sec\u021biunea intitulat\u0103 modul-1<\/span><\/a><!-- Template found for text-module - Template: template-text - Matched: _only --><section class=\"w-full mx-auto max-w-content pt-12 sm:pt-24 pb-12 sm:pb-24\">\r\n  <div class=\"entry-content w-full !px-0 max-w-small\">\r\n        <h1>Gestionarea continentei \u0219i a rezisten\u021bei antimicrobiene \u00een special prin dezvoltarea unui pa\u0219aport digital pentru catetere<\/h1>\n<p>Aceasta este o aplica\u021bie bazat\u0103 pe servicii, ap\u0103rut\u0103 \u00een urma discu\u021biilor din cadrul grupului UTI la nivel de sistem BNSSG \u0219i beneficiaz\u0103 de sprijinul echipelor de control al infec\u021biilor de la UHBW, NBT \u0219i Sirona.<\/p>\n<h2><strong>Finan\u021bare<\/strong><\/h2>\n<p>Finan\u021barea capacit\u0103\u021bii de cercetare BNSSG ICB.<\/p>\n<h2><strong>Cine conduce cercetarea<\/strong><\/h2>\n<p>Cercetarea este condus\u0103 de profesorul Nikki Cotterill, profesor de asisten\u021b\u0103 medical\u0103 \u00een cadrul \u0218colii de S\u0103n\u0103tate \u0219i Bun\u0103stare Social\u0103 pentru \u00cengrijirea Continen\u021bei, Colegiul de S\u0103n\u0103tate, \u0218tiin\u021b\u0103 \u0219i Societate, UWE Bristol.<\/p>\n<h2><strong>Informa\u021bii suplimentare<\/strong><\/h2>\n<p>Pentru mai multe informa\u021bii sau pentru a v\u0103 implica \u00een acest proiect, v\u0103 rug\u0103m s\u0103 contacta\u021bi <a href=\"mailto:bnssg.research@nhs.net\">bnssg.research@nhs.net<\/a>.<\/p>\n  <\/div>\r\n  <\/section><\/div><!-- .assembler_text-module.assembler_module.assembler_text-module_1.assembler_module_1..transparent --><\/div><!-- .assembler_module_area.assembler_module_area_1 --><\/div><!-- .assembler_default-group.assembler_module_group.assembler_default-group_1.assembler_module_group_1  -->","protected":false},"excerpt":{"rendered":"<p>Aceasta este o aplica\u021bie bazat\u0103 pe servicii, ap\u0103rut\u0103 \u00een urma discu\u021biilor din cadrul grupului UTI la nivel de sistem BNSSG \u0219i beneficiaz\u0103 de sprijinul echipelor de control al infec\u021biilor de la UHBW, NBT \u0219i Sirona.<\/p>","protected":false},"author":16,"featured_media":0,"parent":32894,"menu_order":0,"comment_status":"closed","ping_status":"closed","template":"","meta":{"_acf_changed":false,"footnotes":""},"tags":[],"class_list":["post-47310","page","type-page","status-publish","hentry"],"acf":[],"_links":{"self":[{"href":"https:\/\/bnssghealthiertogether.org.uk\/ro\/wp-json\/wp\/v2\/pages\/47310","targetHints":{"allow":["GET"]}}],"collection":[{"href":"https:\/\/bnssghealthiertogether.org.uk\/ro\/wp-json\/wp\/v2\/pages"}],"about":[{"href":"https:\/\/bnssghealthiertogether.org.uk\/ro\/wp-json\/wp\/v2\/types\/page"}],"author":[{"embeddable":true,"href":"https:\/\/bnssghealthiertogether.org.uk\/ro\/wp-json\/wp\/v2\/users\/16"}],"replies":[{"embeddable":true,"href":"https:\/\/bnssghealthiertogether.org.uk\/ro\/wp-json\/wp\/v2\/comments?post=47310"}],"version-history":[{"count":2,"href":"https:\/\/bnssghealthiertogether.org.uk\/ro\/wp-json\/wp\/v2\/pages\/47310\/revisions"}],"predecessor-version":[{"id":47312,"href":"https:\/\/bnssghealthiertogether.org.uk\/ro\/wp-json\/wp\/v2\/pages\/47310\/revisions\/47312"}],"up":[{"embeddable":true,"href":"https:\/\/bnssghealthiertogether.org.uk\/ro\/wp-json\/wp\/v2\/pages\/32894"}],"wp:attachment":[{"href":"https:\/\/bnssghealthiertogether.org.uk\/ro\/wp-json\/wp\/v2\/media?parent=47310"}],"wp:term":[{"taxonomy":"post_tag","embeddable":true,"href":"https:\/\/bnssghealthiertogether.org.uk\/ro\/wp-json\/wp\/v2\/tags?post=47310"}],"curies":[{"name":"wp","href":"https:\/\/api.w.org\/{rel}","templated":true}]}}