{"id":47313,"date":"2026-03-16T15:03:46","date_gmt":"2026-03-16T15:03:46","guid":{"rendered":"https:\/\/bnssghealthiertogether.org.uk\/?page_id=47313"},"modified":"2026-03-16T15:04:28","modified_gmt":"2026-03-16T15:04:28","slug":"osteoporotic-fractures-and-injuries-from-fall","status":"publish","type":"page","link":"https:\/\/bnssghealthiertogether.org.uk\/ro\/integrated-care-board\/research-and-evidence\/our-research-portfolio\/type-1-rcf-funded-projects\/osteoporotic-fractures-and-injuries-from-fall\/","title":{"rendered":"Fracturi \u0219i leziuni osteoporotice cauzate de c\u0103deri"},"content":{"rendered":"<div class=\"assembler_default-group assembler_module_group assembler_default-group_1 assembler_module_group_1\"><div class=\"assembler_module_area assembler_module_area_1\"><div class=\"assembler_text-module assembler_module assembler_text-module_1 assembler_module_1  transparent\"><a tabindex=\"-1\" title=\"Sec\u021biunea intitulat\u0103 modul-1\" id=\"module-1\" href=\"https:\/\/bnssghealthiertogether.org.uk\/ro\/wp-json\/wp\/v2\/pages\/47313\/#module-1\" class=\"anchor\"><span class=\"hidden\">Sec\u021biunea intitulat\u0103 modul-1<\/span><\/a><!-- Template found for text-module - Template: template-text - Matched: _only --><section class=\"w-full mx-auto max-w-content pt-12 sm:pt-24 pb-12 sm:pb-24\">\r\n  <div class=\"entry-content w-full !px-0 max-w-small\">\r\n        <h1>Fracturi \u0219i leziuni osteoporotice cauzate de c\u0103deri<\/h1>\n<p>Aceast\u0103 idee de cercetare este axat\u0103 pe servicii \u0219i a fost dezvoltat\u0103 de un fizioterapeut avansat de prim\u0103 linie, care lucreaz\u0103 \u00een asisten\u021ba medical\u0103 primar\u0103.<\/p>\n<h2><strong>Finan\u021bare<\/strong><\/h2>\n<p>Finan\u021barea capacit\u0103\u021bii de cercetare BNSSG ICB.<\/p>\n<h2><strong>Cine conduce cercetarea<\/strong><\/h2>\n<p>Cercetarea este condus\u0103 de Corinne Birch, practician avansat \u00een fizioterapie la Pier Health Group, parte a... <a href=\"https:\/\/deependgps.bristol.ac.uk\/\" rel=\"noopener\">Medici de familie la re\u021beaua Deep End<\/a>.<\/p>\n<h2><strong>Informa\u021bii suplimentare<\/strong><\/h2>\n<p>Pentru mai multe informa\u021bii sau pentru a v\u0103 implica \u00een acest proiect, v\u0103 rug\u0103m s\u0103 contacta\u021bi <a href=\"mailto:bnssg.research@nhs.net\">bnssg.research@nhs.net<\/a>.<\/p>\n  <\/div>\r\n  <\/section><\/div><!-- .assembler_text-module.assembler_module.assembler_text-module_1.assembler_module_1..transparent --><\/div><!-- .assembler_module_area.assembler_module_area_1 --><\/div><!-- .assembler_default-group.assembler_module_group.assembler_default-group_1.assembler_module_group_1  -->","protected":false},"excerpt":{"rendered":"<p>Aceast\u0103 idee de cercetare este axat\u0103 pe servicii \u0219i a fost dezvoltat\u0103 de un fizioterapeut avansat de prim\u0103 linie, care lucreaz\u0103 \u00een asisten\u021ba medical\u0103 primar\u0103.<\/p>","protected":false},"author":16,"featured_media":0,"parent":32894,"menu_order":0,"comment_status":"closed","ping_status":"closed","template":"","meta":{"_acf_changed":false,"footnotes":""},"tags":[],"class_list":["post-47313","page","type-page","status-publish","hentry"],"acf":[],"_links":{"self":[{"href":"https:\/\/bnssghealthiertogether.org.uk\/ro\/wp-json\/wp\/v2\/pages\/47313","targetHints":{"allow":["GET"]}}],"collection":[{"href":"https:\/\/bnssghealthiertogether.org.uk\/ro\/wp-json\/wp\/v2\/pages"}],"about":[{"href":"https:\/\/bnssghealthiertogether.org.uk\/ro\/wp-json\/wp\/v2\/types\/page"}],"author":[{"embeddable":true,"href":"https:\/\/bnssghealthiertogether.org.uk\/ro\/wp-json\/wp\/v2\/users\/16"}],"replies":[{"embeddable":true,"href":"https:\/\/bnssghealthiertogether.org.uk\/ro\/wp-json\/wp\/v2\/comments?post=47313"}],"version-history":[{"count":3,"href":"https:\/\/bnssghealthiertogether.org.uk\/ro\/wp-json\/wp\/v2\/pages\/47313\/revisions"}],"predecessor-version":[{"id":47316,"href":"https:\/\/bnssghealthiertogether.org.uk\/ro\/wp-json\/wp\/v2\/pages\/47313\/revisions\/47316"}],"up":[{"embeddable":true,"href":"https:\/\/bnssghealthiertogether.org.uk\/ro\/wp-json\/wp\/v2\/pages\/32894"}],"wp:attachment":[{"href":"https:\/\/bnssghealthiertogether.org.uk\/ro\/wp-json\/wp\/v2\/media?parent=47313"}],"wp:term":[{"taxonomy":"post_tag","embeddable":true,"href":"https:\/\/bnssghealthiertogether.org.uk\/ro\/wp-json\/wp\/v2\/tags?post=47313"}],"curies":[{"name":"wp","href":"https:\/\/api.w.org\/{rel}","templated":true}]}}