{"id":5884,"date":"2023-05-30T15:10:58","date_gmt":"2023-05-30T14:10:58","guid":{"rendered":"https:\/\/bnssghealthiertogether.org.uk\/?page_id=5884"},"modified":"2025-01-29T21:53:58","modified_gmt":"2025-01-29T21:53:58","slug":"your-pathway-home","status":"publish","type":"page","link":"https:\/\/bnssghealthiertogether.org.uk\/ro\/your-health\/home-first\/your-pathway-home\/","title":{"rendered":"Home First: Calea c\u0103tre cas\u0103"},"content":{"rendered":"<div class=\"assembler_default-group assembler_module_group assembler_default-group_1 assembler_module_group_1\"><div class=\"assembler_module_area assembler_module_area_1\"><div class=\"assembler_table-of-contents-module assembler_module assembler_table-of-contents-module_1 assembler_module_1  transparent\"><a tabindex=\"-1\" title=\"Sec\u021biunea intitulat\u0103 modul-1\" id=\"module-1\" href=\"https:\/\/bnssghealthiertogether.org.uk\/ro\/wp-json\/wp\/v2\/pages\/5884\/#module-1\" class=\"anchor\"><span class=\"hidden\">Sec\u021biunea intitulat\u0103 modul-1<\/span><\/a><!-- Template found for table-of-contents-module - Template: template-table-of-contents - Matched: _only -->\r\n<section class=\"w-full mx-auto max-w-content border-b border-pale-grey pt-6 sm:pt-12 pb-3 sm:pb-6\">\r\n    <div class=\"entry-content w-full\">\r\n    <h1>Prima cas\u0103<\/h1>\n<p>Cuprins<\/p>\n    <div class=\"navigation-list\">\r\n                    <ul>\r\n                      <li class=\"text-sm\">\r\n                              <a href=\"https:\/\/bnssghealthiertogether.org.uk\/ro\/your-health\/home-first\/\" class=\"text-sm underline-offset-4 font-normal hover:!underline-4\">\r\n                                                                De ce Home First?                                <\/a>\r\n                          <\/li>\r\n                                <li class=\"text-sm\">\r\n                              <a href=\"https:\/\/bnssghealthiertogether.org.uk\/ro\/your-health\/home-first\/nhs-home\/\" class=\"text-sm underline-offset-4 font-normal hover:!underline-4\">\r\n                                                                NHS@Home                                <\/a>\r\n                          <\/li>\r\n                      <li class=\"text-sm\">\r\n                                                              Calea ta spre cas\u0103                            <\/li>\r\n                  <\/ul>\r\n          <\/div>\r\n  <\/div>\r\n<\/section><\/div><!-- .assembler_table-of-contents-module.assembler_module.assembler_table-of-contents-module_1.assembler_module_1..transparent --><div class=\"assembler_text-module assembler_module assembler_text-module_2 assembler_module_2  transparent\"><a tabindex=\"-1\" title=\"Sec\u021biunea intitulat\u0103 modul-2\" id=\"module-2\" href=\"https:\/\/bnssghealthiertogether.org.uk\/ro\/wp-json\/wp\/v2\/pages\/5884\/#module-2\" class=\"anchor\"><span class=\"hidden\">Sec\u021biunea intitulat\u0103 modul-2<\/span><\/a><!-- Template found for text-module - Template: template-text - Matched: _only --><section class=\"w-full mx-auto max-w-content pt-3 sm:pt-6 pb-3 sm:pb-6\">\r\n  <div class=\"entry-content w-full !px-0 max-w-small\">\r\n        <h1>Calea ta spre cas\u0103<\/h1>\n  <\/div>\r\n  <\/section><\/div><!-- .assembler_text-module.assembler_module.assembler_text-module_2.assembler_module_2..transparent --><div class=\"assembler_text-module assembler_module assembler_text-module_3 assembler_module_3  transparent\"><a tabindex=\"-1\" title=\"Sec\u021biunea intitulat\u0103 modul-3\" id=\"module-3\" href=\"https:\/\/bnssghealthiertogether.org.uk\/ro\/wp-json\/wp\/v2\/pages\/5884\/#module-3\" class=\"anchor\"><span class=\"hidden\">Sec\u021biunea intitulat\u0103 modul-3<\/span><\/a><!-- Template found for text-module - Template: template-text - Matched: _only --><section class=\"w-full mx-auto max-w-content pt-3 sm:pt-6 pb-3 sm:pb-6\">\r\n  <div class=\"entry-content w-full !px-0 max-w-small\">\r\n        <p>Prioritatea noastr\u0103 este s\u0103 v\u0103 ajut\u0103m s\u0103 v\u0103 \u00eens\u0103n\u0103to\u0219i\u021bi \u0219i s\u0103 v\u0103 sprijinim s\u0103 p\u0103r\u0103si\u021bi spitalul atunci c\u00e2nd nu mai ave\u021bi nevoie de \u00eengrijire acolo. \u0218tim c\u0103 oamenii se recupereaz\u0103 cel mai bine departe de mediul aglomerat al spitalului, \u00een mod ideal \u00een locul pe care \u00eel numesc acas\u0103.<\/p>\n<p>La domiciliu, oamenii fac mai mult pentru ei \u00een\u0219i\u0219i \u0219i r\u0103m\u00e2n activi \u00een mediul familiar. Oamenii ne spun c\u0103 se bucur\u0103 de un somn mai bun \u0219i de o dispozi\u021bie mai bun\u0103 printre prieteni, familie \u0219i confortul lor obi\u0219nuit de acas\u0103.<\/p>\n<p>S-a demonstrat c\u0103 \u0219ederea \u00een spital mai mult dec\u00e2t este necesar reduce independen\u021ba \u0219i \u00eencrederea, duce la pierderea masei musculare \u0219i cre\u0219te riscul de infec\u021bii, r\u0103ni de presiune \u0219i incontinen\u021b\u0103.<\/p>\n<p>Plecarea atunci c\u00e2nd nu mai ave\u021bi nevoie de \u00eengrijire spitaliceasc\u0103 nu este doar cea mai bun\u0103 solu\u021bie pentru dumneavoastr\u0103, ci contribuie \u0219i la asigurarea disponibilit\u0103\u021bii paturilor pentru cei care au nevoie de \u00eengrijire spitaliceasc\u0103.<\/p>\n<p>Este posibil ca echipa spitalului dumneavoastr\u0103 s\u0103 fi \u00eenceput deja s\u0103 planifice externarea \u00eempreun\u0103 cu dumneavoastr\u0103. Noi vom<br \/>\ns\u0103 v\u0103 \u00eentreb\u0103m pe dumneavoastr\u0103, familia dumneavoastr\u0103 \u0219i persoanele care v\u0103 \u00eengrijesc despre g\u00e2ndurile \u0219i dorin\u021bele dumneavoastr\u0103 cu privire la \u00eentoarcerea acas\u0103 \u0219i s\u0103 le \u00eemp\u0103rt\u0103\u0219im cu partenerii comunitari, astfel \u00eenc\u00e2t s\u0103 putem face cele mai bune aranjamente posibile pentru dumneavoastr\u0103.<\/p>\n<h2>Dac\u0103 ave\u021bi nevoie de mai mult sprijin<\/h2>\n<p>Pentru majoritatea persoanelor, sprijinul familiei \u0219i al prietenilor \u00een primele zile de la \u00eentoarcerea acas\u0103 va fi tot ceea ce este necesar. Vom discuta acest lucru cu dvs. \u0219i v\u0103 putem oferi detalii despre partenerii din sectorul voluntar care v\u0103 pot oferi sprijin suplimentar, dac\u0103 ave\u021bi nevoie de el.<\/p>\n<p>Dac\u0103 ave\u021bi nevoie de mai mult sprijin dec\u00e2t v\u0103 pot oferi prietenii \u0219i familia, exist\u0103 diferite modalit\u0103\u021bi de a p\u0103r\u0103si spitalul, cunoscute sub numele de \u2018trasee\u2019. Echipa care v\u0103 \u00eengrije\u0219te va analiza care este cea mai potrivit\u0103 pentru dumneavoastr\u0103, \u00een func\u021bie de nevoile \u0219i circumstan\u021bele dumneavoastr\u0103 individuale. De asemenea, s-ar putea s\u0103 vi se ofere sprijin prin intermediul serviciului nostru Link Workers.<\/p>\n<p><a href=\"https:\/\/bnssghealthiertogether.org.uk\/ro\/your-health\/home-first\/your-pathway-home\/recovery-and-rehab-at-home\/\">Calea 1: Recuperare \u0219i reabilitare la domiciliu:<\/a> V\u0103 \u00eentoarce\u021bi acas\u0103 cu sprijinul terapeu\u021bilor din comunitate \u0219i al altor persoane pentru a v\u0103 continua reabilitarea \u0219i recuperarea.<\/p>\n<p><a href=\"https:\/\/bnssghealthiertogether.org.uk\/ro\/your-health\/home-first\/your-pathway-home\/rehab-to-home\/\">Calea 2: Reabilitare la domiciliu:<\/a> V\u0103 transfera\u021bi \u00eentr-un pat de reabilitare comunitar pentru a v\u0103 continua reabilitarea \u0219i recuperarea \u00eenainte de a v\u0103 \u00eentoarce \u00een locul pe care \u00eel numi\u021bi acas\u0103.<\/p>\n<p><a href=\"https:\/\/bnssghealthiertogether.org.uk\/ro\/your-health\/home-first\/your-pathway-home\/community-bed\/\">Calea 3: Pat comunitar<\/a><span style=\"font-size: 1.125rem;\">: V\u0103 transfera\u021bi \u00eentr-un pat comunitar unde nevoile dumneavoastr\u0103 de \u00eengrijire pe termen lung pot fi evaluate \u0219i se pot lua m\u0103suri pentru a le satisface.<\/span><\/p>\n<p><a href=\"https:\/\/bnssghealthiertogether.org.uk\/ro\/your-health\/home-first\/your-pathway-home\/link-workers\/\">Lucr\u0103tori de leg\u0103tur\u0103 \u0219i alt sprijin<\/a>: Link Workers sunt asisten\u021bi independen\u021bi, cu sediul \u00een spitalele noastre locale. Ei pot discuta cu dumneavoastr\u0103 \u00eenainte de externare \u0219i v\u0103 pot face sugestii pentru independen\u021ba \u0219i bun\u0103starea dumneavoastr\u0103 acas\u0103. Ulterior, ei v\u0103 pot pune \u00een leg\u0103tur\u0103 cu organiza\u021bii \u0219i agen\u021bii comunitare care v\u0103 pot ajuta.<\/p>\n<p>Afla\u021bi mai multe despre diferi\u021bii profesioni\u0219ti din domeniul s\u0103n\u0103t\u0103\u021bii \u0219i \u00eengrijirii pe care i-a\u021bi putea \u00eent\u00e2lni pe parcursul drumului spre cas\u0103 prin intermediul nostru <a href=\"https:\/\/bnssghealthiertogether.org.uk\/ro\/our-work\/discharge-to-assess\/whos-who-and-what-they-do\/\">studii de caz privind personalul.<\/a><\/p>\n  <\/div>\r\n  <\/section><\/div><!-- .assembler_text-module.assembler_module.assembler_text-module_3.assembler_module_3..transparent --><\/div><!-- .assembler_module_area.assembler_module_area_1 --><\/div><!-- .assembler_default-group.assembler_module_group.assembler_default-group_1.assembler_module_group_1  -->","protected":false},"excerpt":{"rendered":"<p>We know that people recover best away from the busy hospital environment, ideally in the place they call home.<\/p>","protected":false},"author":7,"featured_media":0,"parent":5881,"menu_order":0,"comment_status":"closed","ping_status":"closed","template":"","meta":{"_acf_changed":false,"footnotes":""},"tags":[],"class_list":["post-5884","page","type-page","status-publish","hentry"],"acf":[],"_links":{"self":[{"href":"https:\/\/bnssghealthiertogether.org.uk\/ro\/wp-json\/wp\/v2\/pages\/5884","targetHints":{"allow":["GET"]}}],"collection":[{"href":"https:\/\/bnssghealthiertogether.org.uk\/ro\/wp-json\/wp\/v2\/pages"}],"about":[{"href":"https:\/\/bnssghealthiertogether.org.uk\/ro\/wp-json\/wp\/v2\/types\/page"}],"author":[{"embeddable":true,"href":"https:\/\/bnssghealthiertogether.org.uk\/ro\/wp-json\/wp\/v2\/users\/7"}],"replies":[{"embeddable":true,"href":"https:\/\/bnssghealthiertogether.org.uk\/ro\/wp-json\/wp\/v2\/comments?post=5884"}],"version-history":[{"count":17,"href":"https:\/\/bnssghealthiertogether.org.uk\/ro\/wp-json\/wp\/v2\/pages\/5884\/revisions"}],"predecessor-version":[{"id":36647,"href":"https:\/\/bnssghealthiertogether.org.uk\/ro\/wp-json\/wp\/v2\/pages\/5884\/revisions\/36647"}],"up":[{"embeddable":true,"href":"https:\/\/bnssghealthiertogether.org.uk\/ro\/wp-json\/wp\/v2\/pages\/5881"}],"wp:attachment":[{"href":"https:\/\/bnssghealthiertogether.org.uk\/ro\/wp-json\/wp\/v2\/media?parent=5884"}],"wp:term":[{"taxonomy":"post_tag","embeddable":true,"href":"https:\/\/bnssghealthiertogether.org.uk\/ro\/wp-json\/wp\/v2\/tags?post=5884"}],"curies":[{"name":"wp","href":"https:\/\/api.w.org\/{rel}","templated":true}]}}