{"id":7461,"date":"2024-06-21T09:06:49","date_gmt":"2024-06-21T08:06:49","guid":{"rendered":"https:\/\/bnssghealthiertogether.org.uk\/?page_id=7461"},"modified":"2026-01-30T10:43:27","modified_gmt":"2026-01-30T10:43:27","slug":"mmr-information","status":"publish","type":"page","link":"https:\/\/bnssghealthiertogether.org.uk\/ro\/vaccination\/mmr-information\/","title":{"rendered":"Informa\u021bii despre vaccinul MMRV (rujeol\u0103, oreion, rubeol\u0103 \u0219i varicel\u0103)"},"content":{"rendered":"<div class=\"assembler_default-group assembler_module_group assembler_default-group_1 assembler_module_group_1\"><div class=\"assembler_module_area assembler_module_area_1\"><div class=\"assembler_text-module assembler_module assembler_text-module_1 assembler_module_1  transparent\"><a tabindex=\"-1\" title=\"Sec\u021biunea intitulat\u0103 modul-1\" id=\"module-1\" href=\"https:\/\/bnssghealthiertogether.org.uk\/ro\/wp-json\/wp\/v2\/pages\/7461\/#module-1\" class=\"anchor\"><span class=\"hidden\">Sec\u021biunea intitulat\u0103 modul-1<\/span><\/a><!-- Template found for text-module - Template: template-text - Matched: _only --><section class=\"w-full mx-auto max-w-content pt-12 sm:pt-24 pb-3 sm:pb-6\">\r\n  <div class=\"entry-content w-full !px-0 max-w-small\">\r\n        <h1>Informa\u021bii despre vaccinul MMRV<\/h1>\n  <\/div>\r\n  <\/section><\/div><!-- .assembler_text-module.assembler_module.assembler_text-module_1.assembler_module_1..transparent --><div class=\"assembler_text-module assembler_module assembler_text-module_2 assembler_module_2  transparent\"><a tabindex=\"-1\" title=\"Sec\u021biunea intitulat\u0103 modul-2\" id=\"module-2\" href=\"https:\/\/bnssghealthiertogether.org.uk\/ro\/wp-json\/wp\/v2\/pages\/7461\/#module-2\" class=\"anchor\"><span class=\"hidden\">Sec\u021biunea intitulat\u0103 modul-2<\/span><\/a><!-- Template found for text-module - Template: template-text - Matched: _only --><section class=\"w-full mx-auto max-w-content pt-3 sm:pt-6 pb-0 sm:pb-0\">\r\n  <div class=\"entry-content w-full !px-0 max-w-small\">\r\n        <p>Vaccinul MMRV ajut\u0103 la protejarea copiilor \u00eempotriva rujeolei, oreionului, rubeolei \u0219i varicelei. Acestea sunt infec\u021bii care se r\u0103sp\u00e2ndesc foarte u\u0219or \u00eentre oameni \u0219i pot duce la probleme grave, inclusiv meningit\u0103, inflama\u021bia creierului (encefalit\u0103), pneumonie \u0219i pierderea auzului.<\/p>\n<p><img decoding=\"async\" class=\"size-medium wp-image-46636 alignright\" src=\"https:\/\/bnssghealthiertogether.org.uk\/wp-content\/uploads\/2026\/01\/MMR_Chickenpox-240x300.png\" alt=\"\" width=\"240\" height=\"300\" srcset=\"https:\/\/bnssghealthiertogether.org.uk\/wp-content\/uploads\/2026\/01\/MMR_Chickenpox-240x300.png 240w, https:\/\/bnssghealthiertogether.org.uk\/wp-content\/uploads\/2026\/01\/MMR_Chickenpox-819x1024.png 819w, https:\/\/bnssghealthiertogether.org.uk\/wp-content\/uploads\/2026\/01\/MMR_Chickenpox-768x960.png 768w, https:\/\/bnssghealthiertogether.org.uk\/wp-content\/uploads\/2026\/01\/MMR_Chickenpox-1229x1536.png 1229w, https:\/\/bnssghealthiertogether.org.uk\/wp-content\/uploads\/2026\/01\/MMR_Chickenpox-1638x2048.png 1638w, https:\/\/bnssghealthiertogether.org.uk\/wp-content\/uploads\/2026\/01\/MMR_Chickenpox-1320x1650.png 1320w, https:\/\/bnssghealthiertogether.org.uk\/wp-content\/uploads\/2026\/01\/MMR_Chickenpox-scaled.png 2048w\" sizes=\"(max-width: 240px) 100vw, 240px\" \/>\u00cencep\u00e2nd cu 1 ianuarie 2026, tuturor copiilor li se ofer\u0103 un vaccin combinat \u00eempotriva rujeolei, oreionului, rubeolei \u0219i varicelei (<abbr title=\"vaccin \u00eempotriva rujeolei, oreionului, rubeolei \u0219i varicelei\">MMRV<\/abbr>) \u00een loc de vaccin \u00eempotriva rujeolei, oreionului \u0219i rubeolei (ROR) ca parte a schemei de vaccinare de rutin\u0103 cu 2 doze din copil\u0103rie.<\/p>\n<p>Doza 1 va fi administrat\u0103 la v\u00e2rsta de un an, iar doza 2 va fi avansat\u0103 de la 3 ani \u0219i 4 luni la o nou\u0103 programare la 18 luni.<\/p>\n<p>\u00cen perioada 1 noiembrie 2026 - 31 martie 2028 va exista o vaccinare selectiv\u0103 cu doz\u0103 unic\u0103\u00a0<abbr title=\"vaccin \u00eempotriva rujeolei, oreionului, rubeolei \u0219i varicelei\">MMRV<\/abbr>\u00a0program de recuperare pentru copiii mai mari care nu au avut \u00eenc\u0103 infec\u021bie cu varicel\u0103 sau 2 doze de vaccinare \u00eempotriva varicelei.<\/p>\n<h2 id=\"how-to-get-it\">Cum s\u0103 ob\u021bine\u021bi vaccinul MMRV<\/h2>\n<p data-block-key=\"8ms04\">De obicei, medicul de familie v\u0103 va contacta \u00een leg\u0103tur\u0103 cu vaccin\u0103rile MMRV ale copilului dumneavoastr\u0103. Acest lucru se va face, de obicei, prin scrisoare, SMS, apel telefonic sau e-mail.<\/p>\n<p data-block-key=\"8ms04\">Trebuie s\u0103 contacta\u021bi medicul de familie dac\u0103 <span style=\"font-size: 1.125rem;\">copilul dumneavoastr\u0103 trebuie s\u0103 primeasc\u0103 vaccinul MMRV, dar nu a\u021bi fost contactat(\u0103) sau <\/span><span style=\"font-size: 1.125rem;\">copilul dumneavoastr\u0103 a ratat vaccinul \u00eempotriva MMRV sau dac\u0103 <\/span><span style=\"font-size: 1.125rem;\">copilul dumneavoastr\u0103 are temperatur\u0103 mare \u0219i trebuie s\u0103 fie vaccinat.<\/span><\/p>\n<p data-block-key=\"8ms04\">Vaccinul MMRV se administreaz\u0103 prin injec\u021bie \u00een partea superioar\u0103 a bra\u021bului sau \u00een coaps\u0103. De obicei, se administreaz\u0103 \u00een acela\u0219i timp cu alte vaccin\u0103ri de rutin\u0103.<\/p>\n<p data-block-key=\"8ms04\">\n  <\/div>\r\n  <\/section><\/div><!-- .assembler_text-module.assembler_module.assembler_text-module_2.assembler_module_2..transparent --><div class=\"assembler_text-module assembler_module assembler_text-module_3 assembler_module_3  transparent\"><a tabindex=\"-1\" title=\"Sec\u021biunea intitulat\u0103 modul-3\" id=\"module-3\" href=\"https:\/\/bnssghealthiertogether.org.uk\/ro\/wp-json\/wp\/v2\/pages\/7461\/#module-3\" class=\"anchor\"><span class=\"hidden\">Sec\u021biunea intitulat\u0103 modul-3<\/span><\/a><!-- Template found for text-module - Template: template-text - Matched: _only --><section class=\"w-full mx-auto max-w-content pt-3 sm:pt-6 pb-0 sm:pb-0\">\r\n  <div class=\"entry-content w-full !px-0 max-w-small\">\r\n        <h2 id=\"contraindications\">Cine nu poate primi vaccinul \u00eempotriva MMRV?<\/h2>\n<p data-block-key=\"8ms04\">Majoritatea copiilor pot primi vaccinul MMRV. Dar nu este potrivit pentru unii copii, deoarece este un vaccin viu, ceea ce \u00eenseamn\u0103 c\u0103 con\u021bine versiuni sl\u0103bite ale virusurilor rujeolei, oreionului, rubeolei \u0219i varicelei.<\/p>\n<p data-block-key=\"b86mo\">Vaccinul MMRV nu se administreaz\u0103 dac\u0103 copilul dumneavoastr\u0103 are un sistem imunitar sever sl\u0103bit, fie din cauza unei afec\u021biuni, fie pentru c\u0103 ia medicamente care suprim\u0103 sistemul imunitar sau dac\u0103 a avut o reac\u021bie alergic\u0103 grav\u0103 (<a href=\"https:\/\/www.nhs.uk\/conditions\/anaphylaxis\/\" rel=\"noopener\">anafilaxie<\/a>) la oricare dintre ingredientele din vaccin, inclusiv gelatin\u0103 sau neomicin\u0103.<\/p>\n<p data-block-key=\"b86mo\">\n  <\/div>\r\n  <\/section><\/div><!-- .assembler_text-module.assembler_module.assembler_text-module_3.assembler_module_3..transparent --><div class=\"assembler_text-module assembler_module assembler_text-module_4 assembler_module_4  transparent\"><a tabindex=\"-1\" title=\"Sec\u021biunea intitulat\u0103 modul-4\" id=\"module-4\" href=\"https:\/\/bnssghealthiertogether.org.uk\/ro\/wp-json\/wp\/v2\/pages\/7461\/#module-4\" class=\"anchor\"><span class=\"hidden\">Sec\u021biunea intitulat\u0103 modul-4<\/span><\/a><!-- Template found for text-module - Template: template-text - Matched: _only --><section class=\"w-full mx-auto max-w-content pt-3 sm:pt-6 pb-3 sm:pb-6\">\r\n  <div class=\"entry-content w-full !px-0 max-w-small\">\r\n        <h2 id=\"effectiveness\">C\u00e2t de bine func\u021bioneaz\u0103 vaccinul MMRV<\/h2>\n<p data-block-key=\"8ms04\">Protec\u021bia \u00eempotriva rujeolei, oreionului \u0219i rubeolei \u00eencepe \u00een decurs de 2 s\u0103pt\u0103m\u00e2ni de la administrarea vaccinului MMRV. Protec\u021bia \u00eempotriva varicelei \u00eencepe \u00een decurs de 3 s\u0103pt\u0103m\u00e2ni de la administrarea vaccinului.<\/p>\n<p data-block-key=\"bump9\">Dup\u0103 2 doze <span style=\"font-size: 1.125rem;\">aproximativ 99% dintre copii vor fi proteja\u021bi \u00eempotriva rujeolei \u0219i rubeolei, <\/span>Aproximativ 97% dintre copii vor fi proteja\u021bi \u00eempotriva varicelei \u0219i aproximativ 88% dintre copii vor fi proteja\u021bi \u00eempotriva oreionului. Dac\u0103 copilul dumneavoastr\u0103 face oreion dup\u0103 ce a fost vaccinat, simptomele vor fi de obicei mult mai u\u0219oare.<\/p>\n<h2 data-block-key=\"bump9\">Un ghid pentru p\u0103rin\u021bi \u0219i \u00eengrijitori<\/h2>\n<p data-block-key=\"bump9\">Un ghid util pentru MMRV este acum disponibil pentru citire \u0219i desc\u0103rcare <a href=\"https:\/\/www.gov.uk\/government\/publications\/mmrv-vaccination\" rel=\"noopener\">\u00een multe limbi, inclusiv englez\u0103, somalez\u0103, arab\u0103, urdu, ucrainean\u0103, chinez\u0103 simplificat\u0103 \u0219i tradi\u021bional\u0103 \u0219i bengalez\u0103. Este disponibil \u0219i \u00een format audio, limbajul semnelor britanic, Braille \u0219i cu caractere mari.<\/a><\/p>\n<p data-block-key=\"bump9\">\n<h3><\/h3>\n  <\/div>\r\n  <\/section><\/div><!-- .assembler_text-module.assembler_module.assembler_text-module_4.assembler_module_4..transparent --><\/div><!-- .assembler_module_area.assembler_module_area_1 --><\/div><!-- .assembler_default-group.assembler_module_group.assembler_default-group_1.assembler_module_group_1  -->","protected":false},"excerpt":{"rendered":"<p>Local resources, links and information about the MMR (measles, mumps and rubella) vaccine.<\/p>","protected":false},"author":4,"featured_media":0,"parent":6240,"menu_order":0,"comment_status":"closed","ping_status":"closed","template":"","meta":{"_acf_changed":false,"footnotes":""},"tags":[218],"class_list":["post-7461","page","type-page","status-publish","hentry","tag-mmr"],"acf":[],"_links":{"self":[{"href":"https:\/\/bnssghealthiertogether.org.uk\/ro\/wp-json\/wp\/v2\/pages\/7461","targetHints":{"allow":["GET"]}}],"collection":[{"href":"https:\/\/bnssghealthiertogether.org.uk\/ro\/wp-json\/wp\/v2\/pages"}],"about":[{"href":"https:\/\/bnssghealthiertogether.org.uk\/ro\/wp-json\/wp\/v2\/types\/page"}],"author":[{"embeddable":true,"href":"https:\/\/bnssghealthiertogether.org.uk\/ro\/wp-json\/wp\/v2\/users\/4"}],"replies":[{"embeddable":true,"href":"https:\/\/bnssghealthiertogether.org.uk\/ro\/wp-json\/wp\/v2\/comments?post=7461"}],"version-history":[{"count":80,"href":"https:\/\/bnssghealthiertogether.org.uk\/ro\/wp-json\/wp\/v2\/pages\/7461\/revisions"}],"predecessor-version":[{"id":46639,"href":"https:\/\/bnssghealthiertogether.org.uk\/ro\/wp-json\/wp\/v2\/pages\/7461\/revisions\/46639"}],"up":[{"embeddable":true,"href":"https:\/\/bnssghealthiertogether.org.uk\/ro\/wp-json\/wp\/v2\/pages\/6240"}],"wp:attachment":[{"href":"https:\/\/bnssghealthiertogether.org.uk\/ro\/wp-json\/wp\/v2\/media?parent=7461"}],"wp:term":[{"taxonomy":"post_tag","embeddable":true,"href":"https:\/\/bnssghealthiertogether.org.uk\/ro\/wp-json\/wp\/v2\/tags?post=7461"}],"curies":[{"name":"wp","href":"https:\/\/api.w.org\/{rel}","templated":true}]}}