{"id":10168,"date":"2024-07-04T14:35:13","date_gmt":"2024-07-04T13:35:13","guid":{"rendered":"https:\/\/bnssghealthiertogether.org.uk\/?page_id=10168"},"modified":"2025-04-16T16:47:44","modified_gmt":"2025-04-16T15:47:44","slug":"autism-and-adhd-assessment","status":"publish","type":"page","link":"https:\/\/bnssghealthiertogether.org.uk\/sq\/our-work\/neurodiversity-transformation-programme\/autism-and-adhd-assessment\/","title":{"rendered":"Programi i Transformimit t\u00eb Neurodiversitetit: Kapaciteti i vler\u00ebsimit t\u00eb Autizmit dhe ADHD-s\u00eb dhe koh\u00ebt e pritjes"},"content":{"rendered":"<div class=\"assembler_default-group assembler_module_group assembler_default-group_1 assembler_module_group_1\"><div class=\"assembler_module_area assembler_module_area_1\"><div class=\"assembler_table-of-contents-module assembler_module assembler_table-of-contents-module_1 assembler_module_1  transparent\"><a tabindex=\"-1\" title=\"Seksioni me titull module-1\" id=\"module-1\" href=\"https:\/\/bnssghealthiertogether.org.uk\/sq\/wp-json\/wp\/v2\/pages\/10168\/#module-1\" class=\"anchor\"><span class=\"hidden\">Seksioni me titull module-1<\/span><\/a><!-- Template found for table-of-contents-module - Template: template-table-of-contents - Matched: _only -->\r\n<section class=\"w-full mx-auto max-w-content border-b border-pale-grey pt-6 sm:pt-12 pb-3 sm:pb-6\">\r\n    <div class=\"entry-content w-full\">\r\n    <h1>Programi i Transformimit t\u00eb Neurodiversitetit<\/h1>\n<p>P\u00ebrmbajtja<\/p>\n    <div class=\"navigation-list\">\r\n                    <ul>\r\n                      <li class=\"text-sm\">\r\n                              <a href=\"https:\/\/bnssghealthiertogether.org.uk\/sq\/our-work\/neurodiversity-transformation-programme\/\" class=\"text-sm underline-offset-4 font-normal hover:!underline-4\">\r\n                                                                Rreth programit                                <\/a>\r\n                          <\/li>\r\n                                <li class=\"text-sm\">\r\n                                                              Kapaciteti i vler\u00ebsimit t\u00eb Autizmit dhe ADHD-s\u00eb dhe koh\u00ebt e pritjes                            <\/li>\r\n                      <li class=\"text-sm\">\r\n                              <a href=\"https:\/\/bnssghealthiertogether.org.uk\/sq\/our-work\/neurodiversity-transformation-programme\/what-have-we-done-so-far\/\" class=\"text-sm underline-offset-4 font-normal hover:!underline-4\">\r\n                                                                \u00c7far\u00eb kemi b\u00ebr\u00eb deri tani?                                <\/a>\r\n                          <\/li>\r\n                      <li class=\"text-sm\">\r\n                              <a href=\"https:\/\/bnssghealthiertogether.org.uk\/sq\/our-work\/neurodiversity-transformation-programme\/waiting-well\/\" class=\"text-sm underline-offset-4 font-normal hover:!underline-4\">\r\n                                                                Duke pritur mir\u00eb: p\u00ebrmir\u00ebsimi i mb\u00ebshtetjes p\u00ebr f\u00ebmij\u00ebt q\u00eb presin vler\u00ebsimin                                <\/a>\r\n                          <\/li>\r\n                      <li class=\"text-sm\">\r\n                              <a href=\"https:\/\/bnssghealthiertogether.org.uk\/sq\/our-work\/neurodiversity-transformation-programme\/advice-and-guidance-for-families\/\" class=\"text-sm underline-offset-4 font-normal hover:!underline-4\">\r\n                                                                K\u00ebshilla dhe udh\u00ebzime p\u00ebr familjet                                <\/a>\r\n                          <\/li>\r\n                  <\/ul>\r\n          <\/div>\r\n  <\/div>\r\n<\/section><\/div><!-- .assembler_table-of-contents-module.assembler_module.assembler_table-of-contents-module_1.assembler_module_1..transparent --><div class=\"assembler_text-module assembler_module assembler_text-module_2 assembler_module_2  transparent\"><a tabindex=\"-1\" title=\"Seksioni me titull module-2\" id=\"module-2\" href=\"https:\/\/bnssghealthiertogether.org.uk\/sq\/wp-json\/wp\/v2\/pages\/10168\/#module-2\" class=\"anchor\"><span class=\"hidden\">Seksioni me titull module-2<\/span><\/a><!-- Template found for text-module - Template: template-text - Matched: _only --><section class=\"w-full mx-auto max-w-content pt-3 sm:pt-6 pb-10 sm:pb-20\">\r\n  <div class=\"entry-content w-full !px-0 max-w-small\">\r\n        <h1>Kapaciteti i vler\u00ebsimit t\u00eb Autizmit dhe ADHD-s\u00eb dhe koh\u00ebt e pritjes<\/h1>\n<p>Ashtu si pjes\u00eb t\u00eb tjera t\u00eb Anglis\u00eb, kemi par\u00eb rritje t\u00eb m\u00ebdha n\u00eb numrin e f\u00ebmij\u00ebve dhe t\u00eb rinjve q\u00eb referohen p\u00ebr vler\u00ebsim t\u00eb autizmit dhe ADHD-s\u00eb vitet e fundit. Vet\u00ebm p\u00ebr autizmin, numri i f\u00ebmij\u00ebve q\u00eb referohen p\u00ebr vler\u00ebsim n\u00eb zon\u00ebn ton\u00eb u rrit me 350% midis viteve 2020 dhe 2022. Sh\u00ebrbimi yn\u00eb i vler\u00ebsimit ishte projektuar p\u00ebr t\u00eb kryer 40 vler\u00ebsime n\u00eb muaj, por n\u00eb gjasht\u00eb muajt deri n\u00eb maj 2024 po merrte mesatarisht 252 referime n\u00eb muaj.<\/p>\n<p>Kjo rritje dramatike e k\u00ebrkes\u00ebs ka \u00e7uar n\u00eb nj\u00eb num\u00ebr gjithnj\u00eb e n\u00eb rritje t\u00eb f\u00ebmij\u00ebve dhe t\u00eb rinjve q\u00eb presin p\u00ebr nj\u00eb vler\u00ebsim. Aktualisht:<\/p>\n<ul>\n<li>Rreth 5,000 f\u00ebmij\u00eb n\u00eb zon\u00ebn ton\u00eb presin p\u00ebr nj\u00eb vler\u00ebsim t\u00eb autizmit dhe 2,500 p\u00ebr nj\u00eb vler\u00ebsim t\u00eb ADHD-s\u00eb.<\/li>\n<li>Listat e pritjes po rriten me af\u00ebrsisht shtat\u00eb f\u00ebmij\u00eb n\u00eb dit\u00eb p\u00ebr vler\u00ebsimin e autizmit dhe dy n\u00eb dit\u00eb p\u00ebr ADHD.<\/li>\n<li>Me kapacitetin ton\u00eb aktual, do t\u00eb duheshin af\u00ebrsisht 10 vjet p\u00ebr t\u00eb zgjidhur ngecjen aktuale p\u00ebr vler\u00ebsimin e autizmit (dhe dy vjet p\u00ebr ADHD-n\u00eb), edhe n\u00ebse nuk do t\u00eb shtoheshin m\u00eb f\u00ebmij\u00eb n\u00eb listat e pritjes.<\/li>\n<\/ul>\n<p>Kjo ka \u00e7uar gjithashtu n\u00eb koh\u00eb m\u00eb t\u00eb gjata pritjeje. P\u00ebr pediatrin\u00eb komunitare (duke p\u00ebrfshir\u00eb vler\u00ebsimin e ADHD-s\u00eb):<\/p>\n<ul>\n<li>F\u00ebmij\u00ebt me nevojat m\u00eb urgjente presin mesatarisht 18 jav\u00eb p\u00ebr nj\u00eb vler\u00ebsim.<\/li>\n<li>Ata me nevoja m\u00eb pak urgjente presin mesatarisht 55 jav\u00eb, nd\u00ebrsa f\u00ebmij\u00ebt me nevoja t\u00eb r\u00ebnd\u00ebsishme, por jo urgjente, presin 90 jav\u00eb.<\/li>\n<li>Koh\u00ebt e pritjes mund t\u00eb rriten p\u00ebr shkak t\u00eb v\u00ebllimit t\u00eb referimeve t\u00eb reja dhe p\u00ebrpar\u00ebsis\u00eb s\u00eb f\u00ebmij\u00ebve q\u00eb shtohen n\u00eb list\u00ebn e pritjes.<\/li>\n<\/ul>\n<p>P\u00ebr vler\u00ebsimin e autizmit:<\/p>\n<ul>\n<li>F\u00ebmij\u00ebt me nevojat m\u00eb urgjente presin, mesatarisht, dy vjet p\u00ebr nj\u00eb vler\u00ebsim.<\/li>\n<li>Ata me nevoja m\u00eb pak urgjente mund t\u00eb presin deri n\u00eb kat\u00ebr vjet dhe kjo koh\u00eb pritjeje pritet t\u00eb rritet p\u00ebr shkak t\u00eb v\u00ebllimit t\u00eb referimeve t\u00eb reja dhe caktimit t\u00eb p\u00ebrpar\u00ebsive.<\/li>\n<\/ul>\n<p><span style=\"font-size: 1.125rem;\">Ne kemi dyfishuar p\u00ebrkoh\u00ebsisht kapacitetin ton\u00eb t\u00eb vler\u00ebsimit t\u00eb autizmit p\u00ebr t\u00eb p\u00ebrmbushur k\u00ebrkes\u00ebn. Megjithat\u00eb, pastrimi i plot\u00eb i rasteve ekzistuese t\u00eb prapambetura do t\u00eb kushtonte rreth 24 milion\u00eb paund dhe sh\u00ebrbimi do t\u00eb k\u00ebrkonte nj\u00eb rritje gjasht\u00ebfish t\u00eb kapacitetit p\u00ebr t\u00eb p\u00ebrballuar k\u00ebrkes\u00ebn. Edhe n\u00ebse do t\u00eb kishte fonde t\u00eb disponueshme p\u00ebr ta ofruar k\u00ebt\u00eb, \u00ebsht\u00eb shum\u00eb e pamundur q\u00eb ne t\u00eb jemi n\u00eb gjendje t\u00eb rekrutojm\u00eb mjaftuesh\u00ebm klinicist\u00eb t\u00eb kualifikuar p\u00ebr t\u00eb siguruar staf p\u00ebr nj\u00eb sh\u00ebrbim t\u00eb zgjeruar.<\/span><\/p>\n<p>Ne duhet urgjentisht ta adresojm\u00eb k\u00ebt\u00eb problem dhe t\u00eb kuptojm\u00eb se si mund t&#039;i p\u00ebrmbushim m\u00eb mir\u00eb nevojat e familjeve brenda burimeve q\u00eb kemi n\u00eb dispozicion. Ky \u00ebsht\u00eb q\u00ebllimi i Programit t\u00eb Transformimit t\u00eb Neurodiversitetit, i cili \u00ebsht\u00eb <a href=\"https:\/\/bnssghealthiertogether.org.uk\/sq\/our-work\/neurodiversity-transformation-programme\/what-have-we-done-so-far\/\">duke eksploruar ide dhe qasje t\u00eb reja inovative p\u00ebr nj\u00eb model t\u00eb q\u00ebndruesh\u00ebm dhe afatgjat\u00eb t\u00eb kujdesit<\/a>.<\/p>\n<p>Nd\u00ebrsa e b\u00ebjm\u00eb k\u00ebt\u00eb, \u00ebsht\u00eb e r\u00ebnd\u00ebsishme q\u00eb f\u00ebmij\u00ebt dhe t\u00eb rinjt\u00eb q\u00eb po p\u00ebrjetojn\u00eb pritje t\u00eb gjata p\u00ebr vler\u00ebsim t\u00eb mb\u00ebshteten p\u00ebr t\u00eb &#039;pritur mir\u00eb&#039;. Me prind\u00ebrit kujdestar\u00eb vendas, po shqyrtojm\u00eb se si mundemi <a href=\"https:\/\/bnssghealthiertogether.org.uk\/sq\/our-work\/neurodiversity-transformation-programme\/waiting-well\/\">p\u00ebrmir\u00ebsoni mb\u00ebshtetjen p\u00ebr f\u00ebmij\u00ebt dhe familjet n\u00eb list\u00ebn e pritjes<\/a>. Gjithashtu po i inkurajojm\u00eb prind\u00ebrit t\u00eb ken\u00eb akses n\u00eb <a href=\"https:\/\/bnssghealthiertogether.org.uk\/sq\/our-work\/neurodiversity-transformation-programme\/advice-and-guidance-for-families\/\">mb\u00ebshtetje, k\u00ebshilla dhe udh\u00ebzime q\u00eb u ofrohen atyre n\u00eb shkolla dhe mjedise t\u00eb tjera<\/a>.<\/p>\n  <\/div>\r\n  <\/section><\/div><!-- .assembler_text-module.assembler_module.assembler_text-module_2.assembler_module_2..transparent --><\/div><!-- .assembler_module_area.assembler_module_area_1 --><\/div><!-- .assembler_default-group.assembler_module_group.assembler_default-group_1.assembler_module_group_1  -->","protected":false},"excerpt":{"rendered":"<p>Section titled module-1 Neurodiversity Transformation Programme Contents About the programme Autism and ADHD assessment capacity and waiting times What have we done so far? Waiting well: improving support for children who are awaiting assessment Advice and guidance for families Section titled module-2 Autism and ADHD assessment capacity and waiting times Like other parts of England, [&hellip;]<\/p>\n","protected":false},"author":7,"featured_media":0,"parent":10164,"menu_order":0,"comment_status":"closed","ping_status":"closed","template":"","meta":{"_acf_changed":false,"footnotes":""},"tags":[],"class_list":["post-10168","page","type-page","status-publish","hentry"],"acf":[],"_links":{"self":[{"href":"https:\/\/bnssghealthiertogether.org.uk\/sq\/wp-json\/wp\/v2\/pages\/10168","targetHints":{"allow":["GET"]}}],"collection":[{"href":"https:\/\/bnssghealthiertogether.org.uk\/sq\/wp-json\/wp\/v2\/pages"}],"about":[{"href":"https:\/\/bnssghealthiertogether.org.uk\/sq\/wp-json\/wp\/v2\/types\/page"}],"author":[{"embeddable":true,"href":"https:\/\/bnssghealthiertogether.org.uk\/sq\/wp-json\/wp\/v2\/users\/7"}],"replies":[{"embeddable":true,"href":"https:\/\/bnssghealthiertogether.org.uk\/sq\/wp-json\/wp\/v2\/comments?post=10168"}],"version-history":[{"count":40,"href":"https:\/\/bnssghealthiertogether.org.uk\/sq\/wp-json\/wp\/v2\/pages\/10168\/revisions"}],"predecessor-version":[{"id":38922,"href":"https:\/\/bnssghealthiertogether.org.uk\/sq\/wp-json\/wp\/v2\/pages\/10168\/revisions\/38922"}],"up":[{"embeddable":true,"href":"https:\/\/bnssghealthiertogether.org.uk\/sq\/wp-json\/wp\/v2\/pages\/10164"}],"wp:attachment":[{"href":"https:\/\/bnssghealthiertogether.org.uk\/sq\/wp-json\/wp\/v2\/media?parent=10168"}],"wp:term":[{"taxonomy":"post_tag","embeddable":true,"href":"https:\/\/bnssghealthiertogether.org.uk\/sq\/wp-json\/wp\/v2\/tags?post=10168"}],"curies":[{"name":"wp","href":"https:\/\/api.w.org\/{rel}","templated":true}]}}