{"id":11776,"date":"2024-09-23T15:11:41","date_gmt":"2024-09-23T14:11:41","guid":{"rendered":"https:\/\/bnssghealthiertogether.org.uk\/?page_id=11776"},"modified":"2026-02-26T16:59:44","modified_gmt":"2026-02-26T16:59:44","slug":"about-us","status":"publish","type":"page","link":"https:\/\/bnssghealthiertogether.org.uk\/sq\/about-us\/","title":{"rendered":"Rreth nesh"},"content":{"rendered":"<div class=\"assembler_default-group assembler_module_group assembler_default-group_1 assembler_module_group_1\"><div class=\"assembler_module_area assembler_module_area_1\"><div class=\"assembler_text-module assembler_module assembler_text-module_1 assembler_module_1  transparent\"><a tabindex=\"-1\" title=\"Section titled module-1\" id=\"module-1\" href=\"https:\/\/bnssghealthiertogether.org.uk\/sq\/wp-json\/wp\/v2\/pages\/11776\/#module-1\" class=\"anchor\"><span class=\"hidden\">Section titled module-1<\/span><\/a><!-- Template found for text-module - Template: template-text - Matched: _only --><section class=\"w-full mx-auto max-w-content pt-12 sm:pt-24 pb-3 sm:pb-6\">\r\n  <div class=\"entry-content w-full !px-0 max-w-small\">\r\n        <h1>About us<\/h1>\n  <\/div>\r\n  <\/section><\/div><!-- .assembler_text-module.assembler_module.assembler_text-module_1.assembler_module_1..transparent --><div class=\"assembler_quick-links-module assembler_module assembler_quick-links-module_2 assembler_module_2  transparent\"><a tabindex=\"-1\" title=\"Section titled module-2\" id=\"module-2\" href=\"https:\/\/bnssghealthiertogether.org.uk\/sq\/wp-json\/wp\/v2\/pages\/11776\/#module-2\" class=\"anchor\"><span class=\"hidden\">Section titled module-2<\/span><\/a><!-- Template found for quick-links-module - Template: template-quick-links - Matched: _only --><section class=\"w-full mx-auto flex flex-col max-w-content pt-3 sm:pt-6 pb-10 sm:pb-20\">\n    <div class=\"flex flex-col w-full gap-8 sm:gap-11 sm:grid sm:grid-cols-12 sm:grid-flow-row\">\n            <div class=\"relative focus-within overflow-hidden transition-shadow focus-within:shadow-lg focus-within:shadow-[rgba(4,17,41,0.4)]  hover:shadow-lg hover:shadow-[rgba(4,17,41,0.4)] sm:col-span-6 lg:col-start-auto lg:row-start-auto lg:col-span-4\">\n                      <div class=\"aspect-w-4 aspect-h-3\">\n                    <picture  class=\" no-lazy\">\n                  <source media=\"(min-width: 640px)\" srcset=\"https:\/\/bnssghealthiertogether.org.uk\/wp-content\/uploads\/2024\/08\/NHS-Day-2-1-1024x731.jpg 1024w, https:\/\/bnssghealthiertogether.org.uk\/wp-content\/uploads\/2024\/08\/NHS-Day-2-1-300x214.jpg 300w, https:\/\/bnssghealthiertogether.org.uk\/wp-content\/uploads\/2024\/08\/NHS-Day-2-1-768x549.jpg 768w, https:\/\/bnssghealthiertogether.org.uk\/wp-content\/uploads\/2024\/08\/NHS-Day-2-1-1536x1097.jpg 1536w, https:\/\/bnssghealthiertogether.org.uk\/wp-content\/uploads\/2024\/08\/NHS-Day-2-1-2048x1463.jpg 2048w, https:\/\/bnssghealthiertogether.org.uk\/wp-content\/uploads\/2024\/08\/NHS-Day-2-1-1320x943.jpg 1320w\" type=\"image\/jpeg\">\n                  <source media=\"(min-width: 0px)\" srcset=\"https:\/\/bnssghealthiertogether.org.uk\/wp-content\/uploads\/2024\/08\/NHS-Day-2-1-300x214.jpg 300w, https:\/\/bnssghealthiertogether.org.uk\/wp-content\/uploads\/2024\/08\/NHS-Day-2-1-1024x731.jpg 1024w, https:\/\/bnssghealthiertogether.org.uk\/wp-content\/uploads\/2024\/08\/NHS-Day-2-1-768x549.jpg 768w, https:\/\/bnssghealthiertogether.org.uk\/wp-content\/uploads\/2024\/08\/NHS-Day-2-1-1536x1097.jpg 1536w, https:\/\/bnssghealthiertogether.org.uk\/wp-content\/uploads\/2024\/08\/NHS-Day-2-1-2048x1463.jpg 2048w, https:\/\/bnssghealthiertogether.org.uk\/wp-content\/uploads\/2024\/08\/NHS-Day-2-1-1320x943.jpg 1320w\" type=\"image\/jpeg\">\n                          <img decoding=\"async\" src=\"https:\/\/bnssghealthiertogether.org.uk\/wp-content\/uploads\/2024\/08\/NHS-Day-2-1-300x214.jpg\" width=\"300\"  height=\"214\"  alt=\"\"   class=\"w-full h-full object-cover no-lazy\" \/>\n              <\/picture>\n                <\/div>\n                    <div class=\"relative p-6 space-y-5 sm:space-y-11 h-full bg-primary text-white\">\n            <h2 class=\"text-2xl leading-42 line-clamp-2\">What we do<\/h2>\n                          <div class=\"line-clamp-3\">\n                  Our ICS is comprised of ten partner organisations. Find out more about how we work together.              <\/div>\n                                  <\/div>\n                                <a class=\"absolute inset-0\" href=\"https:\/\/bnssghealthiertogether.org.uk\/sq\/about-us\/what-we-do\/\">\n              <span class=\"sr-only\">What we do<\/span>\n            <\/a>\n                  <\/div>\n            <div class=\"relative focus-within overflow-hidden transition-shadow focus-within:shadow-lg focus-within:shadow-[rgba(4,17,41,0.4)]  hover:shadow-lg hover:shadow-[rgba(4,17,41,0.4)] sm:col-span-6 lg:col-start-auto lg:row-start-auto lg:col-span-4\">\n                      <div class=\"aspect-w-4 aspect-h-3\">\n                    <picture  class=\" no-lazy\">\n                    <source media=\"(min-width: 640px)\" srcset=\"https:\/\/bnssghealthiertogether.org.uk\/wp-content\/uploads\/2024\/10\/Jeff-Farrar1.png.webp 500w, https:\/\/bnssghealthiertogether.org.uk\/wp-content\/uploads\/2024\/10\/Jeff-Farrar1-300x300.png.webp 300w, https:\/\/bnssghealthiertogether.org.uk\/wp-content\/uploads\/2024\/10\/Jeff-Farrar1-150x150.png.webp 150w\" type=\"image\/webp\">\n                    <source media=\"(min-width: 640px)\" srcset=\"https:\/\/bnssghealthiertogether.org.uk\/wp-content\/uploads\/2024\/10\/Jeff-Farrar1.png 500w, https:\/\/bnssghealthiertogether.org.uk\/wp-content\/uploads\/2024\/10\/Jeff-Farrar1-300x300.png 300w, https:\/\/bnssghealthiertogether.org.uk\/wp-content\/uploads\/2024\/10\/Jeff-Farrar1-150x150.png 150w\" type=\"image\/png\">\n                    <source media=\"(min-width: 0px)\" srcset=\"https:\/\/bnssghealthiertogether.org.uk\/wp-content\/uploads\/2024\/10\/Jeff-Farrar1-300x300.png.webp 300w, https:\/\/bnssghealthiertogether.org.uk\/wp-content\/uploads\/2024\/10\/Jeff-Farrar1-150x150.png.webp 150w, https:\/\/bnssghealthiertogether.org.uk\/wp-content\/uploads\/2024\/10\/Jeff-Farrar1.png.webp 500w\" type=\"image\/webp\">\n                    <source media=\"(min-width: 0px)\" srcset=\"https:\/\/bnssghealthiertogether.org.uk\/wp-content\/uploads\/2024\/10\/Jeff-Farrar1-300x300.png 300w, https:\/\/bnssghealthiertogether.org.uk\/wp-content\/uploads\/2024\/10\/Jeff-Farrar1-150x150.png 150w, https:\/\/bnssghealthiertogether.org.uk\/wp-content\/uploads\/2024\/10\/Jeff-Farrar1.png 500w\" type=\"image\/png\">\n                          <img decoding=\"async\" src=\"https:\/\/bnssghealthiertogether.org.uk\/wp-content\/uploads\/2024\/10\/Jeff-Farrar1-300x300.png\" width=\"300\"  height=\"300\"  alt=\"\"   class=\"w-full h-full object-cover no-lazy\" \/>\n              <\/picture>\n                <\/div>\n                    <div class=\"relative p-6 space-y-5 sm:space-y-11 h-full bg-primary text-white\">\n            <h2 class=\"text-2xl leading-42 line-clamp-2\">Our leadership<\/h2>\n                          <div class=\"line-clamp-3\">\n                  Our ICS is made up of an Integrated Care Partnership, Integrated Care Board and six Locality\u202fPartnerships. Find out more about our leadership.              <\/div>\n                                  <\/div>\n                                <a class=\"absolute inset-0\" href=\"https:\/\/bnssghealthiertogether.org.uk\/sq\/about-us\/healthier-together-leadership\/\">\n              <span class=\"sr-only\">Our leadership<\/span>\n            <\/a>\n                  <\/div>\n            <div class=\"relative focus-within overflow-hidden transition-shadow focus-within:shadow-lg focus-within:shadow-[rgba(4,17,41,0.4)]  hover:shadow-lg hover:shadow-[rgba(4,17,41,0.4)] sm:col-start-4 sm:row-start-2 sm:col-span-6 lg:col-start-auto lg:row-start-auto lg:col-span-4\">\n                      <div class=\"aspect-w-4 aspect-h-3\">\n                    <picture  class=\" no-lazy\">\n                  <source media=\"(min-width: 640px)\" srcset=\"https:\/\/bnssghealthiertogether.org.uk\/wp-content\/uploads\/2024\/08\/DSC00042-1024x683.jpg 1024w, https:\/\/bnssghealthiertogether.org.uk\/wp-content\/uploads\/2024\/08\/DSC00042-300x200.jpg 300w, https:\/\/bnssghealthiertogether.org.uk\/wp-content\/uploads\/2024\/08\/DSC00042-768x512.jpg 768w, https:\/\/bnssghealthiertogether.org.uk\/wp-content\/uploads\/2024\/08\/DSC00042-1536x1024.jpg 1536w, https:\/\/bnssghealthiertogether.org.uk\/wp-content\/uploads\/2024\/08\/DSC00042-2048x1365.jpg 2048w, https:\/\/bnssghealthiertogether.org.uk\/wp-content\/uploads\/2024\/08\/DSC00042-1320x880.jpg 1320w\" type=\"image\/jpeg\">\n                  <source media=\"(min-width: 0px)\" srcset=\"https:\/\/bnssghealthiertogether.org.uk\/wp-content\/uploads\/2024\/08\/DSC00042-300x200.jpg 300w, https:\/\/bnssghealthiertogether.org.uk\/wp-content\/uploads\/2024\/08\/DSC00042-1024x683.jpg 1024w, https:\/\/bnssghealthiertogether.org.uk\/wp-content\/uploads\/2024\/08\/DSC00042-768x512.jpg 768w, https:\/\/bnssghealthiertogether.org.uk\/wp-content\/uploads\/2024\/08\/DSC00042-1536x1024.jpg 1536w, https:\/\/bnssghealthiertogether.org.uk\/wp-content\/uploads\/2024\/08\/DSC00042-2048x1365.jpg 2048w, https:\/\/bnssghealthiertogether.org.uk\/wp-content\/uploads\/2024\/08\/DSC00042-1320x880.jpg 1320w\" type=\"image\/jpeg\">\n                          <img decoding=\"async\" src=\"https:\/\/bnssghealthiertogether.org.uk\/wp-content\/uploads\/2024\/08\/DSC00042-300x200.jpg\" width=\"300\"  height=\"200\"  alt=\"\"   class=\"w-full h-full object-cover no-lazy\" \/>\n              <\/picture>\n                <\/div>\n                    <div class=\"relative p-6 space-y-5 sm:space-y-11 h-full bg-primary text-white\">\n            <h2 class=\"text-2xl leading-42 line-clamp-2\">Our Strategy<\/h2>\n                          <div class=\"line-clamp-3\">\n                  We have published the first edition of our Integrated Care System Strategy. Find out more about our Strategy and Population Health Plan.              <\/div>\n                                  <\/div>\n                                <a class=\"absolute inset-0\" href=\"https:\/\/bnssghealthiertogether.org.uk\/sq\/about-us\/our-strategy\/\">\n              <span class=\"sr-only\">Our Strategy<\/span>\n            <\/a>\n                  <\/div>\n            <div class=\"relative focus-within overflow-hidden transition-shadow focus-within:shadow-lg focus-within:shadow-[rgba(4,17,41,0.4)]  hover:shadow-lg hover:shadow-[rgba(4,17,41,0.4)] sm:col-span-6 lg:col-start-auto lg:row-start-auto lg:col-span-4\">\n                      <div class=\"aspect-w-4 aspect-h-3\">\n                    <picture  class=\" no-lazy\">\n                    <source media=\"(min-width: 640px)\" srcset=\"https:\/\/bnssghealthiertogether.org.uk\/wp-content\/uploads\/2025\/05\/joint-forward-plan-1024x683.jpg.webp 1024w, https:\/\/bnssghealthiertogether.org.uk\/wp-content\/uploads\/2025\/05\/joint-forward-plan-300x200.jpg.webp 300w, https:\/\/bnssghealthiertogether.org.uk\/wp-content\/uploads\/2025\/05\/joint-forward-plan-768x512.jpg.webp 768w, https:\/\/bnssghealthiertogether.org.uk\/wp-content\/uploads\/2025\/05\/joint-forward-plan-1536x1024.jpg.webp 1536w, https:\/\/bnssghealthiertogether.org.uk\/wp-content\/uploads\/2025\/05\/joint-forward-plan-2048x1365.jpg.webp 2048w, https:\/\/bnssghealthiertogether.org.uk\/wp-content\/uploads\/2025\/05\/joint-forward-plan-1320x880.jpg.webp 1320w\" type=\"image\/webp\">\n                    <source media=\"(min-width: 640px)\" srcset=\"https:\/\/bnssghealthiertogether.org.uk\/wp-content\/uploads\/2025\/05\/joint-forward-plan-1024x683.jpg 1024w, https:\/\/bnssghealthiertogether.org.uk\/wp-content\/uploads\/2025\/05\/joint-forward-plan-300x200.jpg 300w, https:\/\/bnssghealthiertogether.org.uk\/wp-content\/uploads\/2025\/05\/joint-forward-plan-768x512.jpg 768w, https:\/\/bnssghealthiertogether.org.uk\/wp-content\/uploads\/2025\/05\/joint-forward-plan-1536x1024.jpg 1536w, https:\/\/bnssghealthiertogether.org.uk\/wp-content\/uploads\/2025\/05\/joint-forward-plan-2048x1365.jpg 2048w, https:\/\/bnssghealthiertogether.org.uk\/wp-content\/uploads\/2025\/05\/joint-forward-plan-1320x880.jpg 1320w\" type=\"image\/jpeg\">\n                    <source media=\"(min-width: 0px)\" srcset=\"https:\/\/bnssghealthiertogether.org.uk\/wp-content\/uploads\/2025\/05\/joint-forward-plan-300x200.jpg.webp 300w, https:\/\/bnssghealthiertogether.org.uk\/wp-content\/uploads\/2025\/05\/joint-forward-plan-1024x683.jpg.webp 1024w, https:\/\/bnssghealthiertogether.org.uk\/wp-content\/uploads\/2025\/05\/joint-forward-plan-768x512.jpg.webp 768w, https:\/\/bnssghealthiertogether.org.uk\/wp-content\/uploads\/2025\/05\/joint-forward-plan-1536x1024.jpg.webp 1536w, https:\/\/bnssghealthiertogether.org.uk\/wp-content\/uploads\/2025\/05\/joint-forward-plan-2048x1365.jpg.webp 2048w, https:\/\/bnssghealthiertogether.org.uk\/wp-content\/uploads\/2025\/05\/joint-forward-plan-1320x880.jpg.webp 1320w\" type=\"image\/webp\">\n                    <source media=\"(min-width: 0px)\" srcset=\"https:\/\/bnssghealthiertogether.org.uk\/wp-content\/uploads\/2025\/05\/joint-forward-plan-300x200.jpg 300w, https:\/\/bnssghealthiertogether.org.uk\/wp-content\/uploads\/2025\/05\/joint-forward-plan-1024x683.jpg 1024w, https:\/\/bnssghealthiertogether.org.uk\/wp-content\/uploads\/2025\/05\/joint-forward-plan-768x512.jpg 768w, https:\/\/bnssghealthiertogether.org.uk\/wp-content\/uploads\/2025\/05\/joint-forward-plan-1536x1024.jpg 1536w, https:\/\/bnssghealthiertogether.org.uk\/wp-content\/uploads\/2025\/05\/joint-forward-plan-2048x1365.jpg 2048w, https:\/\/bnssghealthiertogether.org.uk\/wp-content\/uploads\/2025\/05\/joint-forward-plan-1320x880.jpg 1320w\" type=\"image\/jpeg\">\n                          <img decoding=\"async\" src=\"https:\/\/bnssghealthiertogether.org.uk\/wp-content\/uploads\/2025\/05\/joint-forward-plan-300x200.jpg\" width=\"300\"  height=\"200\"  alt=\"\"   class=\"w-full h-full object-cover no-lazy\" \/>\n              <\/picture>\n                <\/div>\n                    <div class=\"relative p-6 space-y-5 sm:space-y-11 h-full bg-primary text-white\">\n            <h2 class=\"text-2xl leading-42 line-clamp-2\">Joint Forward Plan<\/h2>\n                          <div class=\"line-clamp-3\">\n                  What our partnership will do to help us deliver our Integrated Care System Strategy.              <\/div>\n                                  <\/div>\n                                <a class=\"absolute inset-0\" href=\"https:\/\/bnssghealthiertogether.org.uk\/sq\/?page_id=8103\">\n              <span class=\"sr-only\">Joint Forward Plan<\/span>\n            <\/a>\n                  <\/div>\n            <div class=\"relative focus-within overflow-hidden transition-shadow focus-within:shadow-lg focus-within:shadow-[rgba(4,17,41,0.4)]  hover:shadow-lg hover:shadow-[rgba(4,17,41,0.4)] sm:col-span-6 lg:col-start-auto lg:row-start-auto lg:col-span-4\">\n                      <div class=\"aspect-w-4 aspect-h-3\">\n                    <picture  class=\" no-lazy\">\n                    <source media=\"(min-width: 640px)\" srcset=\"https:\/\/bnssghealthiertogether.org.uk\/wp-content\/uploads\/2024\/12\/DSC07985-1024x683.jpg.webp 1024w, https:\/\/bnssghealthiertogether.org.uk\/wp-content\/uploads\/2024\/12\/DSC07985-300x200.jpg.webp 300w, https:\/\/bnssghealthiertogether.org.uk\/wp-content\/uploads\/2024\/12\/DSC07985-768x512.jpg.webp 768w, https:\/\/bnssghealthiertogether.org.uk\/wp-content\/uploads\/2024\/12\/DSC07985-1536x1024.jpg.webp 1536w, https:\/\/bnssghealthiertogether.org.uk\/wp-content\/uploads\/2024\/12\/DSC07985-2048x1365.jpg.webp 2048w, https:\/\/bnssghealthiertogether.org.uk\/wp-content\/uploads\/2024\/12\/DSC07985-1320x880.jpg.webp 1320w\" type=\"image\/webp\">\n                    <source media=\"(min-width: 640px)\" srcset=\"https:\/\/bnssghealthiertogether.org.uk\/wp-content\/uploads\/2024\/12\/DSC07985-1024x683.jpg 1024w, https:\/\/bnssghealthiertogether.org.uk\/wp-content\/uploads\/2024\/12\/DSC07985-300x200.jpg 300w, https:\/\/bnssghealthiertogether.org.uk\/wp-content\/uploads\/2024\/12\/DSC07985-768x512.jpg 768w, https:\/\/bnssghealthiertogether.org.uk\/wp-content\/uploads\/2024\/12\/DSC07985-1536x1024.jpg 1536w, https:\/\/bnssghealthiertogether.org.uk\/wp-content\/uploads\/2024\/12\/DSC07985-2048x1365.jpg 2048w, https:\/\/bnssghealthiertogether.org.uk\/wp-content\/uploads\/2024\/12\/DSC07985-1320x880.jpg 1320w\" type=\"image\/jpeg\">\n                    <source media=\"(min-width: 0px)\" srcset=\"https:\/\/bnssghealthiertogether.org.uk\/wp-content\/uploads\/2024\/12\/DSC07985-300x200.jpg.webp 300w, https:\/\/bnssghealthiertogether.org.uk\/wp-content\/uploads\/2024\/12\/DSC07985-1024x683.jpg.webp 1024w, https:\/\/bnssghealthiertogether.org.uk\/wp-content\/uploads\/2024\/12\/DSC07985-768x512.jpg.webp 768w, https:\/\/bnssghealthiertogether.org.uk\/wp-content\/uploads\/2024\/12\/DSC07985-1536x1024.jpg.webp 1536w, https:\/\/bnssghealthiertogether.org.uk\/wp-content\/uploads\/2024\/12\/DSC07985-2048x1365.jpg.webp 2048w, https:\/\/bnssghealthiertogether.org.uk\/wp-content\/uploads\/2024\/12\/DSC07985-1320x880.jpg.webp 1320w\" type=\"image\/webp\">\n                    <source media=\"(min-width: 0px)\" srcset=\"https:\/\/bnssghealthiertogether.org.uk\/wp-content\/uploads\/2024\/12\/DSC07985-300x200.jpg 300w, https:\/\/bnssghealthiertogether.org.uk\/wp-content\/uploads\/2024\/12\/DSC07985-1024x683.jpg 1024w, https:\/\/bnssghealthiertogether.org.uk\/wp-content\/uploads\/2024\/12\/DSC07985-768x512.jpg 768w, https:\/\/bnssghealthiertogether.org.uk\/wp-content\/uploads\/2024\/12\/DSC07985-1536x1024.jpg 1536w, https:\/\/bnssghealthiertogether.org.uk\/wp-content\/uploads\/2024\/12\/DSC07985-2048x1365.jpg 2048w, https:\/\/bnssghealthiertogether.org.uk\/wp-content\/uploads\/2024\/12\/DSC07985-1320x880.jpg 1320w\" type=\"image\/jpeg\">\n                          <img decoding=\"async\" src=\"https:\/\/bnssghealthiertogether.org.uk\/wp-content\/uploads\/2024\/12\/DSC07985-300x200.jpg\" width=\"300\"  height=\"200\"  alt=\"\"   class=\"w-full h-full object-cover no-lazy\" \/>\n              <\/picture>\n                <\/div>\n                    <div class=\"relative p-6 space-y-5 sm:space-y-11 h-full bg-primary text-white\">\n            <h2 class=\"text-2xl leading-42 line-clamp-2\">Locality partnerships<\/h2>\n                          <div class=\"line-clamp-3\">\n                  Our locality partnerships work closely with the local authorities to improve people\u2019s health and wellbeing.              <\/div>\n                                  <\/div>\n                                <a class=\"absolute inset-0\" href=\"https:\/\/bnssghealthiertogether.org.uk\/sq\/locality-partnerships\/\">\n              <span class=\"sr-only\">Locality partnerships<\/span>\n            <\/a>\n                  <\/div>\n            <div class=\"relative focus-within overflow-hidden transition-shadow focus-within:shadow-lg focus-within:shadow-[rgba(4,17,41,0.4)]  hover:shadow-lg hover:shadow-[rgba(4,17,41,0.4)] sm:col-start-4 sm:row-start-2 sm:col-span-6 lg:col-start-auto lg:row-start-auto lg:col-span-4\">\n                      <div class=\"aspect-w-4 aspect-h-3\">\n                    <picture  class=\" no-lazy\">\n                    <source media=\"(min-width: 640px)\" srcset=\"https:\/\/bnssghealthiertogether.org.uk\/wp-content\/uploads\/2025\/01\/AdobeStock_1025869432-1024x683.jpeg.webp 1024w, https:\/\/bnssghealthiertogether.org.uk\/wp-content\/uploads\/2025\/01\/AdobeStock_1025869432-300x200.jpeg.webp 300w, https:\/\/bnssghealthiertogether.org.uk\/wp-content\/uploads\/2025\/01\/AdobeStock_1025869432-768x512.jpeg.webp 768w, https:\/\/bnssghealthiertogether.org.uk\/wp-content\/uploads\/2025\/01\/AdobeStock_1025869432-1536x1025.jpeg.webp 1536w, https:\/\/bnssghealthiertogether.org.uk\/wp-content\/uploads\/2025\/01\/AdobeStock_1025869432-2048x1366.jpeg.webp 2048w, https:\/\/bnssghealthiertogether.org.uk\/wp-content\/uploads\/2025\/01\/AdobeStock_1025869432-1320x880.jpeg.webp 1320w\" type=\"image\/webp\">\n                    <source media=\"(min-width: 640px)\" srcset=\"https:\/\/bnssghealthiertogether.org.uk\/wp-content\/uploads\/2025\/01\/AdobeStock_1025869432-1024x683.jpeg 1024w, https:\/\/bnssghealthiertogether.org.uk\/wp-content\/uploads\/2025\/01\/AdobeStock_1025869432-300x200.jpeg 300w, https:\/\/bnssghealthiertogether.org.uk\/wp-content\/uploads\/2025\/01\/AdobeStock_1025869432-768x512.jpeg 768w, https:\/\/bnssghealthiertogether.org.uk\/wp-content\/uploads\/2025\/01\/AdobeStock_1025869432-1536x1025.jpeg 1536w, https:\/\/bnssghealthiertogether.org.uk\/wp-content\/uploads\/2025\/01\/AdobeStock_1025869432-2048x1366.jpeg 2048w, https:\/\/bnssghealthiertogether.org.uk\/wp-content\/uploads\/2025\/01\/AdobeStock_1025869432-1320x880.jpeg 1320w\" type=\"image\/jpeg\">\n                    <source media=\"(min-width: 0px)\" srcset=\"https:\/\/bnssghealthiertogether.org.uk\/wp-content\/uploads\/2025\/01\/AdobeStock_1025869432-300x200.jpeg.webp 300w, https:\/\/bnssghealthiertogether.org.uk\/wp-content\/uploads\/2025\/01\/AdobeStock_1025869432-1024x683.jpeg.webp 1024w, https:\/\/bnssghealthiertogether.org.uk\/wp-content\/uploads\/2025\/01\/AdobeStock_1025869432-768x512.jpeg.webp 768w, https:\/\/bnssghealthiertogether.org.uk\/wp-content\/uploads\/2025\/01\/AdobeStock_1025869432-1536x1025.jpeg.webp 1536w, https:\/\/bnssghealthiertogether.org.uk\/wp-content\/uploads\/2025\/01\/AdobeStock_1025869432-2048x1366.jpeg.webp 2048w, https:\/\/bnssghealthiertogether.org.uk\/wp-content\/uploads\/2025\/01\/AdobeStock_1025869432-1320x880.jpeg.webp 1320w\" type=\"image\/webp\">\n                    <source media=\"(min-width: 0px)\" srcset=\"https:\/\/bnssghealthiertogether.org.uk\/wp-content\/uploads\/2025\/01\/AdobeStock_1025869432-300x200.jpeg 300w, https:\/\/bnssghealthiertogether.org.uk\/wp-content\/uploads\/2025\/01\/AdobeStock_1025869432-1024x683.jpeg 1024w, https:\/\/bnssghealthiertogether.org.uk\/wp-content\/uploads\/2025\/01\/AdobeStock_1025869432-768x512.jpeg 768w, https:\/\/bnssghealthiertogether.org.uk\/wp-content\/uploads\/2025\/01\/AdobeStock_1025869432-1536x1025.jpeg 1536w, https:\/\/bnssghealthiertogether.org.uk\/wp-content\/uploads\/2025\/01\/AdobeStock_1025869432-2048x1366.jpeg 2048w, https:\/\/bnssghealthiertogether.org.uk\/wp-content\/uploads\/2025\/01\/AdobeStock_1025869432-1320x880.jpeg 1320w\" type=\"image\/jpeg\">\n                          <img decoding=\"async\" src=\"https:\/\/bnssghealthiertogether.org.uk\/wp-content\/uploads\/2025\/01\/AdobeStock_1025869432-300x200.jpeg\" width=\"300\"  height=\"200\"  alt=\"\"   class=\"w-full h-full object-cover no-lazy\" \/>\n              <\/picture>\n                <\/div>\n                    <div class=\"relative p-6 space-y-5 sm:space-y-11 h-full bg-primary text-white\">\n            <h2 class=\"text-2xl leading-42 line-clamp-2\">Publications<\/h2>\n                          <div class=\"line-clamp-3\">\n                  This section is for searching all Healthier Together and ICB publications on our website.              <\/div>\n                                  <\/div>\n                                <a class=\"absolute inset-0\" href=\"https:\/\/bnssghealthiertogether.org.uk\/library\/\" >\n              <span class=\"sr-only\">Publications<\/span>\n            <\/a>\n                  <\/div>\n      <\/div>\n<\/section>\n<\/div><!-- .assembler_quick-links-module.assembler_module.assembler_quick-links-module_2.assembler_module_2..transparent --><\/div><!-- .assembler_module_area.assembler_module_area_1 --><\/div><!-- .assembler_default-group.assembler_module_group.assembler_default-group_1.assembler_module_group_1  -->","protected":false},"excerpt":{"rendered":"<p>Ne jemi Sistemi i Kujdesit t\u00eb Integruar (ICS) p\u00ebr Bristol, North Somerset dhe South Gloucestershire. Ne punojm\u00eb p\u00ebr t\u00eb p\u00ebrmir\u00ebsuar sh\u00ebndetin dhe mir\u00ebqenien tuaj, p\u00ebr t\u00eb reduktuar pabarazit\u00eb dhe p\u00ebr t\u00eb ofruar sh\u00ebrbime t\u00eb integruara p\u00ebr nj\u00eb milion njer\u00ebz q\u00eb jetojn\u00eb n\u00eb zon\u00ebn ton\u00eb lokale.<\/p>","protected":false},"author":1,"featured_media":0,"parent":0,"menu_order":0,"comment_status":"closed","ping_status":"closed","template":"","meta":{"_acf_changed":false,"footnotes":""},"tags":[],"class_list":["post-11776","page","type-page","status-publish","hentry"],"acf":[],"_links":{"self":[{"href":"https:\/\/bnssghealthiertogether.org.uk\/sq\/wp-json\/wp\/v2\/pages\/11776","targetHints":{"allow":["GET"]}}],"collection":[{"href":"https:\/\/bnssghealthiertogether.org.uk\/sq\/wp-json\/wp\/v2\/pages"}],"about":[{"href":"https:\/\/bnssghealthiertogether.org.uk\/sq\/wp-json\/wp\/v2\/types\/page"}],"author":[{"embeddable":true,"href":"https:\/\/bnssghealthiertogether.org.uk\/sq\/wp-json\/wp\/v2\/users\/1"}],"replies":[{"embeddable":true,"href":"https:\/\/bnssghealthiertogether.org.uk\/sq\/wp-json\/wp\/v2\/comments?post=11776"}],"version-history":[{"count":17,"href":"https:\/\/bnssghealthiertogether.org.uk\/sq\/wp-json\/wp\/v2\/pages\/11776\/revisions"}],"predecessor-version":[{"id":47053,"href":"https:\/\/bnssghealthiertogether.org.uk\/sq\/wp-json\/wp\/v2\/pages\/11776\/revisions\/47053"}],"wp:attachment":[{"href":"https:\/\/bnssghealthiertogether.org.uk\/sq\/wp-json\/wp\/v2\/media?parent=11776"}],"wp:term":[{"taxonomy":"post_tag","embeddable":true,"href":"https:\/\/bnssghealthiertogether.org.uk\/sq\/wp-json\/wp\/v2\/tags?post=11776"}],"curies":[{"name":"wp","href":"https:\/\/api.w.org\/{rel}","templated":true}]}}