{"id":12144,"date":"2024-10-10T13:35:41","date_gmt":"2024-10-10T12:35:41","guid":{"rendered":"https:\/\/bnssghealthiertogether.org.uk\/?page_id=12144"},"modified":"2025-01-28T11:44:57","modified_gmt":"2025-01-28T11:44:57","slug":"learning-disabilities","status":"publish","type":"page","link":"https:\/\/bnssghealthiertogether.org.uk\/sq\/learning-disability-and-autism\/learning-disabilities\/","title":{"rendered":"Sh\u00ebrbime dhe mb\u00ebshtetje p\u00ebr njer\u00ebzit me v\u00ebshtir\u00ebsi n\u00eb t\u00eb nx\u00ebn\u00eb"},"content":{"rendered":"<div class=\"assembler_default-group assembler_module_group assembler_default-group_1 assembler_module_group_1\"><div class=\"assembler_module_area assembler_module_area_1\"><div class=\"assembler_text-module assembler_module assembler_text-module_1 assembler_module_1  transparent\"><a tabindex=\"-1\" title=\"Section titled module-1\" id=\"module-1\" href=\"https:\/\/bnssghealthiertogether.org.uk\/sq\/wp-json\/wp\/v2\/pages\/12144\/#module-1\" class=\"anchor\"><span class=\"hidden\">Section titled module-1<\/span><\/a><!-- Template found for text-module - Template: template-text - Matched: _only --><section class=\"w-full mx-auto max-w-content pt-12 sm:pt-24 pb-3 sm:pb-6\">\r\n  <div class=\"entry-content w-full !px-0 max-w-small\">\r\n        <h1>Services and support for people with learning disabilities<\/h1>\n<p>A learning disability affects the way a person learns new things in any area of life, not just at school.<\/p>\n<p>We\u2019re committed to improving access to health services \u2013 including mental health services \u2013 for people with learning disabilities.<\/p>\n  <\/div>\r\n  <\/section><\/div><!-- .assembler_text-module.assembler_module.assembler_text-module_1.assembler_module_1..transparent --><div class=\"assembler_text-module assembler_module assembler_text-module_2 assembler_module_2  transparent\"><a tabindex=\"-1\" title=\"Section titled module-2\" id=\"module-2\" href=\"https:\/\/bnssghealthiertogether.org.uk\/sq\/wp-json\/wp\/v2\/pages\/12144\/#module-2\" class=\"anchor\"><span class=\"hidden\">Section titled module-2<\/span><\/a><!-- Template found for text-module - Template: template-text - Matched: _only --><section class=\"w-full mx-auto max-w-content pt-3 sm:pt-6 pb-3 sm:pb-6\">\r\n  <div class=\"entry-content w-full !px-0 max-w-small\">\r\n        <h2>Sirona care &amp; health<\/h2>\n<p>Sirona care &amp; health, a not-for-profit social enterprise, provides an integrated specialist healthcare service for people with learning disabilities across Bristol, North Somerset and South Gloucestershire.<\/p>\n<p>The service is shaped by the views and experiences of people with learning disabilities, giving them and their carers choice and control in planning their care.<\/p>\n<p>To find out more about these services and download a referral form, visit the <a href=\"https:\/\/www.sirona-cic.org.uk\/services\/learning-difficulties-team\/\" rel=\"noopener\">Sirona care &amp; health website<\/a>.<\/p>\n<p><strong>We are currently compiling a list of other NHS services available in our area for people with learning disabilities. Details of these services will be added to this page soon.<\/strong><\/p>\n  <\/div>\r\n  <\/section><\/div><!-- .assembler_text-module.assembler_module.assembler_text-module_2.assembler_module_2..transparent --><div class=\"assembler_text-module assembler_module assembler_text-module_3 assembler_module_3  transparent\"><a tabindex=\"-1\" title=\"Section titled module-3\" id=\"module-3\" href=\"https:\/\/bnssghealthiertogether.org.uk\/sq\/wp-json\/wp\/v2\/pages\/12144\/#module-3\" class=\"anchor\"><span class=\"hidden\">Section titled module-3<\/span><\/a><!-- Template found for text-module - Template: template-text - Matched: _only --><section class=\"w-full mx-auto max-w-content pt-3 sm:pt-6 pb-3 sm:pb-6\">\r\n  <div class=\"entry-content w-full !px-0 max-w-small\">\r\n        <h2>Council Local Offers<\/h2>\n<p>Local Offers are created by councils. They set out information about the provision we expect to be available across education, health and social care for children and young people who have special education needs or are disabled. This includes those who do not have education, health and care plans.<\/p>\n      <a href=\"https:\/\/www.bristol.gov.uk\/bristol-local-offer\" class=\"btn-link flex w-[fit-content] \" rel=\"noopener\">Bristol City Council&#039;s local offer<\/a>\n\n      <a href=\"https:\/\/n-somerset.gov.uk\/my-services\/children-young-people-families\/send-hub-local-offer\" class=\"btn-link flex w-[fit-content] \" rel=\"noopener\">North Somerset Council&#039;s local offer<\/a>\n\n      <a href=\"https:\/\/find-information-for-adults-children-families.southglos.gov.uk\/kb5\/southglos\/directory\/localoffer.page?localofferchannel=0&amp;channel=localoffer\" class=\"btn-link flex w-[fit-content] \" rel=\"noopener\">South Gloucestershire Council&#039;s Local Offer<\/a>\n\n<p><a href=\"https:\/\/bnssghealthiertogether.org.uk\/integrated-care-board\/\">NHS Bristol, North Somerset and South Gloucestershire ICB<\/a> is working with <a href=\"https:\/\/www.southglos.gov.uk\/\" rel=\"noopener\">South Gloucestershire Council<\/a> and <a href=\"https:\/\/www.sglospc.org.uk\/\" rel=\"noopener\">South Glos Parents &amp; Carers<\/a>\u00a0to improve the SEND Local Offer in the area following feedback from families.<\/p>\n<p>In September 2019, a new SEND Local Offer was launched as part of the new South Gloucestershire website <a href=\"https:\/\/find-information-for-adults-children-families.southglos.gov.uk\/kb5\/southglos\/directory\/home.page\" rel=\"noopener\">Find information for adults, children and families<\/a>.<\/p>\n<p>You can visit the <a href=\"https:\/\/find-information-for-adults-children-families.southglos.gov.uk\/kb5\/southglos\/directory\/localoffer.page?localofferchannel=0&amp;channel=localoffer\" rel=\"noopener\">South Gloucestershire SEND Local Offer<\/a> and the <a href=\"https:\/\/find-information-for-adults-children-families.southglos.gov.uk\/kb5\/southglos\/directory\/advice.page?id=Yd1lAhR74nE&amp;localofferchannel=8&amp;channel=localoffer\" rel=\"noopener\">Local Offer annual reports page<\/a> to find out more about the feedback received and how we have acted on this.<\/p>\n<p>You can also read about the New <a href=\"https:\/\/find-information-for-adults-children-families.southglos.gov.uk\/kb5\/southglos\/directory\/advice.page?id=Yd1lAhR74nE&amp;localofferchannel=8&amp;channel=localoffer\" rel=\"noopener\">SEND Shared Outcome Themes Framework<\/a> for South Gloucestershire, developed to help capture the long-term outcomes that children and young people with SEND and their families want to achieve.<\/p>\n  <\/div>\r\n  <\/section><\/div><!-- .assembler_text-module.assembler_module.assembler_text-module_3.assembler_module_3..transparent --><div class=\"assembler_text-module assembler_module assembler_text-module_4 assembler_module_4  transparent\"><a tabindex=\"-1\" title=\"Section titled module-4\" id=\"module-4\" href=\"https:\/\/bnssghealthiertogether.org.uk\/sq\/wp-json\/wp\/v2\/pages\/12144\/#module-4\" class=\"anchor\"><span class=\"hidden\">Section titled module-4<\/span><\/a><!-- Template found for text-module - Template: template-text - Matched: _only --><section class=\"w-full mx-auto max-w-content pt-3 sm:pt-6 pb-10 sm:pb-20\">\r\n  <div class=\"entry-content w-full !px-0 max-w-small\">\r\n        <h2>Annual health checks for people with learning disabilities<\/h2>\n<p>Resources are available to support health professionals with annual health checks for people with learning disabilities. These resources are most relevant to GPs, practice nurses and primary care administrators.<\/p>\n      <a href=\"https:\/\/www.england.nhs.uk\/south\/info-professional\/learning-disabilities\/#annual-health-checks\" class=\"btn-link flex w-[fit-content] \" rel=\"noopener\">NHS England and NHS Improvement resources<\/a>\n\n      <a href=\"https:\/\/elearning.rcgp.org.uk\/mod\/book\/view.php?id=13455\" class=\"btn-link flex w-[fit-content] \" rel=\"noopener\">Royal College of General Practitioners toolkit<\/a>\n\n      <a href=\"https:\/\/bnssghealthiertogether.org.uk\/our-work\/leder-programme\" class=\"btn-link flex w-[fit-content] \">LeDeR programme<\/a>\n\n  <\/div>\r\n  <\/section><\/div><!-- .assembler_text-module.assembler_module.assembler_text-module_4.assembler_module_4..transparent --><\/div><!-- .assembler_module_area.assembler_module_area_1 --><\/div><!-- .assembler_default-group.assembler_module_group.assembler_default-group_1.assembler_module_group_1  -->","protected":false},"excerpt":{"rendered":"<p>Ne jemi t\u00eb p\u00ebrkushtuar p\u00ebr t\u00eb p\u00ebrmir\u00ebsuar aksesin n\u00eb sh\u00ebrbimet sh\u00ebndet\u00ebsore - duke p\u00ebrfshir\u00eb sh\u00ebrbimet e sh\u00ebndetit mendor - p\u00ebr njer\u00ebzit me aft\u00ebsi t\u00eb kufizuara n\u00eb t\u00eb nx\u00ebn\u00eb.<\/p>","protected":false},"author":1,"featured_media":0,"parent":12132,"menu_order":0,"comment_status":"closed","ping_status":"closed","template":"","meta":{"_acf_changed":false,"footnotes":""},"tags":[942,905,941,96],"class_list":["post-12144","page","type-page","status-publish","hentry","tag-health-checks","tag-leder","tag-local-offer","tag-mental-health"],"acf":[],"_links":{"self":[{"href":"https:\/\/bnssghealthiertogether.org.uk\/sq\/wp-json\/wp\/v2\/pages\/12144","targetHints":{"allow":["GET"]}}],"collection":[{"href":"https:\/\/bnssghealthiertogether.org.uk\/sq\/wp-json\/wp\/v2\/pages"}],"about":[{"href":"https:\/\/bnssghealthiertogether.org.uk\/sq\/wp-json\/wp\/v2\/types\/page"}],"author":[{"embeddable":true,"href":"https:\/\/bnssghealthiertogether.org.uk\/sq\/wp-json\/wp\/v2\/users\/1"}],"replies":[{"embeddable":true,"href":"https:\/\/bnssghealthiertogether.org.uk\/sq\/wp-json\/wp\/v2\/comments?post=12144"}],"version-history":[{"count":7,"href":"https:\/\/bnssghealthiertogether.org.uk\/sq\/wp-json\/wp\/v2\/pages\/12144\/revisions"}],"predecessor-version":[{"id":36509,"href":"https:\/\/bnssghealthiertogether.org.uk\/sq\/wp-json\/wp\/v2\/pages\/12144\/revisions\/36509"}],"up":[{"embeddable":true,"href":"https:\/\/bnssghealthiertogether.org.uk\/sq\/wp-json\/wp\/v2\/pages\/12132"}],"wp:attachment":[{"href":"https:\/\/bnssghealthiertogether.org.uk\/sq\/wp-json\/wp\/v2\/media?parent=12144"}],"wp:term":[{"taxonomy":"post_tag","embeddable":true,"href":"https:\/\/bnssghealthiertogether.org.uk\/sq\/wp-json\/wp\/v2\/tags?post=12144"}],"curies":[{"name":"wp","href":"https:\/\/api.w.org\/{rel}","templated":true}]}}