{"id":12156,"date":"2024-10-10T13:49:30","date_gmt":"2024-10-10T12:49:30","guid":{"rendered":"https:\/\/bnssghealthiertogether.org.uk\/?page_id=12156"},"modified":"2025-09-30T11:28:41","modified_gmt":"2025-09-30T10:28:41","slug":"maternity-services","status":"publish","type":"page","link":"https:\/\/bnssghealthiertogether.org.uk\/sq\/maternity\/maternity-services\/","title":{"rendered":"Sh\u00ebrbimet e maternitetit"},"content":{"rendered":"<div class=\"assembler_default-group assembler_module_group assembler_default-group_1 assembler_module_group_1\"><div class=\"assembler_module_area assembler_module_area_1\"><div class=\"assembler_table-of-contents-module assembler_module assembler_table-of-contents-module_1 assembler_module_1  transparent\"><a tabindex=\"-1\" title=\"Seksioni me titull module-1\" id=\"module-1\" href=\"https:\/\/bnssghealthiertogether.org.uk\/sq\/wp-json\/wp\/v2\/pages\/12156\/#module-1\" class=\"anchor\"><span class=\"hidden\">Seksioni me titull module-1<\/span><\/a><!-- Template found for table-of-contents-module - Template: template-table-of-contents - Matched: _only -->\r\n<section class=\"w-full mx-auto max-w-content border-b border-pale-grey pt-6 sm:pt-12 pb-3 sm:pb-6\">\r\n    <div class=\"entry-content w-full\">\r\n    <h1>Lindja<\/h1>\n<p>P\u00ebrmbajtja<\/p>\n    <div class=\"navigation-list\">\r\n                    <ul>\r\n                                <li class=\"text-sm\">\r\n                                                              Sh\u00ebrbimet e maternitetit                            <\/li>\r\n                      <li class=\"text-sm\">\r\n                              <a href=\"https:\/\/bnssghealthiertogether.org.uk\/sq\/maternity\/planning-or-having-a-baby\/\" class=\"text-sm underline-offset-4 font-normal hover:!underline-4\">\r\n                                                                Po planifikoni apo do t\u00eb b\u00ebheni prind?                                <\/a>\r\n                          <\/li>\r\n                      <li class=\"text-sm\">\r\n                              <a href=\"https:\/\/bnssghealthiertogether.org.uk\/sq\/maternity\/bristol-north-somerset-and-south-gloucestershire-maternity-and-neonatal-voices-partnership\/\" class=\"text-sm underline-offset-4 font-normal hover:!underline-4\">\r\n                                                                Partneriteti i Z\u00ebrave t\u00eb Lindjes dhe Neonataleve                                <\/a>\r\n                          <\/li>\r\n                  <\/ul>\r\n          <\/div>\r\n  <\/div>\r\n<\/section><\/div><!-- .assembler_table-of-contents-module.assembler_module.assembler_table-of-contents-module_1.assembler_module_1..transparent --><div class=\"assembler_text-module assembler_module assembler_text-module_2 assembler_module_2  transparent\"><a tabindex=\"-1\" title=\"Seksioni me titull module-2\" id=\"module-2\" href=\"https:\/\/bnssghealthiertogether.org.uk\/sq\/wp-json\/wp\/v2\/pages\/12156\/#module-2\" class=\"anchor\"><span class=\"hidden\">Seksioni me titull module-2<\/span><\/a><!-- Template found for text-module - Template: template-text - Matched: _only --><section class=\"w-full mx-auto max-w-content pt-3 sm:pt-6 pb-3 sm:pb-6\">\r\n  <div class=\"entry-content w-full !px-0 max-w-small\">\r\n        <h1>Sh\u00ebrbimet e maternitetit<\/h1>\n<p>Ne jemi p\u00ebrgjegj\u00ebs p\u00ebr porositjen e sh\u00ebrbimeve t\u00eb lindjes nga dy fonde spitalore lokale p\u00ebr t&#039;ju ofruar nj\u00eb zgjedhje se ku t\u00eb lindni. Fondet me t\u00eb cilat bashk\u00ebpunojm\u00eb jan\u00eb <a href=\"http:\/\/www.nbt.nhs.uk\/\" rel=\"noopener\">Trusti i Bristolit t\u00eb Veriut<\/a> dhe <a href=\"https:\/\/www.uhbw.nhs.uk\/\" rel=\"noopener\">Spitalet Universitare t\u00eb Bristolit dhe Westonit NHS Foundation Trust<\/a>.<\/p>\n<p>Mund t\u00eb diskutoni se ku do ta lindni f\u00ebmij\u00ebn tuaj me mamin\u00eb ose obstet\u00ebr-mjekun tuaj. Gama e opsioneve p\u00ebrfshin lindje n\u00eb sht\u00ebpi, qendra lindjeje t\u00eb udh\u00ebhequra nga mami dhe nj\u00ebsi t\u00eb udh\u00ebhequra nga konsulent\u00eb n\u00eb spitale. Mund t\u00eb ndryshoni mendje n\u00eb \u00e7do koh\u00eb gjat\u00eb shtatz\u00ebnis\u00eb.<\/p>\n<p>Ekipet e integruara t\u00eb mamive ofrojn\u00eb kujdes para dhe pas lindjes.<\/p>\n<p>Ju inkurajoheni t\u00eb jepni reagime mbi sh\u00ebrbimet p\u00ebrmes Testit t\u00eb Miqve dhe Familjes pasi t\u00eb keni lindur f\u00ebmij\u00ebn tuaj. Gjithashtu mund t\u00eb ndani p\u00ebrvojat tuaja me sh\u00ebrbimet e maternitetit p\u00ebrmes Maternity Voices.<\/p>\n<h2>Zgjedhjet lokale p\u00ebrfshijn\u00eb:<\/h2>\n<p><strong>Trusti i NHS-s\u00eb i Bristolit t\u00eb Veriut<\/strong><\/p>\n<ul>\n<li><a href=\"http:\/\/www.nbt.nhs.uk\/maternity-services\/labour-birth\/cossham-birth-centre\" rel=\"noopener\">Qendra e Lindjes n\u00eb Spitalin Cossham<\/a><\/li>\n<li><a href=\"http:\/\/www.nbt.nhs.uk\/maternity-services\/labour-birth\/central-delivery-suite-southmead-hospital-bristol\" rel=\"noopener\">Salla qendrore e lindjes n\u00eb Spitalin Southmead<\/a><\/li>\n<li><a href=\"https:\/\/www.nbt.nhs.uk\/maternity-services\/birth-place-options\/mendip-birth-centre-southmead-hospital-bristol\" rel=\"noopener\">Salla e lindjes n\u00eb Spitalin Southmead<\/a><\/li>\n<\/ul>\n<p><strong>Spitalet Universitare t\u00eb Bristolit dhe Westonit NHS Foundation Trust<\/strong><\/p>\n<ul>\n<li><a href=\"https:\/\/www.uhbristol.nhs.uk\/patients-and-visitors\/your-hospitals\/st-michaels-hospital\/what-we-do\/midwifery-services\/\" rel=\"noopener\">Spitali i Sh\u00ebn Mikelit<\/a><\/li>\n<li><a href=\"https:\/\/www.waht.nhs.uk\/en-GB\/Our-Services1\/Hospital-Units\/Ashcombe-Birth-Centre\/\" rel=\"noopener\">Qendra e Lindjes Ashcombe<\/a><\/li>\n<\/ul>\n<h2>Sh\u00ebrbimet e Maternitetit \u2013 P\u00ebrfshihuni<\/h2>\n<p>A d\u00ebshironi t\u00eb na ndihmoni t\u00eb p\u00ebrmir\u00ebsojm\u00eb sh\u00ebrbimet e maternitetit p\u00ebr grat\u00eb n\u00eb Bristol, North Somerset dhe South Gloucestershire p\u00ebrmes p\u00ebrvojave tuaja? Maternity Voices \u00ebsht\u00eb nj\u00eb mund\u00ebsi p\u00ebr prind\u00ebrit q\u00eb kan\u00eb p\u00ebrdorur sh\u00ebrbimet lokale t\u00eb maternitetit p\u00ebr t\u00eb punuar me njer\u00ebzit q\u00eb i planifikojn\u00eb dhe i ofrojn\u00eb ato.<\/p>\n<p>Ne duam t\u00eb d\u00ebgjojm\u00eb p\u00ebr p\u00ebrvojat tuaja me sh\u00ebrbimet ekzistuese dhe t\u00eb identifikojm\u00eb prioritetet dhe p\u00ebrmir\u00ebsimet.<\/p>\n<p>P\u00ebr t&#039;u p\u00ebrfshir\u00eb dhe p\u00ebr t\u00eb punuar me Maternity Voices, ju lutemi d\u00ebrgoni nj\u00eb email <a href=\"mailto:bnssg.maternityvoices@nhs.net\">bnssg.maternityvoices@nhs.net<\/a>.<\/p>\n<p>Ju lutemi deklaroni interesin tuaj p\u00ebr t\u00eb kontribuar n\u00eb Maternity Voices dhe p\u00ebrfshini emrin dhe t\u00eb dh\u00ebnat tuaja t\u00eb kontaktit.<\/p>\n  <\/div>\r\n  <\/section><\/div><!-- .assembler_text-module.assembler_module.assembler_text-module_2.assembler_module_2..transparent --><\/div><!-- .assembler_module_area.assembler_module_area_1 --><\/div><!-- .assembler_default-group.assembler_module_group.assembler_default-group_1.assembler_module_group_1  -->","protected":false},"excerpt":{"rendered":"<p>Find out about maternity services across Bristol, North Somerset and South Gloucestershire.<\/p>","protected":false},"author":1,"featured_media":0,"parent":36712,"menu_order":0,"comment_status":"closed","ping_status":"closed","template":"","meta":{"_acf_changed":false,"footnotes":""},"tags":[216],"class_list":["post-12156","page","type-page","status-publish","hentry","tag-maternity"],"acf":[],"_links":{"self":[{"href":"https:\/\/bnssghealthiertogether.org.uk\/sq\/wp-json\/wp\/v2\/pages\/12156","targetHints":{"allow":["GET"]}}],"collection":[{"href":"https:\/\/bnssghealthiertogether.org.uk\/sq\/wp-json\/wp\/v2\/pages"}],"about":[{"href":"https:\/\/bnssghealthiertogether.org.uk\/sq\/wp-json\/wp\/v2\/types\/page"}],"author":[{"embeddable":true,"href":"https:\/\/bnssghealthiertogether.org.uk\/sq\/wp-json\/wp\/v2\/users\/1"}],"replies":[{"embeddable":true,"href":"https:\/\/bnssghealthiertogether.org.uk\/sq\/wp-json\/wp\/v2\/comments?post=12156"}],"version-history":[{"count":10,"href":"https:\/\/bnssghealthiertogether.org.uk\/sq\/wp-json\/wp\/v2\/pages\/12156\/revisions"}],"predecessor-version":[{"id":43070,"href":"https:\/\/bnssghealthiertogether.org.uk\/sq\/wp-json\/wp\/v2\/pages\/12156\/revisions\/43070"}],"up":[{"embeddable":true,"href":"https:\/\/bnssghealthiertogether.org.uk\/sq\/wp-json\/wp\/v2\/pages\/36712"}],"wp:attachment":[{"href":"https:\/\/bnssghealthiertogether.org.uk\/sq\/wp-json\/wp\/v2\/media?parent=12156"}],"wp:term":[{"taxonomy":"post_tag","embeddable":true,"href":"https:\/\/bnssghealthiertogether.org.uk\/sq\/wp-json\/wp\/v2\/tags?post=12156"}],"curies":[{"name":"wp","href":"https:\/\/api.w.org\/{rel}","templated":true}]}}