{"id":12196,"date":"2024-10-10T15:36:32","date_gmt":"2024-10-10T14:36:32","guid":{"rendered":"https:\/\/bnssghealthiertogether.org.uk\/?page_id=12196"},"modified":"2025-02-06T23:21:14","modified_gmt":"2025-02-06T23:21:14","slug":"copd-digital-champ-coaching-health-app-implementation-partnership","status":"publish","type":"page","link":"https:\/\/bnssghealthiertogether.org.uk\/sq\/chronic-obstructive-pulmonary-disease-copd\/copd-digital-champ-coaching-health-app-implementation-partnership\/","title":{"rendered":"COPD Digital CHAMP (Partneriteti i Implementimit t\u00eb Aplikacionit t\u00eb Trajnimit Sh\u00ebndet\u00ebsor)"},"content":{"rendered":"<div class=\"assembler_default-group assembler_module_group assembler_default-group_1 assembler_module_group_1\"><div class=\"assembler_module_area assembler_module_area_1\"><div class=\"assembler_text-module assembler_module assembler_text-module_1 assembler_module_1  transparent\"><a tabindex=\"-1\" title=\"Section titled module-1\" id=\"module-1\" href=\"https:\/\/bnssghealthiertogether.org.uk\/sq\/wp-json\/wp\/v2\/pages\/12196\/#module-1\" class=\"anchor\"><span class=\"hidden\">Section titled module-1<\/span><\/a><!-- Template found for text-module - Template: template-text - Matched: _only --><section class=\"w-full mx-auto max-w-content pt-12 sm:pt-24 pb-12 sm:pb-24\">\r\n  <div class=\"entry-content w-full !px-0 max-w-small\">\r\n        <h1>COPD Digital CHAMP (Coaching Health App Implementation Partnership)<\/h1>\n<p>Cases of Chronic Obstructive Pulmonary Disease (COPD) are rising throughout Bristol, North Somerset, and South Gloucestershire, as they are throughout England.<\/p>\n<p>With lung disease in the UK costing a staggering \u00a311 billion a year, Public Health England data shows that within our local area, emergency COPD admissions are within the highest 5% in the UK.<\/p>\n<p>This project aims to rapidly adopt and use digital remote monitoring technology to support the growing challenges and costs associated with COPD, improving patient safety and reducing emergency admissions.<\/p>\n<h2>What we did<\/h2>\n<p>With the help of <a href=\"https:\/\/www.nhsx.nhs.uk\/key-tools-and-info\/digital-health-partnership-award\/\" rel=\"noopener\">NHSX funding<\/a>, the <strong>COPD Digital CHAMP<\/strong> (<strong>C<\/strong>oaching <strong>H<\/strong>ealth <strong>A<\/strong>pp I<strong>m<\/strong>plementation <strong>P<\/strong>artnership) project aimed to improve the lives of patients living with COPD within Bristol, North Somerset and South Gloucestershire by guiding them to self-manage their condition through the roll-out of the <a href=\"https:\/\/mymhealth.com\/mycopd\" rel=\"noopener\">myCOPD app<\/a>.<\/p>\n<p>The app helps people with COPD manage their condition effectively at home, reducing the number of emergency healthcare visits they may need. The app has been widely deployed across the NHS.<\/p>\n<p>The aim of the myCOPD app is to allow patients to manage their symptoms from home with the help of their healthcare professional.<\/p>\n<p>This is done through various techniques. App features include pulmonary rehabilitation videos, videos on inhaler technique, COPD checklists and lung function tests, weather and pollution forecasting, self-management plans and inhaler diaries and notifications to keep users on track.<\/p>\n<blockquote><p>&#8216;I can honestly say, without fear of contradiction, I wouldn\u2019t be here today if I hadn\u2019t been on that app\u2026I do manage myself better and I\u2019m more aware, the key for me is the knowledge. That I\u2019ve got it and I can regain that power&#8217;<\/p><\/blockquote>\n<p>\u2013 my mhealth website<\/p>\n<h2>How did we do it?<\/h2>\n<p>With the help of Digital Health Champions and Clinical Champions, we rolled out the use of myCOPD across Bristol, North Somerset and South Gloucestershire. Implementation was initially focussed on North Bristol Trust, Sirona Care and Health and two GP practices.<\/p>\n<p>It then spread to University Hospitals Bristol and Weston (UHBW) and all interested GP practices within Bristol, North Somerset and South Gloucestershire. By the end of September 2022, 525 patients were using the app, far exceeding our target of 215.<\/p>\n<p>Findings from previous attempts to deploy myCOPD into local systems, which highlighted that administrative support is key to the successful execution and embedding of the app, were considered in this roll out.<\/p>\n<h2>The role of the Digital Health Champion<\/h2>\n<p>The Digital Health Champions were new roles piloted in the COPD Digital CHAMP project to help spread the app&#8217;s uptake.<\/p>\n<p>They are responsible for recruiting patients onto the app following referral from acute, primary, secondary and community care colleagues.<\/p>\n<p>After they have enrolled eligible patients, they provide coaching on how to use myCOPD, working with patients to understand and overcome individual limitations and difficulties in using the app.<\/p>\n<h2>Who are we working with?<\/h2>\n<p>We collaborated with the <a href=\"https:\/\/www.weahsn.net\/\" rel=\"noopener\">West of England AHSN<\/a>, North Bristol NHS Trust, Sirona care &amp; health, University Hospitals Bristol and Weston and One Care to deliver this project.<\/p>\n<p>The myCOPD app has been developed by <a href=\"https:\/\/mymhealth.com\/mycopd\" rel=\"noopener\">my mhealth<\/a> and we worked alongside their team to ensure the app was working effectively for users.<\/p>\n<p>We recruited Digital Health Champions and Clinical Champions from <a href=\"http:\/\/www.sirona-cic.org.uk\/\" rel=\"noopener\">Sirona care &amp; health<\/a>,\u00a0<a href=\"https:\/\/www.nbt.nhs.uk\/\" rel=\"noopener\">North Bristol NHS Trust<\/a>\u00a0and\u00a0<a href=\"https:\/\/www.uhbw.nhs.uk\/\" rel=\"noopener\">University Hospitals Bristol and Weston NHS Foundation Trust<\/a>\u00a0and together the Digital Health Champions formed the cross-organisational COPD Digital Champion Team.<\/p>\n<h2>Evaluation and how to find out more<\/h2>\n<p style=\"line-height: 19.5pt; margin: 0cm 0cm 9.0pt 0cm;\">A mixed-methods approach was taken to understand the impact of Digital Health Champions (DHC) on the uptake and ongoing use of myCOPD app.<\/p>\n<p style=\"line-height: 19.5pt; margin: 0cm 0cm 9.0pt 0cm;\">The quantitative evaluation, completed by Unity Insights, sought to understand the engagement levels of the DHC-enabled myCOPD users and the characteristics and demographics of patients who accepted enrolment onto the app.<\/p>\n<p style=\"line-height: 19.5pt; margin: 0cm 0cm 9.0pt 0cm;\">The evaluation did not focus on the impact of the app itself, only the additional benefit of using DHCs to support rollout.<\/p>\n<p style=\"line-height: 19.5pt; margin: 0cm 0cm 9.0pt 0cm;\">A second evaluation, completed by the University of Bath, reviewed findings through a two-phase qualitative approach.<\/p>\n<ul>\n<li style=\"line-height: 19.5pt;\">Phase 1 aimed to explore the barriers and facilitators of patient and clinical engagement with the myCOPD app, to inform ongoing implementation of the COPD Digital Champion Service and provide recommendations to ensure the service was as effective as possible during the second phase of the pilot.<\/li>\n<li style=\"line-height: 19.5pt;\">Phase 2 aimed to explore the stakeholder experience of the Digital Champion Service and its implementation.<\/li>\n<\/ul>\n<p><a href=\"https:\/\/www.weahsn.net\/our-work\/transforming-services-and-systems\/mycopd\/\" rel=\"noopener\">Read the full evaluation report and supporting documents &#8211; West of England AHSN website<\/a><\/p>\n<h2>Supporting research into digitally enhanced respiratory care pathways<\/h2>\n<p>With up to half of all hospital beds occupied by patients with respiratory illnesses, supporting discharges and preventing disease exacerbations and readmissions is key to ensuring the NHS can manage the growing number of patients needing help.<\/p>\n<p>To support an improved understanding of how digitally enhanced care pathways can support improved patient outcomes, we are working with my mhealth to support a research study focused on use of the myCOPD app.<\/p>\n<p>The study will be held in the two acute Trusts in Bristol where the COPD Digital CHAMP project has been established, to assess the impact on readmission rates. A second element of research relates to use of the app during pulmonary rehabilitation in Cornwall.<\/p>\n<p>My mhealth, which received bid writing support from the West of England AHSN to secure funding for the research studies, was one of six successful awardees in the <a href=\"https:\/\/www.weahsn.net\/news\/my-mhealth\/\" rel=\"noopener\">2022\/23 SBRI respiratory competition announced in January 2023<\/a>.<\/p>\n      <a href=\"https:\/\/www.weahsn.net\/our-work\/transforming-services-and-systems\/mycopd\/\" target=\"https:\/\/www.weahsn.net\/our-work\/transforming-services-and-systems\/mycopd\/\" class=\"btn-link flex w-[fit-content] \" rel=\"noopener\">Find out more about COPD Digital CHAMP - West of England AHSN website<\/a>\n\n  <\/div>\r\n  <\/section><\/div><!-- .assembler_text-module.assembler_module.assembler_text-module_1.assembler_module_1..transparent --><\/div><!-- .assembler_module_area.assembler_module_area_1 --><\/div><!-- .assembler_default-group.assembler_module_group.assembler_default-group_1.assembler_module_group_1  -->","protected":false},"excerpt":{"rendered":"<p>Aiming to improve the lives of local patients living with COPD.<\/p>","protected":false},"author":1,"featured_media":0,"parent":36974,"menu_order":0,"comment_status":"closed","ping_status":"closed","template":"","meta":{"_acf_changed":false,"footnotes":""},"tags":[],"class_list":["post-12196","page","type-page","status-publish","hentry"],"acf":[],"_links":{"self":[{"href":"https:\/\/bnssghealthiertogether.org.uk\/sq\/wp-json\/wp\/v2\/pages\/12196","targetHints":{"allow":["GET"]}}],"collection":[{"href":"https:\/\/bnssghealthiertogether.org.uk\/sq\/wp-json\/wp\/v2\/pages"}],"about":[{"href":"https:\/\/bnssghealthiertogether.org.uk\/sq\/wp-json\/wp\/v2\/types\/page"}],"author":[{"embeddable":true,"href":"https:\/\/bnssghealthiertogether.org.uk\/sq\/wp-json\/wp\/v2\/users\/1"}],"replies":[{"embeddable":true,"href":"https:\/\/bnssghealthiertogether.org.uk\/sq\/wp-json\/wp\/v2\/comments?post=12196"}],"version-history":[{"count":5,"href":"https:\/\/bnssghealthiertogether.org.uk\/sq\/wp-json\/wp\/v2\/pages\/12196\/revisions"}],"predecessor-version":[{"id":37237,"href":"https:\/\/bnssghealthiertogether.org.uk\/sq\/wp-json\/wp\/v2\/pages\/12196\/revisions\/37237"}],"up":[{"embeddable":true,"href":"https:\/\/bnssghealthiertogether.org.uk\/sq\/wp-json\/wp\/v2\/pages\/36974"}],"wp:attachment":[{"href":"https:\/\/bnssghealthiertogether.org.uk\/sq\/wp-json\/wp\/v2\/media?parent=12196"}],"wp:term":[{"taxonomy":"post_tag","embeddable":true,"href":"https:\/\/bnssghealthiertogether.org.uk\/sq\/wp-json\/wp\/v2\/tags?post=12196"}],"curies":[{"name":"wp","href":"https:\/\/api.w.org\/{rel}","templated":true}]}}