{"id":151,"date":"2022-08-03T15:15:38","date_gmt":"2022-08-03T14:15:38","guid":{"rendered":"https:\/\/bnssghealthiertogether.org.uk\/?page_id=151"},"modified":"2025-01-30T14:34:33","modified_gmt":"2025-01-30T14:34:33","slug":"disclaimer","status":"publish","type":"page","link":"https:\/\/bnssghealthiertogether.org.uk\/sq\/disclaimer\/","title":{"rendered":"Njoftim"},"content":{"rendered":"<div class=\"assembler_default-group assembler_module_group assembler_default-group_1 assembler_module_group_1\"><div class=\"assembler_module_area assembler_module_area_1\"><div class=\"assembler_text-module assembler_module assembler_text-module_1 assembler_module_1  transparent\"><a tabindex=\"-1\" title=\"Seksioni me titull module-1\" id=\"module-1\" href=\"https:\/\/bnssghealthiertogether.org.uk\/sq\/wp-json\/wp\/v2\/pages\/151\/#module-1\" class=\"anchor\"><span class=\"hidden\">Seksioni me titull module-1<\/span><\/a><!-- Template found for text-module - Template: template-text - Matched: _only --><section class=\"w-full mx-auto max-w-content pt-10 sm:pt-20 pb-3 sm:pb-6\">\r\n  <div class=\"entry-content w-full !px-0 max-w-small\">\r\n        <h1>Njoftim<\/h1>\n  <\/div>\r\n  <\/section><\/div><!-- .assembler_text-module.assembler_module.assembler_text-module_1.assembler_module_1..transparent --><\/div><!-- .assembler_module_area.assembler_module_area_1 --><\/div><!-- .assembler_default-group.assembler_module_group.assembler_default-group_1.assembler_module_group_1  --><div class=\"assembler_default-group assembler_module_group assembler_default-group_2 assembler_module_group_2\"><div class=\"assembler_module_area assembler_module_area_1\"><div class=\"assembler_text-module assembler_module assembler_text-module_1 assembler_module_1  transparent\"><a tabindex=\"-1\" title=\"Seksioni me titull module-2\" id=\"module-2\" href=\"https:\/\/bnssghealthiertogether.org.uk\/sq\/wp-json\/wp\/v2\/pages\/151\/#module-2\" class=\"anchor\"><span class=\"hidden\">Seksioni me titull module-2<\/span><\/a><!-- Template found for text-module - Template: template-text - Matched: _only --><section class=\"w-full mx-auto max-w-content pt-3 sm:pt-6 pb-3 sm:pb-6\">\r\n  <div class=\"entry-content w-full !px-0 max-w-small\">\r\n        <h2>E drejta e autorit<\/h2>\n<p>P\u00ebrmbajtja e k\u00ebtij uebsajti \u00ebsht\u00eb e mbrojtur nga e drejta e autorit t\u00eb Bordit t\u00eb Kujdesit t\u00eb Integruar (ICB) t\u00eb Bristol, North Somerset dhe South Gloucestershire dhe Healthier Together \u2013 Sistemi i Kujdesit t\u00eb Integruar (ICS) i Bristol, North Somerset dhe South Gloucestershire, p\u00ebrve\u00e7 n\u00ebse thuhet ndryshe.<\/p>\n<p>Ju mund t\u00eb shkarkoni material vet\u00ebm p\u00ebr p\u00ebrdorim personal, studim privat, k\u00ebrkim ose p\u00ebrdorim t\u00eb brendsh\u00ebm.<\/p>\n<p>Nuk duhet t\u00eb kopjoni, shp\u00ebrndani ose publikoni asnj\u00eb material nga ky uebsajt, p\u00ebrve\u00e7 n\u00ebse merrni leje formale nga mbajt\u00ebsi i t\u00eb drejtave t\u00eb autorit.<\/p>\n<h2>Sakt\u00ebsi<\/h2>\n<p>Nd\u00ebrsa kemi p\u00ebrpjekur t\u00eb mbledhim informacione t\u00eb sakta n\u00eb k\u00ebt\u00eb faqe dhe ta mbajm\u00eb t\u00eb p\u00ebrdit\u00ebsuar, nuk mund t\u00eb garantojm\u00eb q\u00eb ajo \u00ebsht\u00eb 100% e plot\u00eb ose e sakt\u00eb.<\/p>\n<p>Informacioni i ofruar n\u00eb k\u00ebt\u00eb faqe nuk p\u00ebrb\u00ebn k\u00ebshilla profesionale dhe mund t\u00eb ndryshoj\u00eb.<\/p>\n<h2>Lidhjet<\/h2>\n<p>Lidhjet nga ky uebsajt ofrohen vet\u00ebm p\u00ebr informacionin dhe komoditetin tuaj.<\/p>\n<p>Ne nuk mund t\u00eb pranojm\u00eb p\u00ebrgjegj\u00ebsi p\u00ebr faqet me lidhje t\u00eb disponueshme p\u00ebrmes faqes s\u00eb internetit Healthier Together dhe NHS Bristol, North Somerset and South Gloucestershire ICB, ose p\u00ebr informacionin q\u00eb gjendet aty.<\/p>\n<p>Nj\u00eb lidhje nuk n\u00ebnkupton q\u00eb ne mb\u00ebshtesim nj\u00eb faqe t\u00eb caktuar. As mungesa e nj\u00eb lidhjeje p\u00ebr nj\u00eb faqe nuk n\u00ebnkupton munges\u00eb mb\u00ebshtetjeje.<\/p>\n<h2>Disponueshm\u00ebria<\/h2>\n<p>Ne nuk mund t\u00eb garantojm\u00eb akses t\u00eb pand\u00ebrprer\u00eb n\u00eb k\u00ebt\u00eb faqe interneti, ose n\u00eb faqet me t\u00eb cilat ajo lidhet. Ne nuk mund t\u00eb pranojm\u00eb p\u00ebrgjegj\u00ebsi p\u00ebr ndonj\u00eb d\u00ebmtim q\u00eb lind nga humbja e mund\u00ebsis\u00eb s\u00eb p\u00ebrdorimit t\u00eb k\u00ebtyre informacioneve.<\/p>\n  <\/div>\r\n  <\/section><\/div><!-- .assembler_text-module.assembler_module.assembler_text-module_1.assembler_module_1..transparent --><\/div><!-- .assembler_module_area.assembler_module_area_1 --><\/div><!-- .assembler_default-group.assembler_module_group.assembler_default-group_2.assembler_module_group_2  -->","protected":false},"excerpt":{"rendered":"<p>The content of this website is the copyright of Healthier Together &#8211; the Bristol, North Somerset and South Gloucestershire Integrated Care System (ICS) unless stated otherwise.<\/p>","protected":false},"author":1,"featured_media":0,"parent":0,"menu_order":0,"comment_status":"closed","ping_status":"closed","template":"","meta":{"_acf_changed":false,"footnotes":""},"tags":[],"class_list":["post-151","page","type-page","status-publish","hentry"],"acf":[],"_links":{"self":[{"href":"https:\/\/bnssghealthiertogether.org.uk\/sq\/wp-json\/wp\/v2\/pages\/151","targetHints":{"allow":["GET"]}}],"collection":[{"href":"https:\/\/bnssghealthiertogether.org.uk\/sq\/wp-json\/wp\/v2\/pages"}],"about":[{"href":"https:\/\/bnssghealthiertogether.org.uk\/sq\/wp-json\/wp\/v2\/types\/page"}],"author":[{"embeddable":true,"href":"https:\/\/bnssghealthiertogether.org.uk\/sq\/wp-json\/wp\/v2\/users\/1"}],"replies":[{"embeddable":true,"href":"https:\/\/bnssghealthiertogether.org.uk\/sq\/wp-json\/wp\/v2\/comments?post=151"}],"version-history":[{"count":7,"href":"https:\/\/bnssghealthiertogether.org.uk\/sq\/wp-json\/wp\/v2\/pages\/151\/revisions"}],"predecessor-version":[{"id":36737,"href":"https:\/\/bnssghealthiertogether.org.uk\/sq\/wp-json\/wp\/v2\/pages\/151\/revisions\/36737"}],"wp:attachment":[{"href":"https:\/\/bnssghealthiertogether.org.uk\/sq\/wp-json\/wp\/v2\/media?parent=151"}],"wp:term":[{"taxonomy":"post_tag","embeddable":true,"href":"https:\/\/bnssghealthiertogether.org.uk\/sq\/wp-json\/wp\/v2\/tags?post=151"}],"curies":[{"name":"wp","href":"https:\/\/api.w.org\/{rel}","templated":true}]}}