{"id":154,"date":"2022-08-03T15:18:18","date_gmt":"2022-08-03T14:18:18","guid":{"rendered":"https:\/\/bnssghealthiertogether.org.uk\/?page_id=154"},"modified":"2024-09-16T22:55:15","modified_gmt":"2024-09-16T21:55:15","slug":"cookies","status":"publish","type":"page","link":"https:\/\/bnssghealthiertogether.org.uk\/sq\/cookies\/","title":{"rendered":"Cookie-t"},"content":{"rendered":"<div class=\"assembler_default-group assembler_module_group assembler_default-group_1 assembler_module_group_1\"><div class=\"assembler_module_area assembler_module_area_1\"><div class=\"assembler_text-module assembler_module assembler_text-module_1 assembler_module_1  transparent\"><a tabindex=\"-1\" title=\"Seksioni me titull module-1\" id=\"module-1\" href=\"https:\/\/bnssghealthiertogether.org.uk\/sq\/wp-json\/wp\/v2\/pages\/154\/#module-1\" class=\"anchor\"><span class=\"hidden\">Seksioni me titull module-1<\/span><\/a><!-- Template found for text-module - Template: template-text - Matched: _only --><section class=\"w-full mx-auto max-w-content pt-10 sm:pt-20 pb-3 sm:pb-6\">\r\n  <div class=\"entry-content w-full !px-0 max-w-small\">\r\n        <h1>Cookie-t<\/h1>\n  <\/div>\r\n  <\/section><\/div><!-- .assembler_text-module.assembler_module.assembler_text-module_1.assembler_module_1..transparent --><\/div><!-- .assembler_module_area.assembler_module_area_1 --><\/div><!-- .assembler_default-group.assembler_module_group.assembler_default-group_1.assembler_module_group_1  --><div class=\"assembler_default-group assembler_module_group assembler_default-group_2 assembler_module_group_2\"><div class=\"assembler_module_area assembler_module_area_1\"><div class=\"assembler_text-module assembler_module assembler_text-module_1 assembler_module_1  transparent\"><a tabindex=\"-1\" title=\"Seksioni me titull module-2\" id=\"module-2\" href=\"https:\/\/bnssghealthiertogether.org.uk\/sq\/wp-json\/wp\/v2\/pages\/154\/#module-2\" class=\"anchor\"><span class=\"hidden\">Seksioni me titull module-2<\/span><\/a><!-- Template found for text-module - Template: template-text - Matched: _only --><section class=\"w-full mx-auto max-w-content pt-3 sm:pt-6 pb-3 sm:pb-6\">\r\n  <div class=\"entry-content w-full !px-0 max-w-small\">\r\n        <p>\u2018Cookies\u2019 jan\u00eb skedar\u00eb t\u00eb vegj\u00ebl me tekst q\u00eb ruhen nga shfletuesi (p.sh. Internet Explorer ose Safari) n\u00eb kompjuterin ose telefonin tuaj celular. Ato i lejojn\u00eb faqet e internetit t\u00eb ruajn\u00eb gj\u00ebra t\u00eb tilla si preferencat e p\u00ebrdoruesit. Mund t'i konsideroni cookies si nj\u00eb \u2018memorie\u2019 p\u00ebr faqen e internetit, q\u00eb i mund\u00ebson asaj t\u00eb njoh\u00eb nj\u00eb p\u00ebrdorues dhe t\u00eb reagoj\u00eb n\u00eb m\u00ebnyr\u00eb t\u00eb p\u00ebrshtatshme.<\/p>\n<p>Vizitimi i faqeve n\u00eb k\u00ebt\u00eb faqe interneti mund t\u00eb prodhoj\u00eb cookie-t e Analytics.<\/p>\n<h2>Cookie-t e analiz\u00ebs<\/h2>\n<p>Sa her\u00eb q\u00eb nj\u00eb p\u00ebrdorues viziton faqen ton\u00eb t\u00eb internetit, softueri i analiz\u00ebs s\u00eb uebit i ofruar nga nj\u00eb pal\u00eb e tret\u00eb gjeneron nj\u00eb cookie analitike anonime. K\u00ebto cookie na tregojn\u00eb n\u00ebse keni vizituar m\u00eb par\u00eb faqen apo jo. Shfletuesi juaj na tregon n\u00ebse keni k\u00ebto cookie, dhe n\u00ebse nuk i keni, ne krijojm\u00eb t\u00eb reja. Kjo na lejon t\u00eb ndjekim sa p\u00ebrdorues unik\u00eb individual\u00eb kemi dhe sa shpesh ata vizitojn\u00eb faqen. Ne p\u00ebrdorim k\u00ebto informacione p\u00ebr t\u00eb p\u00ebrmir\u00ebsuar faqen.<\/p>\n<p>Cookie-t e analiz\u00ebs p\u00ebrdoren vet\u00ebm p\u00ebr q\u00ebllime statistikore.<\/p>\n<h2>Cookie-t q\u00eb p\u00ebrdorim<\/h2>\n<p><script type=\"text\/javascript\" charset=\"UTF-8\"  data-cookiescriptreport=\"report\" src=\"\/\/report.cookie-script.com\/r\/8c1002bb88f85841a49a909fdc4a5568.js\"><\/script><\/p>\n<h2>\u00c7aktivimi i kukive<\/h2>\n<p>Zakonisht mund t\u00eb ndaloni shfletuesin tuaj q\u00eb t\u00eb pranoj\u00eb cookie-t, ose t\u00eb ndaloni pranimin e cookie-ve nga nj\u00eb faqe e caktuar interneti. N\u00ebse parandaloni shfletuesin tuaj q\u00eb t\u00eb pranoj\u00eb cookie-t tona, p\u00ebrvoja juaj n\u00eb faqe mund t\u00eb preket.<\/p>\n<p>Shfletuesit modern\u00eb ju lejojn\u00eb t\u00eb ndryshoni cil\u00ebsimet e cookie-ve. K\u00ebto cil\u00ebsime zakonisht gjenden n\u00eb menun\u00eb \u2018opsionet\u2019 ose \u2018preferencat\u2019 t\u00eb shfletuesit tuaj. P\u00ebr t\u00eb kuptuar k\u00ebto cil\u00ebsime, lidhjet e m\u00ebposhtme mund t\u00eb jen\u00eb t\u00eb dobishme.<\/p>\n<ul>\n<li><a href=\"https:\/\/support.microsoft.com\/en-us\/help\/17479\/windows-internet-explorer-11-change-security-privacy-settings\" target=\"_blank\" rel=\"nofollow noopener\">Caktimet e kukive n\u00eb Internet Explorer<\/a><\/li>\n<li><a href=\"http:\/\/support.mozilla.org\/en-US\/kb\/cookies-information-websites-store-on-your-computer\" target=\"_blank\" rel=\"nofollow noopener\">Caktimet e cookies n\u00eb Firefox<\/a><\/li>\n<li><a href=\"https:\/\/support.google.com\/chrome\/answer\/95647?hl=en\" target=\"_blank\" rel=\"nofollow noopener\">Caktimet e kukive n\u00eb Chrome<\/a><\/li>\n<li><a href=\"https:\/\/support.apple.com\/en-gb\/guide\/safari\/manage-cookies-and-website-data-sfri11471\/mac\" target=\"_blank\" rel=\"nofollow noopener\">Caktimet e kukive n\u00eb Safari n\u00eb web dhe iOS<\/a><\/li>\n<\/ul>\n<h2>M\u00eb shum\u00eb informacion rreth cookies<\/h2>\n<ul>\n<li><a href=\"http:\/\/www.allaboutcookies.org\/\" target=\"_blank\" rel=\"nofollow noopener\">T\u00eb gjitha rreth biskotave<\/a><\/li>\n<li><a href=\"https:\/\/ico.org.uk\/\" target=\"_blank\" rel=\"nofollow noopener\">Zyra e Komisionerit p\u00ebr Informacionin<\/a><\/li>\n<\/ul>\n  <\/div>\r\n  <\/section><\/div><!-- .assembler_text-module.assembler_module.assembler_text-module_1.assembler_module_1..transparent --><\/div><!-- .assembler_module_area.assembler_module_area_1 --><\/div><!-- .assembler_default-group.assembler_module_group.assembler_default-group_2.assembler_module_group_2  -->","protected":false},"excerpt":{"rendered":"<p>Section titled module-1 Cookies Section titled module-2 &#8216;Cookies&#8217; are small text files that are stored by the browser (e.g. Internet Explorer or Safari) on your computer or mobile phone. They allow websites to store such things as user preferences. You can think of cookies as providing a &#8216;memory&#8217; for the website, enabling it to recognise [&hellip;]<\/p>\n","protected":false},"author":1,"featured_media":0,"parent":0,"menu_order":0,"comment_status":"closed","ping_status":"closed","template":"","meta":{"_acf_changed":false,"footnotes":""},"tags":[],"class_list":["post-154","page","type-page","status-publish","hentry"],"acf":[],"_links":{"self":[{"href":"https:\/\/bnssghealthiertogether.org.uk\/sq\/wp-json\/wp\/v2\/pages\/154","targetHints":{"allow":["GET"]}}],"collection":[{"href":"https:\/\/bnssghealthiertogether.org.uk\/sq\/wp-json\/wp\/v2\/pages"}],"about":[{"href":"https:\/\/bnssghealthiertogether.org.uk\/sq\/wp-json\/wp\/v2\/types\/page"}],"author":[{"embeddable":true,"href":"https:\/\/bnssghealthiertogether.org.uk\/sq\/wp-json\/wp\/v2\/users\/1"}],"replies":[{"embeddable":true,"href":"https:\/\/bnssghealthiertogether.org.uk\/sq\/wp-json\/wp\/v2\/comments?post=154"}],"version-history":[{"count":8,"href":"https:\/\/bnssghealthiertogether.org.uk\/sq\/wp-json\/wp\/v2\/pages\/154\/revisions"}],"predecessor-version":[{"id":10775,"href":"https:\/\/bnssghealthiertogether.org.uk\/sq\/wp-json\/wp\/v2\/pages\/154\/revisions\/10775"}],"wp:attachment":[{"href":"https:\/\/bnssghealthiertogether.org.uk\/sq\/wp-json\/wp\/v2\/media?parent=154"}],"wp:term":[{"taxonomy":"post_tag","embeddable":true,"href":"https:\/\/bnssghealthiertogether.org.uk\/sq\/wp-json\/wp\/v2\/tags?post=154"}],"curies":[{"name":"wp","href":"https:\/\/api.w.org\/{rel}","templated":true}]}}