{"id":32873,"date":"2024-10-17T13:12:19","date_gmt":"2024-10-17T12:12:19","guid":{"rendered":"https:\/\/bnssghealthiertogether.org.uk\/?page_id=32873"},"modified":"2025-05-08T16:48:49","modified_gmt":"2025-05-08T15:48:49","slug":"knowledge-mobilisation","status":"publish","type":"page","link":"https:\/\/bnssghealthiertogether.org.uk\/sq\/integrated-care-board\/research-and-evidence\/knowledge-mobilisation\/","title":{"rendered":"Mobilizimi i Dijes"},"content":{"rendered":"<div class=\"assembler_default-group assembler_module_group assembler_default-group_1 assembler_module_group_1\"><div class=\"assembler_module_area assembler_module_area_1\"><div class=\"assembler_text-module assembler_module assembler_text-module_1 assembler_module_1  transparent\"><a tabindex=\"-1\" title=\"Seksioni me titull module-1\" id=\"module-1\" href=\"https:\/\/bnssghealthiertogether.org.uk\/sq\/wp-json\/wp\/v2\/pages\/32873\/#module-1\" class=\"anchor\"><span class=\"hidden\">Seksioni me titull module-1<\/span><\/a><!-- Template found for text-module - Template: template-text - Matched: _only --><section class=\"w-full mx-auto max-w-content pt-12 sm:pt-24 pb-3 sm:pb-6\">\n    <div class=\"flex gap-11 md:grid md:grid-cols-2 flex-col\">\n    <div class=\"entry-content\">\n      <h1>Mobilizimi i Dijes<\/h1>\n<p>Mobilizimi i Dijes p\u00ebrfshin bashkimin e pal\u00ebve t\u00eb interesuara kryesore p\u00ebr t\u00eb gjeneruar pyetje t\u00eb r\u00ebnd\u00ebsishme k\u00ebrkimore dhe p\u00ebr t\u00eb leht\u00ebsuar p\u00ebrdorimin m\u00eb t\u00eb mir\u00eb t\u00eb provave n\u00eb vendimmarrje.<\/p>\n<p>Ekipi yn\u00eb i K\u00ebrkimit krijon nj\u00eb ur\u00eb lidh\u00ebse midis studiuesve dhe atyre q\u00eb informojn\u00eb praktik\u00ebn, duke punuar p\u00ebr t\u00eb ndikuar n\u00eb nj\u00eb kultur\u00eb ku porositja e bazuar n\u00eb prova b\u00ebhet norm\u00eb.<\/p>\n<p>P\u00ebrmes Mobilizimit t\u00eb Njohurive, ne mb\u00ebshtesim gjenerimin, zhvillimin, zbatimin dhe transformimin e provave m\u00eb t\u00eb mira t\u00eb disponueshme, p\u00ebr t\u00eb p\u00ebrmir\u00ebsuar sh\u00ebndetin dhe mir\u00ebqenien e popullsis\u00eb n\u00eb rajonin e Bristolit, Somersetit Verior dhe Gloucestershire Jugor.<\/p>\n<ul>\n<li><a href=\"https:\/\/www.cymha.ca\/Modules\/ResourceHub\/?id=03bd6ad5-b2e5-4d9d-91fb-2e7a3a607036\" rel=\"noopener\">Vizitoni Mjetin e Mobilizimit t\u00eb Njohurive p\u00ebr mjete, burime dhe informacion<\/a><\/li>\n<li><a href=\"https:\/\/kmalliance.co.uk\/\" rel=\"noopener\">Vizitoni Aleanc\u00ebn e Mobilizimit t\u00eb Dijes<\/a><\/li>\n<li><a href=\"https:\/\/bnssghealthiertogether.org.uk\/sq\/integrated-care-board\/research-and-evidence\/impact-case-studies\/research-supporting-the-re-design-of-the-muscoskeletal-pathway\/\">Lexoni studimin ton\u00eb t\u00eb rastit mbi pun\u00ebn ton\u00eb n\u00eb kujdesin muskuloskeletal<\/a><\/li>\n<\/ul>\n    <\/div>\n    <div class=\"entry-content\">\n      <p>Faqe t\u00eb tjera n\u00eb seksionin e K\u00ebrkimit:<\/p>\n      <div class=\"menu level-menu-shortcode arrows\">\n        <ul>\n                      <li class=\"menu-item\">\n              <a href=\"https:\/\/bnssghealthiertogether.org.uk\/sq\/integrated-care-board\/research-and-evidence\/about-the-team\/\">About the ICB Research Team<\/a>\n            <\/li>\n                      <li class=\"menu-item\">\n              <a href=\"https:\/\/bnssghealthiertogether.org.uk\/sq\/integrated-care-board\/research-and-evidence\/our-research-portfolio\/\">Portofoli i k\u00ebrkimit t\u00eb ICB-s\u00eb<\/a>\n            <\/li>\n                      <li class=\"menu-item\">\n              <a href=\"https:\/\/bnssghealthiertogether.org.uk\/sq\/integrated-care-board\/research-and-evidence\/impact-case-studies\/\">Studimet e Rastit t\u00eb Ndikimit<\/a>\n            <\/li>\n                      <li class=\"menu-item current-menu-item\">\n              <a href=\"https:\/\/bnssghealthiertogether.org.uk\/sq\/integrated-care-board\/research-and-evidence\/knowledge-mobilisation\/\">Mobilizimi i Dijes<\/a>\n            <\/li>\n                      <li class=\"menu-item\">\n              <a href=\"https:\/\/bnssghealthiertogether.org.uk\/sq\/integrated-care-board\/research-and-evidence\/icb-research-strategy\/\">Strategjia jon\u00eb e k\u00ebrkimit<\/a>\n            <\/li>\n                      <li class=\"menu-item\">\n              <a href=\"https:\/\/bnssghealthiertogether.org.uk\/sq\/integrated-care-board\/research-and-evidence\/research-and-evidence-seminars\/\">Seminare k\u00ebrkimore dhe provash<\/a>\n            <\/li>\n                      <li class=\"menu-item\">\n              <a href=\"https:\/\/bnssghealthiertogether.org.uk\/sq\/integrated-care-board\/research-and-evidence\/submit-a-research-idea\/\">Dor\u00ebzoni nj\u00eb ide k\u00ebrkimore<\/a>\n            <\/li>\n                      <li class=\"menu-item\">\n              <a href=\"https:\/\/bnssghealthiertogether.org.uk\/sq\/integrated-care-board\/research-and-evidence\/support-for-researchers\/\">Mb\u00ebshtetje p\u00ebr studiuesit<\/a>\n            <\/li>\n                      <li class=\"menu-item\">\n              <a href=\"https:\/\/bnssghealthiertogether.org.uk\/sq\/integrated-care-board\/research-and-evidence\/the-impact-accelerator-unit-iau\/\">Nj\u00ebsia e P\u00ebrshpejtuesit t\u00eb Impaktit (IAU)<\/a>\n            <\/li>\n                  <\/ul>\n      <\/div>\n\n    <\/div>\n      <\/div>\n<\/section><\/div><!-- .assembler_text-module.assembler_module.assembler_text-module_1.assembler_module_1..transparent --><div class=\"assembler_text-module assembler_module assembler_text-module_2 assembler_module_2  transparent\"><a tabindex=\"-1\" title=\"Seksioni me titull module-2\" id=\"module-2\" href=\"https:\/\/bnssghealthiertogether.org.uk\/sq\/wp-json\/wp\/v2\/pages\/32873\/#module-2\" class=\"anchor\"><span class=\"hidden\">Seksioni me titull module-2<\/span><\/a><!-- Template found for text-module - Template: template-text - Matched: _only --><section class=\"w-full mx-auto max-w-content pt-3 sm:pt-6 pb-12 sm:pb-24\">\r\n  <div class=\"entry-content w-full !px-0 max-w-small\">\r\n        <h2>Mobilizimi i Dijes n\u00eb Universitetin e Bristolit<\/h2>\n<p>Ne bashk\u00ebpunojm\u00eb ngusht\u00eb me koleg\u00ebt n\u00eb <a href=\"https:\/\/www.bristol.ac.uk\/primaryhealthcare\/researchthemes\/km\/\" rel=\"noopener\">Universiteti i Bristolit<\/a> p\u00ebr t\u00eb mb\u00ebshtetur Mobilizimin e Dijes.<\/p>\n<h2>Mobilizimi i Dijes n\u00eb Universitetin e Anglis\u00eb Per\u00ebndimore<\/h2>\n<p>Ne bashk\u00ebpunojm\u00eb ngusht\u00eb me koleg\u00ebt n\u00eb <a href=\"https:\/\/www.uwe.ac.uk\/research\/centres-and-groups\/chcr\/research-themes\/knowledge-mobilisation\" rel=\"noopener\">Universiteti i Anglis\u00eb Per\u00ebndimore<\/a> (UWE Bristol) p\u00ebr t\u00eb mb\u00ebshtetur Mobilizimin e Dijes.<\/p>\n  <\/div>\r\n  <\/section><\/div><!-- .assembler_text-module.assembler_module.assembler_text-module_2.assembler_module_2..transparent --><\/div><!-- .assembler_module_area.assembler_module_area_1 --><\/div><!-- .assembler_default-group.assembler_module_group.assembler_default-group_1.assembler_module_group_1  -->","protected":false},"excerpt":{"rendered":"<p>Mobilizimi i Dijes p\u00ebrfshin bashkimin e pal\u00ebve t\u00eb interesuara kryesore p\u00ebr t\u00eb gjeneruar pyetje t\u00eb r\u00ebnd\u00ebsishme k\u00ebrkimore dhe p\u00ebr t\u00eb leht\u00ebsuar p\u00ebrdorimin m\u00eb t\u00eb mir\u00eb t\u00eb provave n\u00eb vendimmarrje.<\/p>","protected":false},"author":1,"featured_media":0,"parent":12227,"menu_order":0,"comment_status":"closed","ping_status":"closed","template":"","meta":{"_acf_changed":false,"footnotes":""},"tags":[],"class_list":["post-32873","page","type-page","status-publish","hentry"],"acf":[],"_links":{"self":[{"href":"https:\/\/bnssghealthiertogether.org.uk\/sq\/wp-json\/wp\/v2\/pages\/32873","targetHints":{"allow":["GET"]}}],"collection":[{"href":"https:\/\/bnssghealthiertogether.org.uk\/sq\/wp-json\/wp\/v2\/pages"}],"about":[{"href":"https:\/\/bnssghealthiertogether.org.uk\/sq\/wp-json\/wp\/v2\/types\/page"}],"author":[{"embeddable":true,"href":"https:\/\/bnssghealthiertogether.org.uk\/sq\/wp-json\/wp\/v2\/users\/1"}],"replies":[{"embeddable":true,"href":"https:\/\/bnssghealthiertogether.org.uk\/sq\/wp-json\/wp\/v2\/comments?post=32873"}],"version-history":[{"count":5,"href":"https:\/\/bnssghealthiertogether.org.uk\/sq\/wp-json\/wp\/v2\/pages\/32873\/revisions"}],"predecessor-version":[{"id":39209,"href":"https:\/\/bnssghealthiertogether.org.uk\/sq\/wp-json\/wp\/v2\/pages\/32873\/revisions\/39209"}],"up":[{"embeddable":true,"href":"https:\/\/bnssghealthiertogether.org.uk\/sq\/wp-json\/wp\/v2\/pages\/12227"}],"wp:attachment":[{"href":"https:\/\/bnssghealthiertogether.org.uk\/sq\/wp-json\/wp\/v2\/media?parent=32873"}],"wp:term":[{"taxonomy":"post_tag","embeddable":true,"href":"https:\/\/bnssghealthiertogether.org.uk\/sq\/wp-json\/wp\/v2\/tags?post=32873"}],"curies":[{"name":"wp","href":"https:\/\/api.w.org\/{rel}","templated":true}]}}