{"id":32876,"date":"2024-10-17T13:14:04","date_gmt":"2024-10-17T12:14:04","guid":{"rendered":"https:\/\/bnssghealthiertogether.org.uk\/?page_id=32876"},"modified":"2025-12-08T16:57:06","modified_gmt":"2025-12-08T16:57:06","slug":"our-research-portfolio","status":"publish","type":"page","link":"https:\/\/bnssghealthiertogether.org.uk\/sq\/integrated-care-board\/research-and-evidence\/our-research-portfolio\/","title":{"rendered":"Portofoli i k\u00ebrkimit t\u00eb ICB-s\u00eb"},"content":{"rendered":"<div class=\"assembler_default-group assembler_module_group assembler_default-group_1 assembler_module_group_1\"><div class=\"assembler_module_area assembler_module_area_1\"><div class=\"assembler_text-module assembler_module assembler_text-module_1 assembler_module_1  transparent\"><a tabindex=\"-1\" title=\"Seksioni me titull module-1\" id=\"module-1\" href=\"https:\/\/bnssghealthiertogether.org.uk\/sq\/wp-json\/wp\/v2\/pages\/32876\/#module-1\" class=\"anchor\"><span class=\"hidden\">Seksioni me titull module-1<\/span><\/a><!-- Template found for text-module - Template: template-text - Matched: _only --><section class=\"w-full mx-auto max-w-content pt-12 sm:pt-24 pb-3 sm:pb-6\">\n    <div class=\"flex gap-11 md:grid md:grid-cols-2 flex-col\">\n    <div class=\"entry-content\">\n      <h1>Portofoli yn\u00eb i k\u00ebrkimit<\/h1>\n<p>NHS Bristol, North Somerset dhe South Gloucestershire ICB bashk\u00ebpunon me koleg\u00ebt klinik\u00eb dhe universitar\u00eb vendas p\u00ebr t\u00eb aplikuar p\u00ebr fonde n\u00eb Institutin Komb\u00ebtar p\u00ebr K\u00ebrkime Sh\u00ebndet\u00ebsore (NIHR).<\/p>\n<p>N\u00ebse aplikimet tona jan\u00eb t\u00eb suksesshme, NIHR na kontrakton p\u00ebr t\u00eb ofruar projekte k\u00ebrkimore dhe p\u00ebr t\u00eb hetuar \u00e7\u00ebshtje me r\u00ebnd\u00ebsi p\u00ebr NHS-n\u00eb dhe sh\u00ebndetin publik.<\/p>\n<p>Portofoli yn\u00eb k\u00ebrkimor m\u00eb posht\u00eb tregon projektet aktuale p\u00ebr t\u00eb cilat kemi marr\u00eb fonde nga NIHR. Detyra jon\u00eb \u00ebsht\u00eb t\u00eb mb\u00ebshtesim Kryehetuesit dhe bashk\u00ebpun\u00ebtor\u00ebt tan\u00eb universitar\u00eb p\u00ebr t\u00eb p\u00ebrfunduar projektet k\u00ebrkimore.<\/p>\n<p>K\u00ebto jan\u00eb studimet aktuale n\u00eb portofolin ton\u00eb k\u00ebrkimor:<\/p>\n      <div class=\"menu level-menu-shortcode arrows\">\n        <ul>\n                      <li class=\"menu-item\">\n              <a href=\"https:\/\/bnssghealthiertogether.org.uk\/sq\/integrated-care-board\/research-and-evidence\/our-research-portfolio\/icb-led-applied-research-projects\/\">Projektet e K\u00ebrkimit t\u00eb Aplikuar t\u00eb udh\u00ebhequra nga ICB<\/a>\n            <\/li>\n                      <li class=\"menu-item\">\n              <a href=\"https:\/\/bnssghealthiertogether.org.uk\/sq\/integrated-care-board\/research-and-evidence\/our-research-portfolio\/nihr-funded-projects\/\">Projekte t\u00eb Financuara nga NIHR<\/a>\n            <\/li>\n                      <li class=\"menu-item\">\n              <a href=\"https:\/\/bnssghealthiertogether.org.uk\/sq\/integrated-care-board\/research-and-evidence\/our-research-portfolio\/previously-supported-projects\/\">Projekte t\u00eb Mb\u00ebshtetura M\u00eb Para<\/a>\n            <\/li>\n                      <li class=\"menu-item\">\n              <a href=\"https:\/\/bnssghealthiertogether.org.uk\/sq\/integrated-care-board\/research-and-evidence\/our-research-portfolio\/type-1-rcf-funded-projects\/\">Projektet e Financuara nga RCF e Tipit 1<\/a>\n            <\/li>\n                      <li class=\"menu-item\">\n              <a href=\"https:\/\/bnssghealthiertogether.org.uk\/sq\/integrated-care-board\/research-and-evidence\/our-research-portfolio\/type-2-rcf-funded-projects\/\">Projektet e Financuara nga RCF e Tipit 2<\/a>\n            <\/li>\n                  <\/ul>\n      <\/div>\n\n<p>&nbsp;<\/p>\n    <\/div>\n    <div class=\"entry-content\">\n      <p>Faqe t\u00eb tjera n\u00eb seksionin e K\u00ebrkimit:<\/p>\n      <div class=\"menu level-menu-shortcode arrows\">\n        <ul>\n                      <li class=\"menu-item\">\n              <a href=\"https:\/\/bnssghealthiertogether.org.uk\/sq\/integrated-care-board\/research-and-evidence\/about-the-team\/\">About the ICB Research Team<\/a>\n            <\/li>\n                      <li class=\"menu-item current-menu-item\">\n              <a href=\"https:\/\/bnssghealthiertogether.org.uk\/sq\/integrated-care-board\/research-and-evidence\/our-research-portfolio\/\">Portofoli i k\u00ebrkimit t\u00eb ICB-s\u00eb<\/a>\n            <\/li>\n                      <li class=\"menu-item\">\n              <a href=\"https:\/\/bnssghealthiertogether.org.uk\/sq\/integrated-care-board\/research-and-evidence\/impact-case-studies\/\">Studimet e Rastit t\u00eb Ndikimit<\/a>\n            <\/li>\n                      <li class=\"menu-item\">\n              <a href=\"https:\/\/bnssghealthiertogether.org.uk\/sq\/integrated-care-board\/research-and-evidence\/knowledge-mobilisation\/\">Mobilizimi i Dijes<\/a>\n            <\/li>\n                      <li class=\"menu-item\">\n              <a href=\"https:\/\/bnssghealthiertogether.org.uk\/sq\/integrated-care-board\/research-and-evidence\/icb-research-strategy\/\">Strategjia jon\u00eb e k\u00ebrkimit<\/a>\n            <\/li>\n                      <li class=\"menu-item\">\n              <a href=\"https:\/\/bnssghealthiertogether.org.uk\/sq\/integrated-care-board\/research-and-evidence\/research-and-evidence-seminars\/\">Seminare k\u00ebrkimore dhe provash<\/a>\n            <\/li>\n                      <li class=\"menu-item\">\n              <a href=\"https:\/\/bnssghealthiertogether.org.uk\/sq\/integrated-care-board\/research-and-evidence\/submit-a-research-idea\/\">Dor\u00ebzoni nj\u00eb ide k\u00ebrkimore<\/a>\n            <\/li>\n                      <li class=\"menu-item\">\n              <a href=\"https:\/\/bnssghealthiertogether.org.uk\/sq\/integrated-care-board\/research-and-evidence\/support-for-researchers\/\">Mb\u00ebshtetje p\u00ebr studiuesit<\/a>\n            <\/li>\n                      <li class=\"menu-item\">\n              <a href=\"https:\/\/bnssghealthiertogether.org.uk\/sq\/integrated-care-board\/research-and-evidence\/the-impact-accelerator-unit-iau\/\">Nj\u00ebsia e P\u00ebrshpejtuesit t\u00eb Impaktit (IAU)<\/a>\n            <\/li>\n                  <\/ul>\n      <\/div>\n\n    <\/div>\n      <\/div>\n<\/section><\/div><!-- .assembler_text-module.assembler_module.assembler_text-module_1.assembler_module_1..transparent --><\/div><!-- .assembler_module_area.assembler_module_area_1 --><\/div><!-- .assembler_default-group.assembler_module_group.assembler_default-group_1.assembler_module_group_1  -->","protected":false},"excerpt":{"rendered":"<p>The NHS Bristol, North Somerset and South Gloucestershire ICB research portfolio shows the current projects that we have been awarded NIHR funding to complete.<\/p>","protected":false},"author":1,"featured_media":0,"parent":12227,"menu_order":0,"comment_status":"closed","ping_status":"closed","template":"","meta":{"_acf_changed":false,"footnotes":""},"tags":[],"class_list":["post-32876","page","type-page","status-publish","hentry"],"acf":[],"_links":{"self":[{"href":"https:\/\/bnssghealthiertogether.org.uk\/sq\/wp-json\/wp\/v2\/pages\/32876","targetHints":{"allow":["GET"]}}],"collection":[{"href":"https:\/\/bnssghealthiertogether.org.uk\/sq\/wp-json\/wp\/v2\/pages"}],"about":[{"href":"https:\/\/bnssghealthiertogether.org.uk\/sq\/wp-json\/wp\/v2\/types\/page"}],"author":[{"embeddable":true,"href":"https:\/\/bnssghealthiertogether.org.uk\/sq\/wp-json\/wp\/v2\/users\/1"}],"replies":[{"embeddable":true,"href":"https:\/\/bnssghealthiertogether.org.uk\/sq\/wp-json\/wp\/v2\/comments?post=32876"}],"version-history":[{"count":8,"href":"https:\/\/bnssghealthiertogether.org.uk\/sq\/wp-json\/wp\/v2\/pages\/32876\/revisions"}],"predecessor-version":[{"id":45341,"href":"https:\/\/bnssghealthiertogether.org.uk\/sq\/wp-json\/wp\/v2\/pages\/32876\/revisions\/45341"}],"up":[{"embeddable":true,"href":"https:\/\/bnssghealthiertogether.org.uk\/sq\/wp-json\/wp\/v2\/pages\/12227"}],"wp:attachment":[{"href":"https:\/\/bnssghealthiertogether.org.uk\/sq\/wp-json\/wp\/v2\/media?parent=32876"}],"wp:term":[{"taxonomy":"post_tag","embeddable":true,"href":"https:\/\/bnssghealthiertogether.org.uk\/sq\/wp-json\/wp\/v2\/tags?post=32876"}],"curies":[{"name":"wp","href":"https:\/\/api.w.org\/{rel}","templated":true}]}}