{"id":32891,"date":"2024-10-17T13:24:51","date_gmt":"2024-10-17T12:24:51","guid":{"rendered":"https:\/\/bnssghealthiertogether.org.uk\/?page_id=32891"},"modified":"2025-01-16T22:58:17","modified_gmt":"2025-01-16T22:58:17","slug":"previously-supported-projects","status":"publish","type":"page","link":"https:\/\/bnssghealthiertogether.org.uk\/sq\/integrated-care-board\/research-and-evidence\/our-research-portfolio\/previously-supported-projects\/","title":{"rendered":"Projekte t\u00eb Mb\u00ebshtetura M\u00eb Para"},"content":{"rendered":"<div class=\"assembler_default-group assembler_module_group assembler_default-group_1 assembler_module_group_1\"><div class=\"assembler_module_area assembler_module_area_1\"><div class=\"assembler_text-module assembler_module assembler_text-module_1 assembler_module_1  transparent\"><a tabindex=\"-1\" title=\"Seksioni me titull module-1\" id=\"module-1\" href=\"https:\/\/bnssghealthiertogether.org.uk\/sq\/wp-json\/wp\/v2\/pages\/32891\/#module-1\" class=\"anchor\"><span class=\"hidden\">Seksioni me titull module-1<\/span><\/a><!-- Template found for text-module - Template: template-text - Matched: _only --><section class=\"w-full mx-auto max-w-content pt-12 sm:pt-24 pb-12 sm:pb-24\">\n    <div class=\"flex gap-11 md:grid md:grid-cols-2 flex-col\">\n    <div class=\"entry-content\">\n      <h1>Projekte t\u00eb Mb\u00ebshtetura M\u00eb Para<\/h1>\n<p>Links to projects previously supported by Birstol, North Somerset and South Gloucestershire ICB, such as Fellowships, previous RCF awardees, and non-NIHR funded projects.<\/p>\n      <div class=\"menu level-menu-shortcode arrows\">\n        <ul>\n                      <li class=\"menu-item\">\n              <a href=\"https:\/\/bnssghealthiertogether.org.uk\/sq\/integrated-care-board\/research-and-evidence\/our-research-portfolio\/previously-supported-projects\/a-patient-reported-questionnaire-to-measure-the-use-of-informal-care-social-care-and-personal-expenses\/\">Nj\u00eb pyet\u00ebsor i raportuar nga pacient\u00ebt p\u00ebr t\u00eb matur p\u00ebrdorimin e kujdesit informal, kujdesit social dhe shpenzimeve personale<\/a>\n            <\/li>\n                      <li class=\"menu-item\">\n              <a href=\"https:\/\/bnssghealthiertogether.org.uk\/sq\/integrated-care-board\/research-and-evidence\/our-research-portfolio\/previously-supported-projects\/adapt-the-south-asian-dementia-diagnosis-pathway-an-online-toolkit-of-enhanced-interventions\/\">ADAPT: Rruga e Diagnostikimit t\u00eb Demenc\u00ebs n\u00eb Azin\u00eb Jugore \u2013 nj\u00eb set mjetesh online me nd\u00ebrhyrje t\u00eb zgjeruara<\/a>\n            <\/li>\n                      <li class=\"menu-item\">\n              <a href=\"https:\/\/bnssghealthiertogether.org.uk\/sq\/integrated-care-board\/research-and-evidence\/our-research-portfolio\/previously-supported-projects\/bee-best-emollient-in-eczema\/\">BEE: Zbut\u00ebsi m\u00eb i mir\u00eb p\u00ebr ekzem\u00ebn<\/a>\n            <\/li>\n                      <li class=\"menu-item\">\n              <a href=\"https:\/\/bnssghealthiertogether.org.uk\/sq\/integrated-care-board\/research-and-evidence\/our-research-portfolio\/previously-supported-projects\/bite-size-patient-centred-exercise-and-education-videos-for-people-with-stroke-from-asian-backgrounds-indian-pakistani-and-bangladeshi\/\">Video ushtrimesh dhe edukimi t\u00eb p\u00ebrqendruara te pacienti, t\u00eb p\u00ebraf\u00ebrta p\u00ebr njer\u00ebzit me goditje n\u00eb tru nga prejardhje aziatike (indiane, pakistaneze dhe bangladeshiane)<\/a>\n            <\/li>\n                      <li class=\"menu-item\">\n              <a href=\"https:\/\/bnssghealthiertogether.org.uk\/sq\/integrated-care-board\/research-and-evidence\/our-research-portfolio\/previously-supported-projects\/chico-a-clinical-effectiveness-investigation-of-a-multi-faceted-intervention-to-improve-management-of-antibiotics-for-children-presenting-to-primary-care-with-acute-cough-and-respiratory-tract-infect\/\">CHICO: Nj\u00eb hetim klinik i efektivitetit t\u00eb nj\u00eb nd\u00ebrhyrjeje shum\u00ebplan\u00ebshe p\u00ebr t\u00eb p\u00ebrmir\u00ebsuar menaxhimin e antibiotik\u00ebve p\u00ebr f\u00ebmij\u00ebt q\u00eb paraqiten n\u00eb kujdesin par\u00ebsor me koll\u00eb akute dhe infeksion t\u00eb traktit respirator.<\/a>\n            <\/li>\n                      <li class=\"menu-item\">\n              <a href=\"https:\/\/bnssghealthiertogether.org.uk\/sq\/integrated-care-board\/research-and-evidence\/our-research-portfolio\/previously-supported-projects\/coac-using-health-information-systems-to-address-patient-concerns-in-gp-consultations-a-feasibility-study\/\">COAC: P\u00ebrdorimi i sistemeve t\u00eb informacionit sh\u00ebndet\u00ebsor p\u00ebr t\u00eb adresuar shqet\u00ebsimet e pacient\u00ebve n\u00eb konsultat e mjekut t\u00eb p\u00ebrgjithsh\u00ebm: nj\u00eb studim fizibiliteti<\/a>\n            <\/li>\n                      <li class=\"menu-item\">\n              <a href=\"https:\/\/bnssghealthiertogether.org.uk\/sq\/integrated-care-board\/research-and-evidence\/our-research-portfolio\/previously-supported-projects\/development-of-a-virtual-chronic-kidney-disease-clinic\/\">Zhvillimi i nj\u00eb klinike virtuale p\u00ebr s\u00ebmundjet kronike t\u00eb veshkave<\/a>\n            <\/li>\n                      <li class=\"menu-item\">\n              <a href=\"https:\/\/bnssghealthiertogether.org.uk\/sq\/integrated-care-board\/research-and-evidence\/our-research-portfolio\/previously-supported-projects\/gped-general-practitioners-and-emergency-departments-efficient-models-of-care\/\">GPED: Mjek\u00ebt e P\u00ebrgjithsh\u00ebm dhe Departamentet e Emergjencave: Modele Efikase t\u00eb Kujdesit<\/a>\n            <\/li>\n                      <li class=\"menu-item\">\n              <a href=\"https:\/\/bnssghealthiertogether.org.uk\/sq\/integrated-care-board\/research-and-evidence\/our-research-portfolio\/previously-supported-projects\/implementation-of-flash-glucose-monitoring-in-four-paediatric-diabetes-clinics-before-and-after-study-to-produce-real-world-evidence-of-patient-benefit\/\">Zbatimi i monitorimit t\u00eb shpejt\u00eb t\u00eb glukoz\u00ebs n\u00eb kat\u00ebr klinika pediatrike t\u00eb diabetit - para dhe pas studimit p\u00ebr t\u00eb prodhuar prova reale t\u00eb p\u00ebrfitimit t\u00eb pacientit.<\/a>\n            <\/li>\n                      <li class=\"menu-item\">\n              <a href=\"https:\/\/bnssghealthiertogether.org.uk\/sq\/integrated-care-board\/research-and-evidence\/our-research-portfolio\/previously-supported-projects\/improving-the-provision-of-support-for-appearance-related-issues-in-primary-care\/\">P\u00ebrmir\u00ebsimi i ofrimit t\u00eb mb\u00ebshtetjes p\u00ebr \u00e7\u00ebshtjet q\u00eb lidhen me pamjen n\u00eb kujdesin par\u00ebsor<\/a>\n            <\/li>\n                      <li class=\"menu-item\">\n              <a href=\"https:\/\/bnssghealthiertogether.org.uk\/sq\/integrated-care-board\/research-and-evidence\/our-research-portfolio\/previously-supported-projects\/tech-for-better-care-personalised-community-medication-support-and-management-project\/\">Teknologji p\u00ebr Kujdes m\u00eb t\u00eb Mir\u00eb: Projekt i personalizuar p\u00ebr mb\u00ebshtetje dhe menaxhim t\u00eb ila\u00e7eve n\u00eb komunitet.<\/a>\n            <\/li>\n                      <li class=\"menu-item\">\n              <a href=\"https:\/\/bnssghealthiertogether.org.uk\/sq\/integrated-care-board\/research-and-evidence\/our-research-portfolio\/previously-supported-projects\/the-dish-disclosure-in-sexual-health-project-to-develop-an-identification-and-support-intervention-for-sexual-violence-survivors\/\">Projekti DiSH (Zbulimi n\u00eb Sh\u00ebndetin Seksual) p\u00ebr t\u00eb zhvilluar nj\u00eb nd\u00ebrhyrje identifikimi dhe mb\u00ebshtetjeje p\u00ebr t\u00eb mbijetuarit e dhun\u00ebs seksuale<\/a>\n            <\/li>\n                      <li class=\"menu-item\">\n              <a href=\"https:\/\/bnssghealthiertogether.org.uk\/sq\/integrated-care-board\/research-and-evidence\/our-research-portfolio\/previously-supported-projects\/the-evaluation-of-operation-topaz-for-child-sexual-and-criminal-exploitation-on-the-health-and-wellbeing-of-service-users\/\">Vler\u00ebsimi i Operacionit Topaz p\u00ebr shfryt\u00ebzimin seksual dhe kriminal t\u00eb f\u00ebmij\u00ebve mbi sh\u00ebndetin dhe mir\u00ebqenien e p\u00ebrdoruesve t\u00eb sh\u00ebrbimit.<\/a>\n            <\/li>\n                      <li class=\"menu-item\">\n              <a href=\"https:\/\/bnssghealthiertogether.org.uk\/sq\/integrated-care-board\/research-and-evidence\/our-research-portfolio\/previously-supported-projects\/triumph-treating-urinary-symptoms-in-men-in-primary-healthcare-using-non-pharmacological-and-non-surgical-interventions\/\">TRIUMF: TRAJTIMI I SIMPOMTAT URINORE TE BURRAT N\u00cb KARK\u00cbN PAR\u00cbSORE T\u00cb KUJDESIT ME ND\u00cbRHYRJE JO-FARMAKOLOGJIKE DHE JO-KIRURGJIKALE<\/a>\n            <\/li>\n                  <\/ul>\n      <\/div>\n\n    <\/div>\n    <div class=\"entry-content\">\n      <p>Faqe t\u00eb tjera n\u00eb seksionin Portofoli yn\u00eb i k\u00ebrkimeve:<\/p>\n      <div class=\"menu level-menu-shortcode arrows\">\n        <ul>\n                      <li class=\"menu-item\">\n              <a href=\"https:\/\/bnssghealthiertogether.org.uk\/sq\/integrated-care-board\/research-and-evidence\/our-research-portfolio\/icb-led-applied-research-projects\/\">Projektet e K\u00ebrkimit t\u00eb Aplikuar t\u00eb udh\u00ebhequra nga ICB<\/a>\n            <\/li>\n                      <li class=\"menu-item\">\n              <a href=\"https:\/\/bnssghealthiertogether.org.uk\/sq\/integrated-care-board\/research-and-evidence\/our-research-portfolio\/nihr-funded-projects\/\">Projekte t\u00eb Financuara nga NIHR<\/a>\n            <\/li>\n                      <li class=\"menu-item current-menu-item\">\n              <a href=\"https:\/\/bnssghealthiertogether.org.uk\/sq\/integrated-care-board\/research-and-evidence\/our-research-portfolio\/previously-supported-projects\/\">Projekte t\u00eb Mb\u00ebshtetura M\u00eb Para<\/a>\n            <\/li>\n                      <li class=\"menu-item\">\n              <a href=\"https:\/\/bnssghealthiertogether.org.uk\/sq\/integrated-care-board\/research-and-evidence\/our-research-portfolio\/type-1-rcf-funded-projects\/\">Projektet e Financuara nga RCF e Tipit 1<\/a>\n            <\/li>\n                      <li class=\"menu-item\">\n              <a href=\"https:\/\/bnssghealthiertogether.org.uk\/sq\/integrated-care-board\/research-and-evidence\/our-research-portfolio\/type-2-rcf-funded-projects\/\">Projektet e Financuara nga RCF e Tipit 2<\/a>\n            <\/li>\n                  <\/ul>\n      <\/div>\n\n    <\/div>\n      <\/div>\n<\/section><\/div><!-- .assembler_text-module.assembler_module.assembler_text-module_1.assembler_module_1..transparent --><\/div><!-- .assembler_module_area.assembler_module_area_1 --><\/div><!-- .assembler_default-group.assembler_module_group.assembler_default-group_1.assembler_module_group_1  -->","protected":false},"excerpt":{"rendered":"<p>Section titled module-1 Previously Supported Projects Links to projects previously supported by Birstol, North Somerset and South Gloucestershire ICB, such as Fellowships, previous RCF awardees, and non-NIHR funded projects. A patient-reported questionnaire to measure the use of informal care, social care and personal expenses ADAPT: The south Asian Dementia diAgnosis PaThway &#8211; an online toolkit [&hellip;]<\/p>\n","protected":false},"author":1,"featured_media":0,"parent":32876,"menu_order":0,"comment_status":"closed","ping_status":"closed","template":"","meta":{"_acf_changed":false,"footnotes":""},"tags":[],"class_list":["post-32891","page","type-page","status-publish","hentry"],"acf":[],"_links":{"self":[{"href":"https:\/\/bnssghealthiertogether.org.uk\/sq\/wp-json\/wp\/v2\/pages\/32891","targetHints":{"allow":["GET"]}}],"collection":[{"href":"https:\/\/bnssghealthiertogether.org.uk\/sq\/wp-json\/wp\/v2\/pages"}],"about":[{"href":"https:\/\/bnssghealthiertogether.org.uk\/sq\/wp-json\/wp\/v2\/types\/page"}],"author":[{"embeddable":true,"href":"https:\/\/bnssghealthiertogether.org.uk\/sq\/wp-json\/wp\/v2\/users\/1"}],"replies":[{"embeddable":true,"href":"https:\/\/bnssghealthiertogether.org.uk\/sq\/wp-json\/wp\/v2\/comments?post=32891"}],"version-history":[{"count":3,"href":"https:\/\/bnssghealthiertogether.org.uk\/sq\/wp-json\/wp\/v2\/pages\/32891\/revisions"}],"predecessor-version":[{"id":36188,"href":"https:\/\/bnssghealthiertogether.org.uk\/sq\/wp-json\/wp\/v2\/pages\/32891\/revisions\/36188"}],"up":[{"embeddable":true,"href":"https:\/\/bnssghealthiertogether.org.uk\/sq\/wp-json\/wp\/v2\/pages\/32876"}],"wp:attachment":[{"href":"https:\/\/bnssghealthiertogether.org.uk\/sq\/wp-json\/wp\/v2\/media?parent=32891"}],"wp:term":[{"taxonomy":"post_tag","embeddable":true,"href":"https:\/\/bnssghealthiertogether.org.uk\/sq\/wp-json\/wp\/v2\/tags?post=32891"}],"curies":[{"name":"wp","href":"https:\/\/api.w.org\/{rel}","templated":true}]}}