{"id":32910,"date":"2024-10-17T13:36:23","date_gmt":"2024-10-17T12:36:23","guid":{"rendered":"https:\/\/bnssghealthiertogether.org.uk\/?page_id=32910"},"modified":"2025-01-20T12:59:40","modified_gmt":"2025-01-20T12:59:40","slug":"support-for-researchers","status":"publish","type":"page","link":"https:\/\/bnssghealthiertogether.org.uk\/sq\/integrated-care-board\/research-and-evidence\/support-for-researchers\/","title":{"rendered":"Mb\u00ebshtetje p\u00ebr studiuesit"},"content":{"rendered":"<div class=\"assembler_default-group assembler_module_group assembler_default-group_1 assembler_module_group_1\"><div class=\"assembler_module_area assembler_module_area_1\"><div class=\"assembler_text-module assembler_module assembler_text-module_1 assembler_module_1  transparent\"><a tabindex=\"-1\" title=\"Seksioni me titull module-1\" id=\"module-1\" href=\"https:\/\/bnssghealthiertogether.org.uk\/sq\/wp-json\/wp\/v2\/pages\/32910\/#module-1\" class=\"anchor\"><span class=\"hidden\">Seksioni me titull module-1<\/span><\/a><!-- Template found for text-module - Template: template-text - Matched: _only --><section class=\"w-full mx-auto max-w-content pt-12 sm:pt-24 pb-12 sm:pb-24\">\r\n  <div class=\"entry-content w-full !px-0 max-w-small\">\r\n        <h1>Mb\u00ebshtetje p\u00ebr studiuesit<\/h1>\n<p>NHS Bristol, North Somerset dhe South Gloucestershire ICB ofrojn\u00eb nj\u00eb gam\u00eb t\u00eb gjer\u00eb mb\u00ebshtetjeje p\u00ebr studiuesit.<\/p>\n<p>Kjo p\u00ebrfshin mund\u00ebsi financimi p\u00ebrmes granteve tona t\u00eb Financimit t\u00eb Aft\u00ebsive K\u00ebrkimore, mb\u00ebshtetje n\u00eb aplikimin p\u00ebr grante t\u00eb Institutit Komb\u00ebtar p\u00ebr K\u00ebrkime Sh\u00ebndet\u00ebsore dhe t\u00eb Kujdesit, si dhe k\u00ebshilla dhe burime rreth Kostove t\u00eb Tep\u00ebrta t\u00eb Trajtimit dhe \u00e7\u00ebshtjeve t\u00eb Qeverisjes s\u00eb K\u00ebrkimit.<\/p>\n      <div class=\"menu level-menu-shortcode arrows\">\n        <ul>\n                      <li class=\"menu-item\">\n              <a href=\"https:\/\/bnssghealthiertogether.org.uk\/sq\/integrated-care-board\/research-and-evidence\/support-for-researchers\/contracting-for-national-institute-for-health-and-care-research-grants\/\">Kontraktimi p\u00ebr grantet e Institutit Komb\u00ebtar p\u00ebr K\u00ebrkime Sh\u00ebndet\u00ebsore dhe Kujdes Social<\/a>\n            <\/li>\n                      <li class=\"menu-item\">\n              <a href=\"https:\/\/bnssghealthiertogether.org.uk\/sq\/integrated-care-board\/research-and-evidence\/support-for-researchers\/excess-treatment-costs\/\">Kostot e tepruara t\u00eb trajtimit<\/a>\n            <\/li>\n                      <li class=\"menu-item\">\n              <a href=\"https:\/\/bnssghealthiertogether.org.uk\/sq\/integrated-care-board\/research-and-evidence\/support-for-researchers\/grant-submissions-to-the-national-institute-for-health-and-care-research\/\">Dor\u00ebzimet p\u00ebr grante n\u00eb Institutin Komb\u00ebtar p\u00ebr K\u00ebrkime Sh\u00ebndet\u00ebsore dhe Kujdestare<\/a>\n            <\/li>\n                      <li class=\"menu-item\">\n              <a href=\"https:\/\/bnssghealthiertogether.org.uk\/sq\/integrated-care-board\/research-and-evidence\/support-for-researchers\/research-capability-funding\/\">Financimi i Aft\u00ebsive K\u00ebrkimore<\/a>\n            <\/li>\n                      <li class=\"menu-item\">\n              <a href=\"https:\/\/bnssghealthiertogether.org.uk\/sq\/integrated-care-board\/research-and-evidence\/support-for-researchers\/research-governance\/\">Qeverisja e k\u00ebrkimit<\/a>\n            <\/li>\n                  <\/ul>\n      <\/div>\n\n  <\/div>\r\n  <\/section><\/div><!-- .assembler_text-module.assembler_module.assembler_text-module_1.assembler_module_1..transparent --><\/div><!-- .assembler_module_area.assembler_module_area_1 --><\/div><!-- .assembler_default-group.assembler_module_group.assembler_default-group_1.assembler_module_group_1  -->","protected":false},"excerpt":{"rendered":"<p>The ICB provides a range of support for researchers, including funding opportunities, support in applying, advice and resources.<\/p>","protected":false},"author":1,"featured_media":0,"parent":12227,"menu_order":0,"comment_status":"closed","ping_status":"closed","template":"","meta":{"_acf_changed":false,"footnotes":""},"tags":[],"class_list":["post-32910","page","type-page","status-publish","hentry"],"acf":[],"_links":{"self":[{"href":"https:\/\/bnssghealthiertogether.org.uk\/sq\/wp-json\/wp\/v2\/pages\/32910","targetHints":{"allow":["GET"]}}],"collection":[{"href":"https:\/\/bnssghealthiertogether.org.uk\/sq\/wp-json\/wp\/v2\/pages"}],"about":[{"href":"https:\/\/bnssghealthiertogether.org.uk\/sq\/wp-json\/wp\/v2\/types\/page"}],"author":[{"embeddable":true,"href":"https:\/\/bnssghealthiertogether.org.uk\/sq\/wp-json\/wp\/v2\/users\/1"}],"replies":[{"embeddable":true,"href":"https:\/\/bnssghealthiertogether.org.uk\/sq\/wp-json\/wp\/v2\/comments?post=32910"}],"version-history":[{"count":4,"href":"https:\/\/bnssghealthiertogether.org.uk\/sq\/wp-json\/wp\/v2\/pages\/32910\/revisions"}],"predecessor-version":[{"id":36271,"href":"https:\/\/bnssghealthiertogether.org.uk\/sq\/wp-json\/wp\/v2\/pages\/32910\/revisions\/36271"}],"up":[{"embeddable":true,"href":"https:\/\/bnssghealthiertogether.org.uk\/sq\/wp-json\/wp\/v2\/pages\/12227"}],"wp:attachment":[{"href":"https:\/\/bnssghealthiertogether.org.uk\/sq\/wp-json\/wp\/v2\/media?parent=32910"}],"wp:term":[{"taxonomy":"post_tag","embeddable":true,"href":"https:\/\/bnssghealthiertogether.org.uk\/sq\/wp-json\/wp\/v2\/tags?post=32910"}],"curies":[{"name":"wp","href":"https:\/\/api.w.org\/{rel}","templated":true}]}}