{"id":32913,"date":"2024-10-17T13:37:09","date_gmt":"2024-10-17T12:37:09","guid":{"rendered":"https:\/\/bnssghealthiertogether.org.uk\/?page_id=32913"},"modified":"2025-02-18T09:39:01","modified_gmt":"2025-02-18T09:39:01","slug":"contracting-for-national-institute-for-health-and-care-research-grants","status":"publish","type":"page","link":"https:\/\/bnssghealthiertogether.org.uk\/sq\/integrated-care-board\/research-and-evidence\/support-for-researchers\/contracting-for-national-institute-for-health-and-care-research-grants\/","title":{"rendered":"Kontraktimi p\u00ebr grantet e Institutit Komb\u00ebtar p\u00ebr K\u00ebrkime Sh\u00ebndet\u00ebsore dhe Kujdes Social"},"content":{"rendered":"<div class=\"assembler_default-group assembler_module_group assembler_default-group_1 assembler_module_group_1\"><div class=\"assembler_module_area assembler_module_area_1\"><div class=\"assembler_text-module assembler_module assembler_text-module_1 assembler_module_1  transparent\"><a tabindex=\"-1\" title=\"Seksioni me titull module-1\" id=\"module-1\" href=\"https:\/\/bnssghealthiertogether.org.uk\/sq\/wp-json\/wp\/v2\/pages\/32913\/#module-1\" class=\"anchor\"><span class=\"hidden\">Seksioni me titull module-1<\/span><\/a><!-- Template found for text-module - Template: template-text - Matched: _only --><section class=\"w-full mx-auto max-w-content pt-12 sm:pt-24 pb-12 sm:pb-24\">\r\n  <div class=\"entry-content w-full !px-0 max-w-small\">\r\n        <h1>Kontraktimi p\u00ebr grantet e Institutit Komb\u00ebtar p\u00ebr K\u00ebrkime Sh\u00ebndet\u00ebsore dhe Kujdes Social<\/h1>\n<p>Ekipi K\u00ebrkimor i ICB-s\u00eb i NHS Bristol, North Somerset dhe South Gloucestershire mb\u00ebshtet Kryehetuesit me aplikimet p\u00ebr grante n\u00eb Institutin Komb\u00ebtar p\u00ebr K\u00ebrkime Sh\u00ebndet\u00ebsore dhe Kujdesit Social (NIHR) p\u00ebr sa i p\u00ebrket financave, pron\u00ebsis\u00eb intelektuale dhe aspekteve logjistike t\u00eb k\u00ebrkimit.<\/p>\n<p>Ne sigurohemi q\u00eb t\u00eb ket\u00eb kontrata n\u00eb fuqi p\u00ebr t\u00eb mbuluar t\u00eb gjitha konsideratat ligjore dhe organizative.<\/p>\n<p>Ne i kushtojm\u00eb shum\u00eb r\u00ebnd\u00ebsi q\u00eb kontrata t\u00eb jet\u00eb e p\u00ebrshtatur sipas porosis\u00eb, n\u00eb m\u00ebnyr\u00eb q\u00eb Kryehetuesi t\u00eb punoj\u00eb n\u00eb m\u00ebnyr\u00ebn q\u00eb d\u00ebshiron dhe t\u00eb realizoj\u00eb q\u00ebllimet e k\u00ebrkimit.<\/p>\n<p>Ne menaxhojm\u00eb kontratat midis t\u00eb gjitha organizatave bashk\u00ebpunuese p\u00ebr k\u00ebrkimin, organizojm\u00eb financat dhe mb\u00ebshtesim raportet vjetore dhe p\u00ebrfundimtare p\u00ebr NIHR-n\u00eb.<\/p>\n<p>Ne gjithashtu kemi nj\u00eb rol n\u00eb leht\u00ebsimin e p\u00ebrdorimit t\u00eb duhur t\u00eb \u00e7do gjetjeje.<\/p>\n<p>Ne presim shum\u00eb t\u00eb m\u00ebdhenj <a href=\"https:\/\/bnssghealthiertogether.org.uk\/sq\/integrated-care-board\/research-and-evidence\/our-research-portfolio\/\">Grante t\u00eb NIHR-s\u00eb<\/a> me nj\u00eb vler\u00eb t\u00eb konsiderueshme t\u00eb kombinuar. Ne jemi nj\u00eb kompani prit\u00ebse me kontrat\u00eb me p\u00ebrvoj\u00eb dhe t\u00eb trajnuar mir\u00eb n\u00eb gjasht\u00eb hapat:<\/p>\n<ul>\n<li><a href=\"https:\/\/bnssghealthiertogether.org.uk\/sq\/integrated-care-board\/research-and-evidence\/support-for-researchers\/grant-submissions-to-the-national-institute-for-health-and-care-research\/\">Mb\u00ebshtetja e studiuesve me aplikimet p\u00ebr grante t\u00eb NIHR-s\u00eb<\/a>;<\/li>\n<li>N\u00ebnshkrimi dhe mbajtja e kontrat\u00ebs p\u00ebr k\u00ebrkimin me financuesin (Departamenti i Sh\u00ebndet\u00ebsis\u00eb dhe Kujdesit Social);<\/li>\n<li>Vendosja dhe n\u00ebnshkrimi i n\u00ebnkontratave (marr\u00ebveshjeve t\u00eb bashk\u00ebpunimit) me organizatat q\u00eb kryejn\u00eb k\u00ebrkimin - k\u00ebto mund t\u00eb jen\u00eb Universitetet ose NHS t\u00eb tjera ose organe vullnetare;<\/li>\n<li>Raportimi i shpenzimeve tek financuesi;<\/li>\n<li>Sigurimi q\u00eb t\u00eb gjitha p\u00ebrgjegj\u00ebsit\u00eb ligjore dhe financiare t\u00eb trajtohen n\u00eb m\u00ebnyr\u00eb efektive;<\/li>\n<li>Sigurimi q\u00eb marr\u00ebveshjet e pron\u00ebsis\u00eb intelektuale jan\u00eb vendosur n\u00eb m\u00ebnyr\u00eb efektive.<\/li>\n<\/ul>\n<h2>Kontraktimi p\u00ebr grante t\u00eb NIHR: nj\u00eb proces me dy faza<\/h2>\n<p>Faza e par\u00eb \u00ebsht\u00eb Marr\u00ebveshja Kryesore, e cila \u00ebsht\u00eb nj\u00eb kontrat\u00eb midis nesh dhe Departamentit t\u00eb Sh\u00ebndet\u00ebsis\u00eb dhe Kujdesit Social. Kjo i kalon t\u00eb gjitha financat, p\u00ebrgjegj\u00ebsit\u00eb ligjore dhe llogaridh\u00ebnien p\u00ebr projektin nga Departamenti i Sh\u00ebndet\u00ebsis\u00eb dhe Kujdesit Social tek ne.<\/p>\n<p>Departamenti i Sh\u00ebndet\u00ebsis\u00eb dhe Kujdesit Social p\u00ebrdor kontrata standarde q\u00eb p\u00ebrmbajn\u00eb kushte mjaft t\u00eb rrepta, t\u00eb cilat p\u00ebrfshihen p\u00ebr t\u00eb mbrojtur shpenzimin e parave publike.<\/p>\n<p>Faza e dyt\u00eb \u00ebsht\u00eb nj\u00eb proces m\u00eb bashk\u00ebpunues. P\u00ebr shembull, kemi nj\u00eb an\u00ebtar t\u00eb p\u00ebrbashk\u00ebt t\u00eb stafit q\u00eb punon p\u00ebr NHS Bristol, North Somerset dhe South Gloucestershire ICB dhe Universitetin e Bristolit, i cili do t\u00eb punoj\u00eb me Kryehetuesin p\u00ebr t\u00eb krijuar nj\u00eb &quot;marr\u00ebveshje bashk\u00ebpunimi&quot;.<\/p>\n<p>Kjo marr\u00ebveshje p\u00ebrmbush t\u00eb gjitha kriteret organizative dhe ligjore, por gjithashtu siguron q\u00eb Kryehetuesi mund ta drejtoj\u00eb projektin n\u00eb m\u00ebnyr\u00ebn q\u00eb d\u00ebshiron.<\/p>\n<p>Kjo marr\u00ebveshje ndan p\u00ebrgjegj\u00ebsit\u00eb q\u00eb na jan\u00eb kaluar me t\u00eb gjitha organizatat e tjera bashk\u00ebpunuese t\u00eb p\u00ebrfshira n\u00eb zbatimin e projektit k\u00ebrkimor.<\/p>\n<p>Kjo marr\u00ebveshje bashk\u00ebpunimi negociohet dhe miratohet m\u00eb pas nga t\u00eb gjitha organizatat q\u00eb punojn\u00eb n\u00eb k\u00ebrkim, n\u00eb m\u00ebnyr\u00eb q\u00eb t\u00eb gjith\u00eb t\u00eb punojm\u00eb sipas nj\u00eb kontrate t\u00eb vetme.<\/p>\n<h2>Na kontaktoni<\/h2>\n<p>N\u00ebse keni ndonj\u00eb pyetje ose d\u00ebshironi mb\u00ebshtetje, ju lutemi d\u00ebrgoni nj\u00eb email te Ekipi yn\u00eb i K\u00ebrkimit n\u00eb adres\u00ebn <a href=\"mailto:bnssg.research@nhs.net\">bnssg.research@nhs.net<\/a>.<\/p>\n  <\/div>\r\n  <\/section><\/div><!-- .assembler_text-module.assembler_module.assembler_text-module_1.assembler_module_1..transparent --><\/div><!-- .assembler_module_area.assembler_module_area_1 --><\/div><!-- .assembler_default-group.assembler_module_group.assembler_default-group_1.assembler_module_group_1  -->","protected":false},"excerpt":{"rendered":"<p>The ICB Research Team supports Chief Investigators with finances, intellectual property and logistical aspects of NIHR grant applications.<\/p>","protected":false},"author":1,"featured_media":0,"parent":32910,"menu_order":0,"comment_status":"closed","ping_status":"closed","template":"","meta":{"_acf_changed":false,"footnotes":""},"tags":[],"class_list":["post-32913","page","type-page","status-publish","hentry"],"acf":[],"_links":{"self":[{"href":"https:\/\/bnssghealthiertogether.org.uk\/sq\/wp-json\/wp\/v2\/pages\/32913","targetHints":{"allow":["GET"]}}],"collection":[{"href":"https:\/\/bnssghealthiertogether.org.uk\/sq\/wp-json\/wp\/v2\/pages"}],"about":[{"href":"https:\/\/bnssghealthiertogether.org.uk\/sq\/wp-json\/wp\/v2\/types\/page"}],"author":[{"embeddable":true,"href":"https:\/\/bnssghealthiertogether.org.uk\/sq\/wp-json\/wp\/v2\/users\/1"}],"replies":[{"embeddable":true,"href":"https:\/\/bnssghealthiertogether.org.uk\/sq\/wp-json\/wp\/v2\/comments?post=32913"}],"version-history":[{"count":5,"href":"https:\/\/bnssghealthiertogether.org.uk\/sq\/wp-json\/wp\/v2\/pages\/32913\/revisions"}],"predecessor-version":[{"id":37556,"href":"https:\/\/bnssghealthiertogether.org.uk\/sq\/wp-json\/wp\/v2\/pages\/32913\/revisions\/37556"}],"up":[{"embeddable":true,"href":"https:\/\/bnssghealthiertogether.org.uk\/sq\/wp-json\/wp\/v2\/pages\/32910"}],"wp:attachment":[{"href":"https:\/\/bnssghealthiertogether.org.uk\/sq\/wp-json\/wp\/v2\/media?parent=32913"}],"wp:term":[{"taxonomy":"post_tag","embeddable":true,"href":"https:\/\/bnssghealthiertogether.org.uk\/sq\/wp-json\/wp\/v2\/tags?post=32913"}],"curies":[{"name":"wp","href":"https:\/\/api.w.org\/{rel}","templated":true}]}}