{"id":32933,"date":"2024-10-17T13:43:16","date_gmt":"2024-10-17T12:43:16","guid":{"rendered":"https:\/\/bnssghealthiertogether.org.uk\/?page_id=32933"},"modified":"2025-02-03T11:25:28","modified_gmt":"2025-02-03T11:25:28","slug":"the-impact-accelerator-unit-iau","status":"publish","type":"page","link":"https:\/\/bnssghealthiertogether.org.uk\/sq\/integrated-care-board\/research-and-evidence\/the-impact-accelerator-unit-iau\/","title":{"rendered":"Nj\u00ebsia e P\u00ebrshpejtuesit t\u00eb Impaktit (IAU)"},"content":{"rendered":"<div class=\"assembler_default-group assembler_module_group assembler_default-group_1 assembler_module_group_1\"><div class=\"assembler_module_area assembler_module_area_1\"><div class=\"assembler_text-module assembler_module assembler_text-module_1 assembler_module_1  transparent\"><a tabindex=\"-1\" title=\"Seksioni me titull module-1\" id=\"module-1\" href=\"https:\/\/bnssghealthiertogether.org.uk\/sq\/wp-json\/wp\/v2\/pages\/32933\/#module-1\" class=\"anchor\"><span class=\"hidden\">Seksioni me titull module-1<\/span><\/a><!-- Template found for text-module - Template: template-text - Matched: _only --><section class=\"w-full mx-auto max-w-content pt-12 sm:pt-24 pb-3 sm:pb-6\">\r\n  <div class=\"entry-content w-full !px-0 max-w-small\">\r\n          <h1>\r\n        Nj\u00ebsia e P\u00ebrshpejtuesit t\u00eb Impaktit (IAU)      <\/h1>\r\n        <p>Ekziston nj\u00eb bashk\u00ebpunim i fort\u00eb midis NHS Bristol, Bordit t\u00eb Kujdesit t\u00eb Integruar (ICB) t\u00eb North Somerset dhe South Gloucestershire, Universitetit t\u00eb Bristolit dhe UWE Bristol.<\/p>\n<p>NHS Bristol, North Somerset dhe South Gloucestershire ICB renditet i pari midis ICB-ve n\u00eb Angli p\u00ebr aktivitetin ton\u00eb k\u00ebrkimor.<\/p>\n<p>Ne shk\u00eblqejm\u00eb n\u00eb bashk\u00ebprodhimin e k\u00ebrkimeve dhe sigurimin e fondeve nga Instituti Komb\u00ebtar i K\u00ebrkimeve t\u00eb Sh\u00ebndetit dhe Kujdesit p\u00ebr t\u00eb krijuar prova, por duam t\u00eb b\u00ebjm\u00eb m\u00eb shum\u00eb n\u00eb p\u00ebrvet\u00ebsimin e provave n\u00eb ofrimin e kujdesit sh\u00ebndet\u00ebsor dhe t\u00eb kujdesit. Kjo \u00ebsht\u00eb nj\u00eb sfid\u00eb komb\u00ebtare q\u00eb \u00ebsht\u00eb thelb\u00ebsore p\u00ebr t&#039;u adresuar.<\/p>\n<p>Nj\u00ebsit\u00eb e P\u00ebrshpejtimit t\u00eb Ndikimit (NJP) jan\u00eb sh\u00ebrbime t\u00eb dedikuara p\u00ebr t\u00eb mb\u00ebshtetur dhe p\u00ebrhapur provat.<\/p>\n<p>Ata p\u00ebrdorin qasje t\u00eb bazuara n\u00eb prova p\u00ebr mobilizimin e njohurive p\u00ebr t\u00eb rritur mund\u00ebsin\u00eb e v\u00ebnies n\u00eb praktik\u00eb t\u00eb provave n\u00eb nj\u00eb m\u00ebnyr\u00eb q\u00eb gjeneron ndryshime afatgjata dhe kuptimplote.<\/p>\n<p><strong>Referencat:<\/strong><\/p>\n<p>P\u00ebrgjigja \u00ebsht\u00eb 17 vjet, cila \u00ebsht\u00eb pyetja: t\u00eb kuptuarit e vonesave kohore n\u00eb k\u00ebrkimin p\u00ebrkthimor. Morris, Zo\u00eb Slote; Wooding, Steven; Grant, Jonathan.<br \/>\nN\u00eb: Revist\u00ebn e Shoq\u00ebris\u00eb Mbret\u00ebrore t\u00eb Mjek\u00ebsis\u00eb, V\u00ebll. 104, Nr. 12, 12.2011, f. 510-520.<\/p>\n  <\/div>\r\n  <\/section><\/div><!-- .assembler_text-module.assembler_module.assembler_text-module_1.assembler_module_1..transparent --><div class=\"assembler_text-module assembler_module assembler_text-module_2 assembler_module_2  transparent\"><a tabindex=\"-1\" title=\"Seksioni me titull module-2\" id=\"module-2\" href=\"https:\/\/bnssghealthiertogether.org.uk\/sq\/wp-json\/wp\/v2\/pages\/32933\/#module-2\" class=\"anchor\"><span class=\"hidden\">Seksioni me titull module-2<\/span><\/a><!-- Template found for text-module - Template: template-text - Matched: _only --><section class=\"w-full mx-auto max-w-content pt-3 sm:pt-6 pb-3 sm:pb-6\">\r\n  <div class=\"entry-content w-full !px-0 max-w-small\">\r\n        <h2>Nj\u00ebsia e P\u00ebrshpejtuesit t\u00eb Ndikimit n\u00eb Bristol, Somerset Verior dhe Gloucestershire Jugor: nj\u00eb qasje partneriteti<\/h2>\n<p>Nj\u00ebsia e t\u00eb Dh\u00ebnave Individuale (IAU) e Bristolit, Somersetit t\u00eb Veriut dhe Gloucestershirit t\u00eb Jugut \u00ebsht\u00eb nj\u00eb qasje e re p\u00ebr p\u00ebrshpejtimin e ndikimit t\u00eb provave.<\/p>\n<p>S\u00eb pari, n\u00eb vend q\u00eb t\u00eb jet\u00eb n\u00eb pron\u00ebsi t\u00eb nj\u00eb organizate t\u00eb vetme, IAU \u00ebsht\u00eb nj\u00eb bashk\u00ebpunim midis Universitetit t\u00eb Bristolit, UWE Bristol dhe NHS-s\u00eb.<\/p>\n<p>S\u00eb dyti, n\u00eb vend q\u00eb t\u00eb jet\u00eb i vendosur brenda nj\u00eb universiteti, ai ndodhet brenda NHS Bristol, North Somerset dhe South Gloucestershire ICB, i cili \u00ebsht\u00eb nj\u00eb pjes\u00eb integrale e Sistemit lokal t\u00eb Kujdesit t\u00eb Integruar t\u00eb NHS.<\/p>\n<p>Vendosja e NJAB-s\u00eb brenda NHS-s\u00eb mund\u00ebson p\u00ebrdorimin m\u00eb t\u00eb leht\u00eb dhe m\u00eb efektiv t\u00eb njohurive t\u00eb heshtura, rrjeteve dhe marr\u00ebdh\u00ebnieve t\u00eb besuara q\u00eb mund t\u00eb shfryt\u00ebzohen p\u00ebr t\u00eb v\u00ebn\u00eb provat n\u00eb praktik\u00eb.<\/p>\n<p>N\u00eb p\u00ebrputhje me parimin se provat duhet t\u00eb plot\u00ebsojn\u00eb nevojat e sistemit sh\u00ebndet\u00ebsor dhe t\u00eb kujdesit p\u00ebr t\u00eb qen\u00eb t\u00eb dobishme, t\u00eb gjitha aktivitetet tona jan\u00eb n\u00eb bashk\u00ebpunim me p\u00ebrdoruesit e provave.<\/p>\n<p>Nd\u00ebrkoh\u00eb q\u00eb nuk mund t\u00eb garantojm\u00eb zbatimin e tyre, NJAB siguron q\u00eb provat t\u00eb shqyrtohen nga koleg\u00ebt p\u00ebrkat\u00ebs t\u00eb NHS Bristol, North Somerset dhe South Gloucestershire ICB p\u00ebr t\u00eb p\u00ebrcaktuar p\u00ebrshtatshm\u00ebrin\u00eb e tyre p\u00ebr zbatim. Kur konsiderohen t\u00eb p\u00ebrshtatshme, koleg\u00ebt e ICB ndihmojn\u00eb m\u00eb pas me procesin e zbatimit.<\/p>\n<p>N\u00eb rastet kur provat nuk konsiderohen t\u00eb p\u00ebrshtatshme p\u00ebr t&#039;u zbatuar n\u00eb koh\u00ebn aktuale, NjAB-ja ia p\u00ebrcjell arsyetimin ekipit akademik. Provat mbahen &#039;n\u00eb libra&#039; p\u00ebr shqyrtim n\u00eb nj\u00eb dat\u00eb t\u00eb m\u00ebvonshme.<\/p>\n<p>T\u00eb gjitha projektet e organizuara nga IAU p\u00ebrfitojn\u00eb nga qasja te nd\u00ebrmjet\u00ebs t\u00eb njohurive me p\u00ebrvoj\u00eb, njohuri nga p\u00ebrdoruesit e provave dhe mund\u00ebsi p\u00ebr t\u00eb paraqitur pun\u00eb para grupeve t\u00eb sistemit sh\u00ebndet\u00ebsor dhe t\u00eb kujdesit.<\/p>\n<h3>Video: Rreth Partneritetit t\u00eb Nj\u00ebsis\u00eb s\u00eb P\u00ebrshpejtuesit t\u00eb Ndikimit n\u00eb Bristol, North Somerset dhe South Gloucestershire<\/h3>\n<div class=\"embed_wrapper\"><iframe title=\"Partneriteti i Nj\u00ebsis\u00eb s\u00eb P\u00ebrshpejtuesit t\u00eb Ndikimit n\u00eb Bristol, North Somerset dhe South Gloucestershire\" width=\"640\" height=\"360\" src=\"https:\/\/www.youtube.com\/embed\/joCYPSZM7QI?feature=oembed\" frameborder=\"0\" allow=\"accelerometer; autoplay; clipboard-write; encrypted-media; gyroscope; picture-in-picture; web-share\" referrerpolicy=\"strict-origin-when-cross-origin\" allowfullscreen><\/iframe><\/div>\n  <\/div>\r\n  <\/section><\/div><!-- .assembler_text-module.assembler_module.assembler_text-module_2.assembler_module_2..transparent --><div class=\"assembler_text-module assembler_module assembler_text-module_3 assembler_module_3  transparent\"><a tabindex=\"-1\" title=\"Seksioni me titull module-3\" id=\"module-3\" href=\"https:\/\/bnssghealthiertogether.org.uk\/sq\/wp-json\/wp\/v2\/pages\/32933\/#module-3\" class=\"anchor\"><span class=\"hidden\">Seksioni me titull module-3<\/span><\/a><!-- Template found for text-module - Template: template-text - Matched: _only --><section class=\"w-full mx-auto max-w-content pt-3 sm:pt-6 pb-12 sm:pb-24\">\r\n  <div class=\"entry-content w-full !px-0 max-w-small\">\r\n        <h2>Vler\u00ebsimi dhe raportimi<\/h2>\n<p>NjAB-ja e p\u00ebrfshin vler\u00ebsimin n\u00eb procesin e saj. Ajo prodhon raporte q\u00eb mund t\u00eb ndihmojn\u00eb universitetet tona partnere me<a href=\"https:\/\/2029.ref.ac.uk\/\" rel=\"noopener\"> Korniz\u00eb e Shk\u00eblqyer K\u00ebrkimore<\/a> studime rastesh ndikimi dhe mb\u00ebshtetje <a href=\"https:\/\/researchfish.com\/\" rel=\"noopener\">Peshk k\u00ebrkimor<\/a> dor\u00ebzime p\u00ebr t\u00eb demonstruar ndikimin e tyre pozitiv n\u00eb sektorin lokal t\u00eb sh\u00ebndet\u00ebsis\u00eb dhe kujdesit.<\/p>\n<h2>Ekipi yn\u00eb i IAU-s\u00eb<\/h2>\n<p>Ekipi kryesor i IAU-s\u00eb s\u00eb Bristolit, North Somerset dhe South Gloucestershire p\u00ebrb\u00ebhet nga:<\/p>\n<ul>\n<li>Drejtori i Asociuar i K\u00ebrkimeve p\u00ebr t\u00eb k\u00ebshilluar dhe udh\u00ebzuar se me k\u00eb t\u00eb angazhohet brenda sistemit sh\u00ebndet\u00ebsor dhe t\u00eb kujdesit.<\/li>\n<li>Nj\u00eb Profesor i Mobilizimit t\u00eb Njohurive p\u00ebr t\u00eb k\u00ebshilluar dhe udh\u00ebzuar se si t\u00eb punohet me p\u00ebrdoruesit e provave.<\/li>\n<li>Menaxheri i NjAB-s\u00eb ngre profilin e NjAB-s\u00eb brenda komuniteteve t\u00eb ICS-s\u00eb dhe K\u00ebrkimit, mbik\u00ebqyr t\u00eb gjitha aktivitetet e NjAB-s\u00eb dhe organizon takime, prezantime dhe vler\u00ebsime.<\/li>\n<li>Menaxher\u00ebt e projekteve q\u00eb marrin p\u00ebrsip\u00ebr v\u00ebnien n\u00eb praktik\u00eb t\u00eb gjetjeve specifike t\u00eb hulumtimit. Ata bashk\u00ebpunojn\u00eb me studiuesin p\u00ebr ta b\u00ebr\u00eb k\u00ebt\u00eb.<\/li>\n<\/ul>\n<p>Nj\u00ebsia e Sh\u00ebndetit n\u00eb Per\u00ebndim t\u00eb Anglis\u00eb punon me People in Health West of England p\u00ebr t\u00eb siguruar q\u00eb pacient\u00ebt dhe an\u00ebtar\u00ebt e publikut t\u00eb jen\u00eb t\u00eb p\u00ebrfshir\u00eb n\u00eb p\u00ebrdorimin dhe shp\u00ebrndarjen e gjetjeve t\u00eb hulumtimit, dhe se si gjetjet mund t\u00eb jen\u00eb t\u00eb dobishme n\u00eb m\u00ebnyra t\u00eb ndryshme p\u00ebr komunitete t\u00eb ndryshme.<\/p>\n<p>Nga NHS Bristol, North Somerset dhe South Gloucestershire ICB, IAU punon me nj\u00eb gam\u00eb t\u00eb gjer\u00eb koleg\u00ebsh, duke p\u00ebrfshir\u00eb:<\/p>\n<ul>\n<li>Ekipi i Optimizimit t\u00eb Barnave<\/li>\n<li>Drejtoria e Infermieris\u00eb dhe Cil\u00ebsis\u00eb<\/li>\n<li>Qendra e Transformimit<\/li>\n<li>Kontaktet dixhitale<\/li>\n<li>Ekipet e Performanc\u00ebs dhe P\u00ebrmir\u00ebsimit<\/li>\n<li>Ekipi i Zhvillimit t\u00eb Politikave t\u00eb Komisionimit<\/li>\n<li>Sh\u00ebrbim Mb\u00ebshtetjeje p\u00ebr Referime<\/li>\n<\/ul>\n<p>NJAB gjithashtu punon n\u00eb partneritet me <a href=\"https:\/\/www.healthinnowest.net\/\" rel=\"noopener\">Inovacioni Sh\u00ebndet\u00ebsor n\u00eb Per\u00ebndim t\u00eb Anglis\u00eb<\/a> p\u00ebr t\u00eb ndihmuar n\u00eb adoptimin e shpejt\u00eb t\u00eb m\u00ebnyrave t\u00eb reja t\u00eb pun\u00ebs.<\/p>\n<h2>Burimet e financimit<\/h2>\n<p>NJAB financohet p\u00ebrmes nj\u00eb kombinimi burimesh n\u00eb nj\u00eb m\u00ebnyr\u00eb t\u00eb ngjashme me financimin e funksioneve t\u00eb tjera kryesore q\u00eb p\u00ebrfitojn\u00eb projektet k\u00ebrkimore:<\/p>\n<ul>\n<li>Universiteti i Bristolit: Kontribut vjetor<\/li>\n<li>UWE Bristol: Kontribut vjetor<\/li>\n<li>NHS Bristol, North Somerset dhe South Gloucestershire ICB: financim p\u00ebr burimet e stafit<\/li>\n<li>T\u00eb ardhurat nga grantet e NIHR nga k\u00ebrkimet e organizuara nga Bristol, North Somerset dhe South Gloucestershire:<br \/>\n\u2013 0-150 mij\u00eb \u00a3 = nuk ka gjasa t\u00eb nevojitet\/p\u00ebrdoret NjAB-ja. Megjithat\u00eb, n\u00ebse gjetjet nga kjo pun\u00eb i sjellin dobi sistemit, NjAB-ja do t&#039;i marr\u00eb n\u00eb konsiderat\u00eb ato p\u00ebr mb\u00ebshtetje n\u00eb natyr\u00eb.<br \/>\n\u2013 150 mij\u00eb \u00a3-350 mij\u00eb \u00a3 = p\u00ebrfshirja e IAU brenda buxhetit t\u00eb shp\u00ebrndarjes, me kostot q\u00eb duhet t\u00eb konfirmohen me Ekipin K\u00ebrkimor ICB t\u00eb NHS Bristol, North Somerset dhe South Gloucestershire p\u00ebrpara \u00e7do dor\u00ebzimi.<br \/>\n\u2013 \u00a3350k+ = 5%FTE NHS Band 8a gjat\u00eb gjith\u00eb koh\u00ebzgjatjes s\u00eb projektit<\/li>\n<\/ul>\n<h2>Pse grantet k\u00ebrkimore duhet t\u00eb kontribuojn\u00eb n\u00eb kostot operative t\u00eb IAU-s\u00eb?<\/h2>\n<p>NHS Bristol, North Somerset dhe South Gloucestershire ICB \u00ebsht\u00eb e p\u00ebrkushtuar p\u00ebr t\u00eb p\u00ebrmir\u00ebsuar sh\u00ebndetin e popullat\u00ebs son\u00eb duke p\u00ebrdorur prova.<\/p>\n<p>ICB-t\u00eb kan\u00eb nj\u00eb detyrim statutor p\u00ebr t\u00eb p\u00ebrdorur prova t\u00eb gjeneruara n\u00eb nivel lokal, prandaj NHS Bristol, North Somerset dhe South Gloucestershire ICB siguron fonde baz\u00eb p\u00ebr pun\u00ebn e NAU-s\u00eb son\u00eb t\u00eb IAU-s\u00eb.<\/p>\n<p>Financimi nga grantet k\u00ebrkimore mund t\u2019i mund\u00ebsoj\u00eb NjAB-s\u00eb t\u00eb b\u00ebj\u00eb edhe m\u00eb shum\u00eb, me nj\u00eb fokus t\u00eb ve\u00e7ant\u00eb n\u00eb provat e gjeneruara n\u00eb nivel lokal. T\u00eb gjitha pal\u00ebt p\u00ebrfitojn\u00eb nga puna e NjAB-s\u00eb:<\/p>\n<ul>\n<li>Studiuesit kan\u00eb nj\u00eb gjas\u00eb m\u00eb t\u00eb madhe p\u00ebr ndikim n\u00eb koh\u00eb.<\/li>\n<li>Universitetet mund t\u00eb demonstrojn\u00eb prova t\u00eb ndikimit dhe angazhimit t\u00eb tyre p\u00ebr p\u00ebrmir\u00ebsimin e sh\u00ebndetit t\u00eb rajonit t\u00eb tyre.<\/li>\n<li>Financuesit mund t\u00eb demonstrojn\u00eb ndikimin dhe vler\u00ebn nga investimi i tyre.<\/li>\n<\/ul>\n<h2>Fondi i Financimit Diskrecionar i IAU-s\u00eb<\/h2>\n<p>P\u00ebrdorimi kryesor i fondeve t\u00eb NjAB-s\u00eb \u00ebsht\u00eb p\u00ebr t\u00eb paguar ekipin kryesor t\u00eb NjAB-s\u00eb. N\u00ebse ka ndonj\u00eb n\u00ebnshpenzim, ky do t\u00eb ndahet n\u00eb nj\u00eb Fond Financiar Diskrecionar t\u00eb NjAB-s\u00eb p\u00ebr t\u00eb mb\u00ebshtetur zbatimin dhe ndikimin e gjetjeve t\u00eb k\u00ebrkimit. P\u00ebr shembull, mund t\u00eb p\u00ebrdoret p\u00ebr t\u00eb:<\/p>\n<ol>\n<li>Paguani koh\u00eb shtes\u00eb p\u00ebr stafin e sh\u00ebndet\u00ebsis\u00eb dhe kujdesit p\u00ebr t\u00eb zbatuar m\u00ebnyra t\u00eb reja pune, t\u00eb tilla si ofrimi i seancave trajnimi ose p\u00ebrdit\u00ebsimi i protokolleve dhe politikave.<\/li>\n<li>P\u00ebrgatitni flet\u00ebpalosje informuese ose materiale trajnimi.<\/li>\n<\/ol>\n<p>\u00cbsht\u00eb <strong>jo<\/strong> p\u00ebr k\u00ebrkime t\u00eb m\u00ebtejshme ose p\u00ebr t\u00eb shkruar punime akademike.<\/p>\n<p>Ekipet k\u00ebrkimore mund t\u00eb k\u00ebrkojn\u00eb fonde shtes\u00eb diskrecionare ose ekipi i NjAB-s\u00eb mund ta ofroj\u00eb at\u00eb n\u00eb baz\u00eb diskrecionare duke p\u00ebrdorur kriteret e m\u00ebposhtme:<\/p>\n<ul>\n<li>Gjetjet e hulumtimit lidhen shum\u00eb ngusht\u00eb me prioritetet kryesore t\u00eb Sistemit t\u00eb Sh\u00ebndet\u00ebsis\u00eb dhe Kujdesit Sh\u00ebndet\u00ebsor.<\/li>\n<li>Brenda sistemit ka udh\u00ebheq\u00ebs q\u00eb jan\u00eb t\u00eb etur p\u00ebr t\u00eb zbatuar gjetjet dhe \u00ebsht\u00eb e realizueshme ta b\u00ebjn\u00eb k\u00ebt\u00eb.<\/li>\n<li>Ekipi K\u00ebrkimor i Universitetit \u00ebsht\u00eb i p\u00ebrkushtuar p\u00ebr t\u00eb mb\u00ebshtetur zbatimin e gjetjeve.<\/li>\n<li>Plani i zbatimit nuk do t\u00eb p\u00ebrkeq\u00ebsoj\u00eb pabarazit\u00eb sh\u00ebndet\u00ebsore.<\/li>\n<\/ul>\n<h2>Mb\u00ebshtetja e NJAB-s\u00eb p\u00ebr Studime K\u00ebrkimore t\u00eb Jashtme<\/h2>\n<p>Puna kryesore e NjAB-s\u00eb \u00ebsht\u00eb p\u00ebrshpejtimi i ndikimit t\u00eb granteve t\u00eb organizuara nga Bristol, North Somerset dhe South Gloucestershire. Megjithat\u00eb, NjAB do t\u00eb mb\u00ebshtes\u00eb studime t\u00eb tjera ku:<\/p>\n<ul>\n<li>Ne jemi p\u00ebrfshir\u00eb n\u00eb koston e grantit dhe kuptohet q\u00eb q\u00ebllimi yn\u00eb kryesor \u00ebsht\u00eb zbatimi dhe ndikimi brenda Bristolit, North Somerset dhe South Gloucestershire, pasi k\u00ebtu kemi ndikim. P.sh., Ne do t\u00eb mb\u00ebshtesim Studime K\u00ebrkimore t\u00eb Kujdesit Dyt\u00ebsor, ose Studime K\u00ebrkimore nga universitete t\u00eb tjera, ku Ekipi i K\u00ebrkimit do t\u00eb punoj\u00eb me ne p\u00ebr t\u00eb p\u00ebrshpejtuar ndikimin brenda Bristolit, North Somerset dhe South Gloucestershire.<\/li>\n<\/ul>\n<p>OSE<\/p>\n<ul>\n<li>Nj\u00eb studim k\u00ebrkimor nuk e ka pasur t\u00eb llogaritur koston e NjAB-s\u00eb, por gjetjet kan\u00eb r\u00ebnd\u00ebsi t\u00eb konsiderueshme p\u00ebr sistemin DHE kriteret e Fondit t\u00eb Financimit Diskrecionar t\u00eb NjAB-s\u00eb p\u00ebrmbushen DHE ka kapacitet t\u00eb mjaftuesh\u00ebm t\u00eb ekipit t\u00eb NjAB-s\u00eb p\u00ebr t\u00eb ofruar mb\u00ebshtetje t\u00eb leht\u00eb.<\/li>\n<\/ul>\n<h2>Si t\u00eb justifikohen kostot e IAU-s\u00eb p\u00ebr grantet e NIHR-s\u00eb<\/h2>\n<p>P\u00ebrmbledhja e m\u00ebposhtme mund t\u00eb p\u00ebrdoret n\u00eb aplikimet p\u00ebr grante t\u00eb NIHR:<\/p>\n<p>\u201cP\u00ebrhapja do t\u00eb mb\u00ebshtetet nga Nj\u00ebsia e P\u00ebrshpejtimit t\u00eb Ndikimit (NJP) e Bristolit, North Somerset dhe South Gloucestershire. NJP njihet nga Qendra e Angazhimit dhe Shp\u00ebrndarjes s\u00eb NIHR si nj\u00eb studim rasti se si nj\u00eb Bord i Kujdesit t\u00eb Integruar (BKI) mund t\u00eb mb\u00ebshtes\u00eb p\u00ebrdorimin e provave.<\/p>\n<p>IAU e Bristolit, North Somerset dhe South Gloucestershire \u00ebsht\u00eb nj\u00eb partneritet midis NHS Bristol, North Somerset dhe South Gloucestershire ICB, Universitetit t\u00eb Bristolit dhe UWE Bristol.<\/p>\n<p>Ai bashkon ekspertiz\u00ebn ekzistuese t\u00eb transferimit t\u00eb teknologjis\u00eb n\u00eb universitete me specialist\u00eb t\u00eb lidershipit klinik, transformimit dhe p\u00ebrmir\u00ebsimit t\u00eb sh\u00ebrbimeve brenda Sistemit t\u00eb Kujdesit t\u00eb Integruar. Kjo p\u00ebrfshin pun\u00ebn n\u00eb partneritet me <a href=\"https:\/\/www.healthinnowest.net\/\" rel=\"noopener\">Inovacioni Sh\u00ebndet\u00ebsor n\u00eb Per\u00ebndim t\u00eb Anglis\u00eb<\/a>.<\/p>\n<p>IAU i Bristolit, Somersetit Verior dhe Gloucestershirit Jugor mbik\u00ebqyret nga nj\u00eb Profesor i Mobilizimit t\u00eb Dijes dhe p\u00ebrdor metoda t\u00eb bazuara n\u00eb prova p\u00ebr t\u00eb krijuar ndryshime t\u00eb q\u00ebndrueshme n\u00eb sistemet sh\u00ebndet\u00ebsore dhe t\u00eb kujdesit.<\/p>\n<p>Ai mbledh koleg\u00eb nga sistemi i sh\u00ebndet\u00ebsis\u00eb dhe kujdesit p\u00ebr t\u00eb punuar me Kryehetuesin p\u00ebr t\u00eb hartuar dhe ofruar nj\u00eb plan t\u00eb personalizuar p\u00ebr shp\u00ebrndarjen dhe vler\u00ebsimin, me q\u00ebllim ofrimin e provave t\u00eb ndikimit.\u201d<\/p>\n<h2>A mund t\u00eb ndihmoj\u00eb NjAB-ja jon\u00eb p\u00ebr t\u00eb v\u00ebn\u00eb provat n\u00eb praktik\u00eb p\u00ebrtej Bristolit, Somersetit Verior dhe Gloucestershirit Jugor?<\/h2>\n<p>Nj\u00ebsia e t\u00eb Dh\u00ebnave Individuale (IAU) e Bristolit, Somersetit t\u00eb Veriut dhe Gloucestershire t\u00eb Jugut \u00ebsht\u00eb p\u00ebr popullsin\u00eb e Bristolit, Somersetit t\u00eb Veriut dhe Gloucestershire t\u00eb Jugut, dhe ne nuk kemi burime t\u00eb dedikuara p\u00ebr t\u00eb mb\u00ebshtetur marrjen e provave n\u00eb zona t\u00eb tjera.<\/p>\n<p>Kur \u00ebsht\u00eb e mundur, ne do t\u00eb:<\/p>\n<ul>\n<li>T\u00eb ndajm\u00eb burimet, njohurit\u00eb dhe metodat tona (me burim t\u00eb hapur) me sisteme t\u00eb tjera sh\u00ebndet\u00ebsore dhe t\u00eb kujdesit<\/li>\n<li>Bashk\u00ebpunoni me Rrjetin Akademik t\u00eb Shkencave Sh\u00ebndet\u00ebsore (q\u00eb s\u00eb shpejti do t\u00eb njihet si Rrjeti i Inovacionit Sh\u00ebndet\u00ebsor), Qendr\u00ebn e Angazhimit dhe Shp\u00ebrndarjes s\u00eb NIHR dhe Bashk\u00ebpunimin e K\u00ebrkimit t\u00eb Aplikuar p\u00ebr t\u00eb ndihmuar n\u00eb rritjen e nd\u00ebrgjegj\u00ebsimit dhe ndarjen e t\u00eb nx\u00ebnit.<\/li>\n<li>Mb\u00ebshtetni p\u00ebrdorimin e provave p\u00ebrmes forumeve t\u00eb sh\u00ebndetit dhe kujdesit, si dhe forumeve komb\u00ebtare t\u00eb K\u00ebrkimit dhe Zhvillimit.<\/li>\n<li>Zhvilloni nj\u00eb rrjet komb\u00ebtar nj\u00ebsish q\u00eb mb\u00ebshtesin mobilizimin e njohurive dhe kontribuoni n\u00eb rrjetet ekzistuese t\u00eb mobilizimit t\u00eb njohurive p\u00ebr t\u00eb ndar\u00eb dhe shp\u00ebrndar\u00eb prova efektive.<\/li>\n<\/ul>\n<p>Kontaktoni ekipin k\u00ebrkimor ICB t\u00eb NHS Bristol, North Somerset dhe South Gloucestershire n\u00ebse keni ndonj\u00eb pyetje n\u00eb <a href=\"mailto:bnssg.research@nhs.net\">bnssg.research@nhs.net<\/a>.<\/p>\n  <\/div>\r\n  <\/section><\/div><!-- .assembler_text-module.assembler_module.assembler_text-module_3.assembler_module_3..transparent --><\/div><!-- .assembler_module_area.assembler_module_area_1 --><\/div><!-- .assembler_default-group.assembler_module_group.assembler_default-group_1.assembler_module_group_1  -->","protected":false},"excerpt":{"rendered":"<p>Nj\u00ebsit\u00eb e P\u00ebrshpejtimit t\u00eb Ndikimit (NJP) jan\u00eb sh\u00ebrbime t\u00eb dedikuara p\u00ebr t\u00eb mb\u00ebshtetur dhe p\u00ebrhapur provat.<\/p>","protected":false},"author":1,"featured_media":0,"parent":12227,"menu_order":0,"comment_status":"closed","ping_status":"closed","template":"","meta":{"_acf_changed":false,"footnotes":""},"tags":[],"class_list":["post-32933","page","type-page","status-publish","hentry"],"acf":[],"_links":{"self":[{"href":"https:\/\/bnssghealthiertogether.org.uk\/sq\/wp-json\/wp\/v2\/pages\/32933","targetHints":{"allow":["GET"]}}],"collection":[{"href":"https:\/\/bnssghealthiertogether.org.uk\/sq\/wp-json\/wp\/v2\/pages"}],"about":[{"href":"https:\/\/bnssghealthiertogether.org.uk\/sq\/wp-json\/wp\/v2\/types\/page"}],"author":[{"embeddable":true,"href":"https:\/\/bnssghealthiertogether.org.uk\/sq\/wp-json\/wp\/v2\/users\/1"}],"replies":[{"embeddable":true,"href":"https:\/\/bnssghealthiertogether.org.uk\/sq\/wp-json\/wp\/v2\/comments?post=32933"}],"version-history":[{"count":8,"href":"https:\/\/bnssghealthiertogether.org.uk\/sq\/wp-json\/wp\/v2\/pages\/32933\/revisions"}],"predecessor-version":[{"id":36993,"href":"https:\/\/bnssghealthiertogether.org.uk\/sq\/wp-json\/wp\/v2\/pages\/32933\/revisions\/36993"}],"up":[{"embeddable":true,"href":"https:\/\/bnssghealthiertogether.org.uk\/sq\/wp-json\/wp\/v2\/pages\/12227"}],"wp:attachment":[{"href":"https:\/\/bnssghealthiertogether.org.uk\/sq\/wp-json\/wp\/v2\/media?parent=32933"}],"wp:term":[{"taxonomy":"post_tag","embeddable":true,"href":"https:\/\/bnssghealthiertogether.org.uk\/sq\/wp-json\/wp\/v2\/tags?post=32933"}],"curies":[{"name":"wp","href":"https:\/\/api.w.org\/{rel}","templated":true}]}}