{"id":33063,"date":"2024-10-24T13:57:21","date_gmt":"2024-10-24T12:57:21","guid":{"rendered":"https:\/\/bnssghealthiertogether.org.uk\/?page_id=33063"},"modified":"2025-01-17T15:02:28","modified_gmt":"2025-01-17T15:02:28","slug":"about-our-organisation-and-area","status":"publish","type":"page","link":"https:\/\/bnssghealthiertogether.org.uk\/sq\/integrated-care-board\/annual-review-2023-to-2024\/about-our-organisation-and-area\/","title":{"rendered":"Rreth organizat\u00ebs dhe zon\u00ebs son\u00eb"},"content":{"rendered":"<div class=\"assembler_default-group assembler_module_group assembler_default-group_1 assembler_module_group_1\"><div class=\"assembler_module_area assembler_module_area_1\"><div class=\"assembler_table-of-contents-module assembler_module assembler_table-of-contents-module_1 assembler_module_1  transparent\"><a tabindex=\"-1\" title=\"Seksioni me titull module-1\" id=\"module-1\" href=\"https:\/\/bnssghealthiertogether.org.uk\/sq\/wp-json\/wp\/v2\/pages\/33063\/#module-1\" class=\"anchor\"><span class=\"hidden\">Seksioni me titull module-1<\/span><\/a><!-- Template found for table-of-contents-module - Template: template-table-of-contents - Matched: _only -->\r\n<section class=\"w-full mx-auto max-w-content border-b border-pale-grey pt-6 sm:pt-12 pb-6 sm:pb-12\">\r\n    <div class=\"entry-content w-full\">\r\n    <h1><span class=\"TextRun SCXW187760553 BCX8\" lang=\"EN-GB\" xml:lang=\"EN-GB\" data-contrast=\"none\"><span class=\"NormalTextRun CommentStart CommentHighlightPipeRestV2 CommentHighlightRest SCXW187760553 BCX8\" data-ccp-parastyle=\"heading 1\">Vjetor\u00a0<\/span><span class=\"NormalTextRun CommentHighlightRest SCXW187760553 BCX8\" data-ccp-parastyle=\"heading 1\">Rishikimi i vitit 2023<\/span><span class=\"NormalTextRun CommentHighlightRest SCXW187760553 BCX8\" data-ccp-parastyle=\"heading 1\">\u00a0deri n\u00eb vitin 2024<\/span><\/span><\/h1>\n<p>P\u00ebrmbajtja<\/p>\n    <div class=\"navigation-list\">\r\n                    <ul>\r\n                      <li class=\"text-sm\">\r\n                              <a href=\"https:\/\/bnssghealthiertogether.org.uk\/sq\/integrated-care-board\/annual-review-2023-to-2024\/\" class=\"text-sm underline-offset-4 font-normal hover:!underline-4\">\r\n                                                                Rishikimi Vjetor 2023 deri n\u00eb 2024                                <\/a>\r\n                          <\/li>\r\n                                <li class=\"text-sm\">\r\n                                                              Rreth organizat\u00ebs dhe zon\u00ebs son\u00eb                            <\/li>\r\n                      <li class=\"text-sm\">\r\n                              <a href=\"https:\/\/bnssghealthiertogether.org.uk\/sq\/integrated-care-board\/annual-review-2023-to-2024\/how-we-spend-your-money\/\" class=\"text-sm underline-offset-4 font-normal hover:!underline-4\">\r\n                                                                Si i shpenzojm\u00eb parat\u00eb tuaja                                <\/a>\r\n                          <\/li>\r\n                      <li class=\"text-sm\">\r\n                              <a href=\"https:\/\/bnssghealthiertogether.org.uk\/sq\/integrated-care-board\/annual-review-2023-to-2024\/our-year-in-review-2023-to-2024\/\" class=\"text-sm underline-offset-4 font-normal hover:!underline-4\">\r\n                                                                Rishikimi yn\u00eb i vitit 2023 deri n\u00eb 2024                                <\/a>\r\n                          <\/li>\r\n                  <\/ul>\r\n          <\/div>\r\n  <\/div>\r\n<\/section><\/div><!-- .assembler_table-of-contents-module.assembler_module.assembler_table-of-contents-module_1.assembler_module_1..transparent --><div class=\"assembler_text-module assembler_module assembler_text-module_2 assembler_module_2  transparent\"><a tabindex=\"-1\" title=\"Seksioni me titull module-2\" id=\"module-2\" href=\"https:\/\/bnssghealthiertogether.org.uk\/sq\/wp-json\/wp\/v2\/pages\/33063\/#module-2\" class=\"anchor\"><span class=\"hidden\">Seksioni me titull module-2<\/span><\/a><!-- Template found for text-module - Template: template-text - Matched: _only --><section class=\"w-full mx-auto max-w-content pt-3 sm:pt-6 pb-3 sm:pb-6\">\n      <div class=\"entry-content no-last\">\n      <h1>\n        Rreth organizat\u00ebs dhe zon\u00ebs son\u00eb      <\/h1>\n    <\/div>\n    <div class=\"flex gap-11 md:grid md:grid-cols-2 flex-col\">\n    <div class=\"entry-content\">\n      <p>Bordi i Kujdesit t\u00eb Integruar t\u00eb Bristolit, North Somerset dhe South Gloucestershire \u00ebsht\u00eb nj\u00eb organizat\u00eb statutore e NHS-s\u00eb q\u00eb u krijua m\u00eb 1 korrik 2022. Ne jemi p\u00ebrgjegj\u00ebs p\u00ebr zhvillimin e planeve p\u00ebr t\u00eb p\u00ebrmbushur nevojat sh\u00ebndet\u00ebsore t\u00eb popullsis\u00eb son\u00eb, menaxhimin e buxhetit t\u00eb NHS-s\u00eb dhe organizimin e ofrimit t\u00eb sh\u00ebrbimeve sh\u00ebndet\u00ebsore n\u00eb zon\u00ebn ton\u00eb.<\/p>\n<p>Ne synojm\u00eb t\u00eb:<\/p>\n<ul>\n<li>P\u00ebrmir\u00ebsimi i rezultateve n\u00eb sh\u00ebndetin e popullat\u00ebs dhe kujdesin sh\u00ebndet\u00ebsor<\/li>\n<li>P\u00ebrballuni me pabarazit\u00eb n\u00eb rezultate, p\u00ebrvoj\u00eb dhe akses<\/li>\n<li>Rrit produktivitetin dhe vler\u00ebn p\u00ebr parat\u00eb<\/li>\n<li>Ndihmoni NHS-n\u00eb t\u00eb mb\u00ebshtes\u00eb zhvillimin m\u00eb t\u00eb gjer\u00eb shoq\u00ebror dhe ekonomik<\/li>\n<\/ul>\n<p>&nbsp;<\/p>\n<p><img decoding=\"async\" class=\"alignnone wp-image-27779 size-large\" src=\"https:\/\/bnssg.icb.nhs.uk\/wp-content\/uploads\/2024\/08\/locality-1024x726.jpg\" alt=\"\" width=\"1024\" height=\"726\" srcset=\"https:\/\/bnssghealthiertogether.org.uk\/wp-content\/uploads\/2024\/08\/locality-1024x726.jpg 1024w, https:\/\/bnssghealthiertogether.org.uk\/wp-content\/uploads\/2024\/08\/locality-300x213.jpg 300w, https:\/\/bnssghealthiertogether.org.uk\/wp-content\/uploads\/2024\/08\/locality-768x545.jpg 768w, https:\/\/bnssghealthiertogether.org.uk\/wp-content\/uploads\/2024\/08\/locality-1536x1090.jpg 1536w, https:\/\/bnssghealthiertogether.org.uk\/wp-content\/uploads\/2024\/08\/locality-2048x1453.jpg 2048w, https:\/\/bnssghealthiertogether.org.uk\/wp-content\/uploads\/2024\/08\/locality-1320x936.jpg 1320w\" sizes=\"(max-width: 1024px) 100vw, 1024px\" \/><\/p>\n    <\/div>\n    <div class=\"entry-content\">\n      <p><img decoding=\"async\" class=\"alignnone wp-image-27940 size-medium\" src=\"https:\/\/bnssg.icb.nhs.uk\/wp-content\/uploads\/2024\/09\/DSC07985-e1725360576677-300x173.jpg\" alt=\"\" width=\"600\" height=\"346\" srcset=\"https:\/\/bnssghealthiertogether.org.uk\/wp-content\/uploads\/2024\/09\/DSC07985-e1725360576677-300x173.jpg 300w, https:\/\/bnssghealthiertogether.org.uk\/wp-content\/uploads\/2024\/09\/DSC07985-e1725360576677-1024x591.jpg 1024w, https:\/\/bnssghealthiertogether.org.uk\/wp-content\/uploads\/2024\/09\/DSC07985-e1725360576677-768x443.jpg 768w, https:\/\/bnssghealthiertogether.org.uk\/wp-content\/uploads\/2024\/09\/DSC07985-e1725360576677-1536x886.jpg 1536w, https:\/\/bnssghealthiertogether.org.uk\/wp-content\/uploads\/2024\/09\/DSC07985-e1725360576677-2048x1181.jpg 2048w, https:\/\/bnssghealthiertogether.org.uk\/wp-content\/uploads\/2024\/09\/DSC07985-e1725360576677-1320x761.jpg 1320w\" sizes=\"(max-width: 600px) 100vw, 600px\" \/><\/p>\n<p>&nbsp;<\/p>\n<p>Partneritetet tona t\u00eb Lokalitetit punojn\u00eb krah p\u00ebr krah me njer\u00ebzit vendas dhe partner\u00ebt e sektorit vullnetar dhe t\u00eb komunitetit p\u00ebr t\u00eb identifikuar dhe trajtuar prioritetet lokale bazuar n\u00eb nevojat e secilit komunitet.<\/p>\n<p>Gjasht\u00eb Partneritetet Lokale jan\u00eb:<\/p>\n<ul>\n<li>Gloucestershire Jugore<\/li>\n<li>Bristoli Verior dhe Per\u00ebndimor<\/li>\n<li>Qyteti i Brendsh\u00ebm dhe Bristoli Lindor<\/li>\n<li>Bristoli Jugor<\/li>\n<li>Woodspring<\/li>\n<li>Weston, Worle dhe Fshatra<\/li>\n<\/ul>\n    <\/div>\n      <\/div>\n<\/section><\/div><!-- .assembler_text-module.assembler_module.assembler_text-module_2.assembler_module_2..transparent --><div class=\"assembler_text-module assembler_module assembler_text-module_3 assembler_module_3  transparent\"><a tabindex=\"-1\" title=\"Seksioni me titull module-3\" id=\"module-3\" href=\"https:\/\/bnssghealthiertogether.org.uk\/sq\/wp-json\/wp\/v2\/pages\/33063\/#module-3\" class=\"anchor\"><span class=\"hidden\">Seksioni me titull module-3<\/span><\/a><!-- Template found for text-module - Template: template-text - Matched: _only --><section class=\"w-full mx-auto max-w-content pt-3 sm:pt-6 pb-3 sm:pb-6\">\r\n  <div class=\"entry-content w-full !px-0 max-w-small\">\r\n        <p>Ne jemi pjes\u00eb e Sistemit lokal t\u00eb Kujdesit t\u00eb Integruar, i njohur si M\u00eb t\u00eb Sh\u00ebndetsh\u00ebm S\u00eb Bashku. P\u00ebrmes partneritetit, ne punojm\u00eb ngusht\u00eb me organizata t\u00eb tjera t\u00eb NHS-s\u00eb, k\u00ebshilla lokale dhe sektorin vullnetar dhe komunitar p\u00ebr t\u00eb ndihmuar njer\u00ebzit t\u00eb q\u00ebndrojn\u00eb t\u00eb lumtur, t\u00eb sh\u00ebndetsh\u00ebm dhe mir\u00eb p\u00ebr m\u00eb gjat\u00eb.<\/p>\n<p>Fakte rreth zon\u00ebs son\u00eb:<\/p>\n<ul>\n<li>1 milion njer\u00ebz<\/li>\n<li>16% e njer\u00ebzve q\u00eb jetojn\u00eb n\u00eb Bristol jan\u00eb nga grupe etnike me ngjyr\u00eb dhe minoritare.<\/li>\n<li>Numri i personave t\u00eb mosh\u00ebs 15 deri n\u00eb 24 vje\u00e7, dhe mbi 60 vje\u00e7, \u00ebsht\u00eb n\u00eb rritje.<\/li>\n<li>1 n\u00eb 10 persona jeton n\u00eb nj\u00eb zon\u00eb t\u00eb varf\u00ebr<\/li>\n<li>Ekziston nj\u00eb ndryshim deri n\u00eb 15 vjet n\u00eb jet\u00ebgjat\u00ebsin\u00eb midis atyre q\u00eb jetojn\u00eb n\u00eb komunitetet m\u00eb t\u00eb privuara dhe m\u00eb pak t\u00eb privuara.<\/li>\n<\/ul>\n  <\/div>\r\n  <\/section><\/div><!-- .assembler_text-module.assembler_module.assembler_text-module_3.assembler_module_3..transparent --><div class=\"assembler_text-module assembler_module assembler_text-module_4 assembler_module_4  transparent\"><a tabindex=\"-1\" title=\"Seksioni me titullin module-4\" id=\"module-4\" href=\"https:\/\/bnssghealthiertogether.org.uk\/sq\/wp-json\/wp\/v2\/pages\/33063\/#module-4\" class=\"anchor\"><span class=\"hidden\">Seksioni me titullin module-4<\/span><\/a><!-- Template found for text-module - Template: template-text - Matched: _only --><section class=\"w-full mx-auto max-w-content pt-3 sm:pt-6 pb-3 sm:pb-6\">\r\n  <div class=\"entry-content w-full !px-0 max-w-small\">\r\n        <p><img decoding=\"async\" class=\"alignnone wp-image-27876 size-large\" src=\"https:\/\/bnssg.icb.nhs.uk\/wp-content\/uploads\/2024\/09\/GRAPHIC-1024x469.jpg\" alt=\"\" width=\"1024\" height=\"469\" srcset=\"https:\/\/bnssghealthiertogether.org.uk\/wp-content\/uploads\/2024\/09\/GRAPHIC-1024x469.jpg 1024w, https:\/\/bnssghealthiertogether.org.uk\/wp-content\/uploads\/2024\/09\/GRAPHIC-300x138.jpg 300w, https:\/\/bnssghealthiertogether.org.uk\/wp-content\/uploads\/2024\/09\/GRAPHIC-768x352.jpg 768w, https:\/\/bnssghealthiertogether.org.uk\/wp-content\/uploads\/2024\/09\/GRAPHIC-1536x704.jpg 1536w, https:\/\/bnssghealthiertogether.org.uk\/wp-content\/uploads\/2024\/09\/GRAPHIC-2048x939.jpg 2048w, https:\/\/bnssghealthiertogether.org.uk\/wp-content\/uploads\/2024\/09\/GRAPHIC-1320x605.jpg 1320w\" sizes=\"(max-width: 1024px) 100vw, 1024px\" \/><\/p>\n  <\/div>\r\n  <\/section><\/div><!-- .assembler_text-module.assembler_module.assembler_text-module_4.assembler_module_4..transparent --><\/div><!-- .assembler_module_area.assembler_module_area_1 --><\/div><!-- .assembler_default-group.assembler_module_group.assembler_default-group_1.assembler_module_group_1  -->","protected":false},"excerpt":{"rendered":"<p>Section titled module-1 Annual\u00a0Review 2023\u00a0to 2024 Contents Annual Review 2023 to 2024 About our organisation and area How we spend your money Our year in review 2023 to 2024 Section titled module-2 About our organisation and area Bristol, North Somerset and South Gloucestershire Integrated Care Board is a statutory NHS organisation that was established on [&hellip;]<\/p>\n","protected":false},"author":1,"featured_media":0,"parent":33059,"menu_order":0,"comment_status":"closed","ping_status":"closed","template":"","meta":{"_acf_changed":false,"footnotes":""},"tags":[],"class_list":["post-33063","page","type-page","status-publish","hentry"],"acf":[],"_links":{"self":[{"href":"https:\/\/bnssghealthiertogether.org.uk\/sq\/wp-json\/wp\/v2\/pages\/33063","targetHints":{"allow":["GET"]}}],"collection":[{"href":"https:\/\/bnssghealthiertogether.org.uk\/sq\/wp-json\/wp\/v2\/pages"}],"about":[{"href":"https:\/\/bnssghealthiertogether.org.uk\/sq\/wp-json\/wp\/v2\/types\/page"}],"author":[{"embeddable":true,"href":"https:\/\/bnssghealthiertogether.org.uk\/sq\/wp-json\/wp\/v2\/users\/1"}],"replies":[{"embeddable":true,"href":"https:\/\/bnssghealthiertogether.org.uk\/sq\/wp-json\/wp\/v2\/comments?post=33063"}],"version-history":[{"count":6,"href":"https:\/\/bnssghealthiertogether.org.uk\/sq\/wp-json\/wp\/v2\/pages\/33063\/revisions"}],"predecessor-version":[{"id":36206,"href":"https:\/\/bnssghealthiertogether.org.uk\/sq\/wp-json\/wp\/v2\/pages\/33063\/revisions\/36206"}],"up":[{"embeddable":true,"href":"https:\/\/bnssghealthiertogether.org.uk\/sq\/wp-json\/wp\/v2\/pages\/33059"}],"wp:attachment":[{"href":"https:\/\/bnssghealthiertogether.org.uk\/sq\/wp-json\/wp\/v2\/media?parent=33063"}],"wp:term":[{"taxonomy":"post_tag","embeddable":true,"href":"https:\/\/bnssghealthiertogether.org.uk\/sq\/wp-json\/wp\/v2\/tags?post=33063"}],"curies":[{"name":"wp","href":"https:\/\/api.w.org\/{rel}","templated":true}]}}