{"id":33231,"date":"2024-11-01T16:06:18","date_gmt":"2024-11-01T16:06:18","guid":{"rendered":"https:\/\/bnssghealthiertogether.org.uk\/?page_id=33231"},"modified":"2025-01-16T22:24:48","modified_gmt":"2025-01-16T22:24:48","slug":"proactive-hepatitis-c-reinfection-optimising-surveillance-for-detection-and-prevention","status":"publish","type":"page","link":"https:\/\/bnssghealthiertogether.org.uk\/sq\/integrated-care-board\/research-and-evidence\/our-research-portfolio\/nihr-funded-projects\/proactive-hepatitis-c-reinfection-optimising-surveillance-for-detection-and-prevention\/","title":{"rendered":"PROAKTIVE: Ri-infeksioni i Hepatitit C: Optimizimi i mbik\u00ebqyrjes p\u00ebr zbulimin dhe parandalimin"},"content":{"rendered":"<div class=\"assembler_default-group assembler_module_group assembler_default-group_1 assembler_module_group_1\"><div class=\"assembler_module_area assembler_module_area_1\"><div class=\"assembler_text-module assembler_module assembler_text-module_1 assembler_module_1  transparent\"><a tabindex=\"-1\" title=\"Seksioni me titull module-1\" id=\"module-1\" href=\"https:\/\/bnssghealthiertogether.org.uk\/sq\/wp-json\/wp\/v2\/pages\/33231\/#module-1\" class=\"anchor\"><span class=\"hidden\">Seksioni me titull module-1<\/span><\/a><!-- Template found for text-module - Template: template-text - Matched: _only --><section class=\"w-full mx-auto max-w-content pt-12 sm:pt-24 pb-12 sm:pb-24\">\r\n  <div class=\"entry-content w-full !px-0 max-w-small\">\r\n        <h1>PROAKTIVE: Ri-infeksioni i Hepatitit C: Optimizimi i mbik\u00ebqyrjes p\u00ebr zbulimin dhe parandalimin<\/h1>\n<h2>Financimi<\/h2>\n<p>Instituti Komb\u00ebtar p\u00ebr K\u00ebrkime n\u00eb Sh\u00ebndet\u00ebsi dhe Kujdes (NIHR), Granti i Zhvillimit t\u00eb Programit (PDG) Ref. NIHR207646<\/p>\n<h2>Cila \u00ebsht\u00eb Pyetja K\u00ebrkimore?<\/h2>\n<p>Cilat jan\u00eb pengesat p\u00ebr testimin pasues p\u00ebr Hepatitin C dhe si mund ta zvog\u00eblojn\u00eb rrezikun e ri-infektimit ata q\u00eb injektojn\u00eb drog\u00eb?<\/p>\n<h2>Cili \u00ebsht\u00eb problemi?<\/h2>\n<p>Virusi i hepatitit C prek m\u00ebl\u00e7in\u00eb dhe pa trajtim, infeksioni afatgjat\u00eb i hepatitit C mund t\u00eb shkaktoj\u00eb d\u00ebmtim t\u00eb m\u00ebl\u00e7is\u00eb, kancer dhe vdekje t\u00eb parakohshme. Megjithat\u00eb, trajtimet mund ta kurojn\u00eb infeksionin e hepatitit C shpejt dhe n\u00eb m\u00ebnyr\u00eb efektive. P\u00ebr shkak t\u00eb k\u00ebsaj, Organizata Bot\u00ebrore e Sh\u00ebndet\u00ebsis\u00eb ka vendosur nj\u00eb objektiv p\u00ebr t\u00eb luftuar hepatitin C deri n\u00eb vitin 2030.<\/p>\n<p>Njer\u00ebzit q\u00eb injektojn\u00eb drog\u00eb jan\u00eb grupi kryesor i njer\u00ebzve n\u00eb Mbret\u00ebrin\u00eb e Bashkuar q\u00eb p\u00ebrjetojn\u00eb infeksionin e hepatitit C dhe ri-infektimin.<\/p>\n<p>N\u00eb nj\u00eb hulumtim t\u00eb m\u00ebparsh\u00ebm t\u00eb kryer n\u00eb vitin 2017, testimi dhe trajtimi i hepatitit C p\u00ebr njer\u00ebzit q\u00eb injektojn\u00eb drog\u00eb u rrit me shpejt\u00ebsi dhe...\u00a0<a href=\"https:\/\/bnssg.icb.nhs.uk\/about-us\/research-and-evidence\/our-research-portfolio\/nihr-funded-projects\/epitope-evaluating-the-population-impact-of-hepatitis-c-direct-acting-antiviral-treatment-as-prevention-for-people-who-inject-drugs\/\" rel=\"noopener\">hulumtimi yn\u00eb<\/a>\u00a0tregoi se kjo ishte shum\u00eb efektive n\u00eb uljen e infeksioneve t\u00eb Hepatitit C.<\/p>\n<p>Megjithat\u00eb, p\u00ebr t\u00eb mbajtur t\u00eb ul\u00ebta infeksionet e Hepatitit C, duhet t\u00eb parandalojm\u00eb ri-infeksionet n\u00eb t\u00eb ardhmen dhe t\u00eb zbulojm\u00eb dhe trajtojm\u00eb shpejt ri-infeksionin. Udh\u00ebzimet rekomandojn\u00eb q\u00eb njer\u00ebzit q\u00eb jan\u00eb trajtuar p\u00ebr Hepatitin C t\u00eb testohen nj\u00eb her\u00eb n\u00eb vit p\u00ebr t\u00eb kontrolluar p\u00ebr ri-infeksion. Megjithat\u00eb, hulumtimi yn\u00eb sugjeron q\u00eb ky ndjekje ndodh rrall\u00eb.<\/p>\n<h2>Cili \u00ebsht\u00eb q\u00ebllimi i hulumtimit?<\/h2>\n<p>Ekzistojn\u00eb tre q\u00ebllime t\u00eb k\u00ebtij studimi:<\/p>\n<ol>\n<li>P\u00ebr t\u00eb zbuluar se \u00e7far\u00eb ndihmon dhe \u00e7far\u00eb pengon kryerjen e testeve pasuese.<\/li>\n<li>P\u00ebr t\u00eb zbuluar se \u00e7far\u00eb informacioni mblidhet kur njer\u00ebzit b\u00ebjn\u00eb testin, i cili mund t\u00eb na ndihmoj\u00eb t\u00eb kuptojm\u00eb se \u00e7far\u00eb mund t\u00eb zvog\u00ebloj\u00eb rrezikun e ri-infektimit n\u00eb t\u00eb ardhmen.<\/li>\n<li>Bashk\u00ebprodhoni udh\u00ebzime p\u00ebr praktik\u00ebn e ardhshme.<\/li>\n<\/ol>\n<h2>Si do t\u00eb arrihet kjo?<\/h2>\n<p>Q\u00ebllimet e k\u00ebtij hulumtimi do t\u00eb arrihen n\u00eb tre faza:<\/p>\n<ol>\n<li>Rishikimi i fush\u00ebveprimit t\u00eb provave deri m\u00eb sot<\/li>\n<li>Intervista cil\u00ebsore me njer\u00ebz q\u00eb injektojn\u00eb drog\u00eb dhe stafin q\u00eb b\u00ebn testet vjetore<\/li>\n<li>Gjetjet nga pjesa 1 dhe 2 do t\u00eb p\u00ebrfshihen n\u00eb kat\u00ebr seanca bashk\u00ebprodhimi. Dy me ekspert\u00eb t\u00eb Hepatitit C, stafin q\u00eb ofron testime p\u00ebr Hepatitin C dhe politik\u00ebb\u00ebr\u00ebs, dhe dy me njer\u00ebz me p\u00ebrvoj\u00eb t\u00eb drejtp\u00ebrdrejt\u00eb. Do t\u00eb diskutojm\u00eb:<\/li>\n<\/ol>\n<ul>\n<li>si mund t\u00eb kap\u00ebrcehen pengesat e identifikuara,<\/li>\n<li>si mund t\u00eb p\u00ebrmir\u00ebsohet oferta e testit vjetor<\/li>\n<li>dhe informacionin q\u00eb nevojitet p\u00ebr t\u00eb mb\u00ebshtetur ndjekjen komb\u00ebtare t\u00eb shkall\u00ebs s\u00eb ri-infektimit me Hepatit C<\/li>\n<\/ul>\n<h2>Kush po e udh\u00ebheq K\u00ebrkimin?<\/h2>\n<p>Familja e Dr. Hannah, Universiteti i Bristolit<\/p>\n<h2>Informacion i m\u00ebtejsh\u00ebm:<\/h2>\n<p>Email-i i CI-s\u00eb:\u00a0<a href=\"mailto:hannah.family@bristol.ac.uk\">hannah.family@bristol.ac.uk<\/a>\u00a0ose\u00a0<a href=\"mailto:Hannah.family@nhs.net\">Hannah.family@nhs.net<\/a><\/p>\n<p>P\u00ebr m\u00eb shum\u00eb informacion ose p\u00ebr t&#039;u p\u00ebrfshir\u00eb n\u00eb k\u00ebt\u00eb projekt, d\u00ebrgoni email <a href=\"mailto:bnssg.research@nhs.net\">bnssg.research@nhs.net<\/a>.<\/p>\n<p>Pik\u00ebpamjet e shprehura jan\u00eb ato t\u00eb autorit\/autor\u00ebve dhe jo domosdoshm\u00ebrisht ato t\u00eb NIHR ose t\u00eb Departamentit t\u00eb Sh\u00ebndet\u00ebsis\u00eb dhe Kujdesit Social.<\/p>\n  <\/div>\r\n  <\/section><\/div><!-- .assembler_text-module.assembler_module.assembler_text-module_1.assembler_module_1..transparent --><\/div><!-- .assembler_module_area.assembler_module_area_1 --><\/div><!-- .assembler_default-group.assembler_module_group.assembler_default-group_1.assembler_module_group_1  -->","protected":false},"excerpt":{"rendered":"<p>Section titled module-1 PROACTIVE: HePatitis C Reinfection: Optimising surveillAnCe for detection and preVEntion Funding National Institute for Health and Care Research (NIHR) , Programme Development Grant (PDG) Ref. NIHR207646 What is the Research Question? What are the barriers to follow up testing for Hepatitis C, \u00a0and how can those who inject drugs reduce their risk [&hellip;]<\/p>\n","protected":false},"author":28,"featured_media":0,"parent":32881,"menu_order":0,"comment_status":"closed","ping_status":"closed","template":"","meta":{"_acf_changed":false,"footnotes":""},"tags":[],"class_list":["post-33231","page","type-page","status-publish","hentry"],"acf":[],"_links":{"self":[{"href":"https:\/\/bnssghealthiertogether.org.uk\/sq\/wp-json\/wp\/v2\/pages\/33231","targetHints":{"allow":["GET"]}}],"collection":[{"href":"https:\/\/bnssghealthiertogether.org.uk\/sq\/wp-json\/wp\/v2\/pages"}],"about":[{"href":"https:\/\/bnssghealthiertogether.org.uk\/sq\/wp-json\/wp\/v2\/types\/page"}],"author":[{"embeddable":true,"href":"https:\/\/bnssghealthiertogether.org.uk\/sq\/wp-json\/wp\/v2\/users\/28"}],"replies":[{"embeddable":true,"href":"https:\/\/bnssghealthiertogether.org.uk\/sq\/wp-json\/wp\/v2\/comments?post=33231"}],"version-history":[{"count":3,"href":"https:\/\/bnssghealthiertogether.org.uk\/sq\/wp-json\/wp\/v2\/pages\/33231\/revisions"}],"predecessor-version":[{"id":36171,"href":"https:\/\/bnssghealthiertogether.org.uk\/sq\/wp-json\/wp\/v2\/pages\/33231\/revisions\/36171"}],"up":[{"embeddable":true,"href":"https:\/\/bnssghealthiertogether.org.uk\/sq\/wp-json\/wp\/v2\/pages\/32881"}],"wp:attachment":[{"href":"https:\/\/bnssghealthiertogether.org.uk\/sq\/wp-json\/wp\/v2\/media?parent=33231"}],"wp:term":[{"taxonomy":"post_tag","embeddable":true,"href":"https:\/\/bnssghealthiertogether.org.uk\/sq\/wp-json\/wp\/v2\/tags?post=33231"}],"curies":[{"name":"wp","href":"https:\/\/api.w.org\/{rel}","templated":true}]}}