{"id":33234,"date":"2024-11-01T16:07:34","date_gmt":"2024-11-01T16:07:34","guid":{"rendered":"https:\/\/bnssghealthiertogether.org.uk\/?page_id=33234"},"modified":"2025-01-16T22:44:38","modified_gmt":"2025-01-16T22:44:38","slug":"transforming-assessment-and-diagnosis-of-dementia-in-bristol-for-people-from-chinese-caribbean-and-south-asian-and-communities","status":"publish","type":"page","link":"https:\/\/bnssghealthiertogether.org.uk\/sq\/integrated-care-board\/research-and-evidence\/our-research-portfolio\/nihr-funded-projects\/transforming-assessment-and-diagnosis-of-dementia-in-bristol-for-people-from-chinese-caribbean-and-south-asian-and-communities\/","title":{"rendered":"Vler\u00ebsimi dhe diagnostikimi transformues i demenc\u00ebs n\u00eb Bristol p\u00ebr njer\u00ebz nga komunitetet kineze, karaibe dhe t\u00eb Azis\u00eb Jugore."},"content":{"rendered":"<div class=\"assembler_default-group assembler_module_group assembler_default-group_1 assembler_module_group_1\"><div class=\"assembler_module_area assembler_module_area_1\"><div class=\"assembler_text-module assembler_module assembler_text-module_1 assembler_module_1  transparent\"><a tabindex=\"-1\" title=\"Seksioni me titull module-1\" id=\"module-1\" href=\"https:\/\/bnssghealthiertogether.org.uk\/sq\/wp-json\/wp\/v2\/pages\/33234\/#module-1\" class=\"anchor\"><span class=\"hidden\">Seksioni me titull module-1<\/span><\/a><!-- Template found for text-module - Template: template-text - Matched: _only --><section class=\"w-full mx-auto max-w-content pt-12 sm:pt-24 pb-12 sm:pb-24\">\r\n  <div class=\"entry-content w-full !px-0 max-w-small\">\r\n        <h1>Vler\u00ebsimi dhe diagnostikimi transformues i demenc\u00ebs n\u00eb Bristol p\u00ebr njer\u00ebz nga komunitetet kineze, karaibe dhe t\u00eb Azis\u00eb Jugore.<\/h1>\n<h2>Financimi<\/h2>\n<p>Granti i Zhvillimit t\u00eb Programit (PDG) i Institutit Komb\u00ebtar p\u00ebr K\u00ebrkime n\u00eb Sh\u00ebndet\u00ebsi dhe Kujdes (NIHR) Ref. NIHR207093<\/p>\n<h2>Cila \u00ebsht\u00eb Pyetja K\u00ebrkimore?<\/h2>\n<p>A do t\u00eb p\u00ebrmir\u00ebsoj\u00eb p\u00ebrshtatja e rrug\u00ebs aktuale p\u00ebr sh\u00ebrbimet e demenc\u00ebs p\u00ebr njer\u00ebzit nga komunitetet kineze, t\u00eb Karaibeve dhe t\u00eb Azis\u00eb Jugore p\u00ebrvojat e tyre t\u00eb vler\u00ebsimit, diagnoz\u00ebs dhe trajtimit?<\/p>\n<h2>Cili \u00ebsht\u00eb problemi?<\/h2>\n<p>Partneriteti yn\u00eb k\u00ebrkimor \u00ebsht\u00eb nj\u00eb bashk\u00ebpunim midis udh\u00ebheq\u00ebsve t\u00eb tre grupeve komunitare n\u00eb Bristol, t\u00eb cilat ofrojn\u00eb mb\u00ebshtetje p\u00ebr njer\u00ebz nga komunitetet kineze, t\u00eb Karaibeve dhe t\u00eb Azis\u00eb Jugore, dhe studiuesve nga UWE Bristol dhe Rrjeti Black South-West.<\/p>\n<p>P\u00ebr t\u00eb zbuluar prioritetet m\u00eb t\u00eb r\u00ebnd\u00ebsishme p\u00ebr komunitetet lokale, ne zhvilluam nj\u00eb s\u00ebr\u00eb takimesh me banor\u00eb t\u00eb Bristolit kinez\u00eb, t\u00eb Karaibeve dhe t\u00eb Azis\u00eb Jugore gjat\u00eb vitit 2023. Pjes\u00ebmarr\u00ebsit than\u00eb se e shihnin vler\u00ebsimin dhe diagnostikimin m\u00eb t\u00eb mir\u00eb si p\u00ebrpar\u00ebsi. P\u00ebr shembull, nj\u00eb grua kineze na tha: \u201c<em>Nuk mendoj se mjeku i familjes m\u00eb d\u00ebgjon dhe e merr seriozisht situat\u00ebn e mamas\u00eb sime - ata gjithmon\u00eb thon\u00eb se \u00ebsht\u00eb mir\u00eb.<\/em>\u201d.<\/p>\n<p>Pjes\u00ebmarr\u00ebs t\u00eb tjer\u00eb na than\u00eb se preferonin t\u00eb p\u00ebrpiqeshin t\u00eb p\u00ebrballonin vet\u00eb situat\u00ebn, sepse nuk i besonin NHS-s\u00eb p\u00ebr t\u00eb kuptuar se \u00e7far\u00eb u nevojitej. Shum\u00eb njer\u00ebz ngurronin t&#039;i drejtoheshin mjekut t\u00eb tyre t\u00eb p\u00ebrgjithsh\u00ebm dhe preferonin n\u00eb vend t\u00eb k\u00ebsaj t\u00eb mb\u00ebshteteshin n\u00eb mb\u00ebshtetjen lokale, t\u00eb bazuar n\u00eb komunitet.<\/p>\n<p>Ky \u00ebsht\u00eb nj\u00eb problem sepse e dim\u00eb q\u00eb, nd\u00ebrsa njer\u00ebzit nga t\u00eb tre komunitetet (kineze, karaibeane dhe aziatiko-jugore) jan\u00eb n\u00eb rrezik t\u00eb lart\u00eb p\u00ebr t\u00eb zhvilluar demenc\u00eb, ata kan\u00eb gjithashtu m\u00eb pak gjasa t\u00eb diagnostikohen sesa njer\u00ebzit nga komunitetet e bardha.<\/p>\n<p>P\u00ebrve\u00e7 k\u00ebsaj, ata shpesh diagnostikohen n\u00eb nj\u00eb faz\u00eb t\u00eb m\u00ebvonshme t\u00eb s\u00ebmundjes, p\u00ebr shembull kur jan\u00eb n\u00eb kriz\u00eb. Si pasoj\u00eb, ata mund t\u00eb humbasin nj\u00eb trajtim t\u00eb r\u00ebnd\u00ebsish\u00ebm.<\/p>\n<h2>Cili \u00ebsht\u00eb q\u00ebllimi i hulumtimit?<\/h2>\n<p>Ne duam t\u00eb zbulojm\u00eb se si organizatat komunitare mund t\u00eb bashk\u00ebpunojn\u00eb me NHS-n\u00eb p\u00ebr t\u00eb p\u00ebrmir\u00ebsuar procesin aktual t\u00eb vler\u00ebsimit.<\/p>\n<p>Shpresojm\u00eb q\u00eb kjo do t\u00eb p\u00ebrmir\u00ebsoj\u00eb m\u00ebnyr\u00ebn se si njer\u00ebzit nga komunitetet kineze, t\u00eb Karaibeve dhe t\u00eb Azis\u00eb Jugore vler\u00ebsohen, diagnostikohen dhe mb\u00ebshteten pas diagnoz\u00ebs.<\/p>\n<h2>Si do t\u00eb arrihet kjo?<\/h2>\n<p>Ne duam t&#039;i trajtojm\u00eb k\u00ebto probleme duke p\u00ebrmir\u00ebsuar m\u00ebnyr\u00ebn se si kryhen aktualisht vler\u00ebsimi dhe diagnostikimi. S\u00eb pari, do t&#039;i ndihmojm\u00eb njer\u00ebzit n\u00eb k\u00ebto tre komunitete t\u00eb njohin simptomat e demenc\u00ebs dhe t\u00eb p\u00ebrmir\u00ebsojn\u00eb kuptimin e tyre p\u00ebr s\u00ebmundjen.<\/p>\n<p>S\u00eb dyti, ne do t\u00eb bashk\u00ebpunojm\u00eb me NHS-n\u00eb dhe mjek\u00ebt e p\u00ebrgjithsh\u00ebm p\u00ebr t&#039;u mund\u00ebsuar njer\u00ebzve q\u00eb ose t\u00eb referohen vet\u00eb p\u00ebr nj\u00eb vler\u00ebsim ose q\u00eb nj\u00eb organizat\u00eb komunitare t\u00eb jet\u00eb n\u00eb gjendje ta b\u00ebj\u00eb k\u00ebt\u00eb p\u00ebr ta.<\/p>\n<p>Klinik\u00ebt lokal\u00eb t\u00eb demenc\u00ebs do t\u00eb punojn\u00eb m\u00eb pas s\u00eb bashku me stafin e organizatave t\u00eb komunitetit p\u00ebr t\u00eb kryer vler\u00ebsimin.<\/p>\n<p>S\u00eb treti, ne do t\u00eb identifikojm\u00eb standarde t\u00eb qarta p\u00ebr vler\u00ebsimin, diagnoz\u00ebn dhe trajtimin q\u00eb do t\u00eb thot\u00eb se njer\u00ebzit do t\u00eb kuptojn\u00eb se \u00e7far\u00eb mund t\u00eb k\u00ebrkojn\u00eb nga sh\u00ebrbimet.<\/p>\n<p>Ne presim q\u00eb kjo rrug\u00eb e re do t\u00eb \u00e7oj\u00eb n\u00eb diagnostikimin e sakt\u00eb t\u00eb nj\u00eb forme demence me m\u00eb shum\u00eb njer\u00ebz dhe q\u00eb k\u00ebto diagnoza t\u00eb b\u00ebhen m\u00eb her\u00ebt n\u00eb faz\u00ebn e s\u00ebmundjes. Kjo do t\u00eb thot\u00eb q\u00eb njer\u00ebzit do t\u00eb ken\u00eb m\u00eb shum\u00eb koh\u00eb p\u00ebr t&#039;u p\u00ebrshtatur me t\u00eb dhe do t\u00eb ken\u00eb m\u00eb shum\u00eb mund\u00ebsi trajtimi n\u00eb dispozicion.<\/p>\n<p>Meqen\u00ebse kjo \u00ebsht\u00eb nj\u00eb rrug\u00eb e re, ne duam t\u00eb zbulojm\u00eb se \u00e7far\u00eb pengesash dhe barrierash mund t\u00eb ket\u00eb n\u00eb ndryshimin e procesit t\u00eb vler\u00ebsimit n\u00eb k\u00ebt\u00eb m\u00ebnyr\u00eb. Gjithashtu duam t\u00eb dim\u00eb n\u00ebse stafi i NHS-s\u00eb dhe organizatave t\u00eb komunitetit ndihen rehat duke b\u00ebr\u00eb vler\u00ebsimet dhe n\u00ebse pacient\u00ebt dhe familjet e tyre e mendojn\u00eb se \u00ebsht\u00eb nj\u00eb p\u00ebrmir\u00ebsim.<\/p>\n<p>Ne do t\u00eb b\u00ebjm\u00eb nj\u00eb film p\u00ebr t\u00eb regjistruar p\u00ebrvojat e pacient\u00ebve dhe familjeve t\u00eb tyre dhe do ta p\u00ebrdorim k\u00ebt\u00eb p\u00ebr t\u00eb komunikuar rezultatet e projektit n\u00eb t\u00eb tre komunitetet tona n\u00eb Bristol dhe n\u00eb pjes\u00ebn tjet\u00ebr t\u00eb Mbret\u00ebris\u00eb s\u00eb Bashkuar.<\/p>\n<h2>Kush po e udh\u00ebheq K\u00ebrkimin?<\/h2>\n<p>Hulumtimi drejtohet bashk\u00ebrisht nga nj\u00eb studiues akademik (Profesor Rik Cheston nga Universiteti i Anglis\u00eb Per\u00ebndimore, Bristol) dhe nj\u00eb studiuese e komunitetit (Emily Choi nga Shoqata Kineze e Mir\u00ebqenies s\u00eb Komunitetit).<\/p>\n<h2>Informacion i m\u00ebtejsh\u00ebm:<\/h2>\n<p>Email-i i CI-s\u00eb:\u00a0<a href=\"mailto:Richard.Cheston@uwe.ac.uk\">Richard.Cheston@uwe.ac.uk<\/a>\u00a0ose\u00a0<a href=\"mailto:emily@chinesecws.org.uk\">emily@chinesecws.org.uk<\/a><\/p>\n<p>P\u00ebr m\u00eb shum\u00eb informacion ose p\u00ebr t&#039;u p\u00ebrfshir\u00eb n\u00eb k\u00ebt\u00eb projekt, d\u00ebrgoni email <a href=\"mailto:bnssg.research@nhs.net\">bnssg.research@nhs.net<\/a>.<\/p>\n<p>Pik\u00ebpamjet e shprehura jan\u00eb ato t\u00eb autorit\/autor\u00ebve dhe jo domosdoshm\u00ebrisht ato t\u00eb NIHR ose t\u00eb Departamentit t\u00eb Sh\u00ebndet\u00ebsis\u00eb dhe Kujdesit Social.<\/p>\n  <\/div>\r\n  <\/section><\/div><!-- .assembler_text-module.assembler_module.assembler_text-module_1.assembler_module_1..transparent --><\/div><!-- .assembler_module_area.assembler_module_area_1 --><\/div><!-- .assembler_default-group.assembler_module_group.assembler_default-group_1.assembler_module_group_1  -->","protected":false},"excerpt":{"rendered":"<p>Section titled module-1 Transforming assessment and diagnosis of dementia in Bristol for people from Chinese, Caribbean and South Asian and communities Funding National Institute for Health and Care Research (NIHR) Programme Development Grant (PDG) Ref. NIHR207093 What is the Research Question? Will adapting the current pathway for dementia services for people from the Chinese, Caribbean [&hellip;]<\/p>\n","protected":false},"author":28,"featured_media":0,"parent":32881,"menu_order":0,"comment_status":"closed","ping_status":"closed","template":"","meta":{"_acf_changed":false,"footnotes":""},"tags":[],"class_list":["post-33234","page","type-page","status-publish","hentry"],"acf":[],"_links":{"self":[{"href":"https:\/\/bnssghealthiertogether.org.uk\/sq\/wp-json\/wp\/v2\/pages\/33234","targetHints":{"allow":["GET"]}}],"collection":[{"href":"https:\/\/bnssghealthiertogether.org.uk\/sq\/wp-json\/wp\/v2\/pages"}],"about":[{"href":"https:\/\/bnssghealthiertogether.org.uk\/sq\/wp-json\/wp\/v2\/types\/page"}],"author":[{"embeddable":true,"href":"https:\/\/bnssghealthiertogether.org.uk\/sq\/wp-json\/wp\/v2\/users\/28"}],"replies":[{"embeddable":true,"href":"https:\/\/bnssghealthiertogether.org.uk\/sq\/wp-json\/wp\/v2\/comments?post=33234"}],"version-history":[{"count":3,"href":"https:\/\/bnssghealthiertogether.org.uk\/sq\/wp-json\/wp\/v2\/pages\/33234\/revisions"}],"predecessor-version":[{"id":36181,"href":"https:\/\/bnssghealthiertogether.org.uk\/sq\/wp-json\/wp\/v2\/pages\/33234\/revisions\/36181"}],"up":[{"embeddable":true,"href":"https:\/\/bnssghealthiertogether.org.uk\/sq\/wp-json\/wp\/v2\/pages\/32881"}],"wp:attachment":[{"href":"https:\/\/bnssghealthiertogether.org.uk\/sq\/wp-json\/wp\/v2\/media?parent=33234"}],"wp:term":[{"taxonomy":"post_tag","embeddable":true,"href":"https:\/\/bnssghealthiertogether.org.uk\/sq\/wp-json\/wp\/v2\/tags?post=33234"}],"curies":[{"name":"wp","href":"https:\/\/api.w.org\/{rel}","templated":true}]}}