{"id":34163,"date":"2024-11-22T13:26:05","date_gmt":"2024-11-22T13:26:05","guid":{"rendered":"https:\/\/bnssghealthiertogether.org.uk\/?page_id=34163"},"modified":"2025-01-16T14:58:53","modified_gmt":"2025-01-16T14:58:53","slug":"subject-access-requests","status":"publish","type":"page","link":"https:\/\/bnssghealthiertogether.org.uk\/sq\/integrated-care-board\/contact-us\/subject-access-requests\/","title":{"rendered":"K\u00ebrkesat p\u00ebr qasje n\u00eb t\u00eb dh\u00ebnat personale"},"content":{"rendered":"<div class=\"assembler_default-group assembler_module_group assembler_default-group_1 assembler_module_group_1\"><div class=\"assembler_module_area assembler_module_area_1\"><div class=\"assembler_table-of-contents-module assembler_module assembler_table-of-contents-module_1 assembler_module_1  transparent\"><a tabindex=\"-1\" title=\"Seksioni me titull module-1\" id=\"module-1\" href=\"https:\/\/bnssghealthiertogether.org.uk\/sq\/wp-json\/wp\/v2\/pages\/34163\/#module-1\" class=\"anchor\"><span class=\"hidden\">Seksioni me titull module-1<\/span><\/a><!-- Template found for table-of-contents-module - Template: template-table-of-contents - Matched: _only -->\r\n<section class=\"w-full mx-auto max-w-content border-b border-pale-grey pt-6 sm:pt-12 pb-3 sm:pb-6\">\r\n    <div class=\"entry-content w-full\">\r\n    <h1>Kontaktoni Bordin e Kujdesit t\u00eb Integruar<\/h1>\n<p>P\u00ebrmbajtja<\/p>\n    <div class=\"navigation-list\">\r\n                    <ul>\r\n                      <li class=\"text-sm\">\r\n                              <a href=\"https:\/\/bnssghealthiertogether.org.uk\/sq\/integrated-care-board\/contact-us\/\" class=\"text-sm underline-offset-4 font-normal hover:!underline-4\">\r\n                                                                Sh\u00ebrbimet ndaj klientit                                <\/a>\r\n                          <\/li>\r\n                                <li class=\"text-sm\">\r\n                              <a href=\"https:\/\/bnssghealthiertogether.org.uk\/sq\/integrated-care-board\/contact-us\/making-a-complaint\/\" class=\"text-sm underline-offset-4 font-normal hover:!underline-4\">\r\n                                                                Parashtrimi i nj\u00eb ankese                                <\/a>\r\n                          <\/li>\r\n                      <li class=\"text-sm\">\r\n                              <a href=\"https:\/\/bnssghealthiertogether.org.uk\/sq\/integrated-care-board\/contact-us\/social-media\/\" class=\"text-sm underline-offset-4 font-normal hover:!underline-4\">\r\n                                                                Media sociale                                <\/a>\r\n                          <\/li>\r\n                      <li class=\"text-sm\">\r\n                              <a href=\"https:\/\/bnssghealthiertogether.org.uk\/sq\/integrated-care-board\/contact-us\/freedom-of-information-requests\/\" class=\"text-sm underline-offset-4 font-normal hover:!underline-4\">\r\n                                                                K\u00ebrkesat p\u00ebr informim                                <\/a>\r\n                          <\/li>\r\n                      <li class=\"text-sm\">\r\n                                                              K\u00ebrkesat p\u00ebr qasje n\u00eb t\u00eb dh\u00ebnat personale                            <\/li>\r\n                      <li class=\"text-sm\">\r\n                              <a href=\"https:\/\/bnssghealthiertogether.org.uk\/sq\/integrated-care-board\/contact-us\/privacy-notice\/\" class=\"text-sm underline-offset-4 font-normal hover:!underline-4\">\r\n                                                                Njoftim p\u00ebr privat\u00ebsin\u00eb                                <\/a>\r\n                          <\/li>\r\n                  <\/ul>\r\n          <\/div>\r\n  <\/div>\r\n<\/section><\/div><!-- .assembler_table-of-contents-module.assembler_module.assembler_table-of-contents-module_1.assembler_module_1..transparent --><div class=\"assembler_text-module assembler_module assembler_text-module_2 assembler_module_2  transparent\"><a tabindex=\"-1\" title=\"Seksioni me titull module-2\" id=\"module-2\" href=\"https:\/\/bnssghealthiertogether.org.uk\/sq\/wp-json\/wp\/v2\/pages\/34163\/#module-2\" class=\"anchor\"><span class=\"hidden\">Seksioni me titull module-2<\/span><\/a><!-- Template found for text-module - Template: template-text - Matched: _only --><section class=\"w-full mx-auto max-w-content pt-3 sm:pt-6 pb-10 sm:pb-20\">\r\n  <div class=\"entry-content w-full !px-0 max-w-small\">\r\n        <h2>K\u00ebrkesat p\u00ebr akses te subjekti<\/h2>\n<p>Akti i Mbrojtjes s\u00eb t\u00eb Dh\u00ebnave ju jep t\u00eb drejt\u00ebn t\u00eb merrni nj\u00eb kopje t\u00eb informacionit q\u00eb Bordi i Kujdesit t\u00eb Integruar (ICB) i NHS Bristol, North Somerset dhe South Gloucestershire mban rreth jush dhe arsyen pse.<\/p>\n<p>N\u00ebse d\u00ebshironi t\u00eb merrni nj\u00eb kopje t\u00eb informacionit q\u00eb mbajm\u00eb p\u00ebr ju, k\u00ebrkesa juaj duhet t\u00eb b\u00ebhet me shkrim me email n\u00eb adres\u00ebn <a href=\"mailto:bnssg.foi@nhs.net\">bnssg.foi@nhs.net<\/a> ose me post\u00eb n\u00eb adres\u00ebn:<\/p>\n<p>Ekipi i Liris\u00eb s\u00eb Informacionit<br \/>\nICB-ja e NHS-it p\u00ebr Bristol, North Somerset dhe South Gloucestershire<br \/>\nKati i dyt\u00eb, Krah Verior<br \/>\n100 Rruga Temple<br \/>\nBristol<br \/>\nBS1 6AG<\/p>\n<p>Kur b\u00ebni k\u00ebrkes\u00ebn tuaj, ju lutemi t\u00eb p\u00ebrfshini detajet e m\u00ebposhtme:<\/p>\n<ul>\n<li>emri, adresa dhe kodi postar juaj<\/li>\n<li>\u00e7do num\u00ebr reference t\u00eb \u00e7\u00ebshtjes p\u00ebrkat\u00ebse<\/li>\n<li>llojin e informacionit ose dokumenteve q\u00eb d\u00ebshironi t\u00eb shikoni, duke p\u00ebrfshir\u00eb \u00e7do dat\u00eb p\u00ebrkat\u00ebse dhe \u00e7do preferenc\u00eb q\u00eb keni p\u00ebr m\u00ebnyr\u00ebn se si d\u00ebshironi q\u00eb ne t&#039;ju d\u00ebrgojm\u00eb informacionin (p\u00ebr shembull, kopje t\u00eb printuar, me shkronja t\u00eb m\u00ebdha ose me email)<\/li>\n<li>nj\u00eb form\u00eb dokumenti identifikimi: Pasaport\u00eb, Leje Drejtimi ose Certifikat\u00eb Lindjeje (n\u00ebse k\u00ebrkoni t\u00eb dh\u00ebna n\u00eb em\u00ebr t\u00eb dikujt tjet\u00ebr, do t\u00eb k\u00ebrkohet nj\u00eb dokument identifikimi i ve\u00e7ant\u00eb dhe ne do ta konfirmojm\u00eb k\u00ebt\u00eb me ju).<\/li>\n<\/ul>\n  <\/div>\r\n  <\/section><\/div><!-- .assembler_text-module.assembler_module.assembler_text-module_2.assembler_module_2..transparent --><\/div><!-- .assembler_module_area.assembler_module_area_1 --><\/div><!-- .assembler_default-group.assembler_module_group.assembler_default-group_1.assembler_module_group_1  -->","protected":false},"excerpt":{"rendered":"<p>How to request a copy of information the ICB holds about you.<\/p>","protected":false},"author":7,"featured_media":0,"parent":34142,"menu_order":0,"comment_status":"closed","ping_status":"closed","template":"","meta":{"_acf_changed":false,"footnotes":""},"tags":[],"class_list":["post-34163","page","type-page","status-publish","hentry"],"acf":[],"_links":{"self":[{"href":"https:\/\/bnssghealthiertogether.org.uk\/sq\/wp-json\/wp\/v2\/pages\/34163","targetHints":{"allow":["GET"]}}],"collection":[{"href":"https:\/\/bnssghealthiertogether.org.uk\/sq\/wp-json\/wp\/v2\/pages"}],"about":[{"href":"https:\/\/bnssghealthiertogether.org.uk\/sq\/wp-json\/wp\/v2\/types\/page"}],"author":[{"embeddable":true,"href":"https:\/\/bnssghealthiertogether.org.uk\/sq\/wp-json\/wp\/v2\/users\/7"}],"replies":[{"embeddable":true,"href":"https:\/\/bnssghealthiertogether.org.uk\/sq\/wp-json\/wp\/v2\/comments?post=34163"}],"version-history":[{"count":5,"href":"https:\/\/bnssghealthiertogether.org.uk\/sq\/wp-json\/wp\/v2\/pages\/34163\/revisions"}],"predecessor-version":[{"id":36157,"href":"https:\/\/bnssghealthiertogether.org.uk\/sq\/wp-json\/wp\/v2\/pages\/34163\/revisions\/36157"}],"up":[{"embeddable":true,"href":"https:\/\/bnssghealthiertogether.org.uk\/sq\/wp-json\/wp\/v2\/pages\/34142"}],"wp:attachment":[{"href":"https:\/\/bnssghealthiertogether.org.uk\/sq\/wp-json\/wp\/v2\/media?parent=34163"}],"wp:term":[{"taxonomy":"post_tag","embeddable":true,"href":"https:\/\/bnssghealthiertogether.org.uk\/sq\/wp-json\/wp\/v2\/tags?post=34163"}],"curies":[{"name":"wp","href":"https:\/\/api.w.org\/{rel}","templated":true}]}}