{"id":34238,"date":"2024-11-24T21:26:10","date_gmt":"2024-11-24T21:26:10","guid":{"rendered":"https:\/\/bnssghealthiertogether.org.uk\/?page_id=34238"},"modified":"2026-04-08T15:42:04","modified_gmt":"2026-04-08T14:42:04","slug":"walk-in-flu-vaccination-clinics","status":"publish","type":"page","link":"https:\/\/bnssghealthiertogether.org.uk\/sq\/vaccination\/flu-vaccination\/walk-in-flu-vaccination-clinics\/","title":{"rendered":"Walk-in flu vaccination clinics"},"content":{"rendered":"<div class=\"assembler_default-group assembler_module_group assembler_default-group_1 assembler_module_group_1\"><div class=\"assembler_module_area assembler_module_area_1\"><div class=\"assembler_table-of-contents-module assembler_module assembler_table-of-contents-module_1 assembler_module_1  transparent\"><a tabindex=\"-1\" title=\"Seksioni me titull module-1\" id=\"module-1\" href=\"https:\/\/bnssghealthiertogether.org.uk\/sq\/wp-json\/wp\/v2\/pages\/34238\/#module-1\" class=\"anchor\"><span class=\"hidden\">Seksioni me titull module-1<\/span><\/a><!-- Template found for table-of-contents-module - Template: template-table-of-contents - Matched: _only -->\r\n<section class=\"w-full mx-auto max-w-content border-b border-pale-grey pt-6 sm:pt-12 pb-3 sm:pb-6\">\r\n    <div class=\"entry-content w-full\">\r\n    <h1>Vaksinimi kund\u00ebr gripit<\/h1>\n<p>P\u00ebrmbajtja<\/p>\n    <div class=\"navigation-list\">\r\n                    <ul>\r\n                      <li class=\"text-sm\">\r\n                              <a href=\"https:\/\/bnssghealthiertogether.org.uk\/sq\/vaccination\/flu-vaccination\/\" class=\"text-sm underline-offset-4 font-normal hover:!underline-4\">\r\n                                                                Vaksinimi kund\u00ebr gripit                                <\/a>\r\n                          <\/li>\r\n                                <li class=\"text-sm\">\r\n                                                              Klinika vaksinimi pa takim paraprak                            <\/li>\r\n                      <li class=\"text-sm\">\r\n                              <a href=\"https:\/\/bnssghealthiertogether.org.uk\/sq\/vaccination\/flu-vaccination\/children\/\" class=\"text-sm underline-offset-4 font-normal hover:!underline-4\">\r\n                                                                Vaksina kund\u00ebr gripit p\u00ebr f\u00ebmij\u00eb                                <\/a>\r\n                          <\/li>\r\n                      <li class=\"text-sm\">\r\n                              <a href=\"https:\/\/bnssghealthiertogether.org.uk\/sq\/vaccination\/flu-vaccination\/different-languages\/\" class=\"text-sm underline-offset-4 font-normal hover:!underline-4\">\r\n                                                                Informacion n\u00eb gjuh\u00eb t\u00eb ndryshme                                <\/a>\r\n                          <\/li>\r\n                  <\/ul>\r\n          <\/div>\r\n  <\/div>\r\n<\/section><\/div><!-- .assembler_table-of-contents-module.assembler_module.assembler_table-of-contents-module_1.assembler_module_1..transparent --><div class=\"assembler_text-module assembler_module assembler_text-module_2 assembler_module_2  transparent\"><a tabindex=\"-1\" title=\"Seksioni me titull module-2\" id=\"module-2\" href=\"https:\/\/bnssghealthiertogether.org.uk\/sq\/wp-json\/wp\/v2\/pages\/34238\/#module-2\" class=\"anchor\"><span class=\"hidden\">Seksioni me titull module-2<\/span><\/a><!-- Template found for text-module - Template: template-text - Matched: _only --><section class=\"w-full mx-auto max-w-content pt-3 sm:pt-6 pb-10 sm:pb-20\">\r\n  <div class=\"entry-content w-full !px-0 max-w-small\">\r\n        <h1>Klinika vaksinimi pa takim paraprak<\/h1>\n<p>If you\u2019re eligible and aged over 18, you can get a flu vaccination without an appointment at a walk-in clinic. You may also be able find walk-in flu vaccination sites at a local pharmacy via the <a href=\"https:\/\/www.nhs.uk\/nhs-services\/pharmacies\/find-a-pharmacy-that-offers-free-flu-vaccination\/\" target=\"_blank\" rel=\"noopener\">NHS website.<\/a><\/p>\n<p>We want you to feel safe and comfortable at our NHS vaccination clinics. If you have a concern or challenge, perhaps related to a health condition, do contact us at <a href=\"mailto:bnssg.massvaccination@nhs.net\">bnssg.massvaccination@nhs.net<\/a> and we will do our best to help.<\/p>\n<p><strong>This campaign has now finished. Information on future flu campaigns will be available in autumn 2026.<\/strong><\/p>\n<p>&nbsp;<\/p>\n  <\/div>\r\n  <\/section><\/div><!-- .assembler_text-module.assembler_module.assembler_text-module_2.assembler_module_2..transparent --><\/div><!-- .assembler_module_area.assembler_module_area_1 --><\/div><!-- .assembler_default-group.assembler_module_group.assembler_default-group_1.assembler_module_group_1  -->","protected":false},"excerpt":{"rendered":"<p>If you\u2019re eligible and aged over 18, you can get a flu and\/or COVID-19 vaccination without an appointment at one of the following walk-in clinics.<\/p>","protected":false},"author":7,"featured_media":0,"parent":7336,"menu_order":0,"comment_status":"closed","ping_status":"closed","template":"","meta":{"_acf_changed":false,"footnotes":""},"tags":[],"class_list":["post-34238","page","type-page","status-publish","hentry"],"acf":[],"_links":{"self":[{"href":"https:\/\/bnssghealthiertogether.org.uk\/sq\/wp-json\/wp\/v2\/pages\/34238","targetHints":{"allow":["GET"]}}],"collection":[{"href":"https:\/\/bnssghealthiertogether.org.uk\/sq\/wp-json\/wp\/v2\/pages"}],"about":[{"href":"https:\/\/bnssghealthiertogether.org.uk\/sq\/wp-json\/wp\/v2\/types\/page"}],"author":[{"embeddable":true,"href":"https:\/\/bnssghealthiertogether.org.uk\/sq\/wp-json\/wp\/v2\/users\/7"}],"replies":[{"embeddable":true,"href":"https:\/\/bnssghealthiertogether.org.uk\/sq\/wp-json\/wp\/v2\/comments?post=34238"}],"version-history":[{"count":36,"href":"https:\/\/bnssghealthiertogether.org.uk\/sq\/wp-json\/wp\/v2\/pages\/34238\/revisions"}],"predecessor-version":[{"id":47705,"href":"https:\/\/bnssghealthiertogether.org.uk\/sq\/wp-json\/wp\/v2\/pages\/34238\/revisions\/47705"}],"up":[{"embeddable":true,"href":"https:\/\/bnssghealthiertogether.org.uk\/sq\/wp-json\/wp\/v2\/pages\/7336"}],"wp:attachment":[{"href":"https:\/\/bnssghealthiertogether.org.uk\/sq\/wp-json\/wp\/v2\/media?parent=34238"}],"wp:term":[{"taxonomy":"post_tag","embeddable":true,"href":"https:\/\/bnssghealthiertogether.org.uk\/sq\/wp-json\/wp\/v2\/tags?post=34238"}],"curies":[{"name":"wp","href":"https:\/\/api.w.org\/{rel}","templated":true}]}}