{"id":34425,"date":"2024-11-26T16:15:00","date_gmt":"2024-11-26T16:15:00","guid":{"rendered":"https:\/\/bnssghealthiertogether.org.uk\/?page_id=34425"},"modified":"2025-01-15T22:37:05","modified_gmt":"2025-01-15T22:37:05","slug":"evaluating-the-mental-health-control-room-triage-service","status":"publish","type":"page","link":"https:\/\/bnssghealthiertogether.org.uk\/sq\/integrated-care-board\/research-and-evidence\/impact-case-studies\/evaluating-the-mental-health-control-room-triage-service\/","title":{"rendered":"Vler\u00ebsimi i sh\u00ebrbimit t\u00eb triazhit t\u00eb Dhom\u00ebs s\u00eb Kontrollit t\u00eb Sh\u00ebndetit Mendor"},"content":{"rendered":"<div class=\"assembler_default-group assembler_module_group assembler_default-group_1 assembler_module_group_1\"><div class=\"assembler_module_area assembler_module_area_1\"><div class=\"assembler_text-module assembler_module assembler_text-module_1 assembler_module_1  transparent\"><a tabindex=\"-1\" title=\"Seksioni me titull module-1\" id=\"module-1\" href=\"https:\/\/bnssghealthiertogether.org.uk\/sq\/wp-json\/wp\/v2\/pages\/34425\/#module-1\" class=\"anchor\"><span class=\"hidden\">Seksioni me titull module-1<\/span><\/a><!-- Template found for text-module - Template: template-text - Matched: _only --><section class=\"w-full mx-auto max-w-content pt-12 sm:pt-24 pb-12 sm:pb-24\">\r\n  <div class=\"entry-content w-full !px-0 max-w-small\">\r\n        <h1>Vler\u00ebsimi i sh\u00ebrbimit t\u00eb triazhit t\u00eb Dhom\u00ebs s\u00eb Kontrollit t\u00eb Sh\u00ebndetit Mendor<\/h1>\n<p><img decoding=\"async\" class=\"alignnone size-medium wp-image-8418\" src=\"https:\/\/bnssghealthiertogether.org.uk\/wp-content\/uploads\/2022\/07\/Conversation.original-300x154.png\" alt=\"Three people sitting around a board table\" width=\"300\" height=\"154\" \/><\/p>\n<p>Sh\u00ebrbimi i Triazhit t\u00eb Dhom\u00ebs s\u00eb Kontrollit t\u00eb Sh\u00ebndetit Mendor synon t\u00eb ul\u00eb numrin e personave me probleme t\u00eb sh\u00ebndetit mendor q\u00eb duhet t\u00eb ndalohen nga policia sipas nenit 136 t\u00eb Aktit t\u00eb Sh\u00ebndetit Mendor.<\/p>\n<p>Sh\u00ebrbimi i triazhit funksionon duke vendosur nj\u00eb ekip infermier\u00ebsh t\u00eb sh\u00ebndetit mendor n\u00eb Dhom\u00ebn e Kontrollit t\u00eb Policis\u00eb n\u00eb Avon dhe Somerset. Infermier\u00ebt punojn\u00eb s\u00eb bashku me p\u00ebrpunuesit e thirrjeve dhe oficer\u00ebt e policis\u00eb p\u00ebr t\u00eb ofruar k\u00ebshilla dhe mb\u00ebshtetje n\u00eb lidhje me thirrjet 999 dhe 101 q\u00eb lidhen me sh\u00ebndetin mendor.<\/p>\n<h2>Ndikimi yn\u00eb<\/h2>\n<p>N\u00eb vitin 2017, ICB <a href=\"https:\/\/bnssghealthiertogether.org.uk\/sq\/integrated-care-board\/research-and-evidence\/\" target=\"_blank\" rel=\"noopener\">Ekipi i Efektivitetit Klinik dhe K\u00ebrkimit<\/a> mblodhi pik\u00ebpamjet e pal\u00ebve t\u00eb interesuara dhe shqyrtoi t\u00eb dh\u00ebnat e sh\u00ebrbimit p\u00ebr t\u00eb vler\u00ebsuar gjasht\u00eb muajt e par\u00eb t\u00eb sh\u00ebrbimit.<\/p>\n<p>Gjetjet tona treguan nj\u00eb k\u00ebrkes\u00eb t\u00eb zvog\u00ebluar p\u00ebr Vendet e Siguris\u00eb t\u00eb bazuara n\u00eb sh\u00ebndet\u00ebsi dhe m\u00eb pak ndalime sipas Seksionit 136, duke p\u00ebrfshir\u00eb koh\u00ebn e kaluar nga policia n\u00eb p\u00ebrpunimin e tyre.<\/p>\n<p>Intervistat me pal\u00ebt e interesuara identifikuan p\u00ebrmir\u00ebsime n\u00eb sh\u00ebrbim, duke p\u00ebrfshir\u00eb m\u00eb shum\u00eb trajnime p\u00ebr oficer\u00ebt e policis\u00eb mbi \u00e7\u00ebshtjet e sh\u00ebndetit mendor dhe rritje t\u00eb nd\u00ebrgjegj\u00ebsimit p\u00ebr sh\u00ebrbimin midis policis\u00eb dhe stafit t\u00eb sh\u00ebndetit mendor.<\/p>\n<p>Vler\u00ebsimi ofroi prova p\u00ebr t\u00eb mb\u00ebshtetur vendimmarrjen mbi t\u00eb ardhmen e sh\u00ebrbimit dhe p\u00ebr t\u00eb mb\u00ebshtetur p\u00ebrmir\u00ebsimet e vazhdueshme.<\/p>\n  <\/div>\r\n  <\/section><\/div><!-- .assembler_text-module.assembler_module.assembler_text-module_1.assembler_module_1..transparent --><\/div><!-- .assembler_module_area.assembler_module_area_1 --><\/div><!-- .assembler_default-group.assembler_module_group.assembler_default-group_1.assembler_module_group_1  -->","protected":false},"excerpt":{"rendered":"<p>Section titled module-1 Evaluating the Mental Health Control Room Triage service The Mental Health Control Room Triage Service aims to decrease the number people with mental health issues who have to be detained by the police under section 136 of the Mental Health Act. The triage service works by placing a team of mental health [&hellip;]<\/p>\n","protected":false},"author":1,"featured_media":0,"parent":32870,"menu_order":0,"comment_status":"closed","ping_status":"closed","template":"","meta":{"_acf_changed":false,"footnotes":""},"tags":[],"class_list":["post-34425","page","type-page","status-publish","hentry"],"acf":[],"_links":{"self":[{"href":"https:\/\/bnssghealthiertogether.org.uk\/sq\/wp-json\/wp\/v2\/pages\/34425","targetHints":{"allow":["GET"]}}],"collection":[{"href":"https:\/\/bnssghealthiertogether.org.uk\/sq\/wp-json\/wp\/v2\/pages"}],"about":[{"href":"https:\/\/bnssghealthiertogether.org.uk\/sq\/wp-json\/wp\/v2\/types\/page"}],"author":[{"embeddable":true,"href":"https:\/\/bnssghealthiertogether.org.uk\/sq\/wp-json\/wp\/v2\/users\/1"}],"replies":[{"embeddable":true,"href":"https:\/\/bnssghealthiertogether.org.uk\/sq\/wp-json\/wp\/v2\/comments?post=34425"}],"version-history":[{"count":4,"href":"https:\/\/bnssghealthiertogether.org.uk\/sq\/wp-json\/wp\/v2\/pages\/34425\/revisions"}],"predecessor-version":[{"id":36078,"href":"https:\/\/bnssghealthiertogether.org.uk\/sq\/wp-json\/wp\/v2\/pages\/34425\/revisions\/36078"}],"up":[{"embeddable":true,"href":"https:\/\/bnssghealthiertogether.org.uk\/sq\/wp-json\/wp\/v2\/pages\/32870"}],"wp:attachment":[{"href":"https:\/\/bnssghealthiertogether.org.uk\/sq\/wp-json\/wp\/v2\/media?parent=34425"}],"wp:term":[{"taxonomy":"post_tag","embeddable":true,"href":"https:\/\/bnssghealthiertogether.org.uk\/sq\/wp-json\/wp\/v2\/tags?post=34425"}],"curies":[{"name":"wp","href":"https:\/\/api.w.org\/{rel}","templated":true}]}}