{"id":34455,"date":"2024-11-26T16:32:48","date_gmt":"2024-11-26T16:32:48","guid":{"rendered":"https:\/\/bnssghealthiertogether.org.uk\/?page_id=34455"},"modified":"2025-01-16T10:00:33","modified_gmt":"2025-01-16T10:00:33","slug":"a-primary-care-system-level-training-and-support-programme-for-the-secondary-prevention-of-domestic-violence-and-abuse-a-multicentre-cluster-randomised-trial-with-economic-and-process-evaluation","status":"publish","type":"page","link":"https:\/\/bnssghealthiertogether.org.uk\/sq\/integrated-care-board\/research-and-evidence\/our-research-portfolio\/nihr-funded-projects\/a-primary-care-system-level-training-and-support-programme-for-the-secondary-prevention-of-domestic-violence-and-abuse-a-multicentre-cluster-randomised-trial-with-economic-and-process-evaluation\/","title":{"rendered":"Nj\u00eb program trajnimi dhe mb\u00ebshtetjeje n\u00eb nivelin e sistemit t\u00eb kujdesit par\u00ebsor p\u00ebr parandalimin sekondar t\u00eb dhun\u00ebs dhe abuzimit n\u00eb familje: nj\u00eb prov\u00eb e rast\u00ebsishme shum\u00ebqendrore n\u00eb grupe me vler\u00ebsim ekonomik dhe t\u00eb procesit"},"content":{"rendered":"<div class=\"assembler_default-group assembler_module_group assembler_default-group_1 assembler_module_group_1\"><div class=\"assembler_module_area assembler_module_area_1\"><div class=\"assembler_text-module assembler_module assembler_text-module_1 assembler_module_1  transparent\"><a tabindex=\"-1\" title=\"Seksioni me titull module-1\" id=\"module-1\" href=\"https:\/\/bnssghealthiertogether.org.uk\/sq\/wp-json\/wp\/v2\/pages\/34455\/#module-1\" class=\"anchor\"><span class=\"hidden\">Seksioni me titull module-1<\/span><\/a><!-- Template found for text-module - Template: template-text - Matched: _only --><section class=\"w-full mx-auto max-w-content pt-12 sm:pt-24 pb-12 sm:pb-24\">\r\n  <div class=\"entry-content w-full !px-0 max-w-small\">\r\n        <h1>Nj\u00eb program trajnimi dhe mb\u00ebshtetjeje n\u00eb nivelin e sistemit t\u00eb kujdesit par\u00ebsor p\u00ebr parandalimin sekondar t\u00eb dhun\u00ebs dhe abuzimit n\u00eb familje: nj\u00eb prov\u00eb e rast\u00ebsishme shum\u00ebqendrore n\u00eb grupe me vler\u00ebsim ekonomik dhe t\u00eb procesit. <a href=\"https:\/\/www.bristol.ac.uk\/primaryhealthcare\/news\/2024\/22m-for-clinical-trial-.html\" rel=\"noopener\">RCT e IRIS+<\/a><\/h1>\n<h2>Financimi<\/h2>\n<p>Ky projekt financohet nga Instituti Komb\u00ebtar p\u00ebr K\u00ebrkime n\u00eb Sh\u00ebndet\u00ebsi dhe Kujdes (NIHR) \u2013 Burimi i financimit p\u00ebr K\u00ebrkime n\u00eb Sh\u00ebndetin Publik (PHR): NIHR153788.<\/p>\n<h2>Cila \u00ebsht\u00eb pyetja k\u00ebrkimore?<\/h2>\n<p>A \u00ebsht\u00eb nd\u00ebrhyrja IRIS+ efektive, me kosto efektive dhe e shkall\u00ebzueshme n\u00eb lidhje me referimin e t\u00eb rriturve dhe f\u00ebmij\u00ebve t\u00eb prekur nga dhuna n\u00eb familje nga kujdesi par\u00ebsor p\u00ebr mb\u00ebshtetje t\u00eb specializuar t\u00eb avokimit?<\/p>\n<h2>Cili \u00ebsht\u00eb problemi?<\/h2>\n<p>Dhuna n\u00eb familje prek n\u00ebnt\u00eb milion\u00eb t\u00eb rritur n\u00eb Angli dhe Uells. D\u00ebmton sh\u00ebndetin me kosto shoq\u00ebrore mbi 66 miliard\u00eb paund n\u00eb vit.<\/p>\n<p>Nj\u00eb pakic\u00eb e madhe e t\u00eb rriturve dhe f\u00ebmij\u00ebve q\u00eb konsultohen me mjek\u00eb t\u00eb p\u00ebrgjithsh\u00ebm po p\u00ebrjetojn\u00eb dhun\u00eb n\u00eb familje. T\u00eb mbijetuarit kan\u00eb m\u00eb shum\u00eb gjasa t&#039;u tregojn\u00eb mjek\u00ebve t\u00eb p\u00ebrgjithsh\u00ebm sesa profesionist\u00ebve t\u00eb tjer\u00eb.<\/p>\n<p>Marrja e mb\u00ebshtetjes s\u00eb specializuar n\u00eb dhun\u00ebn n\u00eb familje mund t\u00eb p\u00ebrmir\u00ebsoj\u00eb sh\u00ebndetin, cil\u00ebsin\u00eb e jet\u00ebs dhe sigurin\u00eb e t\u00eb mbijetuarve.<\/p>\n<h2>Cili \u00ebsht\u00eb q\u00ebllimi i hulumtimit?<\/h2>\n<p>Ne do t\u00eb vler\u00ebsojm\u00eb n\u00ebse programi i trajnimit dhe mb\u00ebshtetjes s\u00eb praktik\u00ebs s\u00eb p\u00ebrgjithshme IRIS+ funksionon p\u00ebr grat\u00eb, burrat dhe f\u00ebmij\u00ebt. Do t\u00eb shqyrtojm\u00eb n\u00ebse ofron vler\u00eb t\u00eb mir\u00eb p\u00ebr parat\u00eb dhe n\u00ebse mund t\u00eb ofrohet n\u00eb shkall\u00eb t\u00eb gjer\u00eb n\u00eb zona t\u00eb ndryshme n\u00eb Angli dhe Uells.<\/p>\n<p>N\u00ebse IRIS+ \u00ebsht\u00eb efektiv dhe me kosto efektive, studimi do t\u00eb ndihmoj\u00eb n\u00eb v\u00ebnien n\u00eb pun\u00eb t\u00eb IRIS+ si nj\u00eb sh\u00ebrbim i ri. Zbatimi i ardhsh\u00ebm i nj\u00eb nd\u00ebrhyrjeje t\u00eb suksesshme mund t\u00eb p\u00ebrmir\u00ebsoj\u00eb ndjesh\u00ebm sigurin\u00eb, mir\u00ebqenien dhe sh\u00ebndetin e t\u00eb mbijetuarve t\u00eb dhun\u00ebs n\u00eb familje dhe f\u00ebmij\u00ebve t\u00eb tyre. Kjo mund t\u00eb krijoj\u00eb p\u00ebrfitime t\u00eb m\u00ebdha ekonomike p\u00ebr NHS-n\u00eb dhe shoq\u00ebrin\u00eb.<\/p>\n<h2>Si do t\u00eb arrihet kjo?<\/h2>\n<p>IRIS (Identifikimi dhe Referimi p\u00ebr t\u00eb P\u00ebrmir\u00ebsuar Sigurin\u00eb) \u00ebsht\u00eb nj\u00eb program trajnimi dhe mb\u00ebshtetjeje efektiv dhe me kosto efektive p\u00ebr stafin e mjek\u00ebve t\u00eb p\u00ebrgjithsh\u00ebm. Ai i ndihmon ata t\u00eb kuptojn\u00eb shenjat e dhun\u00ebs n\u00eb familje tek grat\u00eb, t&#039;i pyesin n\u00ebse po e p\u00ebrjetojn\u00eb at\u00eb dhe t&#039;i referojn\u00eb ato te mb\u00ebshtetje e specializuar.<\/p>\n<p>N\u00eb grupet tona k\u00ebshillimore p\u00ebr pacient\u00ebt dhe publikun, grat\u00eb q\u00eb kan\u00eb mbijetuar dhun\u00ebn n\u00eb familje kan\u00eb th\u00ebn\u00eb se IRIS duhet t\u00eb mb\u00ebshtes\u00eb edhe f\u00ebmij\u00ebt e prekur nga dhuna n\u00eb familje. Burrat q\u00eb kan\u00eb mbijetuar than\u00eb se IRIS duhet t\u00eb mb\u00ebshtes\u00eb burrat.<\/p>\n<p>N\u00eb hulumtimin ton\u00eb t\u00eb m\u00ebparsh\u00ebm, mjek\u00ebt e p\u00ebrgjithsh\u00ebm na than\u00eb se donin t&#039;u p\u00ebrgjigjeshin m\u00eb mir\u00eb t\u00eb gjith\u00ebve t\u00eb prekur. N\u00eb p\u00ebrgjigje t\u00eb k\u00ebsaj, ne zhvilluam IRIS+ i cili i shtohet IRIS duke zgjeruar fokusin tek burrat dhe f\u00ebmij\u00ebt, pa zvog\u00ebluar p\u00ebrgjigjet ndaj grave.<\/p>\n<p>N\u00eb IRIS+, nj\u00eb edukator avokat\u00ebsh dhe nj\u00eb udh\u00ebheq\u00ebs klinik trajnojn\u00eb stafin e mjek\u00ebve t\u00eb p\u00ebrgjithsh\u00ebm. Trajnimi mbulon shenjat e dhun\u00ebs n\u00eb familje dhe m\u00ebnyr\u00ebn e referimit t\u00eb njer\u00ebzve p\u00ebr mb\u00ebshtetje.<\/p>\n<p>Edukator\u00ebt e avokat\u00ebve k\u00ebshillojn\u00eb stafin e mjek\u00ebve t\u00eb p\u00ebrgjithsh\u00ebm, marrin referime nga pacient\u00ebt, mb\u00ebshtesin t\u00eb mbijetuarit dhe i orientojn\u00eb autor\u00ebt drejt programeve lokale. Punonj\u00ebsit e p\u00ebrkushtuar p\u00ebr f\u00ebmij\u00ebt mb\u00ebshtesin f\u00ebmij\u00ebt dhe t\u00eb rinjt\u00eb e prekur.<\/p>\n<p>N\u00eb studimin ton\u00eb t\u00eb ri, ne do ta zbatojm\u00eb IRIS+ n\u00eb shum\u00eb praktika t\u00eb p\u00ebrgjithshme n\u00eb 3 fusha.<\/p>\n<p>N\u00eb t\u00eb gjitha fushat, ne do t\u00eb caktojm\u00eb rast\u00ebsisht praktika p\u00ebr t\u00eb marr\u00eb pjes\u00eb n\u00eb IRIS+ ose IRIS. M\u00eb pas do t\u00eb testojm\u00eb n\u00ebse IRIS+, krahasuar me IRIS, \u00ebsht\u00eb efektiv dhe me kosto efektive p\u00ebr burrat dhe f\u00ebmij\u00ebt dhe n\u00ebse \u00ebsht\u00eb e mundur ofrimi i tij n\u00eb shkall\u00eb t\u00eb gjer\u00eb.<\/p>\n<h2>Kush po e udh\u00ebheq hulumtimin?<\/h2>\n<p><a href=\"https:\/\/research-information.bris.ac.uk\/en\/persons\/eszter-szilassy\" rel=\"noopener\">Dr. Eszter Szilassy,<\/a> Bashk\u00ebpun\u00ebtor i Lart\u00eb K\u00ebrkimor, Qendra p\u00ebr Kujdesin Par\u00ebsor Akademik, Universiteti i Bristolit.<\/p>\n<p>P\u00ebr m\u00eb shum\u00eb informacion ose p\u00ebr t&#039;u p\u00ebrfshir\u00eb n\u00eb k\u00ebt\u00eb projekt, d\u00ebrgoni email <a href=\"mailto:bnssg.research@nhs.net\">bnssg.research@nhs.net<\/a><\/p>\n  <\/div>\r\n  <\/section><\/div><!-- .assembler_text-module.assembler_module.assembler_text-module_1.assembler_module_1..transparent --><\/div><!-- .assembler_module_area.assembler_module_area_1 --><\/div><!-- .assembler_default-group.assembler_module_group.assembler_default-group_1.assembler_module_group_1  -->","protected":false},"excerpt":{"rendered":"<p>Section titled module-1 A primary care system-level training and support programme for the secondary prevention of domestic violence and abuse: a multicentre cluster randomised trial with economic and process evaluation. IRIS+ RCT Funding This project is funded by the National Institute for Health and care Research (NIHR) &#8211; Public Health Research (PHR) funding stream: NIHR153788. [&hellip;]<\/p>\n","protected":false},"author":1,"featured_media":0,"parent":32881,"menu_order":0,"comment_status":"closed","ping_status":"closed","template":"","meta":{"_acf_changed":false,"footnotes":""},"tags":[],"class_list":["post-34455","page","type-page","status-publish","hentry"],"acf":[],"_links":{"self":[{"href":"https:\/\/bnssghealthiertogether.org.uk\/sq\/wp-json\/wp\/v2\/pages\/34455","targetHints":{"allow":["GET"]}}],"collection":[{"href":"https:\/\/bnssghealthiertogether.org.uk\/sq\/wp-json\/wp\/v2\/pages"}],"about":[{"href":"https:\/\/bnssghealthiertogether.org.uk\/sq\/wp-json\/wp\/v2\/types\/page"}],"author":[{"embeddable":true,"href":"https:\/\/bnssghealthiertogether.org.uk\/sq\/wp-json\/wp\/v2\/users\/1"}],"replies":[{"embeddable":true,"href":"https:\/\/bnssghealthiertogether.org.uk\/sq\/wp-json\/wp\/v2\/comments?post=34455"}],"version-history":[{"count":3,"href":"https:\/\/bnssghealthiertogether.org.uk\/sq\/wp-json\/wp\/v2\/pages\/34455\/revisions"}],"predecessor-version":[{"id":36097,"href":"https:\/\/bnssghealthiertogether.org.uk\/sq\/wp-json\/wp\/v2\/pages\/34455\/revisions\/36097"}],"up":[{"embeddable":true,"href":"https:\/\/bnssghealthiertogether.org.uk\/sq\/wp-json\/wp\/v2\/pages\/32881"}],"wp:attachment":[{"href":"https:\/\/bnssghealthiertogether.org.uk\/sq\/wp-json\/wp\/v2\/media?parent=34455"}],"wp:term":[{"taxonomy":"post_tag","embeddable":true,"href":"https:\/\/bnssghealthiertogether.org.uk\/sq\/wp-json\/wp\/v2\/tags?post=34455"}],"curies":[{"name":"wp","href":"https:\/\/api.w.org\/{rel}","templated":true}]}}