{"id":34470,"date":"2024-11-26T16:34:59","date_gmt":"2024-11-26T16:34:59","guid":{"rendered":"https:\/\/bnssghealthiertogether.org.uk\/?page_id=34470"},"modified":"2025-01-16T10:19:27","modified_gmt":"2025-01-16T10:19:27","slug":"bridging-breakthrough-interview-extended-reality-training-towards-reducing-the-autism-employment-gap","status":"publish","type":"page","link":"https:\/\/bnssghealthiertogether.org.uk\/sq\/integrated-care-board\/research-and-evidence\/our-research-portfolio\/nihr-funded-projects\/bridging-breakthrough-interview-extended-reality-training-towards-reducing-the-autism-employment-gap\/","title":{"rendered":"BRIDGING \u2013 Intervist\u00eb e p\u00ebrparuar, trajnim i zgjeruar p\u00ebr realitetin drejt reduktimit t\u00eb hendekut t\u00eb pun\u00ebsimit p\u00ebr autizmin"},"content":{"rendered":"<div class=\"assembler_default-group assembler_module_group assembler_default-group_1 assembler_module_group_1\"><div class=\"assembler_module_area assembler_module_area_1\"><div class=\"assembler_text-module assembler_module assembler_text-module_1 assembler_module_1  transparent\"><a tabindex=\"-1\" title=\"Seksioni me titull module-1\" id=\"module-1\" href=\"https:\/\/bnssghealthiertogether.org.uk\/sq\/wp-json\/wp\/v2\/pages\/34470\/#module-1\" class=\"anchor\"><span class=\"hidden\">Seksioni me titull module-1<\/span><\/a><!-- Template found for text-module - Template: template-text - Matched: _only --><section class=\"w-full mx-auto max-w-content pt-12 sm:pt-24 pb-12 sm:pb-24\">\r\n  <div class=\"entry-content w-full !px-0 max-w-small\">\r\n        <h1>UR\u00cb \u2013 Intervist\u00eb e p\u00ebrparuar p\u00ebr trajnim t\u00eb zgjeruar t\u00eb realitetit drejt zvog\u00eblimit t\u00eb hendekut t\u00eb pun\u00ebsimit p\u00ebr autizmin.<\/h1>\n<article class=\"page_content\">\n<h2 class=\"page_content__inner\">Financimi<\/h2>\n<\/article>\n<p>Instituti Komb\u00ebtar p\u00ebr K\u00ebrkime n\u00eb Sh\u00ebndet\u00ebsi dhe Kujdes (NIHR) K\u00ebrkime p\u00ebr Kujdesin Social (RfSC) Ref. NIHR204260.<\/p>\n<h2>Cili \u00ebsht\u00eb problemi?<\/h2>\n<p>N\u00eb Mbret\u00ebrin\u00eb e Bashkuar, m\u00eb pak se 3 n\u00eb 10 persona autik\u00eb punojn\u00eb. N\u00eb vende t\u00eb tjera, si Suedia, kjo shif\u00ebr \u00ebsht\u00eb 6 n\u00eb 10.<\/p>\n<p>Personat autik\u00eb na kan\u00eb raportuar drejtp\u00ebrdrejt dhe p\u00ebrmes hulumtimeve, se intervistat p\u00ebr pun\u00eb dhe dit\u00ebt e para t\u00eb pun\u00ebs jan\u00eb t\u00eb v\u00ebshtira.<\/p>\n<p>Intervistat ball\u00eb p\u00ebr ball\u00eb n\u00eb mjedise t\u00eb panjohura shkaktojn\u00eb ankth. Mjedisi i pun\u00ebs p\u00ebrfshin situata, tinguj dhe objekte q\u00eb jan\u00eb shqet\u00ebsuese. K\u00ebto gj\u00ebra \u00e7ojn\u00eb n\u00eb performanc\u00eb t\u00eb dob\u00ebt n\u00eb intervist\u00eb dhe njer\u00ebzit q\u00eb gjejn\u00eb pun\u00eb shum\u00eb stresuese p\u00ebr t\u00eb vazhduar.<\/p>\n<h2>Cili \u00ebsht\u00eb q\u00ebllimi i hulumtimit?<\/h2>\n<p>N\u00eb planin afatgjat\u00eb, synojm\u00eb t\u00eb rrisim pun\u00ebsimin midis personave autik\u00eb n\u00eb Mbret\u00ebrin\u00eb e Bashkuar. Do t\u00eb krijojm\u00eb nj\u00eb s\u00ebr\u00eb &#039;skenash realiteti virtual&#039; p\u00ebr t&#039;i ndihmuar personat autik\u00eb t\u00eb din\u00eb se si \u00ebsht\u00eb t\u00eb kesh intervista pune dhe t\u00eb p\u00ebrjetosh dit\u00ebt e para t\u00eb pun\u00ebs.<\/p>\n<p>Kjo do t\u2019i ndihmoj\u00eb ata t\u00eb din\u00eb se \u00e7far\u00eb t\u00eb presin, t\u00eb jen\u00eb m\u00eb pak t\u00eb shqet\u00ebsuar dhe t\u00eb rrisin shanset e tyre p\u00ebr t\u00eb gjetur dhe mbajtur nj\u00eb vend pune.<\/p>\n<h2>Si do t\u00eb arrihet kjo?<\/h2>\n<p>Ne do t\u00eb krijojm\u00eb mjedise t\u00eb realitetit virtual (VR) n\u00eb m\u00ebnyr\u00eb q\u00eb personat autik\u00eb t\u00eb mund t\u00eb praktikojn\u00eb intervistat e pun\u00ebs dhe t\u00eb qenit n\u00eb pun\u00eb, duke nd\u00ebrtuar vet\u00ebbesim dhe duke gjetur strategji q\u00eb funksionojn\u00eb p\u00ebr ta.<\/p>\n<p>1. Rishikoni studimet k\u00ebrkimore dhe pun\u00ebt e tjera q\u00eb p\u00ebrfshijn\u00eb persona autik\u00eb, p\u00ebr t\u00eb kuptuar shkaqet kryesore t\u00eb ankthit dhe stresit gjat\u00eb intervistave dhe pun\u00ebsimit t\u00eb hersh\u00ebm.<\/p>\n<p>2. Punoni me persona autik\u00eb dhe nj\u00eb kompani VR p\u00ebr t\u00eb krijuar mjedise virtuale t\u00eb situatave q\u00eb ndodhin gjat\u00eb intervistave t\u00eb pun\u00ebs dhe dit\u00ebve t\u00eb para t\u00eb pun\u00ebs, s\u00eb bashku me nj\u00eb paket\u00eb trajnimi p\u00ebr ata q\u00eb ndihmojn\u00eb personat autik\u00eb t\u00eb punojn\u00eb.<\/p>\n<p>3. T\u00eb marrim reagime nga nj\u00eb grup i ri njer\u00ebzish, nd\u00ebrkoh\u00eb q\u00eb p\u00ebrpunojm\u00eb se \u00e7far\u00eb na nevojitet p\u00ebr nj\u00eb studim m\u00eb t\u00eb madh p\u00ebr t\u00eb par\u00eb n\u00ebse mjediset VR p\u00ebrmir\u00ebsojn\u00eb pun\u00ebsimin tek personat autik\u00eb. Ne do t\u00eb finalizojm\u00eb mjediset VR dhe materialet e trajnimit p\u00ebr studimin m\u00eb t\u00eb madh.<\/p>\n<h2>Kush po e udh\u00ebheq hulumtimin?<\/h2>\n<p><a href=\"https:\/\/people.uwe.ac.uk\/Person\/Michael2Loizou\" rel=\"noopener\">Dr. Michael Loizou<\/a>, Universiteti i Plymouth-it.<\/p>\n<h2>Informacione t\u00eb m\u00ebtejshme:<\/h2>\n<p>P\u00ebr m\u00eb shum\u00eb informacion ose p\u00ebr t&#039;u p\u00ebrfshir\u00eb n\u00eb k\u00ebt\u00eb projekt, d\u00ebrgoni email <a href=\"mailto:bnssg.research@nhs.net\" target=\"_blank\" rel=\"noopener\">bnssg.research@nhs.net<\/a>.<\/p>\n<p>Pik\u00ebpamjet e shprehura jan\u00eb ato t\u00eb autorit\/autor\u00ebve dhe jo domosdoshm\u00ebrisht ato t\u00eb NIHR ose t\u00eb Departamentit t\u00eb Sh\u00ebndet\u00ebsis\u00eb dhe Kujdesit Social.<\/p>\n  <\/div>\r\n  <\/section><\/div><!-- .assembler_text-module.assembler_module.assembler_text-module_1.assembler_module_1..transparent --><\/div><!-- .assembler_module_area.assembler_module_area_1 --><\/div><!-- .assembler_default-group.assembler_module_group.assembler_default-group_1.assembler_module_group_1  -->","protected":false},"excerpt":{"rendered":"<p>Section titled module-1 BRIDGING &#8211; Breakthrough interview extended reality training towards reducing the autism employment gap. Funding National Institute for Health and Care Research (NIHR) Research for Social Care (RfSC) Ref. NIHR204260. What is the problem? In the UK, less than 3 in 10 autistic people work. In other countries, such as Sweden, this is [&hellip;]<\/p>\n","protected":false},"author":1,"featured_media":0,"parent":32881,"menu_order":0,"comment_status":"closed","ping_status":"closed","template":"","meta":{"_acf_changed":false,"footnotes":""},"tags":[],"class_list":["post-34470","page","type-page","status-publish","hentry"],"acf":[],"_links":{"self":[{"href":"https:\/\/bnssghealthiertogether.org.uk\/sq\/wp-json\/wp\/v2\/pages\/34470","targetHints":{"allow":["GET"]}}],"collection":[{"href":"https:\/\/bnssghealthiertogether.org.uk\/sq\/wp-json\/wp\/v2\/pages"}],"about":[{"href":"https:\/\/bnssghealthiertogether.org.uk\/sq\/wp-json\/wp\/v2\/types\/page"}],"author":[{"embeddable":true,"href":"https:\/\/bnssghealthiertogether.org.uk\/sq\/wp-json\/wp\/v2\/users\/1"}],"replies":[{"embeddable":true,"href":"https:\/\/bnssghealthiertogether.org.uk\/sq\/wp-json\/wp\/v2\/comments?post=34470"}],"version-history":[{"count":3,"href":"https:\/\/bnssghealthiertogether.org.uk\/sq\/wp-json\/wp\/v2\/pages\/34470\/revisions"}],"predecessor-version":[{"id":36105,"href":"https:\/\/bnssghealthiertogether.org.uk\/sq\/wp-json\/wp\/v2\/pages\/34470\/revisions\/36105"}],"up":[{"embeddable":true,"href":"https:\/\/bnssghealthiertogether.org.uk\/sq\/wp-json\/wp\/v2\/pages\/32881"}],"wp:attachment":[{"href":"https:\/\/bnssghealthiertogether.org.uk\/sq\/wp-json\/wp\/v2\/media?parent=34470"}],"wp:term":[{"taxonomy":"post_tag","embeddable":true,"href":"https:\/\/bnssghealthiertogether.org.uk\/sq\/wp-json\/wp\/v2\/tags?post=34470"}],"curies":[{"name":"wp","href":"https:\/\/api.w.org\/{rel}","templated":true}]}}