{"id":34506,"date":"2024-11-26T16:40:40","date_gmt":"2024-11-26T16:40:40","guid":{"rendered":"https:\/\/bnssghealthiertogether.org.uk\/?page_id=34506"},"modified":"2025-01-16T22:02:37","modified_gmt":"2025-01-16T22:02:37","slug":"increasing-parental-vaccine-confidence-and-young-peoples-access-to-the-universal-human-papillomavirus-hpv-vaccination-programme-a-co-design-study","status":"publish","type":"page","link":"https:\/\/bnssghealthiertogether.org.uk\/sq\/integrated-care-board\/research-and-evidence\/our-research-portfolio\/nihr-funded-projects\/increasing-parental-vaccine-confidence-and-young-peoples-access-to-the-universal-human-papillomavirus-hpv-vaccination-programme-a-co-design-study\/","title":{"rendered":"Rritja e besimit prind\u00ebror ndaj vaksinimit dhe qasja e t\u00eb rinjve n\u00eb programin universal t\u00eb vaksinimit kund\u00ebr papillomavirusit njer\u00ebzor (HPV): nj\u00eb studim i p\u00ebrbashk\u00ebt."},"content":{"rendered":"<div class=\"assembler_default-group assembler_module_group assembler_default-group_1 assembler_module_group_1\"><div class=\"assembler_module_area assembler_module_area_1\"><div class=\"assembler_text-module assembler_module assembler_text-module_1 assembler_module_1  transparent\"><a tabindex=\"-1\" title=\"Seksioni me titull module-1\" id=\"module-1\" href=\"https:\/\/bnssghealthiertogether.org.uk\/sq\/wp-json\/wp\/v2\/pages\/34506\/#module-1\" class=\"anchor\"><span class=\"hidden\">Seksioni me titull module-1<\/span><\/a><!-- Template found for text-module - Template: template-text - Matched: _only --><section class=\"w-full mx-auto max-w-content pt-12 sm:pt-24 pb-12 sm:pb-24\">\r\n  <div class=\"entry-content w-full !px-0 max-w-small\">\r\n        <h1>Rritja e besimit prind\u00ebror ndaj vaksinimit dhe qasja e t\u00eb rinjve n\u00eb programin universal t\u00eb vaksinimit kund\u00ebr papillomavirusit njer\u00ebzor (HPV): nj\u00eb studim i p\u00ebrbashk\u00ebt.<\/h1>\n<h2>Financimi<\/h2>\n<p>Instituti Komb\u00ebtar p\u00ebr K\u00ebrkime n\u00eb Sh\u00ebndet\u00ebsi dhe Kujdes (NIHR), K\u00ebrkime p\u00ebr P\u00ebrfitimin e Pacientit (RfPB).<\/p>\n<h2><strong>Cili \u00ebsht\u00eb problemi?<\/strong><\/h2>\n<p>Infeksioni me HPV mund t\u00eb \u00e7oj\u00eb n\u00eb kancere q\u00eb prekin si burrat ashtu edhe grat\u00eb. Programi i vaksinimit kund\u00ebr HPV u ofrohet t\u00eb rinjve n\u00eb klas\u00ebn e 8-t\u00eb n\u00eb shkoll\u00eb.<\/p>\n<p>Disa t\u00eb rinj mund t\u00eb mos e marrin vaksin\u00ebn sepse formulari i tyre i p\u00eblqimit nuk \u00ebsht\u00eb kthyer. Prind\u00ebr t\u00eb tjer\u00eb mund ta refuzojn\u00eb vaksin\u00ebn HPV p\u00ebr f\u00ebmij\u00ebn e tyre adoleshent sepse mendojn\u00eb se vaksina \u00ebsht\u00eb e pasigurt ose e panevojshme.<\/p>\n<p>P\u00ebrmir\u00ebsimi i m\u00ebnyr\u00ebs se si prind\u00ebrit m\u00ebsojn\u00eb rreth vaksin\u00ebs HPV dhe vendeve ku mund t\u00eb vaksinohen mund t\u00eb ndihmoj\u00eb m\u00eb shum\u00eb t\u00eb rinj t\u00eb imunizohen. Megjithat\u00eb, aktualisht ka pak prova se si ta b\u00ebjn\u00eb k\u00ebt\u00eb.<\/p>\n<h2><strong>Cili \u00ebsht\u00eb q\u00ebllimi i hulumtimit?<\/strong><\/h2>\n<p>T\u00eb hartohet s\u00eb bashku me prind\u00ebrit nj\u00eb nd\u00ebrhyrje q\u00eb rrit besimin e prind\u00ebrve n\u00eb vaksinim dhe i ndihmon t\u00eb rinjt\u00eb ta marrin m\u00eb leht\u00eb vaksin\u00ebn kund\u00ebr papillomavirusit njer\u00ebzor (HPV).<\/p>\n<h2><strong>Si do t\u00eb arrihet kjo?<\/strong><\/h2>\n<p>Hulumtimi i propozuar ka dy pjes\u00eb. N\u00eb pjes\u00ebn e par\u00eb, do t\u00eb intervistojm\u00eb prind\u00ebrit q\u00eb nuk dhan\u00eb p\u00eblqimin q\u00eb f\u00ebmija i tyre adoleshent t\u00eb vaksinohet kund\u00ebr HPV-s\u00eb dhe profesionist\u00ebt kryesor\u00eb t\u00eb kujdesit sh\u00ebndet\u00ebsor.<\/p>\n<p>Gjat\u00eb intervist\u00ebs, do t&#039;i pyesim prind\u00ebrit pse f\u00ebmija i tyre adoleshent nuk \u00ebsht\u00eb vaksinuar, si mund ta p\u00ebrmir\u00ebsojm\u00eb m\u00ebnyr\u00ebn se si prind\u00ebrit m\u00ebsojn\u00eb rreth vaksin\u00ebs HPV dhe m\u00ebnyrat p\u00ebr ta b\u00ebr\u00eb m\u00eb t\u00eb leht\u00eb p\u00ebr f\u00ebmij\u00ebt e tyre adoleshent\u00eb q\u00eb t\u00eb vaksinohen kund\u00ebr HPV-s\u00eb. M\u00eb pas do t\u00eb hartojm\u00eb nj\u00eb plan p\u00ebr nj\u00eb nd\u00ebrhyrje sipas asaj q\u00eb thon\u00eb ata.<\/p>\n<p>N\u00eb pjes\u00ebn e dyt\u00eb t\u00eb studimit, materiale t\u00eb reja komunikimi n\u00eb gjuh\u00eb t\u00eb ndryshme do t\u00eb hartohen s\u00eb bashku me nj\u00eb dizajner krijues dhe prind\u00ebr q\u00eb nuk kan\u00eb dh\u00ebn\u00eb p\u00eblqimin p\u00ebr f\u00ebmij\u00ebt e tyre adoleshent\u00eb.<\/p>\n<p>Do t\u00eb organizohet nj\u00eb s\u00ebr\u00eb seminaresh p\u00ebr t\u00eb k\u00ebrkuar reagime dhe p\u00ebr t\u00eb b\u00ebr\u00eb ndryshime n\u00eb planin e nd\u00ebrhyrjes dhe materialet e komunikimit sipas asaj q\u00eb thon\u00eb ata. K\u00ebto mund t\u00eb testohen n\u00eb nj\u00eb studim t\u00eb ardhsh\u00ebm p\u00ebr t\u00eb par\u00eb n\u00ebse rrisin besimin e prind\u00ebrve ndaj vaksinimit dhe ndihmojn\u00eb m\u00eb shum\u00eb t\u00eb rinj t\u00eb marrin vaksin\u00ebn HPV.<\/p>\n<p>Ne do t\u00eb punojm\u00eb me grupe prind\u00ebrish dhe t\u00eb rinjsh p\u00ebr t\u00eb vendosur m\u00ebnyr\u00ebn m\u00eb t\u00eb mir\u00eb p\u00ebr t\u00eb ndar\u00eb gjetjet e studimit ton\u00eb. Do t&#039;i p\u00ebrmbledhim rezultatet n\u00eb gjuh\u00eb t\u00eb ndryshme p\u00ebr t&#039;i ndar\u00eb me prind\u00ebrit q\u00eb mor\u00ebn pjes\u00eb n\u00eb studim.<\/p>\n<p>Ne gjithashtu do t&#039;i ndajm\u00eb gjetjet tona me studiues t\u00eb tjer\u00eb dhe profesionist\u00eb t\u00eb kujdesit sh\u00ebndet\u00ebsor p\u00ebrmes konferencave dhe botimeve n\u00eb revista shkencore.<\/p>\n<h2><strong>Kush po e udh\u00ebheq hulumtimin?<\/strong><\/h2>\n<p>Dr. Harriet Fisher, Bashk\u00ebpun\u00ebtore K\u00ebrkimore, Universiteti i Bristolit.<\/p>\n<h2>Informacione t\u00eb m\u00ebtejshme:<\/h2>\n<p>P\u00ebr m\u00eb shum\u00eb informacion ose p\u00ebr t&#039;u p\u00ebrfshir\u00eb n\u00eb k\u00ebt\u00eb projekt, d\u00ebrgoni email <a href=\"mailto:bnssg.research@nhs.net\" target=\"_blank\" rel=\"noopener\">bnssg.research@nhs.net<\/a>.<\/p>\n<p>Pik\u00ebpamjet e shprehura jan\u00eb ato t\u00eb autorit\/autor\u00ebve dhe jo domosdoshm\u00ebrisht ato t\u00eb NIHR ose t\u00eb Departamentit t\u00eb Sh\u00ebndet\u00ebsis\u00eb dhe Kujdesit Social.<\/p>\n  <\/div>\r\n  <\/section><\/div><!-- .assembler_text-module.assembler_module.assembler_text-module_1.assembler_module_1..transparent --><\/div><!-- .assembler_module_area.assembler_module_area_1 --><\/div><!-- .assembler_default-group.assembler_module_group.assembler_default-group_1.assembler_module_group_1  -->","protected":false},"excerpt":{"rendered":"<p>Section titled module-1 Increasing parental vaccine confidence and young people\u2019s access to the universal human papillomavirus (HPV) vaccination programme: a co-design study. Funding National Institute for Health and Care Research (NIHR), Research for Patient Benefit (RfPB). What is the problem? Infection with HPV can lead to cancers affecting both men and women. The HPV vaccination [&hellip;]<\/p>\n","protected":false},"author":1,"featured_media":0,"parent":32881,"menu_order":0,"comment_status":"closed","ping_status":"closed","template":"","meta":{"_acf_changed":false,"footnotes":""},"tags":[],"class_list":["post-34506","page","type-page","status-publish","hentry"],"acf":[],"_links":{"self":[{"href":"https:\/\/bnssghealthiertogether.org.uk\/sq\/wp-json\/wp\/v2\/pages\/34506","targetHints":{"allow":["GET"]}}],"collection":[{"href":"https:\/\/bnssghealthiertogether.org.uk\/sq\/wp-json\/wp\/v2\/pages"}],"about":[{"href":"https:\/\/bnssghealthiertogether.org.uk\/sq\/wp-json\/wp\/v2\/types\/page"}],"author":[{"embeddable":true,"href":"https:\/\/bnssghealthiertogether.org.uk\/sq\/wp-json\/wp\/v2\/users\/1"}],"replies":[{"embeddable":true,"href":"https:\/\/bnssghealthiertogether.org.uk\/sq\/wp-json\/wp\/v2\/comments?post=34506"}],"version-history":[{"count":4,"href":"https:\/\/bnssghealthiertogether.org.uk\/sq\/wp-json\/wp\/v2\/pages\/34506\/revisions"}],"predecessor-version":[{"id":36164,"href":"https:\/\/bnssghealthiertogether.org.uk\/sq\/wp-json\/wp\/v2\/pages\/34506\/revisions\/36164"}],"up":[{"embeddable":true,"href":"https:\/\/bnssghealthiertogether.org.uk\/sq\/wp-json\/wp\/v2\/pages\/32881"}],"wp:attachment":[{"href":"https:\/\/bnssghealthiertogether.org.uk\/sq\/wp-json\/wp\/v2\/media?parent=34506"}],"wp:term":[{"taxonomy":"post_tag","embeddable":true,"href":"https:\/\/bnssghealthiertogether.org.uk\/sq\/wp-json\/wp\/v2\/tags?post=34506"}],"curies":[{"name":"wp","href":"https:\/\/api.w.org\/{rel}","templated":true}]}}