{"id":34515,"date":"2024-11-26T16:42:05","date_gmt":"2024-11-26T16:42:05","guid":{"rendered":"https:\/\/bnssghealthiertogether.org.uk\/?page_id=34515"},"modified":"2025-01-16T22:12:06","modified_gmt":"2025-01-16T22:12:06","slug":"p-risk-the-feasibility-and-implementation-of-a-psychosis-risk-prediction-algorithm-p-risk-for-use-in-primary-care","status":"publish","type":"page","link":"https:\/\/bnssghealthiertogether.org.uk\/sq\/integrated-care-board\/research-and-evidence\/our-research-portfolio\/nihr-funded-projects\/p-risk-the-feasibility-and-implementation-of-a-psychosis-risk-prediction-algorithm-p-risk-for-use-in-primary-care\/","title":{"rendered":"Rreziku P: Mund\u00ebsia dhe zbatimi i nj\u00eb algoritmi parashikimi t\u00eb rrezikut t\u00eb psikoz\u00ebs (Rreziku P) p\u00ebr p\u00ebrdorim n\u00eb kujdesin par\u00ebsor."},"content":{"rendered":"<div class=\"assembler_default-group assembler_module_group assembler_default-group_1 assembler_module_group_1\"><div class=\"assembler_module_area assembler_module_area_1\"><div class=\"assembler_text-module assembler_module assembler_text-module_1 assembler_module_1  transparent\"><a tabindex=\"-1\" title=\"Seksioni me titull module-1\" id=\"module-1\" href=\"https:\/\/bnssghealthiertogether.org.uk\/sq\/wp-json\/wp\/v2\/pages\/34515\/#module-1\" class=\"anchor\"><span class=\"hidden\">Seksioni me titull module-1<\/span><\/a><!-- Template found for text-module - Template: template-text - Matched: _only --><section class=\"w-full mx-auto max-w-content pt-12 sm:pt-24 pb-12 sm:pb-24\">\r\n  <div class=\"entry-content w-full !px-0 max-w-small\">\r\n        <article class=\"page_content\">\n<h1>Mund\u00ebsia dhe zbatimi i nj\u00eb algoritmi parashikimi t\u00eb rrezikut t\u00eb psikoz\u00ebs (Rreziku P) p\u00ebr p\u00ebrdorim n\u00eb kujdesin par\u00ebsor<\/h1>\n<h2><\/h2>\n<h2 class=\"page_content__inner\">Financimi<\/h2>\n<\/article>\n<p>Instituti Komb\u00ebtar p\u00ebr Sh\u00ebndet\u00ebsi (NIHR) K\u00ebrkime mbi Sh\u00ebrbimet dhe Ofrimin e Sh\u00ebrbimeve Sh\u00ebndet\u00ebsore (HS&amp;DR) Ref. NIHR130547.<\/p>\n<h2>Cila \u00ebsht\u00eb pyetja k\u00ebrkimore?<\/h2>\n<p>A mund t\u00eb zbatohet algoritmi i parashikimit t\u00eb rrezikut P n\u00eb kompjuter\u00ebt e Kujdesit Par\u00ebsor? Cila \u00ebsht\u00eb pranueshm\u00ebria e rrezikut P nga pal\u00ebt e interesuara?<\/p>\n<h2>Cili \u00ebsht\u00eb problemi?<\/h2>\n<p>Psikoza \u00ebsht\u00eb nj\u00eb s\u00ebmundje mendore serioze dhe afatgjat\u00eb. Simptomat p\u00ebrfshijn\u00eb halucinacione dhe mendime t\u00eb \u00e7uditshme e t\u00eb fiksuara, t\u00eb quajtura iluzione.<\/p>\n<p>Trajtimi i psikoz\u00ebs i kushton NHS-s\u00eb rreth 2 miliard\u00eb paund n\u00eb vit. Psikoza mund t\u00eb jet\u00eb shkat\u00ebrruese p\u00ebr t\u00eb prekurit dhe familjet e tyre. P\u00ebrve\u00e7 k\u00ebsaj, rezultatet jan\u00eb shpesh t\u00eb dob\u00ebta, me shum\u00eb njer\u00ebz q\u00eb s\u00ebmuren p\u00ebrs\u00ebri pas sh\u00ebrimit.<\/p>\n<p>Vet\u00ebm rreth 20% e njer\u00ebzve me psikoz\u00eb jan\u00eb n\u00eb pun\u00ebsim t\u00eb paguar dhe shum\u00eb prej tyre kan\u00eb nj\u00eb cil\u00ebsi t\u00eb dob\u00ebt jetese. Ka prova bind\u00ebse se shkurtimi i koh\u00ebzgjatjes s\u00eb psikoz\u00ebs s\u00eb patrajtuar p\u00ebrmir\u00ebson rezultatet, por t\u00eb qenit n\u00eb gjendje t\u00eb identifikosh pacient\u00ebt n\u00eb rrezik ka rezultuar e v\u00ebshtir\u00eb.<\/p>\n<p>Mjek\u00ebt e p\u00ebrgjithsh\u00ebm kan\u00eb theksuar se mund t\u00eb jet\u00eb e v\u00ebshtir\u00eb t\u00eb dallohen pacient\u00ebt q\u00eb jan\u00eb n\u00eb rrezik p\u00ebr psikoz\u00eb, sepse shum\u00eb nga shenjat e hershme jan\u00eb jospecifike dhe mungesa e vazhdim\u00ebsis\u00eb s\u00eb kujdesit do t\u00eb thot\u00eb q\u00eb ndryshimet e vogla n\u00eb sh\u00ebndetin mendor t\u00eb pacient\u00ebve n\u00eb rrezik p\u00ebr psikoz\u00eb mund t\u00eb mos vihen re.<\/p>\n<h2>Cili \u00ebsht\u00eb q\u00ebllimi i hulumtimit?<\/h2>\n<p>Ekipi i studimit ka zhvilluar nj\u00eb algorit\u00ebm parashikimi t\u00eb rrezikut i cili prodhon nj\u00eb rezultat t\u00eb rrezikut t\u00eb psikoz\u00ebs duke p\u00ebrdorur historikun e konsultave t\u00eb ruajtur n\u00eb sistemin kompjuterik t\u00eb kujdesit par\u00ebsor. Mjeti \u00ebsht\u00eb validuar nga brenda dhe nga jasht\u00eb dhe \u00ebsht\u00eb statistikisht i sakt\u00eb.<\/p>\n<p>Gjat\u00eb k\u00ebtij projekti, ekipi i studimit do t\u00eb vler\u00ebsoj\u00eb n\u00ebse mjeti funksionon n\u00eb bot\u00ebn reale n\u00eb kompjuter\u00ebt e mjek\u00ebve t\u00eb p\u00ebrgjithsh\u00ebm dhe do t\u00eb mbledh\u00eb pik\u00ebpamjet e mjek\u00ebve t\u00eb p\u00ebrgjithsh\u00ebm dhe pacient\u00ebve, si dhe reagimet nga stafi i sh\u00ebndetit mendor, p\u00ebr t\u00eb p\u00ebrcaktuar pranueshm\u00ebrin\u00eb e mjetit.<\/p>\n<h2>Si do t\u00eb arrihet kjo?<\/h2>\n<p>Ekipi i studimit P Risk do t\u00eb punoj\u00eb me ofruesin e softuerit t\u00eb regjistrave mjek\u00ebsor\u00eb t\u00eb kujdesit par\u00ebsor p\u00ebr t\u00eb instaluar P Risk n\u00eb softuerin e tyre. Ekipi gjithashtu do t\u00eb mbledh\u00eb t\u00eb dh\u00ebna mbi numrin e referimeve p\u00ebr nj\u00eb vler\u00ebsim t\u00eb psikoz\u00ebs t\u00eb b\u00ebr\u00eb nga mjek\u00ebt e p\u00ebrgjithsh\u00ebm n\u00eb zonat ICB t\u00eb Bristolit, Camdenit dhe Islingtonit dhe rezultatin e k\u00ebtyre referimeve.<\/p>\n<p>Sakt\u00ebsia statistikore e Rrezikut P do t\u00eb hetohet gjithashtu duke p\u00ebrdorur t\u00eb dh\u00ebnat e ICB. Do t\u00eb mbahen grupe fokusi dhe intervista me klinicist\u00ebt, pacient\u00ebt dhe kujdestar\u00ebt e tyre p\u00ebr t\u00eb eksploruar pik\u00ebpamjet e tyre mbi pranueshm\u00ebrin\u00eb dhe vler\u00ebn dhe implikimet e mundshme t\u00eb p\u00ebrdorimit t\u00eb Rrezikut P n\u00eb praktik\u00ebn e p\u00ebrgjithshme.<\/p>\n<h2>Kush po e udh\u00ebheq hulumtimin?<\/h2>\n<p><a href=\"https:\/\/research-information.bris.ac.uk\/en\/persons\/sarah-a-sullivan\" rel=\"noopener\">Dr. Sarah A. Sullivan<\/a>, Bashk\u00ebpun\u00ebtor i Lart\u00eb K\u00ebrkimor (Epidemiolog Psikiatrik), Shkolla Mjek\u00ebsore e Bristolit (PHS).<\/p>\n<h2>Informacion i m\u00ebtejsh\u00ebm<\/h2>\n<p>P\u00ebr m\u00eb shum\u00eb informacion ose p\u00ebr t&#039;u p\u00ebrfshir\u00eb n\u00eb k\u00ebt\u00eb projekt, d\u00ebrgoni email <a href=\"mailto:bnssg.research@nhs.net\">bnssg.research@nhs.net<\/a>.<\/p>\n<p>Pik\u00ebpamjet e shprehura jan\u00eb ato t\u00eb autorit\/autor\u00ebve dhe jo domosdoshm\u00ebrisht ato t\u00eb NIHR ose t\u00eb Departamentit t\u00eb Sh\u00ebndet\u00ebsis\u00eb dhe Kujdesit Social.<\/p>\n  <\/div>\r\n  <\/section><\/div><!-- .assembler_text-module.assembler_module.assembler_text-module_1.assembler_module_1..transparent --><\/div><!-- .assembler_module_area.assembler_module_area_1 --><\/div><!-- .assembler_default-group.assembler_module_group.assembler_default-group_1.assembler_module_group_1  -->","protected":false},"excerpt":{"rendered":"<p>Section titled module-1 The feasibility and implementation of a psychosis risk prediction algorithm (P Risk) for use in primary care Funding National Institute for Health (NIHR) Health Service &amp; Delivery Research (HS&amp;DR) Ref. NIHR130547. What is the research question? Can the P Risk prediction algorithm be implemented on Primary Care computers? What is the acceptability [&hellip;]<\/p>\n","protected":false},"author":1,"featured_media":0,"parent":32881,"menu_order":0,"comment_status":"closed","ping_status":"closed","template":"","meta":{"_acf_changed":false,"footnotes":""},"tags":[],"class_list":["post-34515","page","type-page","status-publish","hentry"],"acf":[],"_links":{"self":[{"href":"https:\/\/bnssghealthiertogether.org.uk\/sq\/wp-json\/wp\/v2\/pages\/34515","targetHints":{"allow":["GET"]}}],"collection":[{"href":"https:\/\/bnssghealthiertogether.org.uk\/sq\/wp-json\/wp\/v2\/pages"}],"about":[{"href":"https:\/\/bnssghealthiertogether.org.uk\/sq\/wp-json\/wp\/v2\/types\/page"}],"author":[{"embeddable":true,"href":"https:\/\/bnssghealthiertogether.org.uk\/sq\/wp-json\/wp\/v2\/users\/1"}],"replies":[{"embeddable":true,"href":"https:\/\/bnssghealthiertogether.org.uk\/sq\/wp-json\/wp\/v2\/comments?post=34515"}],"version-history":[{"count":3,"href":"https:\/\/bnssghealthiertogether.org.uk\/sq\/wp-json\/wp\/v2\/pages\/34515\/revisions"}],"predecessor-version":[{"id":36167,"href":"https:\/\/bnssghealthiertogether.org.uk\/sq\/wp-json\/wp\/v2\/pages\/34515\/revisions\/36167"}],"up":[{"embeddable":true,"href":"https:\/\/bnssghealthiertogether.org.uk\/sq\/wp-json\/wp\/v2\/pages\/32881"}],"wp:attachment":[{"href":"https:\/\/bnssghealthiertogether.org.uk\/sq\/wp-json\/wp\/v2\/media?parent=34515"}],"wp:term":[{"taxonomy":"post_tag","embeddable":true,"href":"https:\/\/bnssghealthiertogether.org.uk\/sq\/wp-json\/wp\/v2\/tags?post=34515"}],"curies":[{"name":"wp","href":"https:\/\/api.w.org\/{rel}","templated":true}]}}