{"id":34518,"date":"2024-11-26T16:42:32","date_gmt":"2024-11-26T16:42:32","guid":{"rendered":"https:\/\/bnssghealthiertogether.org.uk\/?page_id=34518"},"modified":"2025-01-16T22:15:13","modified_gmt":"2025-01-16T22:15:13","slug":"phirst-public-health-intervention-responsive-studies-team","status":"publish","type":"page","link":"https:\/\/bnssghealthiertogether.org.uk\/sq\/integrated-care-board\/research-and-evidence\/our-research-portfolio\/nihr-funded-projects\/phirst-public-health-intervention-responsive-studies-team\/","title":{"rendered":"PHIRST: Ekipi i Studimeve t\u00eb P\u00ebrgjegjshme p\u00ebr Nd\u00ebrhyrjen n\u00eb Sh\u00ebndetin Publik"},"content":{"rendered":"<div class=\"assembler_default-group assembler_module_group assembler_default-group_1 assembler_module_group_1\"><div class=\"assembler_module_area assembler_module_area_1\"><div class=\"assembler_text-module assembler_module assembler_text-module_1 assembler_module_1  transparent\"><a tabindex=\"-1\" title=\"Seksioni me titull module-1\" id=\"module-1\" href=\"https:\/\/bnssghealthiertogether.org.uk\/sq\/wp-json\/wp\/v2\/pages\/34518\/#module-1\" class=\"anchor\"><span class=\"hidden\">Seksioni me titull module-1<\/span><\/a><!-- Template found for text-module - Template: template-text - Matched: _only --><section class=\"w-full mx-auto max-w-content pt-12 sm:pt-24 pb-12 sm:pb-24\">\r\n  <div class=\"entry-content w-full !px-0 max-w-small\">\r\n        <header class=\"local_header\">\n<div class=\"local_header__inner\">\n<h1 class=\"local_header__title\">PHIRST: Ekipi i Studimeve t\u00eb P\u00ebrgjegjshme p\u00ebr Nd\u00ebrhyrjen n\u00eb Sh\u00ebndetin Publik<\/h1>\n<\/div>\n<\/header>\n<p>&nbsp;<\/p>\n<h2>Financimi<\/h2>\n<p>Instituti Komb\u00ebtar p\u00ebr K\u00ebrkime n\u00eb Sh\u00ebndet\u00ebsi dhe Kujdes (NIHR), K\u00ebrkime n\u00eb Sh\u00ebndetin Publik (PHR) Ref.NIHR131567.<\/p>\n<article class=\"page_content\"><\/article>\n<h2>Cila \u00ebsht\u00eb pyetja k\u00ebrkimore?<\/h2>\n<p>Ky financim \u00ebsht\u00eb p\u00ebr nj\u00eb ekip studiuesish q\u00eb mund t\u00eb vendosen p\u00ebr t\u00eb studiuar\/vler\u00ebsuar disa nd\u00ebrhyrje t\u00eb ndryshme n\u00eb sh\u00ebndetin publik.<\/p>\n<h2>Cili \u00ebsht\u00eb problemi?<\/h2>\n<p>Sh\u00ebndeti publik mbulon \u00e7do aktivitet ose &#039;nd\u00ebrhyrje&#039; q\u00eb i ndihmon njer\u00ebzit t\u00eb jetojn\u00eb nj\u00eb jet\u00eb m\u00eb t\u00eb sh\u00ebndetshme ose i ndalon ata t\u00eb s\u00ebmuren nga s\u00ebmundje si kanceri ose gripi. Ne kemi nevoj\u00eb p\u00ebr k\u00ebrkime me cil\u00ebsi t\u00eb lart\u00eb p\u00ebr t\u00eb p\u00ebrmir\u00ebsuar sh\u00ebndetin publik dhe p\u00ebr t&#039;i mbajtur t\u00eb gjith\u00eb sa m\u00eb t\u00eb sh\u00ebndetsh\u00ebm t\u00eb jet\u00eb e mundur, pavar\u00ebsisht prejardhjes ose situat\u00ebs s\u00eb tyre.<\/p>\n<p>Autoritetet lokale dhe grupe t\u00eb tjera, t\u00eb tilla si organizatat bamir\u00ebse, kan\u00eb nj\u00eb rol t\u00eb madh p\u00ebr t\u00eb luajtur n\u00eb sh\u00ebndetin publik. Skema PHIRST e Institutit Komb\u00ebtar p\u00ebr K\u00ebrkime Sh\u00ebndet\u00ebsore (NIHR) d\u00ebshiron t&#039;i ndihmoj\u00eb ata ta b\u00ebjn\u00eb k\u00ebt\u00eb duke financuar ekipe studiuesish akademik\u00eb q\u00eb t\u00eb punojn\u00eb me ta.<\/p>\n<p>Nj\u00eb grup akademik\u00ebsh q\u00eb punojn\u00eb n\u00eb Universitetet e Bristolit dhe Cardiffit do t\u00eb punojn\u00eb me autoritetet lokale dhe me publikun p\u00ebr t\u00eb planifikuar dhe kryer k\u00ebrkime q\u00eb do t\u00eb japin informacion rreth asaj q\u00eb funksionon m\u00eb mir\u00eb p\u00ebr t\u00eb p\u00ebrmir\u00ebsuar sh\u00ebndetin e njer\u00ebzve.<\/p>\n<h2>Cili \u00ebsht\u00eb q\u00ebllimi i hulumtimit?<\/h2>\n<p>NIHR ka t\u00eb ngjar\u00eb t\u00eb d\u00ebshiroj\u00eb q\u00eb ne t\u00eb b\u00ebjm\u00eb k\u00ebrkime p\u00ebr gjasht\u00eb nd\u00ebrhyrje t\u00eb ndryshme t\u00eb autoriteteve lokale ose t\u00eb sh\u00ebndetit publik gjat\u00eb tre viteve p\u00ebr t\u00eb par\u00eb n\u00ebse ato funksionojn\u00eb mir\u00eb.<\/p>\n<p>P\u00ebr \u00e7do nd\u00ebrhyrje, ne do t\u00eb p\u00ebrcaktojm\u00eb se cilat organizata dhe partner\u00eb publik\u00eb duhet t\u00eb p\u00ebrfshihen dhe do t\u00eb hartojm\u00eb nj\u00eb plan t\u00eb shkurt\u00ebr k\u00ebrkimor.<\/p>\n<p>Pasi NIHR t\u00eb bjer\u00eb dakord q\u00eb plani yn\u00eb mund t\u00eb vazhdoj\u00eb, ne do t\u00eb ngrem\u00eb nj\u00eb grup p\u00ebr t\u00eb menaxhuar studimin, t\u00eb p\u00ebrb\u00ebr\u00eb nga studiues, profesionist\u00eb t\u00eb sh\u00ebndetit publik dhe partner\u00eb publik\u00eb.<\/p>\n<p>Ky grup do t\u00eb punonte s\u00eb bashku p\u00ebr t\u00eb zhvilluar nj\u00eb plan t\u00eb detajuar k\u00ebrkimor, p\u00ebr t\u00eb kryer k\u00ebrkimin dhe p\u00ebr t\u00eb ndar\u00eb gjer\u00ebsisht gjetjet. Nj\u00eb grup menaxhimi programi i p\u00ebrb\u00ebr\u00eb nga studiues, profesionist\u00eb t\u00eb sh\u00ebndetit dhe partner\u00eb publik\u00eb do t\u00eb mbik\u00ebqyrte progresin e p\u00ebrgjithsh\u00ebm t\u00eb t\u00eb gjitha studimeve.<\/p>\n<h2>Si do t\u00eb arrihet kjo?<\/h2>\n<p>N\u00eb Universitetet e Bristolit dhe Cardiffit, ekziston nj\u00eb gam\u00eb e gjer\u00eb p\u00ebrvojash dhe njohurish q\u00eb mbulojn\u00eb t\u00eb gjitha fushat e ndryshme t\u00eb r\u00ebnd\u00ebsishme p\u00ebr sh\u00ebndetin publik. K\u00ebto p\u00ebrfshijn\u00eb problemet me alkoolin, l\u00ebnien e duhanit, sh\u00ebndetin mendor dhe q\u00ebndrimin e sh\u00ebndetsh\u00ebm n\u00eb mosh\u00eb t\u00eb shtyr\u00eb.<\/p>\n<p>Akademik\u00ebt kan\u00eb gjithashtu p\u00ebrvoj\u00eb n\u00eb metodat e ndryshme t\u00eb k\u00ebrkimit t\u00eb nevojshme, t\u00eb tilla si statistika dhe ekonomia. Ekipi ka lidhje t\u00eb mira me studiues t\u00eb tjer\u00eb t\u00eb sh\u00ebndetit publik n\u00eb Mbret\u00ebrin\u00eb e Bashkuar t\u00eb cil\u00ebt mund t\u00eb japin k\u00ebshilla t\u00eb specializuara. Ekipi ka gjithashtu p\u00ebrvoj\u00eb n\u00eb politikat dhe praktik\u00ebn e sh\u00ebndetit publik n\u00eb Angli, Uells, Skoci dhe Irland\u00ebn e Veriut.<\/p>\n<p>Universitetet tona trajnojn\u00eb shum\u00eb njer\u00ebz p\u00ebr t\u00eb punuar n\u00eb k\u00ebrkimin dhe praktik\u00ebn e sh\u00ebndetit publik dhe do ta p\u00ebrdorin k\u00ebt\u00eb p\u00ebrvoj\u00eb p\u00ebr t\u00eb trajnuar njer\u00ebzit me t\u00eb cil\u00ebt punojm\u00eb nga qeveria lokale dhe grupe t\u00eb tjera.<\/p>\n<p>Hulumtimet e m\u00ebparshme nga k\u00ebto grupe kan\u00eb \u00e7uar n\u00eb ndryshime q\u00eb p\u00ebrmir\u00ebsojn\u00eb praktik\u00ebn e sh\u00ebndetit publik.<\/p>\n<p>Kjo do t\u00eb b\u00ebhet p\u00ebr studimet PHIRST duke ndar\u00eb gjetjet n\u00eb shum\u00eb forma, duke p\u00ebrfshir\u00eb informime mbi politikat, webinar\u00eb, prezantime n\u00eb konferenca, video, blogje dhe artikuj akademik\u00eb. Ekipi i PHIRST do t\u00eb takohet dhe do t\u00eb flas\u00eb gjithashtu me vendimmarr\u00ebsit n\u00eb m\u00ebnyr\u00eb q\u00eb ata t\u00eb din\u00eb se \u00e7far\u00eb ndryshimesh nevojiten bazuar n\u00eb hulumtim. Partner\u00ebt publik\u00eb do t\u00eb p\u00ebrfshihen p\u00ebr t&#039;u siguruar q\u00eb gjetjet t\u00eb jen\u00eb gjer\u00ebsisht t\u00eb disponueshme p\u00ebr publikun n\u00eb m\u00ebnyra q\u00eb jan\u00eb t\u00eb lehta p\u00ebr t&#039;u kuptuar.<\/p>\n<h2>Kush po e udh\u00ebheq hulumtimin?<\/h2>\n<p>Prof. Rona Campbell, Profesoresh\u00eb e K\u00ebrkimeve t\u00eb Sh\u00ebndetit Publik, Shkencat e Sh\u00ebndetit t\u00eb Popullsis\u00eb, Universiteti i Bristolit.<\/p>\n<h2>Informacione t\u00eb m\u00ebtejshme:<\/h2>\n<p><a href=\"https:\/\/fundingawards.nihr.ac.uk\/award\/NIHR131567\" target=\"_blank\" rel=\"nofollow noopener\">Rreth k\u00ebtij hulumtimi<\/a><\/p>\n<p>P\u00ebr m\u00eb shum\u00eb informacion ose p\u00ebr t&#039;u p\u00ebrfshir\u00eb n\u00eb k\u00ebt\u00eb projekt, d\u00ebrgoni email <a href=\"mailto:bnssg.research@nhs.net\" target=\"_blank\" rel=\"noopener\">bnssg.research@nhs.net<\/a>.<\/p>\n<p>Pik\u00ebpamjet e shprehura jan\u00eb ato t\u00eb autorit\/autor\u00ebve dhe jo domosdoshm\u00ebrisht ato t\u00eb NIHR ose t\u00eb Departamentit t\u00eb Sh\u00ebndet\u00ebsis\u00eb dhe Kujdesit Social.<\/p>\n  <\/div>\r\n  <\/section><\/div><!-- .assembler_text-module.assembler_module.assembler_text-module_1.assembler_module_1..transparent --><\/div><!-- .assembler_module_area.assembler_module_area_1 --><\/div><!-- .assembler_default-group.assembler_module_group.assembler_default-group_1.assembler_module_group_1  -->","protected":false},"excerpt":{"rendered":"<p>Section titled module-1 PHIRST: Public Health Intervention Responsive Studies Team &nbsp; Funding National Institute for Health and Care Research (NIHR), Public Health Research (PHR) Ref.NIHR131567. What is the research question? This funding is for a team of researchers who can be deployed to study\/evaluate several different interventions in public health. What is the problem? Public [&hellip;]<\/p>\n","protected":false},"author":1,"featured_media":0,"parent":32881,"menu_order":0,"comment_status":"closed","ping_status":"closed","template":"","meta":{"_acf_changed":false,"footnotes":""},"tags":[],"class_list":["post-34518","page","type-page","status-publish","hentry"],"acf":[],"_links":{"self":[{"href":"https:\/\/bnssghealthiertogether.org.uk\/sq\/wp-json\/wp\/v2\/pages\/34518","targetHints":{"allow":["GET"]}}],"collection":[{"href":"https:\/\/bnssghealthiertogether.org.uk\/sq\/wp-json\/wp\/v2\/pages"}],"about":[{"href":"https:\/\/bnssghealthiertogether.org.uk\/sq\/wp-json\/wp\/v2\/types\/page"}],"author":[{"embeddable":true,"href":"https:\/\/bnssghealthiertogether.org.uk\/sq\/wp-json\/wp\/v2\/users\/1"}],"replies":[{"embeddable":true,"href":"https:\/\/bnssghealthiertogether.org.uk\/sq\/wp-json\/wp\/v2\/comments?post=34518"}],"version-history":[{"count":3,"href":"https:\/\/bnssghealthiertogether.org.uk\/sq\/wp-json\/wp\/v2\/pages\/34518\/revisions"}],"predecessor-version":[{"id":36168,"href":"https:\/\/bnssghealthiertogether.org.uk\/sq\/wp-json\/wp\/v2\/pages\/34518\/revisions\/36168"}],"up":[{"embeddable":true,"href":"https:\/\/bnssghealthiertogether.org.uk\/sq\/wp-json\/wp\/v2\/pages\/32881"}],"wp:attachment":[{"href":"https:\/\/bnssghealthiertogether.org.uk\/sq\/wp-json\/wp\/v2\/media?parent=34518"}],"wp:term":[{"taxonomy":"post_tag","embeddable":true,"href":"https:\/\/bnssghealthiertogether.org.uk\/sq\/wp-json\/wp\/v2\/tags?post=34518"}],"curies":[{"name":"wp","href":"https:\/\/api.w.org\/{rel}","templated":true}]}}