{"id":34521,"date":"2024-11-26T16:42:59","date_gmt":"2024-11-26T16:42:59","guid":{"rendered":"https:\/\/bnssghealthiertogether.org.uk\/?page_id=34521"},"modified":"2025-01-16T22:19:11","modified_gmt":"2025-01-16T22:19:11","slug":"pragmatic-evaluation-of-effectiveness-and-acceptability-of-the-bristol-medication-review-toolkit-brismed","status":"publish","type":"page","link":"https:\/\/bnssghealthiertogether.org.uk\/sq\/integrated-care-board\/research-and-evidence\/our-research-portfolio\/nihr-funded-projects\/pragmatic-evaluation-of-effectiveness-and-acceptability-of-the-bristol-medication-review-toolkit-brismed\/","title":{"rendered":"Vler\u00ebsimi Pragmatik i Efektivitetit dhe Pranueshm\u00ebris\u00eb s\u00eb Mjetit t\u00eb Rishikimit t\u00eb Medikamenteve t\u00eb Bristolit (BRISMED)"},"content":{"rendered":"<div class=\"assembler_default-group assembler_module_group assembler_default-group_1 assembler_module_group_1\"><div class=\"assembler_module_area assembler_module_area_1\"><div class=\"assembler_text-module assembler_module assembler_text-module_1 assembler_module_1  transparent\"><a tabindex=\"-1\" title=\"Seksioni me titull module-1\" id=\"module-1\" href=\"https:\/\/bnssghealthiertogether.org.uk\/sq\/wp-json\/wp\/v2\/pages\/34521\/#module-1\" class=\"anchor\"><span class=\"hidden\">Seksioni me titull module-1<\/span><\/a><!-- Template found for text-module - Template: template-text - Matched: _only --><section class=\"w-full mx-auto max-w-content pt-12 sm:pt-24 pb-12 sm:pb-24\">\r\n  <div class=\"entry-content w-full !px-0 max-w-small\">\r\n        <h1>Vler\u00ebsimi Pragmatik i Efektivitetit dhe Pranueshm\u00ebris\u00eb s\u00eb Mjetit t\u00eb Rishikimit t\u00eb Medikamenteve t\u00eb Bristolit (BRISMED)<\/h1>\n<h2><strong>Financimi:<\/strong><\/h2>\n<p>Ky projekt financohet nga Programi i K\u00ebrkimit p\u00ebr Ofrimin e Kujdesit Sh\u00ebndet\u00ebsor dhe Social (HSDR) i NIHR, NIHR154205.<\/p>\n<h2>Cili \u00ebsht\u00eb problemi?<\/h2>\n<p>Gjat\u00eb nj\u00eb shqyrtimi t\u00eb ila\u00e7eve, nj\u00eb pacient takohet me nj\u00eb mjek t\u00eb p\u00ebrgjithsh\u00ebm ose farmacist p\u00ebr t\u00eb diskutuar ila\u00e7et q\u00eb po p\u00ebrdor. Shqyrtimet e ila\u00e7eve jan\u00eb t\u00eb r\u00ebnd\u00ebsishme p\u00ebr t\u00eb kontrolluar n\u00ebse ila\u00e7et q\u00eb po merr nj\u00eb pacient jan\u00eb ato t\u00eb duhurat p\u00ebr gjendjen e tij sh\u00ebndet\u00ebsore.<\/p>\n<p>Shqyrtimet gjithashtu kontrollojn\u00eb n\u00ebse ila\u00e7et p\u00ebrdoren n\u00eb m\u00ebnyr\u00eb t\u00eb sigurt dhe efektive.<\/p>\n<p>Rishikimet e ila\u00e7eve jan\u00eb pjes\u00eb e kujdesit normal sh\u00ebndet\u00ebsor p\u00ebr njer\u00ebzit q\u00eb marrin ila\u00e7e p\u00ebr nj\u00eb koh\u00eb t\u00eb gjat\u00eb. Megjithat\u00eb, hulumtimet tregojn\u00eb se rishikimet e ila\u00e7eve nuk e p\u00ebrmir\u00ebsojn\u00eb gjithmon\u00eb kujdesin.<\/p>\n<p>Gjithashtu, pacient\u00ebt nuk p\u00ebrfshihen gjithmon\u00eb n\u00eb vendimet n\u00eb lidhje me ila\u00e7et e tyre. Instituti Komb\u00ebtar p\u00ebr Ekselenc\u00eb n\u00eb Sh\u00ebndet\u00ebsi dhe Kujdes (NICE) i jep k\u00ebshilla dhe udh\u00ebzime NHS-s\u00eb. NICE ka th\u00ebn\u00eb se nevojiten rishikime m\u00eb t\u00eb mira t\u00eb ila\u00e7eve dhe shum\u00eb mjek\u00eb dhe farmacist\u00eb pajtohen me k\u00ebt\u00eb.<\/p>\n<h2>Cili \u00ebsht\u00eb q\u00ebllimi i hulumtimit?<\/h2>\n<p>P\u00ebr t\u00eb p\u00ebrmir\u00ebsuar rishikimet e ila\u00e7eve, studiuesit n\u00eb Universitetin e Bristolit kan\u00eb zhvilluar \u201cMjetin e Rishikimit t\u00eb Medikamenteve Bristol\u201d. Mjek\u00ebt, farmacist\u00ebt, pacient\u00ebt dhe studiuesit punuan s\u00eb bashku p\u00ebr t\u00eb zhvilluar mjetin.<\/p>\n<p>Seti i mjeteve u jep mjek\u00ebve dhe farmacist\u00ebve k\u00ebshilla se si t\u00eb b\u00ebjn\u00eb nj\u00eb rishikim t\u00eb ila\u00e7eve. Gjithashtu u jep pacient\u00ebve k\u00ebshilla se si t\u00eb p\u00ebrfitojn\u00eb sa m\u00eb shum\u00eb nga nj\u00eb rishikim.<\/p>\n<p>Tani duam t\u00eb kuptojm\u00eb n\u00ebse dh\u00ebnia e mjeteve t\u00eb Rishikimit t\u00eb Medikamenteve Bristol p\u00ebr praktikat e mjek\u00ebve t\u00eb p\u00ebrgjithsh\u00ebm p\u00ebrmir\u00ebson rishikimet e ila\u00e7eve. Gjithashtu duam t\u00eb kuptojm\u00eb n\u00ebse pacient\u00ebt, mjek\u00ebt dhe farmacist\u00ebt e gjejn\u00eb mjetin t\u00eb leht\u00eb p\u00ebr t\u2019u p\u00ebrdorur.<\/p>\n<h2>Si do t\u00eb arrihet kjo?<\/h2>\n<p>Projekti ka tre pjes\u00eb:<\/p>\n<p>1. Ne do t&#039;ua japim paket\u00ebn e mjeteve Bristol Medication Review rreth 500 praktikave t\u00eb mjek\u00ebve t\u00eb p\u00ebrgjithsh\u00ebm n\u00eb t\u00eb gjith\u00eb Mbret\u00ebrin\u00eb e Bashkuar dhe do t&#039;u k\u00ebshillojm\u00eb se si ta p\u00ebrdorin at\u00eb. Do t\u00eb flasim me pacient\u00ebt, mjek\u00ebt e p\u00ebrgjithsh\u00ebm dhe farmacist\u00ebt p\u00ebr t&#039;u siguruar q\u00eb paketa e mjeteve \u00ebsht\u00eb sa m\u00eb e dobishme t\u00eb jet\u00eb e mundur dhe q\u00eb praktikat din\u00eb ta p\u00ebrdorin at\u00eb si\u00e7 duhet.<\/p>\n<p>2. P\u00ebr nj\u00eb vit, ne do t\u00eb krahasojm\u00eb p\u00ebrdorimin e ila\u00e7eve n\u00eb 500 praktikat e mjek\u00ebve t\u00eb p\u00ebrgjithsh\u00ebm duke p\u00ebrdorur paket\u00ebn e mjeteve Bristol me 500 praktika t\u00eb mjek\u00ebve t\u00eb p\u00ebrgjithsh\u00ebm q\u00eb nuk e p\u00ebrdorin at\u00eb. Ne do t\u00eb mbledhim informacione t\u00eb regjistruara nga mjek\u00ebt dhe farmacist\u00ebt n\u00eb sistemet kompjuterike t\u00eb praktikave t\u00eb mjek\u00ebve t\u00eb p\u00ebrgjithsh\u00ebm. Ne duam t\u00eb zbulojm\u00eb n\u00ebse ila\u00e7et p\u00ebrdoren n\u00eb m\u00ebnyr\u00eb t\u00eb sigurt dhe gj\u00ebra t\u00eb tjera si numri i ila\u00e7eve q\u00eb u jepen pacient\u00ebve. Ne gjithashtu do t\u00eb k\u00ebrkojm\u00eb \u00e7do ndryshim tjet\u00ebr n\u00eb p\u00ebrdorimin e sh\u00ebrbimeve sh\u00ebndet\u00ebsore (p\u00ebr shembull, pranimet n\u00eb spital).<\/p>\n<p>3. Do t\u00eb intervistojm\u00eb pacient\u00eb, mjek\u00eb dhe farmacist\u00eb rreth pik\u00ebpamjeve dhe p\u00ebrvojave t\u00eb tyre me rishikimet e ila\u00e7eve. Do t&#039;u k\u00ebrkojm\u00eb disa mjek\u00ebve dhe farmacist\u00ebve rreth p\u00ebrvoj\u00ebs s\u00eb tyre duke p\u00ebrdorur mjetin Bristol. Nj\u00eb anket\u00eb do t&#039;u d\u00ebrgohet disa pacient\u00ebve p\u00ebr t\u00eb m\u00ebsuar rreth p\u00ebrvojave t\u00eb tyre me rishikimin e ila\u00e7eve. Gjithashtu do t\u00eb regjistrojm\u00eb audio disa rishikime ila\u00e7esh, do t\u00eb anketojm\u00eb praktikat e mjek\u00ebve t\u00eb p\u00ebrgjithsh\u00ebm dhe do t\u00eb mbledhim informacion nga sistemet e tyre kompjuterike, p\u00ebr t\u00eb kuptuar se si praktikat i b\u00ebjn\u00eb rishikimet e ila\u00e7eve, me dhe pa mjetin.<\/p>\n<p>Rezultatet do t\u00eb na ndihmojn\u00eb t\u00eb gjejm\u00eb m\u00ebnyr\u00ebn m\u00eb t\u00eb mir\u00eb p\u00ebr t\u00eb kryer rishikime t\u00eb ila\u00e7eve n\u00eb t\u00eb ardhmen. Kjo do t\u00eb ndihmoj\u00eb n\u00eb sigurimin q\u00eb ila\u00e7et t\u00eb p\u00ebrdoren n\u00eb m\u00ebnyr\u00eb t\u00eb sigurt dhe efektive. Gjithashtu, do t\u00eb siguroj\u00eb q\u00eb pacient\u00ebt t\u00eb jen\u00eb plot\u00ebsisht t\u00eb p\u00ebrfshir\u00eb n\u00eb diskutimet rreth ila\u00e7eve t\u00eb tyre.<\/p>\n<p>N\u00ebse seti i mjeteve \u00ebsht\u00eb i dobish\u00ebm dhe i leht\u00eb p\u00ebr t\u2019u p\u00ebrdorur, do t\u00eb jet\u00eb e thjesht\u00eb ta v\u00ebni n\u00eb dispozicion t\u00eb t\u00eb gjitha praktikave t\u00eb mjek\u00ebve t\u00eb p\u00ebrgjithsh\u00ebm.<\/p>\n<p>Ne do t&#039;i ndajm\u00eb gjetjet tona me mjek\u00ebt, farmacist\u00ebt, menaxher\u00ebt e NHS-s\u00eb dhe politik\u00ebb\u00ebr\u00ebsit (t\u00eb cil\u00ebt vendosin se cilat sh\u00ebrbime sh\u00ebndet\u00ebsore ofrohen) dhe me studiues t\u00eb tjer\u00eb.<\/p>\n<p>Pacient\u00ebt dhe an\u00ebtar\u00ebt e publikut kan\u00eb ndihmuar me hartimin e hulumtimit dhe me mjetet q\u00eb po testojm\u00eb. Ata gjithashtu do t\u00eb ndihmojn\u00eb n\u00eb kryerjen e hulumtimit dhe do t\u00eb ndajn\u00eb gjetjet tona n\u00eb m\u00ebnyra q\u00eb t\u00eb gjith\u00eb mund t&#039;i kuptojn\u00eb.<\/p>\n<h2>Kush po e udh\u00ebheq hulumtimin?<\/h2>\n<p><a href=\"https:\/\/www.bristol.ac.uk\/people\/person\/Deborah-McCahon-0fdd3797-b3f6-466a-8df6-47ad3703766e\/\" rel=\"noopener\">Dr. Deborah McCahon<\/a>, Bashk\u00ebpun\u00ebtor K\u00ebrkimor, Universiteti i Bristolit dhe <a href=\"https:\/\/medicine.exeter.ac.uk\/people\/profile\/index.php?web_id=rupert_payne\" rel=\"noopener\">Profesor Rupert Payne<\/a>, Profesor i Kujdesit Par\u00ebsor dhe Farmakologjis\u00eb Klinike, Universiteti i Exeterit.<\/p>\n<h2>Informacione t\u00eb m\u00ebtejshme:<\/h2>\n<p>P\u00ebr m\u00eb shum\u00eb informacion ose p\u00ebr t&#039;u p\u00ebrfshir\u00eb n\u00eb k\u00ebt\u00eb projekt, d\u00ebrgoni email <a href=\"mailto:bnssg.research@nhs.net\">bnssg.research@nhs.net<\/a><\/p>\n  <\/div>\r\n  <\/section><\/div><!-- .assembler_text-module.assembler_module.assembler_text-module_1.assembler_module_1..transparent --><\/div><!-- .assembler_module_area.assembler_module_area_1 --><\/div><!-- .assembler_default-group.assembler_module_group.assembler_default-group_1.assembler_module_group_1  -->","protected":false},"excerpt":{"rendered":"<p>Section titled module-1 Pragmatic Evaluation of Effectiveness and Acceptability of the Bristol Medication Review Toolkit (BRISMED) Funding: This project is funded by the NIHR Health and Social Care Delivery Research (HSDR) Programme, NIHR154205. What is the problem? At a medication review a patient meets a GP or pharmacist to discuss the medicines they are using. [&hellip;]<\/p>\n","protected":false},"author":1,"featured_media":0,"parent":32881,"menu_order":0,"comment_status":"closed","ping_status":"closed","template":"","meta":{"_acf_changed":false,"footnotes":""},"tags":[],"class_list":["post-34521","page","type-page","status-publish","hentry"],"acf":[],"_links":{"self":[{"href":"https:\/\/bnssghealthiertogether.org.uk\/sq\/wp-json\/wp\/v2\/pages\/34521","targetHints":{"allow":["GET"]}}],"collection":[{"href":"https:\/\/bnssghealthiertogether.org.uk\/sq\/wp-json\/wp\/v2\/pages"}],"about":[{"href":"https:\/\/bnssghealthiertogether.org.uk\/sq\/wp-json\/wp\/v2\/types\/page"}],"author":[{"embeddable":true,"href":"https:\/\/bnssghealthiertogether.org.uk\/sq\/wp-json\/wp\/v2\/users\/1"}],"replies":[{"embeddable":true,"href":"https:\/\/bnssghealthiertogether.org.uk\/sq\/wp-json\/wp\/v2\/comments?post=34521"}],"version-history":[{"count":3,"href":"https:\/\/bnssghealthiertogether.org.uk\/sq\/wp-json\/wp\/v2\/pages\/34521\/revisions"}],"predecessor-version":[{"id":36169,"href":"https:\/\/bnssghealthiertogether.org.uk\/sq\/wp-json\/wp\/v2\/pages\/34521\/revisions\/36169"}],"up":[{"embeddable":true,"href":"https:\/\/bnssghealthiertogether.org.uk\/sq\/wp-json\/wp\/v2\/pages\/32881"}],"wp:attachment":[{"href":"https:\/\/bnssghealthiertogether.org.uk\/sq\/wp-json\/wp\/v2\/media?parent=34521"}],"wp:term":[{"taxonomy":"post_tag","embeddable":true,"href":"https:\/\/bnssghealthiertogether.org.uk\/sq\/wp-json\/wp\/v2\/tags?post=34521"}],"curies":[{"name":"wp","href":"https:\/\/api.w.org\/{rel}","templated":true}]}}