{"id":34541,"date":"2024-11-26T16:45:52","date_gmt":"2024-11-26T16:45:52","guid":{"rendered":"https:\/\/bnssghealthiertogether.org.uk\/?page_id=34541"},"modified":"2025-01-16T22:37:22","modified_gmt":"2025-01-16T22:37:22","slug":"reprovide-reaching-everyone-programme-of-research-on-violence-in-diverse-domestic-environments","status":"publish","type":"page","link":"https:\/\/bnssghealthiertogether.org.uk\/sq\/integrated-care-board\/research-and-evidence\/our-research-portfolio\/nihr-funded-projects\/reprovide-reaching-everyone-programme-of-research-on-violence-in-diverse-domestic-environments\/","title":{"rendered":"REPROVIDE: Programi i K\u00ebrkimit mbi Dhun\u00ebn n\u00eb Mjedise t\u00eb Diversifikuara Familjare &quot;T\u00eb Arrijm\u00eb tek t\u00eb Gjith\u00eb&quot;"},"content":{"rendered":"<div class=\"assembler_default-group assembler_module_group assembler_default-group_1 assembler_module_group_1\"><div class=\"assembler_module_area assembler_module_area_1\"><div class=\"assembler_text-module assembler_module assembler_text-module_1 assembler_module_1  transparent\"><a tabindex=\"-1\" title=\"Seksioni me titull module-1\" id=\"module-1\" href=\"https:\/\/bnssghealthiertogether.org.uk\/sq\/wp-json\/wp\/v2\/pages\/34541\/#module-1\" class=\"anchor\"><span class=\"hidden\">Seksioni me titull module-1<\/span><\/a><!-- Template found for text-module - Template: template-text - Matched: _only --><section class=\"w-full mx-auto max-w-content pt-12 sm:pt-24 pb-12 sm:pb-24\">\r\n  <div class=\"entry-content w-full !px-0 max-w-small\">\r\n        <h1>REPROVIDE: Programi i K\u00ebrkimit mbi Dhun\u00ebn n\u00eb Mjedise t\u00eb Diversifikuara Familjare &quot;T\u00eb Arrijm\u00eb tek t\u00eb Gjith\u00eb&quot;<\/h1>\n<h2>Financimi<\/h2>\n<p>Programi i Granteve p\u00ebr K\u00ebrkime t\u00eb Aplikuara t\u00eb Institutit Komb\u00ebtar t\u00eb Sh\u00ebndet\u00ebsis\u00eb (NIHR) (PGfAR) Ref. RP-PG-0614-20012<\/p>\n<h2>Cila \u00ebsht\u00eb pyetja k\u00ebrkimore?<\/h2>\n<p>Si mund ta rrisim sigurin\u00eb dhe mir\u00ebqenien e viktimave t\u00eb dhun\u00ebs dhe abuzimit n\u00eb familje (DVA) dhe f\u00ebmij\u00ebve t\u00eb tyre?<\/p>\n<h2>Cili \u00ebsht\u00eb problemi?<\/h2>\n<p>Dhuna dhe abuzimi n\u00eb familje (DVA) \u00ebsht\u00eb nj\u00eb problem serioz i sh\u00ebndetit publik dhe klinik. Hulumtimet e m\u00ebparshme kan\u00eb treguar se programet e trajnimit dhe mb\u00ebshtetjes mund t\u00eb p\u00ebrmir\u00ebsojn\u00eb reagimin e mjek\u00ebve ndaj pacienteve gra q\u00eb p\u00ebrjetojn\u00eb abuzim.<\/p>\n<p>Ofrimi i trajnimeve rreth nevojave t\u00eb burrave q\u00eb p\u00ebrjetojn\u00eb ose kryejn\u00eb dhun\u00eb ndaj dhun\u00ebs n\u00eb familje dhe f\u00ebmij\u00ebve t\u00eb ekspozuar \u00ebsht\u00eb pilotuar, por p\u00ebrgjigja e avokimit ndaj dhun\u00ebs n\u00eb familje ndaj viktimave meshkuj ka nevoj\u00eb p\u00ebr zhvillim t\u00eb m\u00ebtejsh\u00ebm.<\/p>\n<p>Trajnimi i bazuar n\u00eb kujdesin par\u00ebsor p\u00ebr nj\u00eb reagim efektiv dhe t\u00eb sigurt ndaj t\u00eb gjith\u00eb an\u00ebtar\u00ebve t\u00eb familjes q\u00eb p\u00ebrjetojn\u00eb ose kryejn\u00eb DVA duhet t\u00eb integrohet n\u00eb nj\u00eb program t\u00eb vet\u00ebm dhe t\u00eb vler\u00ebsohet rigorozisht.<\/p>\n<h2>Cili \u00ebsht\u00eb q\u00ebllimi i hulumtimit?<\/h2>\n<p>Ky hulumtim synon t\u00eb p\u00ebrmir\u00ebsoj\u00eb m\u00ebnyr\u00ebn se si profesionist\u00ebt e kujdesit sh\u00ebndet\u00ebsor u p\u00ebrgjigjen pacient\u00ebve t\u00eb rritur q\u00eb p\u00ebrjetojn\u00eb ose kryejn\u00eb DVA dhe f\u00ebmij\u00ebve t\u00eb tyre. Do t\u00eb shqyrtohen gjithashtu nevojat e grupeve t\u00eb tjera t\u00eb autor\u00ebve t\u00eb krimit, si\u00e7 jan\u00eb ata n\u00eb marr\u00ebdh\u00ebnie t\u00eb t\u00eb nj\u00ebjtit seks.<\/p>\n<h2>Si do t\u00eb arrihet kjo?<\/h2>\n<p>Dy rrjedhat e pun\u00ebs s\u00eb k\u00ebtij studimi jan\u00eb si m\u00eb posht\u00eb:<\/p>\n<ol>\n<li>Studimi do t\u00eb shqyrtoj\u00eb vler\u00ebn e trajnimit t\u00eb stafit t\u00eb praktik\u00ebs s\u00eb p\u00ebrgjithshme n\u00eb lidhje me nevojat e f\u00ebmij\u00ebve t\u00eb ekspozuar ndaj dhun\u00ebs n\u00eb familje dhe burrave e grave q\u00eb p\u00ebrjetojn\u00eb ose kryejn\u00eb dhun\u00eb n\u00eb familje dhe lidhjen e tyre me sh\u00ebrbime t\u00eb specializuara, n\u00ebp\u00ebrmjet nj\u00eb avokati. Kjo qasje do t\u00eb testohet n\u00eb 4 praktika dhe m\u00eb pas n\u00eb nj\u00eb baz\u00eb m\u00eb t\u00eb gjer\u00eb p\u00ebr t\u00eb testuar n\u00ebse programi funksionon dhe \u00ebsht\u00eb i vlefsh\u00ebm p\u00ebr parat\u00eb.<\/li>\n<li>Do t\u00eb zhvillohet nj\u00eb program n\u00eb grup p\u00ebr burrat q\u00eb kryejn\u00eb DVA dhe partneret\/ish-partner\u00ebt e tyre. Studiuesit dhe nj\u00eb grup ekspert\u00ebsh do t\u00eb konsultohen se cili \u00ebsht\u00eb programi m\u00eb premtues i cili do t\u00eb p\u00ebrshtatet dhe testohet s\u00eb pari n\u00eb nj\u00eb grup t\u00eb vog\u00ebl dhe m\u00eb pas do t\u00eb testohet n\u00eb nj\u00eb prov\u00eb t\u00eb madhe t\u00eb bazuar n\u00eb kujdesin par\u00ebsor dhe do t\u00eb vler\u00ebsohet p\u00ebr mas\u00ebn n\u00eb t\u00eb cil\u00ebn \u00ebsht\u00eb rritur siguria dhe n\u00ebse abuzimi \u00ebsht\u00eb ndaluar\/ulur.<\/li>\n<\/ol>\n<h2>Kush po e udh\u00ebheq hulumtimin?<\/h2>\n<p>Prof. Gene Feder, Profesor i Kujdesit Sh\u00ebndet\u00ebsor Par\u00ebsor, Shkencat e Sh\u00ebndetit t\u00eb Popullsis\u00eb, Universiteti i Bristolit.<\/p>\n<h2>Informacione t\u00eb m\u00ebtejshme:<\/h2>\n<p><a href=\"http:\/\/www.bristol.ac.uk\/primaryhealthcare\/researchthemes\/reprovide\/\" target=\"_blank\" rel=\"nofollow noopener\">Ri-furnizim<\/a><\/p>\n<p>P\u00ebr m\u00eb shum\u00eb informacion ose p\u00ebr t&#039;u p\u00ebrfshir\u00eb n\u00eb k\u00ebt\u00eb projekt, d\u00ebrgoni email <a href=\"mailto:bnssg.research@nhs.net\" target=\"_blank\" rel=\"noopener\">bnssg.research@nhs.net<\/a>.<\/p>\n<p>Pik\u00ebpamjet e shprehura jan\u00eb ato t\u00eb autorit\/autor\u00ebve dhe jo domosdoshm\u00ebrisht ato t\u00eb NIHR ose t\u00eb Departamentit t\u00eb Sh\u00ebndet\u00ebsis\u00eb dhe Kujdesit Social.<\/p>\n  <\/div>\r\n  <\/section><\/div><!-- .assembler_text-module.assembler_module.assembler_text-module_1.assembler_module_1..transparent --><\/div><!-- .assembler_module_area.assembler_module_area_1 --><\/div><!-- .assembler_default-group.assembler_module_group.assembler_default-group_1.assembler_module_group_1  -->","protected":false},"excerpt":{"rendered":"<p>Section titled module-1 REPROVIDE: Reaching Everyone Programme of Research On Violence in diverse Domestic Environments Funding National Institute for Health (NIHR) Programme Grants for Applied Research (PGfAR) Ref. RP-PG-0614-20012 What is the research question? How can we increase the safety and well-being of victims of domestic violence and abuse (DVA) and their children? What is [&hellip;]<\/p>\n","protected":false},"author":1,"featured_media":0,"parent":32881,"menu_order":0,"comment_status":"closed","ping_status":"closed","template":"","meta":{"_acf_changed":false,"footnotes":""},"tags":[],"class_list":["post-34541","page","type-page","status-publish","hentry"],"acf":[],"_links":{"self":[{"href":"https:\/\/bnssghealthiertogether.org.uk\/sq\/wp-json\/wp\/v2\/pages\/34541","targetHints":{"allow":["GET"]}}],"collection":[{"href":"https:\/\/bnssghealthiertogether.org.uk\/sq\/wp-json\/wp\/v2\/pages"}],"about":[{"href":"https:\/\/bnssghealthiertogether.org.uk\/sq\/wp-json\/wp\/v2\/types\/page"}],"author":[{"embeddable":true,"href":"https:\/\/bnssghealthiertogether.org.uk\/sq\/wp-json\/wp\/v2\/users\/1"}],"replies":[{"embeddable":true,"href":"https:\/\/bnssghealthiertogether.org.uk\/sq\/wp-json\/wp\/v2\/comments?post=34541"}],"version-history":[{"count":3,"href":"https:\/\/bnssghealthiertogether.org.uk\/sq\/wp-json\/wp\/v2\/pages\/34541\/revisions"}],"predecessor-version":[{"id":36176,"href":"https:\/\/bnssghealthiertogether.org.uk\/sq\/wp-json\/wp\/v2\/pages\/34541\/revisions\/36176"}],"up":[{"embeddable":true,"href":"https:\/\/bnssghealthiertogether.org.uk\/sq\/wp-json\/wp\/v2\/pages\/32881"}],"wp:attachment":[{"href":"https:\/\/bnssghealthiertogether.org.uk\/sq\/wp-json\/wp\/v2\/media?parent=34541"}],"wp:term":[{"taxonomy":"post_tag","embeddable":true,"href":"https:\/\/bnssghealthiertogether.org.uk\/sq\/wp-json\/wp\/v2\/tags?post=34541"}],"curies":[{"name":"wp","href":"https:\/\/api.w.org\/{rel}","templated":true}]}}