{"id":34551,"date":"2024-11-26T16:47:23","date_gmt":"2024-11-26T16:47:23","guid":{"rendered":"https:\/\/bnssghealthiertogether.org.uk\/?page_id=34551"},"modified":"2025-01-16T22:42:07","modified_gmt":"2025-01-16T22:42:07","slug":"the-role-of-survivor-support-services-integrated-within-domestic-abuse-prevention-programmes","status":"publish","type":"page","link":"https:\/\/bnssghealthiertogether.org.uk\/sq\/integrated-care-board\/research-and-evidence\/our-research-portfolio\/nihr-funded-projects\/the-role-of-survivor-support-services-integrated-within-domestic-abuse-prevention-programmes\/","title":{"rendered":"Roli i sh\u00ebrbimeve t\u00eb mb\u00ebshtetjes p\u00ebr t\u00eb mbijetuarit e integruara brenda programeve t\u00eb parandalimit t\u00eb dhun\u00ebs n\u00eb familje"},"content":{"rendered":"<div class=\"assembler_default-group assembler_module_group assembler_default-group_1 assembler_module_group_1\"><div class=\"assembler_module_area assembler_module_area_1\"><div class=\"assembler_text-module assembler_module assembler_text-module_1 assembler_module_1  transparent\"><a tabindex=\"-1\" title=\"Seksioni me titull module-1\" id=\"module-1\" href=\"https:\/\/bnssghealthiertogether.org.uk\/sq\/wp-json\/wp\/v2\/pages\/34551\/#module-1\" class=\"anchor\"><span class=\"hidden\">Seksioni me titull module-1<\/span><\/a><!-- Template found for text-module - Template: template-text - Matched: _only --><section class=\"w-full mx-auto max-w-content pt-12 sm:pt-24 pb-12 sm:pb-24\">\r\n  <div class=\"entry-content w-full !px-0 max-w-small\">\r\n        <h1>Roli i sh\u00ebrbimeve t\u00eb mb\u00ebshtetjes s\u00eb t\u00eb mbijetuarve t\u00eb integruara brenda programeve t\u00eb parandalimit t\u00eb dhun\u00ebs n\u00eb familje.<\/h1>\n<p>&nbsp;<\/p>\n<article class=\"page_content\">\n<h2 class=\"page_content__inner\">Financimi<\/h2>\n<\/article>\n<p>Instituti Komb\u00ebtar p\u00ebr K\u00ebrkime n\u00eb Sh\u00ebndet\u00ebsi dhe Kujdes (NIHR) K\u00ebrkime p\u00ebr Kujdesin Social (RfSC) Ref. NIHR204257.<\/p>\n<h2>Cila \u00ebsht\u00eb pyetja k\u00ebrkimore?<\/h2>\n<p>1. \u00c7far\u00eb lloje mb\u00ebshtetjeje p\u00ebr t\u00eb mbijetuarit ofrohen brenda DAPP-ve t\u00eb Mbret\u00ebris\u00eb s\u00eb Bashkuar?<br \/>\n2. Si i plot\u00ebsojn\u00eb llojet e ndryshme t\u00eb mb\u00ebshtetjes sigurin\u00eb dhe nevojat e tjera t\u00eb t\u00eb mbijetuarve?<br \/>\n3. \u00c7far\u00eb u duhet punonj\u00ebsve t\u00eb mb\u00ebshtetjes s\u00eb t\u00eb mbijetuarve t\u00eb DAPP p\u00ebr t&#039;u p\u00ebrballur me sfidat e rolit t\u00eb tyre?<br \/>\n4. Si mund t\u00eb p\u00ebrmir\u00ebsohen standardet komb\u00ebtare dhe trajnimi p\u00ebr mb\u00ebshtetjen e t\u00eb mbijetuarve brenda DAPP-ve nga gjetjet tona?<\/p>\n<h2>Cili \u00ebsht\u00eb problemi?<\/h2>\n<p>Respect \u00ebsht\u00eb organizata komb\u00ebtare q\u00eb ndihmon n\u00eb sigurimin q\u00eb sh\u00ebrbimet t\u00eb ndjekin praktikat m\u00eb t\u00eb mira. Programet e akredituara nga Respect kryejn\u00eb pun\u00eb p\u00ebr ndryshimin e sjelljes me personin abuziv, nd\u00ebrsa partner\u00ebve aktual\u00eb\/ish-partner\u00ebve u ofrohet mb\u00ebshtetje.<\/p>\n<p>P\u00ebrve\u00e7 ndihm\u00ebs praktike dhe emocionale, puna n\u00eb mb\u00ebshtetje t\u00eb t\u00eb mbijetuarve brenda sh\u00ebrbimeve t\u00eb akredituara menaxhon rrezikun, i ndihmon t\u00eb mbijetuarit t\u00eb ken\u00eb pritje realiste p\u00ebr ndryshimin e sjelljes s\u00eb (ish-) partnerit t\u00eb tyre dhe informon menaxhimin e rastit.<\/p>\n<p>Kjo mb\u00ebshtetje p\u00ebr t\u00eb mbijetuarit dihet se ndryshon midis sh\u00ebrbimeve. Standardet ekzistuese japin udh\u00ebzime t\u00eb kufizuara se si duhet t\u00eb ofrohet mb\u00ebshtetja; megjithat\u00eb, mb\u00ebshtetja p\u00ebr t\u00eb mbijetuarit ka potencialin t\u00eb jet\u00eb nj\u00eb element thelb\u00ebsor n\u00eb suksesin e k\u00ebtyre programeve.<\/p>\n<h2>Cili \u00ebsht\u00eb q\u00ebllimi i hulumtimit?<\/h2>\n<p>Programet e Parandalimit t\u00eb Dhun\u00ebs n\u00eb Familje (DAPP) synojn\u00eb t\u00eb ndihmojn\u00eb njer\u00ebzit abuziv\u00eb t\u00eb ndryshojn\u00eb sjelljen e tyre dhe t\u00eb rrisin sigurin\u00eb dhe lirin\u00eb e t\u00eb mbijetuarve nga abuzimi. Ne p\u00ebrdorim termin &quot;i mbijetuar&quot; p\u00ebr t\u00eb p\u00ebrshkruar dik\u00eb q\u00eb ka p\u00ebrjetuar dhun\u00eb n\u00eb familje, pasi kjo zakonisht preferohet ndaj termit &quot;viktim\u00eb&quot;.<\/p>\n<h2>Si do t\u00eb arrihet kjo?<\/h2>\n<p>Ky studim do t\u00eb:<\/p>\n<p>1. T\u00eb kryhet nj\u00eb anket\u00eb komb\u00ebtare mbi sh\u00ebrbimet e mb\u00ebshtetjes s\u00eb t\u00eb mbijetuarve t\u00eb DAPP-s\u00eb p\u00ebr t\u00eb p\u00ebrcaktuar modelet e ndryshme t\u00eb mb\u00ebshtetjes.<\/p>\n<p>2. Kryeni intervista me t\u00eb mbijetuarit q\u00eb kan\u00eb marr\u00eb mb\u00ebshtetje, p\u00ebr t\u00eb kuptuar m\u00eb mir\u00eb nevojat dhe p\u00ebrvojat e tyre t\u00eb mb\u00ebshtetjes.<\/p>\n<p>3. V\u00ebzhgoni dhe intervistoni stafin e mb\u00ebshtetjes s\u00eb t\u00eb mbijetuarve t\u00eb p\u00ebrfshir\u00eb brenda programeve ose q\u00eb punojn\u00eb s\u00eb bashku me to p\u00ebr t\u00eb kuptuar se si ata i plot\u00ebsojn\u00eb nevojat e ndryshme t\u00eb t\u00eb mbijetuarve dhe p\u00ebr t\u00eb kuptuar sfidat e rolit.<\/p>\n<p>4. Bashk\u00ebpunoni me Respekt, me ofruesin e programit\/organizat\u00ebn bamir\u00ebse p\u00ebr f\u00ebmij\u00eb Barnardo&#039;s, dhe me t\u00eb mbijetuarit e PPI, p\u00ebr t\u00eb p\u00ebrkthyer gjetjet e studimit n\u00eb rekomandime praktike p\u00ebr t\u00eb p\u00ebrmir\u00ebsuar standardet dhe trajnimin komb\u00ebtar.<\/p>\n<h2>Kush po e udh\u00ebheq hulumtimin?<\/h2>\n<p><a href=\"https:\/\/www.bristol.ac.uk\/people\/person\/Karen-Morgan-6a00fc75-a671-4d82-b2df-c61a35a2ae40\/\" rel=\"noopener\">Dr. Karen Morgan<\/a>, Bashk\u00ebpun\u00ebtor K\u00ebrkimor, Universiteti i Bristolit dhe <a href=\"https:\/\/research-information.bris.ac.uk\/en\/persons\/helen-a-cramer\" rel=\"noopener\">Dr. Helen Cramer<\/a>, Bashk\u00ebpun\u00ebtor i Lart\u00eb K\u00ebrkimor, Shkolla Mjek\u00ebsore e Bristolit.<\/p>\n<h2>Informacione t\u00eb m\u00ebtejshme:<\/h2>\n<p>P\u00ebr m\u00eb shum\u00eb informacion ose p\u00ebr t&#039;u p\u00ebrfshir\u00eb n\u00eb k\u00ebt\u00eb projekt, d\u00ebrgoni email <a href=\"mailto:bnssg.research@nhs.net\" target=\"_blank\" rel=\"noopener\">bnssg.research@nhs.net<\/a>.<\/p>\n<p>Pik\u00ebpamjet e shprehura jan\u00eb ato t\u00eb autorit\/autor\u00ebve dhe jo domosdoshm\u00ebrisht ato t\u00eb NIHR ose t\u00eb Departamentit t\u00eb Sh\u00ebndet\u00ebsis\u00eb dhe Kujdesit Social.<\/p>\n  <\/div>\r\n  <\/section><\/div><!-- .assembler_text-module.assembler_module.assembler_text-module_1.assembler_module_1..transparent --><\/div><!-- .assembler_module_area.assembler_module_area_1 --><\/div><!-- .assembler_default-group.assembler_module_group.assembler_default-group_1.assembler_module_group_1  -->","protected":false},"excerpt":{"rendered":"<p>Section titled module-1 The role of survivor-support services integrated within domestic abuse prevention programmes. &nbsp; Funding National Institute for Health and Care Research (NIHR) Research for Social Care (RfSC) Ref. NIHR204257. What is the research question? 1. What types of survivor-support are provided within UK DAPPs? 2. How do different types of support meet survivors\u2019 [&hellip;]<\/p>\n","protected":false},"author":1,"featured_media":0,"parent":32881,"menu_order":0,"comment_status":"closed","ping_status":"closed","template":"","meta":{"_acf_changed":false,"footnotes":""},"tags":[],"class_list":["post-34551","page","type-page","status-publish","hentry"],"acf":[],"_links":{"self":[{"href":"https:\/\/bnssghealthiertogether.org.uk\/sq\/wp-json\/wp\/v2\/pages\/34551","targetHints":{"allow":["GET"]}}],"collection":[{"href":"https:\/\/bnssghealthiertogether.org.uk\/sq\/wp-json\/wp\/v2\/pages"}],"about":[{"href":"https:\/\/bnssghealthiertogether.org.uk\/sq\/wp-json\/wp\/v2\/types\/page"}],"author":[{"embeddable":true,"href":"https:\/\/bnssghealthiertogether.org.uk\/sq\/wp-json\/wp\/v2\/users\/1"}],"replies":[{"embeddable":true,"href":"https:\/\/bnssghealthiertogether.org.uk\/sq\/wp-json\/wp\/v2\/comments?post=34551"}],"version-history":[{"count":3,"href":"https:\/\/bnssghealthiertogether.org.uk\/sq\/wp-json\/wp\/v2\/pages\/34551\/revisions"}],"predecessor-version":[{"id":36180,"href":"https:\/\/bnssghealthiertogether.org.uk\/sq\/wp-json\/wp\/v2\/pages\/34551\/revisions\/36180"}],"up":[{"embeddable":true,"href":"https:\/\/bnssghealthiertogether.org.uk\/sq\/wp-json\/wp\/v2\/pages\/32881"}],"wp:attachment":[{"href":"https:\/\/bnssghealthiertogether.org.uk\/sq\/wp-json\/wp\/v2\/media?parent=34551"}],"wp:term":[{"taxonomy":"post_tag","embeddable":true,"href":"https:\/\/bnssghealthiertogether.org.uk\/sq\/wp-json\/wp\/v2\/tags?post=34551"}],"curies":[{"name":"wp","href":"https:\/\/api.w.org\/{rel}","templated":true}]}}