{"id":34585,"date":"2024-11-26T16:54:44","date_gmt":"2024-11-26T16:54:44","guid":{"rendered":"https:\/\/bnssghealthiertogether.org.uk\/?page_id=34585"},"modified":"2025-01-19T21:02:35","modified_gmt":"2025-01-19T21:02:35","slug":"implementation-of-flash-glucose-monitoring-in-four-paediatric-diabetes-clinics-before-and-after-study-to-produce-real-world-evidence-of-patient-benefit","status":"publish","type":"page","link":"https:\/\/bnssghealthiertogether.org.uk\/sq\/integrated-care-board\/research-and-evidence\/our-research-portfolio\/previously-supported-projects\/implementation-of-flash-glucose-monitoring-in-four-paediatric-diabetes-clinics-before-and-after-study-to-produce-real-world-evidence-of-patient-benefit\/","title":{"rendered":"Zbatimi i monitorimit t\u00eb shpejt\u00eb t\u00eb glukoz\u00ebs n\u00eb kat\u00ebr klinika pediatrike t\u00eb diabetit - para dhe pas studimit p\u00ebr t\u00eb prodhuar prova reale t\u00eb p\u00ebrfitimit t\u00eb pacientit."},"content":{"rendered":"<div class=\"assembler_default-group assembler_module_group assembler_default-group_1 assembler_module_group_1\"><div class=\"assembler_module_area assembler_module_area_1\"><div class=\"assembler_text-module assembler_module assembler_text-module_1 assembler_module_1  transparent\"><a tabindex=\"-1\" title=\"Seksioni me titull module-1\" id=\"module-1\" href=\"https:\/\/bnssghealthiertogether.org.uk\/sq\/wp-json\/wp\/v2\/pages\/34585\/#module-1\" class=\"anchor\"><span class=\"hidden\">Seksioni me titull module-1<\/span><\/a><!-- Template found for text-module - Template: template-text - Matched: _only --><section class=\"w-full mx-auto max-w-content pt-12 sm:pt-24 pb-12 sm:pb-24\">\r\n  <div class=\"entry-content w-full !px-0 max-w-small\">\r\n        <h1>Zbatimi i monitorimit t\u00eb shpejt\u00eb t\u00eb glukoz\u00ebs n\u00eb kat\u00ebr klinika pediatrike t\u00eb diabetit - para dhe pas studimit p\u00ebr t\u00eb prodhuar prova reale t\u00eb p\u00ebrfitimit t\u00eb pacientit.<\/h1>\n<h2>Financimi<\/h2>\n<p>Instituti Komb\u00ebtar i Sh\u00ebndetit (NIHR) K\u00ebrkime p\u00ebr P\u00ebrfitimin e Pacientit (RfPB) Ref. NIHR201085<\/p>\n<h2>Cila \u00ebsht\u00eb pyetja k\u00ebrkimore?<\/h2>\n<p>Q\u00ebllimi kryesor do t\u00eb jet\u00eb krijimi i udh\u00ebzimeve q\u00eb do t\u00eb p\u00ebrmir\u00ebsojn\u00eb ofrimin e kujdesit p\u00ebr t\u00eb rinjt\u00eb me diabet dhe familjet e tyre.<\/p>\n<p>Q\u00ebllimi i udh\u00ebzuesit do t\u00eb jet\u00eb t\u00eb ofroj\u00eb nj\u00eb vler\u00ebsim t\u00eb vler\u00ebs s\u00eb Libre n\u00eb k\u00ebt\u00eb grup pacient\u00ebsh, s\u00eb bashku me informacion praktik p\u00ebr pacient\u00ebt dhe stafin e kujdesit sh\u00ebndet\u00ebsor n\u00eb lidhje me p\u00ebrdorimin e Libre.<\/p>\n<h2>Cili \u00ebsht\u00eb problemi?<\/h2>\n<p>Diabeti i tipit 1 \u00ebsht\u00eb forma m\u00eb e zakonshme e diabetit tek f\u00ebmij\u00ebt dhe ndodh kur trupi nuk prodhon insulin\u00eb.<\/p>\n<p>Njer\u00ebzit me diabet t\u00eb tipit 1 duhet t\u00eb injektojn\u00eb insulin\u00eb dhe t\u00eb monitorojn\u00eb nivelet e sheqerit n\u00eb gjak. Kjo ndodh sepse sheqernat e larta ose t\u00eb ul\u00ebta n\u00eb gjak mund t\u00eb shkaktojn\u00eb probleme serioze q\u00eb ndodhin shpejt, si hipo, kur sheqeri n\u00eb gjak \u00ebsht\u00eb shum\u00eb i ul\u00ebt, ose nj\u00eb kom\u00eb k\u00ebrc\u00ebnuese p\u00ebr jet\u00ebn kur sheqernat n\u00eb gjak jan\u00eb rreziksh\u00ebm t\u00eb larta ose t\u00eb ul\u00ebta.<\/p>\n<p>Mbajtja e sheqerit n\u00eb gjak brenda nj\u00eb diapazoni t\u00eb sh\u00ebndetsh\u00ebm \u00ebsht\u00eb gjithashtu e r\u00ebnd\u00ebsishme p\u00ebr t\u00eb shmangur problemet sh\u00ebndet\u00ebsore afatgjata.<\/p>\n<p>P\u00ebr shum\u00eb t\u00eb rinj, monitorimi i niveleve t\u00eb sheqerit n\u00eb gjak do t\u00eb thot\u00eb analiza t\u00eb shpeshta dhe t\u00eb dhimbshme t\u00eb gjakut me shpim gishti.<\/p>\n<p>Duam t\u00eb zbulojm\u00eb n\u00ebse nj\u00eb sensor i ri, i vendosur n\u00eb pjes\u00ebn e sip\u00ebrme t\u00eb krahut, p\u00ebr t\u00eb monitoruar nivelet e sheqerit funksionon m\u00eb mir\u00eb. Kjo quhet &#039;monitorim i blicit&#039; dhe aktualisht n\u00eb NHS \u00ebsht\u00eb i disponuesh\u00ebm vet\u00ebm nj\u00eb lloj pajisjeje monitorimi t\u00eb blicit t\u00eb quajtur Freestyle Libre (Libre).<\/p>\n<p>Libre ka madh\u00ebsin\u00eb e nj\u00eb monedhe prej 2 paund\u00ebsh dhe ka nj\u00eb tel t\u00eb holl\u00eb q\u00eb mat nivelin e sheqerit n\u00eb l\u00ebngun q\u00eb rrethon qelizat e l\u00ebkur\u00ebs. Nj\u00eb lexues dore ose nj\u00eb smartphone mund t\u00eb tundet mbi sensor p\u00ebr t\u00eb marr\u00eb nj\u00eb lexim t\u00eb menj\u00ebhersh\u00ebm &#039;t\u00eb shpejt\u00eb&#039;. Kjo i tregon t\u00eb riut\/prindit t\u00eb tij n\u00ebse niveli i sheqerit \u00ebsht\u00eb i sigurt.<\/p>\n<p>T\u00eb gjitha leximet nga Libre mund t\u00eb d\u00ebrgohen n\u00eb nj\u00eb kompjuter dhe t\u00eb p\u00ebrdoren p\u00ebr t\u00eb udh\u00ebhequr vendimet e trajtimit n\u00eb klinika.<\/p>\n<h2>Cili \u00ebsht\u00eb q\u00ebllimi i hulumtimit?<\/h2>\n<p>Ne duam ta krahasojm\u00eb Libre-n me testin e shpimit me gisht p\u00ebr t\u00eb par\u00eb n\u00ebse p\u00ebrmir\u00ebson kontrollin afatgjat\u00eb t\u00eb sheqerit n\u00eb gjak dhe zvog\u00eblon shtrimet n\u00eb spital tek f\u00ebmij\u00ebt.<\/p>\n<h2>Si do t\u00eb arrihet kjo?<\/h2>\n<p>P\u00ebr ta b\u00ebr\u00eb k\u00ebt\u00eb, ne do t\u00eb p\u00ebrdorim informacionin e mbledhur nga takimet n\u00eb klinik\u00ebn e diabetit t\u00eb f\u00ebmij\u00ebve 12 muaj para dhe 12 muaj pas fillimit t\u00eb Libre.<\/p>\n<p>Gjithashtu duam t\u00eb zbulojm\u00eb se \u00e7far\u00eb mendojn\u00eb t\u00eb rinjt\u00eb dhe prind\u00ebrit, mjek\u00ebt dhe infermier\u00ebt p\u00ebr Libre-n. Do t\u00eb shohim n\u00ebse i ofron vler\u00eb parave t\u00eb shpenzuara NHS-s\u00eb.<\/p>\n<p>Ky studim do t\u00eb p\u00ebrqendrohet n\u00eb kat\u00ebr sh\u00ebrbime p\u00ebr diabetin n\u00eb Jugper\u00ebndim: Bristol, Plymouth, Exeter dhe Swindon.<\/p>\n<h2>Kush po e udh\u00ebheq hulumtimin?<\/h2>\n<p>Dr. Rebecca Kandiyali, bashk\u00ebpun\u00ebtore k\u00ebrkimore n\u00eb Vler\u00ebsimin Ekonomik t\u00eb Sh\u00ebndetit, Shkencat e Sh\u00ebndetit t\u00eb Popullsis\u00eb, Universiteti i Bristolit.<\/p>\n<h2>Informacion i m\u00ebtejsh\u00ebm<\/h2>\n<p><a href=\"http:\/\/research-information.bris.ac.uk\/en\/persons\/rebecca-kandiyali\" target=\"_blank\" rel=\"nofollow noopener\">Rreth Rebecca Kandiyali<\/a><\/p>\n<p>P\u00ebr m\u00eb shum\u00eb informacion ose p\u00ebr t&#039;u p\u00ebrfshir\u00eb n\u00eb k\u00ebt\u00eb projekt, d\u00ebrgoni email <a href=\"mailto:bnssg.research@nhs.net\" target=\"_blank\" rel=\"noopener\">bnssg.research@nhs.net<\/a>.<\/p>\n<p>Pik\u00ebpamjet e shprehura jan\u00eb ato t\u00eb autorit\/autor\u00ebve dhe jo domosdoshm\u00ebrisht ato t\u00eb NIHR ose t\u00eb Departamentit t\u00eb Sh\u00ebndet\u00ebsis\u00eb dhe Kujdesit Social.<\/p>\n  <\/div>\r\n  <\/section><\/div><!-- .assembler_text-module.assembler_module.assembler_text-module_1.assembler_module_1..transparent --><\/div><!-- .assembler_module_area.assembler_module_area_1 --><\/div><!-- .assembler_default-group.assembler_module_group.assembler_default-group_1.assembler_module_group_1  -->","protected":false},"excerpt":{"rendered":"<p>Section titled module-1 Implementation of flash glucose monitoring in four paediatric diabetes clinics \u2013 before and after study to produce real world evidence of patient benefit Funding National Institute for Health (NIHR) Research for Patient Benefit (RfPB) Ref. NIHR201085 What is the research question? The overarching aim will be to establish guidance which will improve [&hellip;]<\/p>\n","protected":false},"author":1,"featured_media":0,"parent":32891,"menu_order":0,"comment_status":"closed","ping_status":"closed","template":"","meta":{"_acf_changed":false,"footnotes":""},"tags":[],"class_list":["post-34585","page","type-page","status-publish","hentry"],"acf":[],"_links":{"self":[{"href":"https:\/\/bnssghealthiertogether.org.uk\/sq\/wp-json\/wp\/v2\/pages\/34585","targetHints":{"allow":["GET"]}}],"collection":[{"href":"https:\/\/bnssghealthiertogether.org.uk\/sq\/wp-json\/wp\/v2\/pages"}],"about":[{"href":"https:\/\/bnssghealthiertogether.org.uk\/sq\/wp-json\/wp\/v2\/types\/page"}],"author":[{"embeddable":true,"href":"https:\/\/bnssghealthiertogether.org.uk\/sq\/wp-json\/wp\/v2\/users\/1"}],"replies":[{"embeddable":true,"href":"https:\/\/bnssghealthiertogether.org.uk\/sq\/wp-json\/wp\/v2\/comments?post=34585"}],"version-history":[{"count":3,"href":"https:\/\/bnssghealthiertogether.org.uk\/sq\/wp-json\/wp\/v2\/pages\/34585\/revisions"}],"predecessor-version":[{"id":36238,"href":"https:\/\/bnssghealthiertogether.org.uk\/sq\/wp-json\/wp\/v2\/pages\/34585\/revisions\/36238"}],"up":[{"embeddable":true,"href":"https:\/\/bnssghealthiertogether.org.uk\/sq\/wp-json\/wp\/v2\/pages\/32891"}],"wp:attachment":[{"href":"https:\/\/bnssghealthiertogether.org.uk\/sq\/wp-json\/wp\/v2\/media?parent=34585"}],"wp:term":[{"taxonomy":"post_tag","embeddable":true,"href":"https:\/\/bnssghealthiertogether.org.uk\/sq\/wp-json\/wp\/v2\/tags?post=34585"}],"curies":[{"name":"wp","href":"https:\/\/api.w.org\/{rel}","templated":true}]}}