{"id":34591,"date":"2024-11-26T16:55:39","date_gmt":"2024-11-26T16:55:39","guid":{"rendered":"https:\/\/bnssghealthiertogether.org.uk\/?page_id=34591"},"modified":"2025-01-19T21:10:40","modified_gmt":"2025-01-19T21:10:40","slug":"tech-for-better-care-personalised-community-medication-support-and-management-project","status":"publish","type":"page","link":"https:\/\/bnssghealthiertogether.org.uk\/sq\/integrated-care-board\/research-and-evidence\/our-research-portfolio\/previously-supported-projects\/tech-for-better-care-personalised-community-medication-support-and-management-project\/","title":{"rendered":"Teknologji p\u00ebr Kujdes m\u00eb t\u00eb Mir\u00eb: Projekt i personalizuar p\u00ebr mb\u00ebshtetje dhe menaxhim t\u00eb ila\u00e7eve n\u00eb komunitet."},"content":{"rendered":"<div class=\"assembler_default-group assembler_module_group assembler_default-group_1 assembler_module_group_1\"><div class=\"assembler_module_area assembler_module_area_1\"><div class=\"assembler_text-module assembler_module assembler_text-module_1 assembler_module_1  transparent\"><a tabindex=\"-1\" title=\"Seksioni me titull module-1\" id=\"module-1\" href=\"https:\/\/bnssghealthiertogether.org.uk\/sq\/wp-json\/wp\/v2\/pages\/34591\/#module-1\" class=\"anchor\"><span class=\"hidden\">Seksioni me titull module-1<\/span><\/a><!-- Template found for text-module - Template: template-text - Matched: _only --><section class=\"w-full mx-auto max-w-content pt-12 sm:pt-24 pb-12 sm:pb-24\">\r\n  <div class=\"entry-content w-full !px-0 max-w-small\">\r\n        <h1>Teknologji p\u00ebr Kujdes m\u00eb t\u00eb Mir\u00eb: Projekti i mb\u00ebshtetjes dhe menaxhimit t\u00eb ila\u00e7eve t\u00eb personalizuara n\u00eb komunitet<\/h1>\n<h2><strong>Financimi<\/strong><\/h2>\n<p>Ky projekt financohet nga Fondacioni i Sh\u00ebndetit, rrjedha e financimit Tech for Better Care (FR-0004830).<\/p>\n<h2><strong>Cila \u00ebsht\u00eb pyetja k\u00ebrkimore?<\/strong><\/h2>\n<p>Kjo \u00ebsht\u00eb faza e par\u00eb e nj\u00eb projekti t\u00eb financuar nga Fondacioni i Sh\u00ebndetit, i cili p\u00ebrqendrohet n\u00eb pun\u00ebn zbuluese, p\u00ebr t\u00eb kuptuar sfidat me t\u00eb cilat p\u00ebrballen njer\u00ebzit n\u00eb menaxhimin e medikamenteve t\u00eb tyre dhe p\u00ebr t\u00eb shqyrtuar ofrimin e ndihmave mjek\u00ebsore nga ofruesit lokal\u00eb t\u00eb sh\u00ebndetit dhe kujdesit.<\/p>\n<h2><strong>Cili \u00ebsht\u00eb problemi?<\/strong><\/h2>\n<p>Rritja e jet\u00ebgjat\u00ebsis\u00eb do t\u00eb thot\u00eb q\u00eb shum\u00eb t\u00eb moshuar do t\u00eb zhvillojn\u00eb s\u00ebmundje afatgjata, t\u00eb tilla si hipertensioni, diabeti, artriti, demenca ose s\u00ebmundjet kardiovaskulare.<\/p>\n<p>Si rezultat, t\u00eb rriturve t\u00eb moshuar shpesh u p\u00ebrshkruhen 6 ose m\u00eb shum\u00eb ila\u00e7e. Respektimi i doz\u00ebs - shkalla n\u00eb t\u00eb cil\u00ebn nj\u00eb pacient vepron n\u00eb p\u00ebrputhje me doz\u00ebn dhe intervalin e dozimit t\u00eb ila\u00e7it t\u00eb p\u00ebrshkruar - b\u00ebhet m\u00eb pas nj\u00eb sfid\u00eb e madhe.<\/p>\n<p>Studimet kan\u00eb zbuluar se 24% e t\u00eb rriturve t\u00eb moshuar mbi 79 vje\u00e7 mund t\u00eb mos e kuptojn\u00eb regjimin e tyre t\u00eb dozimit.<\/p>\n<p>Mosrespektimi i regjimit shoq\u00ebrohet me memorizim t\u00eb dob\u00ebt, nj\u00eb num\u00ebr n\u00eb rritje t\u00eb ila\u00e7eve dhe ndryshime shqisore q\u00eb lidhen me mosh\u00ebn; faktor\u00eb t\u00eb tjer\u00eb parashikues p\u00ebrfshijn\u00eb aft\u00ebsin\u00eb njoh\u00ebse dhe nivelin e arsimit.<\/p>\n<p>Vler\u00ebsimet e incidenc\u00ebs s\u00eb mosrespektimit t\u00eb regjimit tek t\u00eb rriturit e moshuar mund t\u00eb jen\u00eb deri n\u00eb 30%, pavar\u00ebsisht futjes s\u00eb medikamenteve ndihm\u00ebse.<\/p>\n<p>Kostot e fshehura ekonomike t\u00eb mosrespektimit t\u00eb regjimit jan\u00eb t\u00eb m\u00ebdha, dhe kjo nuk ka t\u00eb b\u00ebj\u00eb vet\u00ebm me recetat e shp\u00ebrdoruara, por m\u00eb s\u00eb shumti me barr\u00ebn n\u00eb rritje t\u00eb s\u00ebmundjeve.<\/p>\n<p>N\u00eb Bristol, pacient\u00ebt q\u00eb kan\u00eb v\u00ebshtir\u00ebsi me ila\u00e7et, vler\u00ebsohen nga farmacisti i tyre lokal dhe mund t\u00eb referohen te nj\u00eb ekip kujdesi teknologjik i p\u00ebrmir\u00ebsuar i autoritetit lokal, i cili mund t\u00eb ofroj\u00eb nj\u00eb nga nj\u00eb s\u00ebr\u00eb ndihmash p\u00ebr ila\u00e7et.<\/p>\n<p>\u00c7do mb\u00ebshtetje b\u00ebhet n\u00eb baz\u00eb t\u00eb t\u00eb ardhurave dhe ka nj\u00eb gam\u00eb t\u00eb kufizuar pajisjesh n\u00eb dispozicion me ndjekje t\u00eb kufizuar ose mund\u00ebsi p\u00ebr t\u00eb ofruar nj\u00eb zgjidhje t\u00eb personalizuar.<\/p>\n<h2><strong>Cili \u00ebsht\u00eb q\u00ebllimi i hulumtimit?<\/strong><\/h2>\n<p>Ky projekt do t\u00eb shqyrtoj\u00eb n\u00ebse ekziston nj\u00eb mund\u00ebsi p\u00ebr t\u00eb p\u00ebrdorur teknologjin\u00eb p\u00ebr t\u00eb mb\u00ebshtetur m\u00eb mir\u00eb individ\u00ebt me ila\u00e7et e tyre p\u00ebrtej ofrimit aktual dhe p\u00ebr t\u00eb ofruar mb\u00ebshtetje m\u00eb t\u00eb personalizuar.<\/p>\n<ol>\n<li>A mund t\u2019i identifikojm\u00eb n\u00eb m\u00ebnyr\u00eb proaktive dhe efektive njer\u00ebzit q\u00eb kan\u00eb nevoj\u00eb p\u00ebr ndihm\u00eb n\u00eb marrjen e ila\u00e7eve t\u00eb tyre?<\/li>\n<li>A \u00ebsht\u00eb i drejt\u00eb dhe efektiv ofrimi aktual i ndihmave mjek\u00ebsore nga farmacit\u00eb, sh\u00ebrbimet sh\u00ebndet\u00ebsore ose sociale?<\/li>\n<li>A ka mund\u00ebsi q\u00eb punonj\u00ebsit e lidhjeve spitalore ose ofruesit e tjer\u00eb t\u00eb kujdesit t\u00eb p\u00ebrdorin teknologjit\u00eb dixhitale p\u00ebr t\u00eb ofruar mb\u00ebshtetje t\u00eb personalizuar p\u00ebr pacient\u00ebt dhe kujdestar\u00ebt q\u00eb kan\u00eb nevoj\u00eb p\u00ebr ndihm\u00eb n\u00eb marrjen e medikamenteve t\u00eb tyre.<\/li>\n<\/ol>\n<p>Rezultatet e k\u00ebtij hulumtimi do t\u00eb p\u00ebrdoren m\u00eb pas p\u00ebr t\u00eb aplikuar p\u00ebr financim t\u00eb faz\u00ebs s\u00eb dyt\u00eb p\u00ebr t\u00eb eksploruar aspektet praktike t\u00eb ofrimit t\u00eb nj\u00eb Sh\u00ebrbimi Mb\u00ebshtet\u00ebs t\u00eb Personalizuar p\u00ebr Medikamentet.<\/p>\n<h2><strong>Si do t\u00eb arrihet kjo?<\/strong><\/h2>\n<p>Ekzistojn\u00eb teknologji ndihm\u00ebse inteligjente ose inteligjente, t\u00eb cilat kan\u00eb potencialin t\u00eb ofrojn\u00eb mb\u00ebshtetje t\u00eb individualizuar p\u00ebr njer\u00ebzit me d\u00ebmtime shqisore ose njoh\u00ebse p\u00ebr t\u00eb marr\u00eb medikamentet e tyre.<\/p>\n<p>Fokusi fillestar i k\u00ebtij projekti \u00ebsht\u00eb t\u00eb shqyrtoj\u00eb n\u00ebse mund t\u00eb ket\u00eb potencial q\u00eb Pun\u00ebtor\u00ebt e Lidhjeve n\u00eb sht\u00ebpi nga spitali t\u00eb p\u00ebrdorin k\u00ebto teknologji t\u00eb reja dixhitale p\u00ebr t\u00eb ofruar mb\u00ebshtetje t\u00eb personalizuar relacionale p\u00ebr njer\u00ebzit q\u00eb marrin ila\u00e7e t\u00eb shumta.<\/p>\n<p>Ekzistojn\u00eb tre paketa pune q\u00eb na mund\u00ebsojn\u00eb t\u00eb kuptojm\u00eb situat\u00ebn aktuale:<\/p>\n<p>Paketa e Pun\u00ebs 1: Vizita n\u00eb sht\u00ebpi tek p\u00ebrdoruesit e sh\u00ebrbimit q\u00eb dalin nga spitali, p\u00ebr t\u00eb eksploruar nevojat e tyre. P\u00ebrdorimi i anketave online dhe postare p\u00ebr t\u00eb arritur nj\u00eb most\u00ebr m\u00eb t\u00eb gjer\u00eb.<\/p>\n<p>Paketa e Pun\u00ebs 2: Rishikimi i dispozit\u00ebs p\u00ebr ndihmat mjek\u00ebsore t\u00eb ofruara nga ekipet TEC t\u00eb autoriteteve lokale. Intervista me pal\u00ebt e interesuara p\u00ebr t\u00eb kuptuar perspektiv\u00ebn e tyre.<\/p>\n<p>Paketa e Pun\u00ebs 3: Grupe fokusi me p\u00ebrdoruesit e sh\u00ebrbimeve dhe profesionist\u00eb t\u00eb sh\u00ebndetit dhe kujdesit.<\/p>\n<h2><strong>Kush po e udh\u00ebheq hulumtimin?<\/strong><\/h2>\n<p>Hulumtimi drejtohet nga Debbie Campbell, Kryefarmaciste n\u00eb Bordin e Kujdesit t\u00eb Integruar t\u00eb Bristolit, North Somerset dhe South Gloucestershire dhe Prof.<\/p>\n<p>Nigel Harris, m\u00eb par\u00eb Drejtor i Inovacionit dhe Rritjes, Rrjeti i Inovacionit Sh\u00ebndet\u00ebsor n\u00eb Anglin\u00eb Per\u00ebndimore dhe Profesor i Vizituar n\u00eb Universitetin e Anglis\u00eb Per\u00ebndimore.<\/p>\n<p>Studimi \u00ebsht\u00eb nj\u00eb bashk\u00ebpunim me Autoritetet Lokale Sirona Care and Health, Bristol, North Somerset dhe South Gloucestershire, Age UK Bristol dhe Age UK BANES, s\u00eb bashku me nj\u00eb num\u00ebr organizatash komunitare.<\/p>\n<h2>Informacione t\u00eb m\u00ebtejshme:<\/h2>\n<p>P\u00ebr m\u00eb shum\u00eb informacion ose p\u00ebr t&#039;u p\u00ebrfshir\u00eb n\u00eb k\u00ebt\u00eb projekt, d\u00ebrgoni email <a href=\"mailto:bnssg.research@nhs.net\" target=\"_blank\" rel=\"noopener\">bnssg.research@nhs.net<\/a><\/p>\n  <\/div>\r\n  <\/section><\/div><!-- .assembler_text-module.assembler_module.assembler_text-module_1.assembler_module_1..transparent --><\/div><!-- .assembler_module_area.assembler_module_area_1 --><\/div><!-- .assembler_default-group.assembler_module_group.assembler_default-group_1.assembler_module_group_1  -->","protected":false},"excerpt":{"rendered":"<p>Section titled module-1 Tech for Better Care: Personalised community medication support and management project Funding This project is funded by the Health Foundation, Tech for Better Care funding stream (FR-0004830). What is the research question? This is phase one of a Health Foundation funded project, focusing on discovery work, to understand the challenges people face [&hellip;]<\/p>\n","protected":false},"author":1,"featured_media":0,"parent":32891,"menu_order":0,"comment_status":"closed","ping_status":"closed","template":"","meta":{"_acf_changed":false,"footnotes":""},"tags":[],"class_list":["post-34591","page","type-page","status-publish","hentry"],"acf":[],"_links":{"self":[{"href":"https:\/\/bnssghealthiertogether.org.uk\/sq\/wp-json\/wp\/v2\/pages\/34591","targetHints":{"allow":["GET"]}}],"collection":[{"href":"https:\/\/bnssghealthiertogether.org.uk\/sq\/wp-json\/wp\/v2\/pages"}],"about":[{"href":"https:\/\/bnssghealthiertogether.org.uk\/sq\/wp-json\/wp\/v2\/types\/page"}],"author":[{"embeddable":true,"href":"https:\/\/bnssghealthiertogether.org.uk\/sq\/wp-json\/wp\/v2\/users\/1"}],"replies":[{"embeddable":true,"href":"https:\/\/bnssghealthiertogether.org.uk\/sq\/wp-json\/wp\/v2\/comments?post=34591"}],"version-history":[{"count":3,"href":"https:\/\/bnssghealthiertogether.org.uk\/sq\/wp-json\/wp\/v2\/pages\/34591\/revisions"}],"predecessor-version":[{"id":36241,"href":"https:\/\/bnssghealthiertogether.org.uk\/sq\/wp-json\/wp\/v2\/pages\/34591\/revisions\/36241"}],"up":[{"embeddable":true,"href":"https:\/\/bnssghealthiertogether.org.uk\/sq\/wp-json\/wp\/v2\/pages\/32891"}],"wp:attachment":[{"href":"https:\/\/bnssghealthiertogether.org.uk\/sq\/wp-json\/wp\/v2\/media?parent=34591"}],"wp:term":[{"taxonomy":"post_tag","embeddable":true,"href":"https:\/\/bnssghealthiertogether.org.uk\/sq\/wp-json\/wp\/v2\/tags?post=34591"}],"curies":[{"name":"wp","href":"https:\/\/api.w.org\/{rel}","templated":true}]}}