{"id":34594,"date":"2024-11-26T16:56:05","date_gmt":"2024-11-26T16:56:05","guid":{"rendered":"https:\/\/bnssghealthiertogether.org.uk\/?page_id=34594"},"modified":"2025-01-19T21:12:41","modified_gmt":"2025-01-19T21:12:41","slug":"the-dish-disclosure-in-sexual-health-project-to-develop-an-identification-and-support-intervention-for-sexual-violence-survivors","status":"publish","type":"page","link":"https:\/\/bnssghealthiertogether.org.uk\/sq\/integrated-care-board\/research-and-evidence\/our-research-portfolio\/previously-supported-projects\/the-dish-disclosure-in-sexual-health-project-to-develop-an-identification-and-support-intervention-for-sexual-violence-survivors\/","title":{"rendered":"Projekti DiSH (Zbulimi n\u00eb Sh\u00ebndetin Seksual) p\u00ebr t\u00eb zhvilluar nj\u00eb nd\u00ebrhyrje identifikimi dhe mb\u00ebshtetjeje p\u00ebr t\u00eb mbijetuarit e dhun\u00ebs seksuale"},"content":{"rendered":"<div class=\"assembler_default-group assembler_module_group assembler_default-group_1 assembler_module_group_1\"><div class=\"assembler_module_area assembler_module_area_1\"><div class=\"assembler_text-module assembler_module assembler_text-module_1 assembler_module_1  transparent\"><a tabindex=\"-1\" title=\"Seksioni me titull module-1\" id=\"module-1\" href=\"https:\/\/bnssghealthiertogether.org.uk\/sq\/wp-json\/wp\/v2\/pages\/34594\/#module-1\" class=\"anchor\"><span class=\"hidden\">Seksioni me titull module-1<\/span><\/a><!-- Template found for text-module - Template: template-text - Matched: _only --><section class=\"w-full mx-auto max-w-content pt-12 sm:pt-24 pb-12 sm:pb-24\">\r\n  <div class=\"entry-content w-full !px-0 max-w-small\">\r\n        <header class=\"local_header\">\n<div class=\"local_header__inner\">\n<h1 class=\"local_header__title\">Projekti DiSH (Zbulimi n\u00eb Sh\u00ebndetin Seksual) p\u00ebr t\u00eb zhvilluar nj\u00eb nd\u00ebrhyrje identifikimi dhe mb\u00ebshtetjeje p\u00ebr t\u00eb mbijetuarit e dhun\u00ebs seksuale<\/h1>\n<h2>Financimi<\/h2>\n<p>Financimi i Aft\u00ebsive K\u00ebrkimore CCG i Bristolit, Somersetit Verior dhe Gloucestershirit Jugor (Zhvillim Lokal)<\/p>\n<h2>Cila \u00ebsht\u00eb pyetja k\u00ebrkimore?<\/h2>\n<\/div>\n<\/header>\n<p>Si mund ta p\u00ebrmir\u00ebsojn\u00eb sh\u00ebrbimet e sh\u00ebndetit seksual identifikimin dhe mb\u00ebshtetjen p\u00ebr t\u00eb mbijetuarit e dhun\u00ebs seksuale (DHS) q\u00eb p\u00ebrdorin sh\u00ebrbime t\u00eb sh\u00ebndetit seksual p\u00ebrmes zhvillimit t\u00eb traum\u00ebs dhe shqyrtimit t\u00eb informuar nga p\u00ebrvoja e jetuar?<\/p>\n<h2>Cili \u00ebsht\u00eb problemi?<\/h2>\n<ul>\n<li>Abuzimi seksual dhe dhuna jan\u00eb t\u00eb zakonshme, shkalla e tyre \u00ebsht\u00eb n\u00eb rritje, megjithat\u00eb t\u00eb dh\u00ebnat e drejt\u00ebsis\u00eb penale tregojn\u00eb se shumica e t\u00eb mbijetuarve (85%) nuk i raportojn\u00eb ato.<\/li>\n<li>P\u00ebr shum\u00eb njer\u00ebz, sh\u00ebrbimet e sh\u00ebndetit seksual do t\u00eb jen\u00eb pika e par\u00eb e kontaktit p\u00ebr t\u00eb k\u00ebrkuar ndihm\u00eb, por shumica nuk e zbulojn\u00eb n\u00eb k\u00ebt\u00eb pik\u00eb.<\/li>\n<li>Puna e koh\u00ebve t\u00eb fundit me grupet e t\u00eb mbijetuarve t\u00eb drejtuara nga Sh\u00ebrbimi i P\u00ebrdhunimit dhe Abuzimit Seksual t\u00eb Somerset dhe Avon (SARSAS) ka nxjerr\u00eb n\u00eb pah hendekun midis asaj q\u00eb t\u00eb mbijetuarit duhet t\u00eb jen\u00eb n\u00eb sh\u00ebrbim n\u00eb m\u00ebnyr\u00eb q\u00eb t\u00eb jen\u00eb n\u00eb gjendje t\u00eb dallojn\u00eb.<\/li>\n<li>Provat dhe praktikat ekzistuese t\u00eb p\u00ebrqendruara n\u00eb identifikimin e dhun\u00ebs n\u00eb familje (partner ose ish-partner) e cila mund t\u00eb humbas\u00eb nj\u00eb s\u00ebr\u00eb p\u00ebrvojash seksuale t\u00eb pad\u00ebshiruara me t\u00eb njohur ose partner\u00eb intim\u00eb t\u00eb rast\u00ebsish\u00ebm.<\/li>\n<li>M\u00ebnyra se si sh\u00ebrbimet kryejn\u00eb shqyrtimin e dhun\u00ebs seksuale mund t\u00eb mos lejoj\u00eb q\u00eb njer\u00ebzit t\u00eb p\u00ebrballen me luft\u00ebn e tyre me turpin, stigm\u00ebn dhe fajin, n\u00eb m\u00ebnyr\u00eb q\u00eb ta shohin at\u00eb q\u00eb u ka ndodhur si dhun\u00eb seksuale (kuptimi klinik i nj\u00eb qasjeje t\u00eb bazuar n\u00eb traum\u00eb).<\/li>\n<li>Baza e provave dhe hulumtimi i vet\u00eb ekipit t\u00eb studimit konfirmojn\u00eb nevoj\u00ebn p\u00ebr t\u00eb p\u00ebrmir\u00ebsuar shqyrtimin p\u00ebr t\u00eb identifikuar m\u00eb mir\u00eb dhun\u00ebn seksuale (kundrejt dhun\u00ebs n\u00eb familje) dhe p\u00ebr t\u00eb eksploruar se si t&#039;i pyesni njer\u00ebzit rreth dhun\u00ebs seksuale.<\/li>\n<\/ul>\n<p>Efektet negative t\u00eb dhun\u00ebs seksuale p\u00ebrhapen brez pas brezi, duke ndikuar n\u00eb kapacitetet e individ\u00ebve p\u00ebr t\u00eb punuar dhe p\u00ebr t\u00eb marr\u00eb pjes\u00eb n\u00eb jet\u00ebn familjare dhe komunitare. Nj\u00eb shqyrtim m\u00eb i mir\u00eb ofron mund\u00ebsin\u00eb p\u00ebr t\u00eb parandaluar k\u00ebt\u00eb d\u00ebm.<\/p>\n<h2>Cili \u00ebsht\u00eb q\u00ebllimi i hulumtimit?<\/h2>\n<p>P\u00ebr t\u00eb p\u00ebrmir\u00ebsuar identifikimin e viktimave t\u00eb dhun\u00ebs seksuale q\u00eb aktualisht p\u00ebrdorin sh\u00ebrbime t\u00eb sh\u00ebndetit seksual, p\u00ebr t\u00eb maksimizuar mund\u00ebsin\u00eb e nd\u00ebrhyrjes s\u00eb hershme p\u00ebrmes referimit te sh\u00ebrbimet e specializuara t\u00eb mb\u00ebshtetjes.<\/p>\n<p>Kjo ka potencialin t\u00eb zvog\u00ebloj\u00eb ndjesh\u00ebm ndikimin fizik, psikologjik dhe social t\u00eb dhun\u00ebs seksuale tek t\u00eb prekurit.<\/p>\n<p>Ekipi do t\u00eb zhvilloj\u00eb dhe testoj\u00eb m\u00ebnyra t\u00eb ndryshme p\u00ebr t\u00eb pyetur p\u00ebrdoruesit e sh\u00ebrbimeve t\u00eb sh\u00ebndetit seksual rreth dhun\u00ebs seksuale. Ndikimi i synuar i k\u00ebtij hulumtimi do t\u00eb jet\u00eb:<\/p>\n<ul>\n<li>T\u00eb rritet identifikimi i dhun\u00ebs seksuale brenda sh\u00ebrbimeve t\u00eb sh\u00ebndetit seksual p\u00ebrmes nj\u00eb studimi t\u00eb bashk\u00ebprodhuar se si t\u00eb b\u00ebhet pyetja rreth saj.<\/li>\n<li>P\u00ebr t\u00eb zgjeruar kuptimin e pyetjeve rutinore n\u00eb lidhje me p\u00ebrvojat seksuale t\u00eb pad\u00ebshiruara p\u00ebr t\u00eb pasqyruar m\u00eb mir\u00eb gam\u00ebn e dhun\u00ebs seksuale q\u00eb ndodh dhe q\u00eb nuk p\u00ebrputhet me shqyrtimin aktual t\u00eb fokusuar n\u00eb dhun\u00ebn n\u00eb familje (pyetjet rutinore).<\/li>\n<li>Testoni ndikimin pozitiv dhe negativ t\u00eb pyetjeve rreth pacient\u00ebve t\u00eb dhun\u00ebs seksuale.<\/li>\n<li>Testoni ndikimin e pyetjes mbi stafin dhe sistemin m\u00eb t\u00eb gjer\u00eb, si\u00e7 jan\u00eb nevojat e trajnimit t\u00eb stafit, \u00e7far\u00eb k\u00ebrkese krijon kjo p\u00ebr referimin e m\u00ebtejsh\u00ebm.<\/li>\n<\/ul>\n<h2>Si do t\u00eb arrihet kjo?<\/h2>\n<p>Ekipi synon t\u00eb kryej\u00eb nj\u00eb studim vler\u00ebsimi n\u00eb dy vende p\u00ebr t\u00eb eksploruar se si pyesim p\u00ebr dhun\u00ebn seksuale tani, si mund ta p\u00ebrmir\u00ebsojm\u00eb at\u00eb dhe si ndikon ajo te stafi, sh\u00ebrbimi dhe rrjeti m\u00eb i gjer\u00eb i referimit.<\/p>\n<p>Ne do t\u00eb zhvillojm\u00eb nj\u00eb nd\u00ebrhyrje duke p\u00ebrdorur qasje t\u00eb ndryshme p\u00ebr t\u00eb p\u00ebrmir\u00ebsuar praktik\u00ebn e shqyrtimit p\u00ebr abuzimin\/dhun\u00ebn seksuale n\u00eb sh\u00ebrbimet e sh\u00ebndetit seksual.<\/p>\n<p>Puna do t\u00eb nd\u00ebrtohet s\u00eb bashku me t\u00eb mbijetuarit p\u00ebr t\u00eb fuqizuar mb\u00ebshtetje t\u00eb sigurt dhe t\u00eb p\u00ebrshtatshme nga specialist\u00eb sipas kushteve t\u00eb tyre.<\/p>\n<h2>Kush po e udh\u00ebheq hulumtimin?<\/h2>\n<p><a href=\"https:\/\/people.uwe.ac.uk\/Person\/JaneMeyrick\" rel=\"noopener\">Dr. Jane Meyrick<\/a>, Lektor i Lart\u00eb n\u00eb Psikologjin\u00eb e Sh\u00ebndetit, Universiteti i Anglis\u00eb Per\u00ebndimore, Bristol.<\/p>\n<h2>Informacion i m\u00ebtejsh\u00ebm<\/h2>\n<p>P\u00ebr m\u00eb shum\u00eb informacion ose p\u00ebr t&#039;u p\u00ebrfshir\u00eb n\u00eb k\u00ebt\u00eb projekt, d\u00ebrgoni email <a href=\"mailto:bnssg.research@nhs.net\" target=\"_blank\" rel=\"noopener\">bnssg.research@nhs.net<\/a><\/p>\n  <\/div>\r\n  <\/section><\/div><!-- .assembler_text-module.assembler_module.assembler_text-module_1.assembler_module_1..transparent --><\/div><!-- .assembler_module_area.assembler_module_area_1 --><\/div><!-- .assembler_default-group.assembler_module_group.assembler_default-group_1.assembler_module_group_1  -->","protected":false},"excerpt":{"rendered":"<p>Section titled module-1 The DiSH (Disclosure in Sexual Health) project to develop an identification and support intervention for sexual violence survivors Funding Bristol, North Somerset and South Gloucestershire CCG Research Capability Funding (Local development) What is the research question? How can sexual health services improve the identification and support for sexual violence (SV) survivors using [&hellip;]<\/p>\n","protected":false},"author":1,"featured_media":0,"parent":32891,"menu_order":0,"comment_status":"closed","ping_status":"closed","template":"","meta":{"_acf_changed":false,"footnotes":""},"tags":[],"class_list":["post-34594","page","type-page","status-publish","hentry"],"acf":[],"_links":{"self":[{"href":"https:\/\/bnssghealthiertogether.org.uk\/sq\/wp-json\/wp\/v2\/pages\/34594","targetHints":{"allow":["GET"]}}],"collection":[{"href":"https:\/\/bnssghealthiertogether.org.uk\/sq\/wp-json\/wp\/v2\/pages"}],"about":[{"href":"https:\/\/bnssghealthiertogether.org.uk\/sq\/wp-json\/wp\/v2\/types\/page"}],"author":[{"embeddable":true,"href":"https:\/\/bnssghealthiertogether.org.uk\/sq\/wp-json\/wp\/v2\/users\/1"}],"replies":[{"embeddable":true,"href":"https:\/\/bnssghealthiertogether.org.uk\/sq\/wp-json\/wp\/v2\/comments?post=34594"}],"version-history":[{"count":2,"href":"https:\/\/bnssghealthiertogether.org.uk\/sq\/wp-json\/wp\/v2\/pages\/34594\/revisions"}],"predecessor-version":[{"id":36242,"href":"https:\/\/bnssghealthiertogether.org.uk\/sq\/wp-json\/wp\/v2\/pages\/34594\/revisions\/36242"}],"up":[{"embeddable":true,"href":"https:\/\/bnssghealthiertogether.org.uk\/sq\/wp-json\/wp\/v2\/pages\/32891"}],"wp:attachment":[{"href":"https:\/\/bnssghealthiertogether.org.uk\/sq\/wp-json\/wp\/v2\/media?parent=34594"}],"wp:term":[{"taxonomy":"post_tag","embeddable":true,"href":"https:\/\/bnssghealthiertogether.org.uk\/sq\/wp-json\/wp\/v2\/tags?post=34594"}],"curies":[{"name":"wp","href":"https:\/\/api.w.org\/{rel}","templated":true}]}}