{"id":34599,"date":"2024-11-26T16:56:54","date_gmt":"2024-11-26T16:56:54","guid":{"rendered":"https:\/\/bnssghealthiertogether.org.uk\/?page_id=34599"},"modified":"2025-01-19T21:16:18","modified_gmt":"2025-01-19T21:16:18","slug":"triumph-treating-urinary-symptoms-in-men-in-primary-healthcare-using-non-pharmacological-and-non-surgical-interventions","status":"publish","type":"page","link":"https:\/\/bnssghealthiertogether.org.uk\/sq\/integrated-care-board\/research-and-evidence\/our-research-portfolio\/previously-supported-projects\/triumph-treating-urinary-symptoms-in-men-in-primary-healthcare-using-non-pharmacological-and-non-surgical-interventions\/","title":{"rendered":"TRIUMF: TRAJTIMI I SIMPOMTAT URINORE TE BURRAT N\u00cb KARK\u00cbN PAR\u00cbSORE T\u00cb KUJDESIT ME ND\u00cbRHYRJE JO-FARMAKOLOGJIKE DHE JO-KIRURGJIKALE"},"content":{"rendered":"<div class=\"assembler_default-group assembler_module_group assembler_default-group_1 assembler_module_group_1\"><div class=\"assembler_module_area assembler_module_area_1\"><div class=\"assembler_text-module assembler_module assembler_text-module_1 assembler_module_1  transparent\"><a tabindex=\"-1\" title=\"Seksioni me titull module-1\" id=\"module-1\" href=\"https:\/\/bnssghealthiertogether.org.uk\/sq\/wp-json\/wp\/v2\/pages\/34599\/#module-1\" class=\"anchor\"><span class=\"hidden\">Seksioni me titull module-1<\/span><\/a><!-- Template found for text-module - Template: template-text - Matched: _only --><section class=\"w-full mx-auto max-w-content pt-12 sm:pt-24 pb-12 sm:pb-24\">\r\n  <div class=\"entry-content w-full !px-0 max-w-small\">\r\n        <header class=\"local_header\">\n<div class=\"local_header__inner\">\n<h1 class=\"local_header__title\">TRIUMF: TRAJTIMI I SIMPOMTAT URINORE TE BURRAT N\u00cb KARK\u00cbN PAR\u00cbSORE T\u00cb KUJDESIT ME ND\u00cbRHYRJE JO-FARMAKOLOGJIKE DHE JO-KIRURGJIKALE<\/h1>\n<\/div>\n<\/header>\n<article class=\"page_content\">\n<h2><\/h2>\n<h2 class=\"page_content__inner\">Financimi<\/h2>\n<\/article>\n<p>Instituti Komb\u00ebtar p\u00ebr Sh\u00ebndet\u00ebsi (NIHR) Vler\u00ebsimi i Teknologjis\u00eb Sh\u00ebndet\u00ebsore (HTA) Ref. 16\/90\/03<\/p>\n<h2>Cila \u00ebsht\u00eb pyetja k\u00ebrkimore?<\/h2>\n<p>A arrin k\u00ebshilla e personalizuar bazuar n\u00eb vler\u00ebsimin e simptomave urinare t\u00eb burrave nga nj\u00eb infermiere kontroll m\u00eb t\u00eb mir\u00eb t\u00eb simptomave krahasuar me kujdesin e zakonsh\u00ebm?<\/p>\n<h2>Cili \u00ebsht\u00eb problemi?<\/h2>\n<p>Simptomat e Traktit t\u00eb Posht\u00ebm Urinar (LUTS) i referohen problemeve me ruajtjen e urin\u00ebs, t\u00eb tilla si rritja e frekuenc\u00ebs s\u00eb urinimit gjat\u00eb dit\u00ebs, urgjenca dhe nevoja p\u00ebr t\u00eb urinuar gjat\u00eb nat\u00ebs.<\/p>\n<p>LUTS p\u00ebrfshijn\u00eb gjithashtu probleme t\u00eb tilla si rrjedhje e ngadalt\u00eb e urin\u00ebs gjat\u00eb urinimit ose pikim pas saj. Gjysma e burrave mbi 40 vje\u00e7 p\u00ebrjetojn\u00eb t\u00eb pakt\u00ebn nj\u00eb LUTS, t\u00eb cilat mund t\u00eb d\u00ebmtojn\u00eb r\u00ebnd\u00eb jet\u00ebn e atyre q\u00eb vuajn\u00eb dhe partnereve t\u00eb tyre.<\/p>\n<p>Shumica e burrave diagnostikohen dhe trajtohen nga mjeku i tyre i familjes dhe kujdesi i zakonsh\u00ebm zakonisht p\u00ebrb\u00ebhet nga k\u00ebshilla t\u00eb p\u00ebrgjithshme dhe ofrimi i tabletave, si\u00e7 \u00ebsht\u00eb nj\u00eb &quot;alfa-bllokues&quot; p\u00ebr prostat\u00ebn.<\/p>\n<p>Megjithat\u00eb, shum\u00eb faktor\u00eb mund t\u00eb mos merren plot\u00ebsisht n\u00eb konsiderat\u00eb, duke p\u00ebrfshir\u00eb potencialin p\u00ebr t\u00eb shmangur tabletat duke trajtuar faktor\u00eb t\u00eb till\u00eb si marrja e kafein\u00ebs nga pacienti.<\/p>\n<p>Zbulimi i k\u00ebtyre dhe ofrimi i k\u00ebshillave p\u00ebrkat\u00ebse k\u00ebrkon koh\u00eb, por potencialisht \u00ebsht\u00eb i dobish\u00ebm.<\/p>\n<h2>Cili \u00ebsht\u00eb q\u00ebllimi i hulumtimit?<\/h2>\n<p>P\u00ebr t\u00eb vler\u00ebsuar n\u00ebse kujdesi i p\u00ebrshtatur bazuar n\u00eb vler\u00ebsimin e udh\u00ebhequr nga infermier\u00ebt e LUTS t\u00eb nj\u00eb individi jep simptoma m\u00eb t\u00eb mira dhe zvog\u00eblon k\u00ebrkesat p\u00ebr mjek\u00ebt, n\u00eb kujdesin par\u00ebsor dhe sekondar.<\/p>\n<h2>Si do t\u00eb arrihet kjo?<\/h2>\n<p>TRIUMPH \u00ebsht\u00eb nj\u00eb studim i kontrolluar i rast\u00ebsish\u00ebm tek burrat q\u00eb kan\u00eb LUTS shqet\u00ebsuese. Ai do t\u00eb krahasoj\u00eb &quot;kujdesin e zakonsh\u00ebm&quot; me &quot;kujdesin e p\u00ebrshtatur&quot;. Burrave n\u00eb grupin e &quot;kujdesit t\u00eb p\u00ebrshtatur&quot; do t&#039;u ofrohet terapi p\u00ebrkat\u00ebse jo-medikamentoze, bazuar n\u00eb nj\u00eb vler\u00ebsim nga nj\u00eb infermiere e trajnuar.<\/p>\n<p>Infermierja do ta edukoj\u00eb pacientin mbi LUTS, do t&#039;i m\u00ebsoj\u00eb atij trajtimin\/trajtimet e duhura dhe do t&#039;i ofroj\u00eb informacion me shkrim.<\/p>\n<p>Do t\u00eb ofrohet mb\u00ebshtetje e vazhdueshme p\u00ebr t\u00eb ndihmuar burrat t\u00eb p\u00ebrmbahen trajtimeve, t\u00eb cilat mund t\u00eb p\u00ebrfshijn\u00eb k\u00ebshilla p\u00ebr pijet, ushtrimet e muskujve t\u00eb legenit, st\u00ebrvitjen e fshik\u00ebz\u00ebs dhe teknikat p\u00ebr t\u00eb zvog\u00ebluar pikimin.<\/p>\n<p>Klinikat e mjek\u00ebve t\u00eb p\u00ebrgjithsh\u00ebm n\u00eb Bristol dhe Southampton do t\u00eb rekrutojn\u00eb burra n\u00eb studim, dhe secila klinik\u00eb do t\u00eb ofroj\u00eb vet\u00ebm nj\u00eb lloj trajtimi p\u00ebr LUTS (ose kujdesin e zakonsh\u00ebm ose kujdesin e p\u00ebrshtatur).<\/p>\n<p>Kjo ndodh sepse mjek\u00ebt e p\u00ebrgjithsh\u00ebm mund t\u00eb ndryshojn\u00eb kujdesin e tyre t\u00eb zakonsh\u00ebm n\u00ebse disa pacient\u00eb n\u00eb praktik\u00ebn e tyre po marrin kujdes t\u00eb p\u00ebrshtatur.<\/p>\n<p>Rezultati yn\u00eb kryesor (par\u00ebsor) \u00ebsht\u00eb t\u00eb zbulojm\u00eb n\u00ebse trajtimi i p\u00ebrshtatur arrin leht\u00ebsim m\u00eb t\u00eb mir\u00eb t\u00eb simptomave n\u00eb p\u00ebrgjith\u00ebsi sesa kujdesi i zakonsh\u00ebm, duke krahasuar ndryshimin n\u00eb di\u00e7ka q\u00eb quhet rezultati i simptomave t\u00eb prostat\u00ebs (IPSS) midis dy grupeve pas nj\u00eb viti.<\/p>\n<p>Gjithashtu do t\u00eb krahasojm\u00eb cil\u00ebsin\u00eb e jet\u00ebs, besimin e burrave n\u00eb aft\u00ebsin\u00eb e tyre p\u00ebr t\u00eb menaxhuar vet\u00eb LUTS, sa burra referohen p\u00ebr trajtim shtes\u00eb, efektet an\u00ebsore t\u00eb kujdesit dhe efektivitetin e kostos.<\/p>\n<p>Intervistat cil\u00ebsore do t\u00eb kryhen me nj\u00eb grup burrash n\u00eb studim, t\u00eb cil\u00ebt jan\u00eb p\u00ebrzgjedhur q\u00ebllimisht p\u00ebr t\u00eb p\u00ebrfaq\u00ebsuar popullat\u00ebn e burrave q\u00eb ndjekin kujdesin par\u00ebsor me LUTS.<\/p>\n<h2>Kush po e udh\u00ebheq hulumtimin?<\/h2>\n<p>Prof. Marcus Drake, Profesor i Urologjis\u00eb, Shkolla e Shkencave Klinike, Universiteti i Bristolit.<\/p>\n<h2>Informacione t\u00eb m\u00ebtejshme:<\/h2>\n<p><a href=\"https:\/\/research-information.bris.ac.uk\/en\/publications\/treating-urinary-symptoms-in-men-in-primary-healthcare-using-non-\" target=\"_blank\" rel=\"nofollow noopener\">Rreth k\u00ebtij hulumtimi<\/a><\/p>\n<p>P\u00ebr m\u00eb shum\u00eb informacion ose p\u00ebr t&#039;u p\u00ebrfshir\u00eb n\u00eb k\u00ebt\u00eb projekt, d\u00ebrgoni email <a href=\"mailto:bnssg.research@nhs.net\" target=\"_blank\" rel=\"noopener\">bnssg.research@nhs.net<\/a>.<\/p>\n<p>Pik\u00ebpamjet e shprehura jan\u00eb ato t\u00eb autorit\/autor\u00ebve dhe jo domosdoshm\u00ebrisht ato t\u00eb NIHR ose t\u00eb Departamentit t\u00eb Sh\u00ebndet\u00ebsis\u00eb dhe Kujdesit Social.<\/p>\n  <\/div>\r\n  <\/section><\/div><!-- .assembler_text-module.assembler_module.assembler_text-module_1.assembler_module_1..transparent --><\/div><!-- .assembler_module_area.assembler_module_area_1 --><\/div><!-- .assembler_default-group.assembler_module_group.assembler_default-group_1.assembler_module_group_1  -->","protected":false},"excerpt":{"rendered":"<p>Section titled module-1 TRIUMPH: TReating Urinary symptoms in Men in Primary Healthcare using non-pharmacological and non-surgical interventions Funding National Institute for Health (NIHR) Health Technology Assessment (HTA) Ref. 16\/90\/03 What is the research question? Does personalised advice based on a nurse\u2019s assessment of men\u2019s urinary symptoms achieve improved symptom control compared with usual care? What [&hellip;]<\/p>\n","protected":false},"author":1,"featured_media":0,"parent":32891,"menu_order":0,"comment_status":"closed","ping_status":"closed","template":"","meta":{"_acf_changed":false,"footnotes":""},"tags":[],"class_list":["post-34599","page","type-page","status-publish","hentry"],"acf":[],"_links":{"self":[{"href":"https:\/\/bnssghealthiertogether.org.uk\/sq\/wp-json\/wp\/v2\/pages\/34599","targetHints":{"allow":["GET"]}}],"collection":[{"href":"https:\/\/bnssghealthiertogether.org.uk\/sq\/wp-json\/wp\/v2\/pages"}],"about":[{"href":"https:\/\/bnssghealthiertogether.org.uk\/sq\/wp-json\/wp\/v2\/types\/page"}],"author":[{"embeddable":true,"href":"https:\/\/bnssghealthiertogether.org.uk\/sq\/wp-json\/wp\/v2\/users\/1"}],"replies":[{"embeddable":true,"href":"https:\/\/bnssghealthiertogether.org.uk\/sq\/wp-json\/wp\/v2\/comments?post=34599"}],"version-history":[{"count":3,"href":"https:\/\/bnssghealthiertogether.org.uk\/sq\/wp-json\/wp\/v2\/pages\/34599\/revisions"}],"predecessor-version":[{"id":36244,"href":"https:\/\/bnssghealthiertogether.org.uk\/sq\/wp-json\/wp\/v2\/pages\/34599\/revisions\/36244"}],"up":[{"embeddable":true,"href":"https:\/\/bnssghealthiertogether.org.uk\/sq\/wp-json\/wp\/v2\/pages\/32891"}],"wp:attachment":[{"href":"https:\/\/bnssghealthiertogether.org.uk\/sq\/wp-json\/wp\/v2\/media?parent=34599"}],"wp:term":[{"taxonomy":"post_tag","embeddable":true,"href":"https:\/\/bnssghealthiertogether.org.uk\/sq\/wp-json\/wp\/v2\/tags?post=34599"}],"curies":[{"name":"wp","href":"https:\/\/api.w.org\/{rel}","templated":true}]}}