{"id":34612,"date":"2024-11-26T17:00:54","date_gmt":"2024-11-26T17:00:54","guid":{"rendered":"https:\/\/bnssghealthiertogether.org.uk\/?page_id=34612"},"modified":"2024-11-26T17:00:54","modified_gmt":"2024-11-26T17:00:54","slug":"a-rapid-review-of-the-grey-literature-in-order-to-document-existing-models-of-provision-of-the-meals-on-wheels-mows-service-in-england","status":"publish","type":"page","link":"https:\/\/bnssghealthiertogether.org.uk\/sq\/integrated-care-board\/research-and-evidence\/our-research-portfolio\/type-2-rcf-funded-projects\/a-rapid-review-of-the-grey-literature-in-order-to-document-existing-models-of-provision-of-the-meals-on-wheels-mows-service-in-england\/","title":{"rendered":"Nj\u00eb p\u00ebrmbledhje e shpejt\u00eb e literatur\u00ebs gri me q\u00ebllim dokumentimin e modeleve ekzistuese t\u00eb ofrimit t\u00eb sh\u00ebrbimit Meals on Wheels (MoWs) n\u00eb Angli"},"content":{"rendered":"<div class=\"assembler_default-group assembler_module_group assembler_default-group_1 assembler_module_group_1\"><div class=\"assembler_module_area assembler_module_area_1\"><div class=\"assembler_text-module assembler_module assembler_text-module_1 assembler_module_1  transparent\"><a tabindex=\"-1\" title=\"Seksioni me titull module-1\" id=\"module-1\" href=\"https:\/\/bnssghealthiertogether.org.uk\/sq\/wp-json\/wp\/v2\/pages\/34612\/#module-1\" class=\"anchor\"><span class=\"hidden\">Seksioni me titull module-1<\/span><\/a><!-- Template found for text-module - Template: template-text - Matched: _only --><section class=\"w-full mx-auto max-w-content pt-12 sm:pt-24 pb-12 sm:pb-24\">\r\n  <div class=\"entry-content w-full !px-0 max-w-small\">\r\n        <h1>Nj\u00eb p\u00ebrmbledhje e shpejt\u00eb e literatur\u00ebs gri me q\u00ebllim dokumentimin e modeleve ekzistuese t\u00eb ofrimit t\u00eb sh\u00ebrbimit Meals on Wheels (MoWs) n\u00eb Angli<\/h1>\n<h2>Financimi<\/h2>\n<p>Financimi i Aft\u00ebsive K\u00ebrkimore t\u00eb BNSSG ICB.<\/p>\n<h2>Cili \u00ebsht\u00eb problemi?<\/h2>\n<p>&quot;Meals on Wheels&quot; (MoWs) ofrojn\u00eb vakte t\u00eb p\u00ebrditshme dhe kontakt social p\u00ebr t\u00eb rriturit q\u00eb kan\u00eb nevoj\u00eb p\u00ebr mb\u00ebshtetje p\u00ebr t\u00eb jetuar n\u00eb komunitet. Shum\u00eb t\u00eb rritur n\u00eb Angli kan\u00eb nevoj\u00eb p\u00ebr ndihm\u00eb me blerjen e ushqimit dhe p\u00ebrgatitjen e vakteve. MoWs mund t\u00eb jen\u00eb thelb\u00ebsore p\u00ebr k\u00ebta individ\u00eb. P\u00ebrve\u00e7 k\u00ebsaj, MoWs mund t\u00eb \u00e7ojn\u00eb n\u00eb kursime t\u00eb konsiderueshme p\u00ebr sh\u00ebrbimet e kujdesit social p\u00ebr t\u00eb rriturit dhe NHS-n\u00eb. Megjithat\u00eb, shum\u00eb k\u00ebshilla n\u00eb Angli kan\u00eb ndaluar ofrimin e MoWs p\u00ebr shkak t\u00eb shkurtimeve n\u00eb buxhetet e kujdesit social. Kjo i l\u00eb shum\u00eb individ\u00eb t\u00eb paaft\u00eb p\u00ebr t\u00eb aksesuar k\u00ebt\u00eb sh\u00ebrbim thelb\u00ebsor.<\/p>\n<h2>Cili \u00ebsht\u00eb q\u00ebllimi i hulumtimit?<\/h2>\n<p>Q\u00ebllimi i projektit t\u00eb propozuar RCF \u00ebsht\u00eb t\u00eb kryej\u00eb nj\u00eb rishikim t\u00eb shpejt\u00eb t\u00eb literatur\u00ebs gri, me q\u00ebllim dokumentimin e modeleve ekzistuese t\u00eb ofrimit t\u00eb sh\u00ebrbimit Meals on Wheels (MoWs) n\u00eb Angli. Gjetjet e k\u00ebtij rishikimi do t\u00eb informojn\u00eb drejtp\u00ebrdrejt nj\u00eb aplikim p\u00ebr grant t\u00eb NIHR Research for Social Care (RfSC), pyetja k\u00ebrkimore e t\u00eb cilit \u00ebsht\u00eb t\u00eb kuptoj\u00eb &#039;rolin q\u00eb kan\u00eb sh\u00ebrbimet e MoWs n\u00eb p\u00ebrmir\u00ebsimin e rezultateve t\u00eb kujdesit social p\u00ebr t\u00eb rriturit me nevoja p\u00ebr kujdes dhe mb\u00ebshtetje n\u00eb Angli&#039;. M\u00eb konkretisht, identifikimi i modeleve t\u00eb ndryshme t\u00eb ofrimit t\u00eb MoWs do t\u00eb ndihmoj\u00eb n\u00eb informimin e p\u00ebrzgjedhjes s\u00eb studimeve t\u00eb rasteve t\u00eb vendeve t\u00eb MoWs, t\u00eb cilat do t\u00eb eksplorohen n\u00eb thell\u00ebsi n\u00eb faz\u00ebn e dyt\u00eb t\u00eb grantit NIHR RfSC.<\/p>\n<p>Shtat\u00eb persona me p\u00ebrvoja t\u00eb jetuara me MoW-t\u00eb (PPI) na ndihmuan t\u00eb zhvillonim k\u00ebt\u00eb hulumtim. Ata na than\u00eb se duhet t\u00eb kuptojm\u00eb se \u00e7far\u00eb roli kan\u00eb MoW-t\u00eb n\u00eb kujdesin social n\u00eb Angli. Pra, do t\u00eb zbulojm\u00eb se si jan\u00eb ofruar MoW-t\u00eb nga k\u00ebshillat me kalimin e koh\u00ebs. Gjithashtu do t\u00eb zbulojm\u00eb se kush i p\u00ebrdor MoW-t\u00eb dhe \u00e7far\u00eb p\u00ebrfitimesh kan\u00eb p\u00ebrdoruesit e sh\u00ebrbimeve dhe kujdestar\u00ebt e tyre nga p\u00ebrdorimi i MoW-ve. T\u00eb k\u00ebshilluar nga grupi yn\u00eb PPI, ne gjithashtu synojm\u00eb t\u00eb kuptojm\u00eb se si merren vendimet p\u00ebr drejtimin e MoW-ve dhe sa u kushtojn\u00eb MoW-t\u00eb k\u00ebshillave. Ne do ta b\u00ebjm\u00eb k\u00ebt\u00eb p\u00ebr t\u00eb ndihmuar n\u00eb marrjen e vendimeve m\u00eb t\u00eb mira n\u00eb lidhje me t\u00eb ardhmen e MoW-ve n\u00eb Angli. Ne gjithashtu duam t\u00eb sugjerojm\u00eb se si duhet t\u00eb funksionojn\u00eb MoW-t\u00eb n\u00eb m\u00ebnyr\u00eb ideale n\u00eb m\u00ebnyr\u00eb q\u00eb ato t\u00eb jen\u00eb me vler\u00eb t\u00eb mir\u00eb p\u00ebr parat\u00eb p\u00ebr ofruesit e sh\u00ebrbimeve. Kjo mund t\u00eb ndihmoj\u00eb nj\u00eb num\u00ebr t\u00eb madh individ\u00ebsh q\u00eb kan\u00eb nevoj\u00eb p\u00ebr kujdes t\u00eb p\u00ebrfitojn\u00eb nga MoW-t\u00eb.<\/p>\n<h2>Si do t\u00eb arrihet kjo?<\/h2>\n<p>Ne do t\u00eb p\u00ebrdorim informacion nga k\u00ebshillat dhe studimet n\u00eb Angli q\u00eb jan\u00eb t\u00eb disponueshme lirisht p\u00ebr t&#039;u analizuar. Kjo do t\u00eb p\u00ebrcaktoj\u00eb modelet n\u00eb ofrimin e MoW-ve, karakteristikat e njer\u00ebzve q\u00eb p\u00ebrdorin MoW-t\u00eb dhe marr\u00ebdh\u00ebnien midis p\u00ebrdorimit t\u00eb MoW-ve dhe cil\u00ebsis\u00eb s\u00eb jet\u00ebs s\u00eb p\u00ebrdoruesve t\u00eb sh\u00ebrbimeve dhe kujdestar\u00ebve. K\u00ebto gjetje, s\u00eb bashku me modelet e ofrimit t\u00eb MoW-ve q\u00eb do t\u00eb identifikohen nga projekti i propozuar RCF, dhe k\u00ebshillat nga grupi yn\u00eb PPI, do t\u00eb ndihmojn\u00eb n\u00eb p\u00ebrzgjedhjen e 6-8 vendeve t\u00eb ofruesve t\u00eb ndrysh\u00ebm t\u00eb MoW-ve n\u00eb t\u00eb gjith\u00eb Anglin\u00eb, t\u00eb cilat do t\u00eb eksplorohen n\u00eb grantin e NIHR Research for Social Care.<\/p>\n<p>\u00c7do menaxher i MoW-ve do t\u00eb na ndihmoj\u00eb t\u00eb rekrutojm\u00eb 20 persona p\u00ebr t&#039;i intervistuar n\u00eb secilin vend (menaxher\u00eb, shofer\u00eb shp\u00ebrndarjeje, p\u00ebrdorues t\u00eb sh\u00ebrbimeve dhe kujdestar\u00ebt e tyre, komisioner\u00eb). Intervistat do t\u00eb na ndihmojn\u00eb t\u00eb kuptojm\u00eb m\u00ebnyra t\u00eb ndryshme t\u00eb ofrimit t\u00eb MoW-ve dhe cilat modele t\u00eb MoW-ve funksionojn\u00eb m\u00eb mir\u00eb, p\u00ebr k\u00eb dhe n\u00eb cilat rrethana. Ne gjithashtu do t\u00eb mbledhim informacion mbi burimet e nevojshme p\u00ebr t\u00eb drejtuar MoW-t\u00eb dhe kostot p\u00ebr p\u00ebrdoruesit e sh\u00ebrbimit. M\u00eb pas do t\u00eb vler\u00ebsojm\u00eb kostot e futjes s\u00eb nj\u00eb sh\u00ebrbimi &#039;t\u00eb optimizuar&#039; t\u00eb MoW-ve. Grupi yn\u00eb PPI do t\u00eb na k\u00ebshilloj\u00eb gjithashtu se cilat pyetje t\u00eb b\u00ebjm\u00eb n\u00eb intervista dhe si t&#039;i ndajm\u00eb gjetjet me njer\u00ebzit q\u00eb marrin vendime p\u00ebr MoW-t\u00eb.<\/p>\n<h2>Kush po e udh\u00ebheq hulumtimin?<\/h2>\n<p><a href=\"https:\/\/www.bristol.ac.uk\/people\/person\/Angeliki-Papadaki-20ef006b-cd68-4a0a-b144-b314fa3eefc6\/\" rel=\"noopener\">Dr. Angeliki Papadaki<\/a>, Lektor i Lart\u00eb n\u00eb t\u00eb Ushqyerit, Universiteti i Bristolit.<\/p>\n<h2>Informacione t\u00eb m\u00ebtejshme:<\/h2>\n<p>P\u00ebr m\u00eb shum\u00eb informacion ose p\u00ebr t&#039;u p\u00ebrfshir\u00eb n\u00eb k\u00ebt\u00eb projekt, ju lutemi kontaktoni bnssg.research@nhs.net<\/p>\n  <\/div>\r\n  <\/section><\/div><!-- .assembler_text-module.assembler_module.assembler_text-module_1.assembler_module_1..transparent --><\/div><!-- .assembler_module_area.assembler_module_area_1 --><\/div><!-- .assembler_default-group.assembler_module_group.assembler_default-group_1.assembler_module_group_1  -->","protected":false},"excerpt":{"rendered":"<p>Section titled module-1 A rapid review of the grey literature in order to document existing models of provision of the Meals on Wheels (MoWs) service in England Funding BNSSG ICB Research Capability Funding. What is the problem? Meals on Wheels (MoWs) provide daily meals and social contact to adults who need support to live in [&hellip;]<\/p>\n","protected":false},"author":1,"featured_media":0,"parent":32896,"menu_order":0,"comment_status":"closed","ping_status":"closed","template":"","meta":{"_acf_changed":false,"footnotes":""},"tags":[],"class_list":["post-34612","page","type-page","status-publish","hentry"],"acf":[],"_links":{"self":[{"href":"https:\/\/bnssghealthiertogether.org.uk\/sq\/wp-json\/wp\/v2\/pages\/34612","targetHints":{"allow":["GET"]}}],"collection":[{"href":"https:\/\/bnssghealthiertogether.org.uk\/sq\/wp-json\/wp\/v2\/pages"}],"about":[{"href":"https:\/\/bnssghealthiertogether.org.uk\/sq\/wp-json\/wp\/v2\/types\/page"}],"author":[{"embeddable":true,"href":"https:\/\/bnssghealthiertogether.org.uk\/sq\/wp-json\/wp\/v2\/users\/1"}],"replies":[{"embeddable":true,"href":"https:\/\/bnssghealthiertogether.org.uk\/sq\/wp-json\/wp\/v2\/comments?post=34612"}],"version-history":[{"count":2,"href":"https:\/\/bnssghealthiertogether.org.uk\/sq\/wp-json\/wp\/v2\/pages\/34612\/revisions"}],"predecessor-version":[{"id":34614,"href":"https:\/\/bnssghealthiertogether.org.uk\/sq\/wp-json\/wp\/v2\/pages\/34612\/revisions\/34614"}],"up":[{"embeddable":true,"href":"https:\/\/bnssghealthiertogether.org.uk\/sq\/wp-json\/wp\/v2\/pages\/32896"}],"wp:attachment":[{"href":"https:\/\/bnssghealthiertogether.org.uk\/sq\/wp-json\/wp\/v2\/media?parent=34612"}],"wp:term":[{"taxonomy":"post_tag","embeddable":true,"href":"https:\/\/bnssghealthiertogether.org.uk\/sq\/wp-json\/wp\/v2\/tags?post=34612"}],"curies":[{"name":"wp","href":"https:\/\/api.w.org\/{rel}","templated":true}]}}