{"id":34617,"date":"2024-11-26T17:01:41","date_gmt":"2024-11-26T17:01:41","guid":{"rendered":"https:\/\/bnssghealthiertogether.org.uk\/?page_id=34617"},"modified":"2024-11-26T17:01:41","modified_gmt":"2024-11-26T17:01:41","slug":"co-developing-a-way-for-testing-cognitive-symptoms-in-primary-care","status":"publish","type":"page","link":"https:\/\/bnssghealthiertogether.org.uk\/sq\/integrated-care-board\/research-and-evidence\/our-research-portfolio\/type-2-rcf-funded-projects\/co-developing-a-way-for-testing-cognitive-symptoms-in-primary-care\/","title":{"rendered":"Zhvillimi i p\u00ebrbashk\u00ebt i nj\u00eb m\u00ebnyre p\u00ebr testimin e simptomave njoh\u00ebse n\u00eb kujdesin par\u00ebsor"},"content":{"rendered":"<div class=\"assembler_default-group assembler_module_group assembler_default-group_1 assembler_module_group_1\"><div class=\"assembler_module_area assembler_module_area_1\"><div class=\"assembler_text-module assembler_module assembler_text-module_1 assembler_module_1  transparent\"><a tabindex=\"-1\" title=\"Seksioni me titull module-1\" id=\"module-1\" href=\"https:\/\/bnssghealthiertogether.org.uk\/sq\/wp-json\/wp\/v2\/pages\/34617\/#module-1\" class=\"anchor\"><span class=\"hidden\">Seksioni me titull module-1<\/span><\/a><!-- Template found for text-module - Template: template-text - Matched: _only --><section class=\"w-full mx-auto max-w-content pt-12 sm:pt-24 pb-12 sm:pb-24\">\r\n  <div class=\"entry-content w-full !px-0 max-w-small\">\r\n        <h1>Zhvillimi i p\u00ebrbashk\u00ebt i nj\u00eb m\u00ebnyre p\u00ebr testimin e simptomave njoh\u00ebse n\u00eb kujdesin par\u00ebsor<\/h1>\n<h2><strong>Financimi:<\/strong><\/h2>\n<p>Financimi i Aft\u00ebsive K\u00ebrkimore t\u00eb BNSSG ICB.<\/p>\n<h2><strong>Cili \u00ebsht\u00eb problemi?<\/strong><\/h2>\n<p>Demenca i kushton ekonomis\u00eb s\u00eb Mbret\u00ebris\u00eb s\u00eb Bashkuar 23 miliard\u00eb paund n\u00eb vit, nj\u00eb kosto q\u00eb mund t\u00eb trefishohet deri n\u00eb vitin 2040. Kjo shum\u00eb \u00ebsht\u00eb m\u00eb shum\u00eb sesa s\u00ebmundjet e zemr\u00ebs, goditja n\u00eb tru dhe kanceri. N\u00eb Angli, vler\u00ebsimi m\u00eb i mir\u00eb \u00ebsht\u00eb se 676,000 njer\u00ebz kan\u00eb demenc\u00eb dhe ka 540,000 kujdestar\u00eb. Diagnoza e demenc\u00ebs \u00ebsht\u00eb nj\u00eb hap ky\u00e7 n\u00eb marrjen e mb\u00ebshtetjes p\u00ebr kujdestar\u00ebt dhe burimet e mir\u00ebqenies. Modelet e referimit te mjek\u00ebt e p\u00ebrgjithsh\u00ebm dhe shkall\u00ebt e diagnostikimit p\u00ebr demenc\u00ebn mund t\u00eb ndryshojn\u00eb p\u00ebr njer\u00ebzit me prejardhje t\u00eb ndryshme etnike. Mjek\u00ebsia p\u00ebr demenc\u00ebn mund t\u00eb ngadal\u00ebsoj\u00eb p\u00ebrparimin e simptomave dhe t&#039;i ndihmoj\u00eb njer\u00ebzit t\u00eb q\u00ebndrojn\u00eb t\u00eb pavarur dhe t\u00eb jetojn\u00eb n\u00eb sht\u00ebpi.<\/p>\n<p>Shpesh \u00ebsht\u00eb m\u00eb e leht\u00eb t\u00eb njihen simptomat e demenc\u00ebs s\u00eb mundshme sesa t\u00eb konfirmohet diagnoza. Asnj\u00eb test i vet\u00ebm nuk \u00ebsht\u00eb i mjaftuesh\u00ebm m\u00eb vete. Gjithashtu kemi v\u00ebn\u00eb re se testet standarde nuk i marrin gjithmon\u00eb parasysh faktor\u00ebt dhe simptomat individuale. Nj\u00eb diagnoz\u00eb zakonisht k\u00ebrkon nj\u00eb histori t\u00eb strukturuar, nj\u00eb test njoh\u00ebs, informacion nga nj\u00eb mb\u00ebshtet\u00ebs dhe nj\u00eb test t\u00eb funksionimit t\u00eb p\u00ebrditsh\u00ebm. Se cilat teste duhen p\u00ebrdorur dhe paketuar s\u00eb bashku varet nga individi dhe simptomat e tij. Pacient\u00ebt shpesh marrin nj\u00eb qasje q\u00eb i p\u00ebrshtatet t\u00eb gjith\u00ebve, e cila mund t\u00eb mos i testoj\u00eb v\u00ebshtir\u00ebsit\u00eb e personit.<\/p>\n<p>M\u00eb par\u00eb kemi krahasuar disa teste n\u00eb kujdesin par\u00ebsor p\u00ebr t\u00eb gjetur se cilat funksionojn\u00eb mir\u00eb, dhe po punojm\u00eb n\u00eb teknologji t\u00eb re q\u00eb mund t\u00eb ndihmoj\u00eb n\u00eb diagnostikimin n\u00eb kujdesin par\u00ebsor. N\u00eb k\u00ebt\u00eb pun\u00eb t\u00eb RCF dhe RFPB, duam t\u00eb zbatojm\u00eb gjetjet tona se cilat teste funksionojn\u00eb p\u00ebr k\u00eb, dhe t\u00eb zhvillojm\u00eb 2-3 paketa testesh p\u00ebr klinicist\u00ebt e kujdesit par\u00ebsor p\u00ebr t&#039;i p\u00ebrdorur me pacient\u00ebt, bazuar n\u00eb simptomat dhe problemet q\u00eb ka pacienti.<\/p>\n<h2><strong>Cili \u00ebsht\u00eb q\u00ebllimi i hulumtimit?<\/strong><\/h2>\n<p>Ky studim do t\u00eb zhvilloj\u00eb s\u00eb bashku nj\u00eb m\u00ebnyr\u00eb p\u00ebr testimin e simptomave njoh\u00ebse n\u00eb kujdesin par\u00ebsor. Kjo do t\u00eb ndihmoj\u00eb n\u00eb rritjen e ekspertiz\u00ebs n\u00eb diagnostikimin e demenc\u00ebs n\u00eb komunitet, do t\u00eb zvog\u00ebloj\u00eb var\u00ebsin\u00eb nga ekspert\u00ebt kryesor\u00eb n\u00eb spital dhe do t\u00eb ndihmoj\u00eb n\u00eb b\u00ebrjen e kujdesit sh\u00ebndet\u00ebsor dhe social m\u00eb t\u00eb drejt\u00eb.<\/p>\n<h2><strong>Si do t\u00eb arrihet kjo?<\/strong><\/h2>\n<p>Qasja jon\u00eb synon t\u00eb mb\u00ebshtes\u00eb ekspert\u00ebt aktual\u00eb q\u00eb t\u00eb vazhdojn\u00eb t\u00eb ofrojn\u00eb kujdes, me nj\u00eb fokus t\u00eb rip\u00ebrt\u00ebrir\u00eb n\u00eb rastet m\u00eb sfiduese nga ana diagnostikuese.<\/p>\n<p>Ne do t\u00eb punojm\u00eb me pacient\u00ebt, mb\u00ebshtet\u00ebsit, klinicist\u00ebt, kujdesin social dhe sektorin e tret\u00eb, duke u bazuar n\u00eb rrjetet ekzistuese, p\u00ebr t\u00eb bashk\u00ebprodhuar nj\u00eb m\u00ebnyr\u00eb p\u00ebr testimin e problemeve njoh\u00ebse q\u00eb nj\u00eb klinicist mund ta b\u00ebj\u00eb n\u00eb kujdesin par\u00ebsor, me mb\u00ebshtetjen e nj\u00eb mjeku t\u00eb p\u00ebrgjithsh\u00ebm p\u00ebr diagnostikim dhe p\u00ebrshkrim. Ne do t\u00eb vler\u00ebsojm\u00eb njohjen, informacionin nga mb\u00ebshtet\u00ebsit dhe funksionin e p\u00ebrditsh\u00ebm, p\u00ebr t\u00eb zhvilluar 2-3 &quot;paketa&quot; testesh. Ne do t\u00eb punojm\u00eb me t\u00eb rritur mbi 75 vje\u00e7, t\u00eb cil\u00ebt jan\u00eb popullata jon\u00eb e synuar, dhe ve\u00e7an\u00ebrisht me ata t\u00eb shumic\u00ebs globale ose komuniteteve bregdetare.<\/p>\n<p><strong>Financimi i RCF-s\u00eb <\/strong>do t\u00eb mb\u00ebshtes\u00eb takime t\u00eb rregullta me nj\u00eb grup partneriteti p\u00ebr t\u00eb zhvilluar idet\u00eb tona mbi nj\u00eb paket\u00eb testesh. Grupi yn\u00eb i partneritetit do t\u00eb ndihmoj\u00eb gjithashtu n\u00eb zhvillimin dhe p\u00ebrfshirjen si bashk\u00eb-aplikant n\u00eb aplikacionin e ardhsh\u00ebm RFPB p\u00ebr t\u00eb provuar paketat n\u00eb praktik\u00eb.<\/p>\n<h2><strong>Kush po e udh\u00ebheq hulumtimin?<\/strong><\/h2>\n<p><a href=\"https:\/\/www.bristol.ac.uk\/people\/person\/Sam-Creavin-7a04c325-7a39-4560-8308-8cbcaa763747\/\" rel=\"noopener\">Dr. Sam Creavin<\/a>, Lektor Klinik i NIHR n\u00eb Praktik\u00ebn e P\u00ebrgjithshme, Universiteti i Bristolit.<\/p>\n<h2>Informacion i m\u00ebtejsh\u00ebm<\/h2>\n<p>P\u00ebr m\u00eb shum\u00eb informacion ose p\u00ebr t&#039;u p\u00ebrfshir\u00eb n\u00eb k\u00ebt\u00eb projekt, ju lutemi t\u00eb kontaktoni\u00a0<a href=\"mailto:bnssg.research@nhs.net\" target=\"_blank\" rel=\"nofollow noopener\">bnssg.research@nhs.net<\/a>.<\/p>\n  <\/div>\r\n  <\/section><\/div><!-- .assembler_text-module.assembler_module.assembler_text-module_1.assembler_module_1..transparent --><\/div><!-- .assembler_module_area.assembler_module_area_1 --><\/div><!-- .assembler_default-group.assembler_module_group.assembler_default-group_1.assembler_module_group_1  -->","protected":false},"excerpt":{"rendered":"<p>Section titled module-1 Co-developing a way for testing cognitive symptoms in primary care Funding: BNSSG ICB Research Capability Funding\u00ad\u00ad. What is the problem? Dementia costs the UK economy \u00a323 Billion a year, which may triple by 2040. This is more than heart disease, stroke and cancer. In England, the best estimate is that 676,000 people [&hellip;]<\/p>\n","protected":false},"author":1,"featured_media":0,"parent":32896,"menu_order":0,"comment_status":"closed","ping_status":"closed","template":"","meta":{"_acf_changed":false,"footnotes":""},"tags":[],"class_list":["post-34617","page","type-page","status-publish","hentry"],"acf":[],"_links":{"self":[{"href":"https:\/\/bnssghealthiertogether.org.uk\/sq\/wp-json\/wp\/v2\/pages\/34617","targetHints":{"allow":["GET"]}}],"collection":[{"href":"https:\/\/bnssghealthiertogether.org.uk\/sq\/wp-json\/wp\/v2\/pages"}],"about":[{"href":"https:\/\/bnssghealthiertogether.org.uk\/sq\/wp-json\/wp\/v2\/types\/page"}],"author":[{"embeddable":true,"href":"https:\/\/bnssghealthiertogether.org.uk\/sq\/wp-json\/wp\/v2\/users\/1"}],"replies":[{"embeddable":true,"href":"https:\/\/bnssghealthiertogether.org.uk\/sq\/wp-json\/wp\/v2\/comments?post=34617"}],"version-history":[{"count":1,"href":"https:\/\/bnssghealthiertogether.org.uk\/sq\/wp-json\/wp\/v2\/pages\/34617\/revisions"}],"predecessor-version":[{"id":34618,"href":"https:\/\/bnssghealthiertogether.org.uk\/sq\/wp-json\/wp\/v2\/pages\/34617\/revisions\/34618"}],"up":[{"embeddable":true,"href":"https:\/\/bnssghealthiertogether.org.uk\/sq\/wp-json\/wp\/v2\/pages\/32896"}],"wp:attachment":[{"href":"https:\/\/bnssghealthiertogether.org.uk\/sq\/wp-json\/wp\/v2\/media?parent=34617"}],"wp:term":[{"taxonomy":"post_tag","embeddable":true,"href":"https:\/\/bnssghealthiertogether.org.uk\/sq\/wp-json\/wp\/v2\/tags?post=34617"}],"curies":[{"name":"wp","href":"https:\/\/api.w.org\/{rel}","templated":true}]}}