{"id":34619,"date":"2024-11-26T17:02:03","date_gmt":"2024-11-26T17:02:03","guid":{"rendered":"https:\/\/bnssghealthiertogether.org.uk\/?page_id=34619"},"modified":"2024-11-26T17:02:03","modified_gmt":"2024-11-26T17:02:03","slug":"could-rehabilitation-exercise-videos-be-given-as-part-of-standard-care-by-health-care-professionals-hcps-to-people-with-stroke-pws-and-would-pws-adhere-to-physical-exercises-and-rehabilitation-and","status":"publish","type":"page","link":"https:\/\/bnssghealthiertogether.org.uk\/sq\/integrated-care-board\/research-and-evidence\/our-research-portfolio\/type-2-rcf-funded-projects\/could-rehabilitation-exercise-videos-be-given-as-part-of-standard-care-by-health-care-professionals-hcps-to-people-with-stroke-pws-and-would-pws-adhere-to-physical-exercises-and-rehabilitation-and\/","title":{"rendered":"A mund t\u00eb jepen videot me ushtrime rehabilitimi si pjes\u00eb e kujdesit standard nga profesionist\u00ebt e kujdesit sh\u00ebndet\u00ebsor (HCP) p\u00ebr njer\u00ebzit me goditje n\u00eb tru (PwS) dhe a do t&#039;i p\u00ebrmbaheshin PwS ushtrimeve fizike dhe rehabilitimit dhe do t\u00eb p\u00ebrmir\u00ebsonin rezultatet funksionale duke p\u00ebrdorur videot n\u00eb sht\u00ebpi?"},"content":{"rendered":"<div class=\"assembler_default-group assembler_module_group assembler_default-group_1 assembler_module_group_1\"><div class=\"assembler_module_area assembler_module_area_1\"><div class=\"assembler_text-module assembler_module assembler_text-module_1 assembler_module_1  transparent\"><a tabindex=\"-1\" title=\"Seksioni me titull module-1\" id=\"module-1\" href=\"https:\/\/bnssghealthiertogether.org.uk\/sq\/wp-json\/wp\/v2\/pages\/34619\/#module-1\" class=\"anchor\"><span class=\"hidden\">Seksioni me titull module-1<\/span><\/a><!-- Template found for text-module - Template: template-text - Matched: _only --><section class=\"w-full mx-auto max-w-content pt-12 sm:pt-24 pb-12 sm:pb-24\">\r\n  <div class=\"entry-content w-full !px-0 max-w-small\">\r\n        <h1>A mund t\u00eb jepen video me ushtrime rehabilitimi (pacient\u00eb t\u00eb v\u00ebrtet\u00eb q\u00eb ushtrohen n\u00ebn drejtimin e nj\u00eb fizioterapisti me p\u00ebrvoj\u00eb) si pjes\u00eb e kujdesit standard nga profesionist\u00ebt e kujdesit sh\u00ebndet\u00ebsor (HCP) p\u00ebr njer\u00ebzit me goditje n\u00eb tru (PwS) para daljes nga spitali, dhe a do t&#039;i p\u00ebrmbaheshin PwS ushtrimeve fizike dhe rehabilitimit dhe do t\u00eb p\u00ebrmir\u00ebsonin rezultatet funksionale duke p\u00ebrdorur videot n\u00eb sht\u00ebpi?<\/h1>\n<h2>Financimi:<\/h2>\n<p>Financimi i Aft\u00ebsive K\u00ebrkimore t\u00eb BNSSG ICB.<\/p>\n<h2><\/h2>\n<h2><strong>Cili \u00ebsht\u00eb problemi?<\/strong><\/h2>\n<p>Ushtrimet fizike pas nj\u00eb goditjeje n\u00eb tru kan\u00eb shum\u00eb p\u00ebrfitime. Mund t\u00eb ndihmojn\u00eb zemr\u00ebn dhe mushk\u00ebrit\u00eb t\u00eb funksionojn\u00eb m\u00eb mir\u00eb, p\u00ebr disa njer\u00ebz mund t&#039;i ndihmoj\u00eb t\u00eb ecin m\u00eb mir\u00eb dhe p\u00ebr t\u00eb tjer\u00ebt mund t&#039;i b\u00ebj\u00eb krah\u00ebt e tyre m\u00eb t\u00eb fort\u00eb dhe m\u00eb t\u00eb aft\u00eb p\u00ebr t\u00eb kryer detyrat e p\u00ebrditshme. \u00cbsht\u00eb e r\u00ebnd\u00ebsishme q\u00eb ato mund t\u00eb parandalojn\u00eb goditje t\u00eb m\u00ebtejshme n\u00eb tru. Megjithat\u00eb, pas daljes nga spitali, 3 nga 4 t\u00eb mbijetuar nga goditje n\u00eb tru b\u00ebhen joaktiv\u00eb dhe b\u00ebjn\u00eb m\u00eb pak ushtrime dhe aktivitete shoq\u00ebrore. Shum\u00eb njer\u00ebz raportojn\u00eb se ndihen t\u00eb frik\u00ebsuar dhe t\u00eb pamb\u00ebshtetur, dhe kujdestar\u00ebt raportojn\u00eb ndjenja braktisjeje pas daljes nga spitali.<\/p>\n<p>Udh\u00ebzimet klinike p\u00ebr goditjen n\u00eb tru rekomandojn\u00eb q\u00eb njer\u00ebzit me goditje n\u00eb tru (GHD) duhet t\u00eb kryejn\u00eb t\u00eb pakt\u00ebn 3 or\u00eb rehabilitim \u00e7do dit\u00eb. Atyre duhet t&#039;u ofrohen burime p\u00ebr t&#039;i ndihmuar t\u00eb praktikojn\u00eb vet\u00eb dhe gjithashtu q\u00eb kujdestar\u00ebt t&#039;i mb\u00ebshtesin. P\u00ebr t\u00eb ndihmuar t\u00eb mbijetuarit e goditjes n\u00eb tru, ne kemi nevoj\u00eb p\u00ebr burime ushtrimesh q\u00eb jan\u00eb t\u00eb p\u00ebrshtatshme p\u00ebr nevojat e tyre dhe t\u00eb jen\u00eb hartuar bazuar n\u00eb k\u00ebto nevoja.<\/p>\n<p>Q\u00eb nga viti 2016, Kumar ka ofruar klasa ushtrimesh n\u00eb grup (Next Steps) p\u00ebr PwS me organizat\u00ebn bamir\u00ebse Bristol After Stroke (BAS). Meqen\u00ebse PwS u ndjen\u00eb t\u00eb braktisur pas p\u00ebrfundimit t\u00eb klasave, ata sugjeruan q\u00eb t\u00eb zhvillonim video t\u00eb shkurtra t\u00eb shkurtra p\u00ebr t&#039;i shikuar n\u00eb sht\u00ebpi. Ne krijuam video n\u00eb anglisht, t\u00eb cilat pjes\u00ebmarr\u00ebsit n\u00eb ngjarjet Next Steps dhe BAS than\u00eb se ishin t\u00eb dobishme, t\u00ebrheq\u00ebse dhe ndihmonin l\u00ebvizjen dhe pavar\u00ebsin\u00eb e tyre. Atyre u p\u00eblqyen sepse tregojn\u00eb pacient\u00eb t\u00eb v\u00ebrtet\u00eb q\u00eb ushtrohen me mb\u00ebshtetjen e nj\u00eb fizioterapisti, dhe p\u00ebrfshinin nj\u00eb s\u00ebr\u00eb ushtrimesh p\u00ebr pacient\u00eb q\u00eb kishin aft\u00ebsi t\u00eb ndryshme. Ne kemi aplikuar p\u00ebr fonde nga NIHR p\u00ebr ta b\u00ebr\u00eb videon m\u00eb gjith\u00ebp\u00ebrfshir\u00ebse duke e b\u00ebr\u00eb at\u00eb t\u00eb disponueshme n\u00eb gjuh\u00eb t\u00eb tjera si hindi, guxharati dhe bengalisht.<\/p>\n<p>&nbsp;<\/p>\n<h2><\/h2>\n<h2><strong>Cili \u00ebsht\u00eb q\u00ebllimi i hulumtimit?<\/strong><\/h2>\n<p>N\u00eb k\u00ebt\u00eb projekt, do t\u00eb donim t\u00eb shihnim n\u00ebse videot e ushtrimeve t\u00eb rehabilitimit t\u00eb zhvilluara si pjes\u00eb e iniciativ\u00ebs son\u00eb &quot;Hapat e Ardhsh\u00ebm&quot; mund t&#039;u jepen n\u00eb spital Profesionist\u00ebve t\u00eb Kujdesit Sh\u00ebndet\u00ebsor (PK) PwS-ve para daljes nga spitali. Pasi t\u00eb dalin nga spitali, do t\u00eb zbulojm\u00eb se n\u00eb \u00e7&#039;mas\u00eb PwS i p\u00ebrmbahen ushtrimeve fizike dhe rehabilitimit duke p\u00ebrdorur k\u00ebto video ushtrimesh n\u00eb sht\u00ebpi. Kjo do t\u00eb na mund\u00ebsoj\u00eb t\u00eb p\u00ebrqendrojm\u00eb p\u00ebrpjekjet p\u00ebr t\u00eb optimizuar faktor\u00ebt q\u00eb do t\u00eb nxisin angazhimin e vazhduesh\u00ebm me burimin e videos dhe do t\u00eb identifikojn\u00eb modelin\/modelet m\u00eb t\u00eb p\u00ebrshtatshme p\u00ebr ofrimin e nd\u00ebrhyrjeve m\u00eb t\u00eb gjera dhe nj\u00eb prov\u00eb t\u00eb ardhshme t\u00eb efikasitetit.<\/p>\n<p><strong>\u00a0<\/strong><\/p>\n<h2><strong>Si do t\u00eb arrihet kjo?<\/strong><\/h2>\n<p>Gjat\u00eb studimit ton\u00eb ne do t\u00eb:<\/p>\n<ol>\n<li>Kryeni intervista me PwS, an\u00ebtar\u00ebt e familjes\/kujdestar\u00ebt e tyre dhe klinicist\u00ebt (fizioterapist\u00ebt) p\u00ebr t\u00eb diskutuar p\u00ebrmbajtjen e videos dhe, n\u00ebse \u00ebsht\u00eb e nevojshme, p\u00ebr t\u00eb p\u00ebrmir\u00ebsuar videot bazuar n\u00eb reagimet e tyre. P\u00ebr k\u00ebt\u00eb q\u00ebllim, videot tona ekzistuese n\u00eb gjuh\u00ebn angleze do t\u00eb ndahen me pjes\u00ebmarr\u00ebsit. Grupi yn\u00eb i pacient\u00ebve do t\u00eb p\u00ebrfshij\u00eb nj\u00eb gam\u00eb pacient\u00ebsh (bazuar n\u00eb mosh\u00eb, gjini, aft\u00ebsi t\u00eb kufizuara (goditje n\u00eb tru e leht\u00eb dhe e moderuar) dhe p\u00ebrkat\u00ebsi etnike).<\/li>\n<li>K\u00ebrkojuni stafit n\u00eb nj\u00eb s\u00ebr\u00eb nj\u00ebsish p\u00ebr goditje n\u00eb tru n\u00eb rajonin Jugper\u00ebndimor q\u00eb t&#039;i prezantojn\u00eb videot e ushtrimeve PwS para daljes nga spitali. Ne do t\u00eb zhvillojm\u00eb nj\u00eb m\u00ebnyr\u00eb zbatimi n\u00eb repart duke i trajnuar terapist\u00ebt p\u00ebr t\u00eb ofruar materiale pas daljes. Pastaj do t\u00eb ndjekim PwS pas 3 dhe 6 muajsh p\u00ebr t\u00eb zbuluar n\u00ebse ata po i p\u00ebrdorin videot dhe po angazhohen n\u00eb ushtrime. Do t\u00eb zhvillojm\u00eb pun\u00ebtori p\u00ebr t\u00eb kuptuar: a angazhohen njer\u00ebzit me videot?; p\u00ebr sa koh\u00eb e b\u00ebjn\u00eb k\u00ebt\u00eb?; cil\u00ebt jan\u00eb leht\u00ebsuesit?;, n\u00ebse jo, cilat jan\u00eb pengesat?<\/li>\n<li>Zhvilloni pun\u00ebtori me komisioner\u00ebt e sh\u00ebrbimeve, partner\u00ebt e bamir\u00ebsis\u00eb, mjek\u00ebt e kujdesit sh\u00ebndet\u00ebsor dhe partner\u00ebt e pacient\u00ebve p\u00ebr t\u00eb diskutuar gjetjet nga pikat 1 dhe 2 m\u00eb sip\u00ebr, dhe p\u00ebr t\u00eb diskutuar ide p\u00ebr pun\u00eb\/zbatim\/prov\u00eb n\u00eb t\u00eb ardhmen.<\/li>\n<\/ol>\n<h2><\/h2>\n<h2><strong>Kush po e udh\u00ebheq hulumtimin?<\/strong><\/h2>\n<p>Dr. Praveen Kumar, Lektore e Lart\u00eb n\u00eb Fizioterapi, Universiteti i Anglis\u00eb Per\u00ebndimore.<\/p>\n<h2>Informacion i m\u00ebtejsh\u00ebm<\/h2>\n<p>Rreth <a href=\"https:\/\/people.uwe.ac.uk\/Person\/PraveenKumar\" rel=\"noopener\">Dr. Praveen Kumar<\/a>.<\/p>\n<p>P\u00ebr m\u00eb shum\u00eb informacion ose p\u00ebr t&#039;u p\u00ebrfshir\u00eb n\u00eb k\u00ebt\u00eb projekt, ju lutemi t\u00eb kontaktoni\u00a0<a href=\"mailto:bnssg.research@nhs.net\" target=\"_blank\" rel=\"nofollow noopener\">bnssg.research@nhs.net<\/a>.<\/p>\n<p>&nbsp;<\/p>\n  <\/div>\r\n  <\/section><\/div><!-- .assembler_text-module.assembler_module.assembler_text-module_1.assembler_module_1..transparent --><\/div><!-- .assembler_module_area.assembler_module_area_1 --><\/div><!-- .assembler_default-group.assembler_module_group.assembler_default-group_1.assembler_module_group_1  -->","protected":false},"excerpt":{"rendered":"<p>Section titled module-1 Could rehabilitation exercise videos (real patients exercising under the guidance of an experienced physiotherapist) be given as part of standard care by health care professionals (HCPs) to people with stroke (PwS) prior to discharge from the hospital, and would PwS adhere to physical exercises and rehabilitation and improve functional outcomes by using [&hellip;]<\/p>\n","protected":false},"author":1,"featured_media":0,"parent":32896,"menu_order":0,"comment_status":"closed","ping_status":"closed","template":"","meta":{"_acf_changed":false,"footnotes":""},"tags":[],"class_list":["post-34619","page","type-page","status-publish","hentry"],"acf":[],"_links":{"self":[{"href":"https:\/\/bnssghealthiertogether.org.uk\/sq\/wp-json\/wp\/v2\/pages\/34619","targetHints":{"allow":["GET"]}}],"collection":[{"href":"https:\/\/bnssghealthiertogether.org.uk\/sq\/wp-json\/wp\/v2\/pages"}],"about":[{"href":"https:\/\/bnssghealthiertogether.org.uk\/sq\/wp-json\/wp\/v2\/types\/page"}],"author":[{"embeddable":true,"href":"https:\/\/bnssghealthiertogether.org.uk\/sq\/wp-json\/wp\/v2\/users\/1"}],"replies":[{"embeddable":true,"href":"https:\/\/bnssghealthiertogether.org.uk\/sq\/wp-json\/wp\/v2\/comments?post=34619"}],"version-history":[{"count":2,"href":"https:\/\/bnssghealthiertogether.org.uk\/sq\/wp-json\/wp\/v2\/pages\/34619\/revisions"}],"predecessor-version":[{"id":34621,"href":"https:\/\/bnssghealthiertogether.org.uk\/sq\/wp-json\/wp\/v2\/pages\/34619\/revisions\/34621"}],"up":[{"embeddable":true,"href":"https:\/\/bnssghealthiertogether.org.uk\/sq\/wp-json\/wp\/v2\/pages\/32896"}],"wp:attachment":[{"href":"https:\/\/bnssghealthiertogether.org.uk\/sq\/wp-json\/wp\/v2\/media?parent=34619"}],"wp:term":[{"taxonomy":"post_tag","embeddable":true,"href":"https:\/\/bnssghealthiertogether.org.uk\/sq\/wp-json\/wp\/v2\/tags?post=34619"}],"curies":[{"name":"wp","href":"https:\/\/api.w.org\/{rel}","templated":true}]}}