{"id":34623,"date":"2024-11-26T17:02:23","date_gmt":"2024-11-26T17:02:23","guid":{"rendered":"https:\/\/bnssghealthiertogether.org.uk\/?page_id=34623"},"modified":"2024-11-26T17:02:23","modified_gmt":"2024-11-26T17:02:23","slug":"could-self-directed-gaming-device-gripable-enhance-the-practice-of-self-directed-arm-exercise-and-upper-limb-ul-activity-in-people-recovering-from-stroke-in-the-community","status":"publish","type":"page","link":"https:\/\/bnssghealthiertogether.org.uk\/sq\/integrated-care-board\/research-and-evidence\/our-research-portfolio\/type-2-rcf-funded-projects\/could-self-directed-gaming-device-gripable-enhance-the-practice-of-self-directed-arm-exercise-and-upper-limb-ul-activity-in-people-recovering-from-stroke-in-the-community\/","title":{"rendered":"A mund ta p\u00ebrmir\u00ebsoj\u00eb pajisja e loj\u00ebrave t\u00eb drejtuara vet\u00eb (GripAble) praktik\u00ebn e ushtrimeve t\u00eb drejtuara vet\u00eb p\u00ebr krah\u00ebt dhe aktivitetin e gjymtyr\u00ebve t\u00eb sip\u00ebrme (UL) tek njer\u00ebzit q\u00eb po sh\u00ebrohen nga goditja n\u00eb tru n\u00eb komunitet?"},"content":{"rendered":"<div class=\"assembler_default-group assembler_module_group assembler_default-group_1 assembler_module_group_1\"><div class=\"assembler_module_area assembler_module_area_1\"><div class=\"assembler_text-module assembler_module assembler_text-module_1 assembler_module_1  transparent\"><a tabindex=\"-1\" title=\"Seksioni me titull module-1\" id=\"module-1\" href=\"https:\/\/bnssghealthiertogether.org.uk\/sq\/wp-json\/wp\/v2\/pages\/34623\/#module-1\" class=\"anchor\"><span class=\"hidden\">Seksioni me titull module-1<\/span><\/a><!-- Template found for text-module - Template: template-text - Matched: _only --><section class=\"w-full mx-auto max-w-content pt-12 sm:pt-24 pb-12 sm:pb-24\">\r\n  <div class=\"entry-content w-full !px-0 max-w-small\">\r\n        <h1>A mund ta p\u00ebrmir\u00ebsoj\u00eb pajisja e loj\u00ebrave t\u00eb drejtuara vet\u00eb (GripAble) praktik\u00ebn e ushtrimeve t\u00eb drejtuara vet\u00eb p\u00ebr krah\u00ebt dhe aktivitetin e gjymtyr\u00ebve t\u00eb sip\u00ebrme (UL) tek njer\u00ebzit q\u00eb po sh\u00ebrohen nga goditja n\u00eb tru n\u00eb komunitet?<\/h1>\n<h2><strong>Financimi:<\/strong><\/h2>\n<p>Financimi i Aft\u00ebsive K\u00ebrkimore t\u00eb BNSSG ICB.<\/p>\n<h2><strong>Cili \u00ebsht\u00eb problemi?<\/strong><\/h2>\n<p>Udh\u00ebzimet klinike p\u00ebr goditjen n\u00eb tru rekomandojn\u00eb q\u00eb njer\u00ebzit me goditje n\u00eb tru (GHD) duhet t\u00eb kryejn\u00eb t\u00eb pakt\u00ebn 3 or\u00eb rehabilitim \u00e7do dit\u00eb edhe pasi t\u00eb dalin nga spitali. Atyre duhet t&#039;u ofrohen burime p\u00ebr t&#039;i ndihmuar t\u00eb praktikojn\u00eb vet\u00eb dhe q\u00eb kujdestar\u00ebt t&#039;i mb\u00ebshtesin. P\u00ebr t\u00eb ndihmuar t\u00eb mbijetuarit e goditjes n\u00eb tru, ne kemi nevoj\u00eb p\u00ebr burime ushtrimesh q\u00eb jan\u00eb t\u00eb p\u00ebrshtatshme p\u00ebr nevojat e tyre dhe t\u00eb jen\u00eb hartuar bazuar n\u00eb k\u00ebto nevoja.<\/p>\n<p>Vet\u00ebm rreth 1 n\u00eb 8 persona q\u00eb kan\u00eb nj\u00eb krah t\u00eb dob\u00ebt pas goditjes n\u00eb tru sh\u00ebrohen plot\u00ebsisht. Aft\u00ebsia e reduktuar p\u00ebr t\u00eb p\u00ebrdorur krahun p\u00ebr aktivitetet e p\u00ebrditshme \u00ebsht\u00eb shkat\u00ebrruese dhe \u00e7on n\u00eb rritje t\u00eb var\u00ebsis\u00eb, kufizim t\u00eb aktiviteteve shoq\u00ebrore dhe cil\u00ebsi m\u00eb t\u00eb dob\u00ebt t\u00eb jet\u00ebs. Pothuajse dy t\u00eb tretat e t\u00eb mbijetuarve nga goditjet n\u00eb tru largohen nga spitali me aft\u00ebsi t\u00eb kufizuara, dhe kostoja vjetore e kujdesit t\u00eb paguar dhe t\u00eb papaguar \u00ebsht\u00eb pothuajse 21 miliard\u00eb paund. Praktika aktuale n\u00eb Mbret\u00ebrin\u00eb e Bashkuar tregon se shum\u00eb pak seanca rehabilitimi i kushtohen UL dhe brenda seancave arrihen shum\u00eb pak p\u00ebrs\u00ebritje.<\/p>\n<p>Rim\u00ebk\u00ebmbja e UL-s\u00eb arrihet m\u00eb s\u00eb miri p\u00ebrmes trajnimit q\u00eb p\u00ebrfshin p\u00ebrs\u00ebritjen e detyrave t\u00eb p\u00ebrditshme dhe ushtrimeve t\u00eb synuara. Praktika vetjake i referohet qasjeve p\u00ebr promovimin e aktivitetit t\u00eb pavarur larg mb\u00ebshtetjes s\u00eb profesionistit t\u00eb kujdesit sh\u00ebndet\u00ebsor. Pajisjet e loj\u00ebrave t\u00eb drejtuara vet\u00eb (GripAble) mund t&#039;u mund\u00ebsojn\u00eb PwS dhe kujdestar\u00ebve t\u00eb tyre t\u00eb ndihen t\u00eb mb\u00ebshtetur brenda mjedisit sht\u00ebpiak dhe n\u00eb fund t\u00eb fundit t\u00eb p\u00ebrmir\u00ebsojn\u00eb funksionin e krahut.<\/p>\n<h2><strong>Cili \u00ebsht\u00eb q\u00ebllimi i hulumtimit?<\/strong><\/h2>\n<p>T\u00eb zhvillohet nj\u00eb paket\u00eb trajnimi p\u00ebr t\u00eb mb\u00ebshtetur PwS dhe kujdestar\u00ebt\/an\u00ebtar\u00ebt e familjes q\u00eb t\u00eb angazhohen n\u00eb praktik\u00eb t\u00eb vet\u00eb-drejtuar duke p\u00ebrdorur nd\u00ebrhyrje t\u00eb bazuara n\u00eb teknologji (pajisja e loj\u00ebrave GripAble) p\u00ebr t\u00eb p\u00ebrmir\u00ebsuar aderimin n\u00eb rehabilitim dhe p\u00ebr t\u00eb p\u00ebrmir\u00ebsuar funksionin e UL.<\/p>\n<h2><strong>Si do t\u00eb arrihet kjo?<\/strong><\/h2>\n<p>Do t\u00eb ket\u00eb nj\u00eb shqyrtim t\u00eb shpejt\u00eb t\u00eb provave aktuale p\u00ebr p\u00ebrputhshm\u00ebrin\u00eb, pengesat, leht\u00ebsuesit p\u00ebr nd\u00ebrhyrjet n\u00eb loj\u00ebra. M\u00eb pas do t\u00eb zhvillohen intervista cil\u00ebsore me njer\u00ebz me goditje n\u00eb tru (GPS), kujdestar\u00eb nga zona e Bristolit, North Somerset dhe South Gloucestershire (BNSSG) n\u00eb lidhje me pengesat, leht\u00ebsuesit, sfidat, zgjidhjet p\u00ebr p\u00ebrdorimin e pajisjes s\u00eb loj\u00ebrave GripAble. P\u00ebr k\u00ebt\u00eb q\u00ebllim, PPS, kujdestar\u00ebt q\u00eb jetojn\u00eb n\u00eb sht\u00ebpin\u00eb e tyre dhe q\u00eb kan\u00eb marr\u00eb pjes\u00eb n\u00eb studimin ton\u00eb t\u00eb m\u00ebparsh\u00ebm GripAble t\u00eb kryer s\u00eb fundmi dhe spitalet e NHS n\u00eb Anglin\u00eb Jugper\u00ebndimore (t\u00eb cil\u00ebt p\u00ebrdorin pajisje GripAble n\u00eb praktik\u00ebn e tyre) do t\u00eb ftohen t\u00eb marrin pjes\u00eb. Grupi yn\u00eb i pacient\u00ebve do t\u00eb p\u00ebrfshij\u00eb nj\u00eb gam\u00eb pacient\u00ebsh (t\u00eb stratifikuar bazuar n\u00eb mosh\u00eb, gjini, aft\u00ebsi t\u00eb kufizuara (goditje n\u00eb tru e leht\u00eb, e moderuar), etni, prejardhje socio-ekonomike).<\/p>\n<p>Provat nga rishikimi dhe informacioni i intervist\u00ebs do t\u00eb p\u00ebrdoren p\u00ebr t\u00eb hartuar tabela skenar\u00ebsh se si do t\u00eb duket paketa e trajnimit. Ne do t\u00eb mbledhim grupe bashk\u00eb-dizajnimi, t\u00eb p\u00ebrb\u00ebra nga pacient\u00eb, an\u00ebtar\u00eb t\u00eb familjes dhe mjek\u00eb t\u00eb kujdesit sh\u00ebndet\u00ebsor, p\u00ebr t\u00eb ridizajnuar tabelat e skenar\u00ebve, p\u00ebr t\u00eb informuar paket\u00ebn e trajnimit q\u00eb do t\u00eb prodhojm\u00eb.<\/p>\n<p>Ne do t\u00eb vazhdojm\u00eb t\u00eb konsultohemi me grupin ton\u00eb t\u00eb partner\u00ebve t\u00eb pacient\u00ebve gjat\u00eb periudh\u00ebs s\u00eb studimit. Gjetjet do t\u00eb ndahen me k\u00ebt\u00eb grup dhe me t\u00eb mbijetuarit e goditjes n\u00eb tru p\u00ebrmes organizatave bamir\u00ebse t\u00eb goditjes n\u00eb tru, n\u00eb konferenca dhe n\u00eb botime akademike. Paketa e trajnimit e zhvilluar do t\u00eb informoj\u00eb p\u00ebr projektin ton\u00eb t\u00eb ardhsh\u00ebm q\u00eb do t\u00eb eksploroj\u00eb m\u00ebnyr\u00ebn m\u00eb t\u00eb mir\u00eb p\u00ebr t\u00eb zbatuar nd\u00ebrhyrjen GripAble n\u00eb praktik\u00ebn klinike.<\/p>\n<h2><strong>Kush po e udh\u00ebheq hulumtimin?<\/strong><\/h2>\n<p>Z. Alex Pearce, Bashk\u00ebpun\u00ebtor K\u00ebrkimor, Universiteti i Anglis\u00eb Per\u00ebndimore.<\/p>\n<h2>Informacion i m\u00ebtejsh\u00ebm<\/h2>\n<p>P\u00ebr m\u00eb shum\u00eb informacion ose p\u00ebr t&#039;u p\u00ebrfshir\u00eb n\u00eb k\u00ebt\u00eb projekt, ju lutemi t\u00eb kontaktoni\u00a0<a href=\"mailto:bnssg.research@nhs.net\" target=\"_blank\" rel=\"nofollow noopener\">bnssg.research@nhs.net<\/a>.<\/p>\n  <\/div>\r\n  <\/section><\/div><!-- .assembler_text-module.assembler_module.assembler_text-module_1.assembler_module_1..transparent --><\/div><!-- .assembler_module_area.assembler_module_area_1 --><\/div><!-- .assembler_default-group.assembler_module_group.assembler_default-group_1.assembler_module_group_1  -->","protected":false},"excerpt":{"rendered":"<p>Section titled module-1 Could self-directed gaming device (GripAble) enhance the practice of self-directed arm exercise and upper limb (UL) activity in people recovering from stroke in the community? Funding: BNSSG ICB Research Capability Funding\u00ad\u00ad. What is the problem? Clinical guidelines for stroke recommend that people with stroke (PwS) should complete at least 3 hours of [&hellip;]<\/p>\n","protected":false},"author":1,"featured_media":0,"parent":32896,"menu_order":0,"comment_status":"closed","ping_status":"closed","template":"","meta":{"_acf_changed":false,"footnotes":""},"tags":[],"class_list":["post-34623","page","type-page","status-publish","hentry"],"acf":[],"_links":{"self":[{"href":"https:\/\/bnssghealthiertogether.org.uk\/sq\/wp-json\/wp\/v2\/pages\/34623","targetHints":{"allow":["GET"]}}],"collection":[{"href":"https:\/\/bnssghealthiertogether.org.uk\/sq\/wp-json\/wp\/v2\/pages"}],"about":[{"href":"https:\/\/bnssghealthiertogether.org.uk\/sq\/wp-json\/wp\/v2\/types\/page"}],"author":[{"embeddable":true,"href":"https:\/\/bnssghealthiertogether.org.uk\/sq\/wp-json\/wp\/v2\/users\/1"}],"replies":[{"embeddable":true,"href":"https:\/\/bnssghealthiertogether.org.uk\/sq\/wp-json\/wp\/v2\/comments?post=34623"}],"version-history":[{"count":1,"href":"https:\/\/bnssghealthiertogether.org.uk\/sq\/wp-json\/wp\/v2\/pages\/34623\/revisions"}],"predecessor-version":[{"id":34624,"href":"https:\/\/bnssghealthiertogether.org.uk\/sq\/wp-json\/wp\/v2\/pages\/34623\/revisions\/34624"}],"up":[{"embeddable":true,"href":"https:\/\/bnssghealthiertogether.org.uk\/sq\/wp-json\/wp\/v2\/pages\/32896"}],"wp:attachment":[{"href":"https:\/\/bnssghealthiertogether.org.uk\/sq\/wp-json\/wp\/v2\/media?parent=34623"}],"wp:term":[{"taxonomy":"post_tag","embeddable":true,"href":"https:\/\/bnssghealthiertogether.org.uk\/sq\/wp-json\/wp\/v2\/tags?post=34623"}],"curies":[{"name":"wp","href":"https:\/\/api.w.org\/{rel}","templated":true}]}}