{"id":34633,"date":"2024-11-26T17:03:53","date_gmt":"2024-11-26T17:03:53","guid":{"rendered":"https:\/\/bnssghealthiertogether.org.uk\/?page_id=34633"},"modified":"2024-11-26T17:03:53","modified_gmt":"2024-11-26T17:03:53","slug":"exercise-for-people-with-heart-failure","status":"publish","type":"page","link":"https:\/\/bnssghealthiertogether.org.uk\/sq\/integrated-care-board\/research-and-evidence\/our-research-portfolio\/type-2-rcf-funded-projects\/exercise-for-people-with-heart-failure\/","title":{"rendered":"Ushtrime p\u00ebr njer\u00ebzit me d\u00ebshtim t\u00eb zemr\u00ebs"},"content":{"rendered":"<div class=\"assembler_default-group assembler_module_group assembler_default-group_1 assembler_module_group_1\"><div class=\"assembler_module_area assembler_module_area_1\"><div class=\"assembler_text-module assembler_module assembler_text-module_1 assembler_module_1  transparent\"><a tabindex=\"-1\" title=\"Seksioni me titull module-1\" id=\"module-1\" href=\"https:\/\/bnssghealthiertogether.org.uk\/sq\/wp-json\/wp\/v2\/pages\/34633\/#module-1\" class=\"anchor\"><span class=\"hidden\">Seksioni me titull module-1<\/span><\/a><!-- Template found for text-module - Template: template-text - Matched: _only --><section class=\"w-full mx-auto max-w-content pt-12 sm:pt-24 pb-12 sm:pb-24\">\r\n  <div class=\"entry-content w-full !px-0 max-w-small\">\r\n        <header class=\"local_header\">\n<div class=\"local_header__inner\">\n<h1 class=\"local_header__title\">Ushtrime p\u00ebr njer\u00ebzit me d\u00ebshtim t\u00eb zemr\u00ebs<\/h1>\n<\/div>\n<\/header>\n<article class=\"page_content\">\n<h2 class=\"page_content__inner\">Financimi<\/h2>\n<\/article>\n<p>Financimi i Aft\u00ebsive K\u00ebrkimore t\u00eb BNSSCG CCG (Zhvillim Lokal)<\/p>\n<h2>Cila \u00ebsht\u00eb pyetja k\u00ebrkimore?<\/h2>\n<p>Si mund t\u00eb mb\u00ebshteten njer\u00ebzit me pamjaftueshm\u00ebri kardiake p\u00ebr t\u00eb maksimizuar pjes\u00ebmarrjen e tyre n\u00eb ushtrime?<\/p>\n<h2>Cili \u00ebsht\u00eb problemi?<\/h2>\n<p>D\u00ebshtimi i zemr\u00ebs (DH) \u00ebsht\u00eb nj\u00eb gjendje e zakonshme q\u00eb prek nj\u00eb deri n\u00eb dy n\u00eb \u00e7do nj\u00ebqind t\u00eb rritur n\u00eb Mbret\u00ebrin\u00eb e Bashkuar dhe nj\u00eb n\u00eb gjasht\u00eb persona t\u00eb mosh\u00ebs mbi 85 vje\u00e7. Njer\u00ebzit me DH mund t\u00eb p\u00ebrjetojn\u00eb simptoma t\u00eb gul\u00e7imit, lodhjes dhe \u00ebnjtjes s\u00eb k\u00ebmb\u00ebve, t\u00eb ken\u00eb nj\u00eb cil\u00ebsi t\u00eb reduktuar t\u00eb jet\u00ebs dhe mund t\u00eb k\u00ebrkojn\u00eb shtrim n\u00eb spital. Shumica e njer\u00ebzve me DH jan\u00eb t\u00eb moshuar q\u00eb jetojn\u00eb n\u00eb komunitet me s\u00ebmundje t\u00eb shum\u00ebfishta bashk\u00ebshoq\u00ebruese t\u00eb cil\u00ebt jan\u00eb t\u00eb n\u00ebn-p\u00ebrfaq\u00ebsuar n\u00eb studimet k\u00ebrkimore. Tek pacient\u00ebt me DH kronik simptomatik, inaktiviteti fizik shoq\u00ebrohet me pothuajse dyfishin e vdekshm\u00ebris\u00eb nga t\u00eb gjitha shkaqet dhe vdekshm\u00ebris\u00eb kardiake, dhe madje edhe ushtrimet modeste shoq\u00ebroheshin me p\u00ebrfitim mbijetese. Ushtrimet fizike tani jan\u00eb nj\u00eb terapi e mir\u00eb-vendosur p\u00ebr pacient\u00ebt me DH, por reagimet nga pacient\u00ebt dhe profesionist\u00ebt e sh\u00ebndetit tregojn\u00eb se ka pasiguri se si njer\u00ebzit me DH duhet t&#039;i qasen ushtrimeve.<\/p>\n<h2>Cili \u00ebsht\u00eb q\u00ebllimi i hulumtimit?<\/h2>\n<p>Studimi propozon krijimin e nj\u00eb grupi p\u00ebr PPI-t\u00eb p\u00ebr d\u00ebshtimin e zemr\u00ebs dhe shqyrtimin e nd\u00ebrhyrjeve n\u00eb ushtrime me fokus n\u00eb rezultatet q\u00eb lidhen me pacientin. Do t\u00eb hartohet nj\u00eb raport p\u00ebrmbledh\u00ebs duke p\u00ebrdorur shembuj nga jeta reale, i cili do t\u00eb identifikoj\u00eb boshll\u00ebqet e provave dhe rekomandimet e k\u00ebrkimit.<\/p>\n<h2>Si do t\u00eb arrihet kjo?<\/h2>\n<p>Studimi propozon q\u00eb:<\/p>\n<ul>\n<li>Mblidhni nj\u00eb grup PPI t\u00eb njer\u00ebzve dhe kujdestar\u00ebve, dhe nj\u00eb grup m\u00eb t\u00eb gjer\u00eb t\u00eb pal\u00ebve t\u00eb interesuara (sh\u00ebndet\u00ebsi, social dhe sektori i tret\u00eb)<\/li>\n<li>Zbuloni strategjit\u00eb mb\u00ebshtet\u00ebse p\u00ebr ushtrimet q\u00eb p\u00ebrdoren aktualisht, dihen ose nevojiten.<\/li>\n<li>Nd\u00ebrmerrni mbledhjen e t\u00eb dh\u00ebnave dhe provave n\u00ebp\u00ebrmjet nj\u00eb rishikimi sistematik t\u00eb nd\u00ebrhyrjeve n\u00eb ushtrime.<\/li>\n<li>Krahasoni gjetjet dhe boshll\u00ebqet e provave dhe shp\u00ebrndajini ato.<\/li>\n<\/ul>\n<h2>Kush po e udh\u00ebheq hulumtimin?<\/h2>\n<p>Dr. Alyson Huntley, Bashk\u00ebpun\u00ebtore e Lart\u00eb K\u00ebrkimore, Qendra p\u00ebr Kujdesin Par\u00ebsor Akademik, Universiteti i Bristolit.<\/p>\n<h2>Informacione t\u00eb m\u00ebtejshme:<\/h2>\n<p><a href=\"https:\/\/research-information.bris.ac.uk\/en\/persons\/alyson-l-huntley\" target=\"_blank\" rel=\"nofollow noopener\">Rreth Dr. Alyson Huntley<\/a><\/p>\n<p>P\u00ebr m\u00eb shum\u00eb informacion ose p\u00ebr t&#039;u p\u00ebrfshir\u00eb n\u00eb k\u00ebt\u00eb projekt, ju lutemi t\u00eb kontaktoni <a href=\"mailto:bnssg.research@nhs.net\" target=\"_blank\" rel=\"noopener\">bnssg.research@nhs.net<\/a>.<\/p>\n  <\/div>\r\n  <\/section><\/div><!-- .assembler_text-module.assembler_module.assembler_text-module_1.assembler_module_1..transparent --><\/div><!-- .assembler_module_area.assembler_module_area_1 --><\/div><!-- .assembler_default-group.assembler_module_group.assembler_default-group_1.assembler_module_group_1  -->","protected":false},"excerpt":{"rendered":"<p>Section titled module-1 Exercise for people with heart failure Funding BNSSCG CCG Research Capability Funding (Local development) What is the research question? How can people with heart failure be supported to maximise their participation in exercise? What is the problem? Heart failure (HF) is a common condition affecting one to two in every hundred adults [&hellip;]<\/p>\n","protected":false},"author":1,"featured_media":0,"parent":32896,"menu_order":0,"comment_status":"closed","ping_status":"closed","template":"","meta":{"_acf_changed":false,"footnotes":""},"tags":[],"class_list":["post-34633","page","type-page","status-publish","hentry"],"acf":[],"_links":{"self":[{"href":"https:\/\/bnssghealthiertogether.org.uk\/sq\/wp-json\/wp\/v2\/pages\/34633","targetHints":{"allow":["GET"]}}],"collection":[{"href":"https:\/\/bnssghealthiertogether.org.uk\/sq\/wp-json\/wp\/v2\/pages"}],"about":[{"href":"https:\/\/bnssghealthiertogether.org.uk\/sq\/wp-json\/wp\/v2\/types\/page"}],"author":[{"embeddable":true,"href":"https:\/\/bnssghealthiertogether.org.uk\/sq\/wp-json\/wp\/v2\/users\/1"}],"replies":[{"embeddable":true,"href":"https:\/\/bnssghealthiertogether.org.uk\/sq\/wp-json\/wp\/v2\/comments?post=34633"}],"version-history":[{"count":1,"href":"https:\/\/bnssghealthiertogether.org.uk\/sq\/wp-json\/wp\/v2\/pages\/34633\/revisions"}],"predecessor-version":[{"id":34634,"href":"https:\/\/bnssghealthiertogether.org.uk\/sq\/wp-json\/wp\/v2\/pages\/34633\/revisions\/34634"}],"up":[{"embeddable":true,"href":"https:\/\/bnssghealthiertogether.org.uk\/sq\/wp-json\/wp\/v2\/pages\/32896"}],"wp:attachment":[{"href":"https:\/\/bnssghealthiertogether.org.uk\/sq\/wp-json\/wp\/v2\/media?parent=34633"}],"wp:term":[{"taxonomy":"post_tag","embeddable":true,"href":"https:\/\/bnssghealthiertogether.org.uk\/sq\/wp-json\/wp\/v2\/tags?post=34633"}],"curies":[{"name":"wp","href":"https:\/\/api.w.org\/{rel}","templated":true}]}}